{"id":8,"date":"2024-04-04T09:15:16","date_gmt":"2024-04-04T06:15:16","guid":{"rendered":"https:\/\/sisu.ut.ee\/evka\/evka-konverentsid\/"},"modified":"2025-10-14T23:13:26","modified_gmt":"2025-10-14T20:13:26","slug":"evka-konverentsid","status":"publish","type":"page","link":"https:\/\/sisu.ut.ee\/evka\/evka-konverentsid\/","title":{"rendered":"EVKA konverentsid"},"content":{"rendered":"<p><b>EVKA konverentside kronoloogia<\/b>:<\/p>\n\n\n\n<ol class=\"wp-block-list\">\n<li>\u201cGroteski keel. <i>The Language of the Grotesque<\/i>\u201d (1996)<\/li>\n\n\n\n<li>\u201cMaailmaluule postmodernsel ajastul. <i>World Poetry in the Postmodern Age<\/i>\u201d (1998)<\/li>\n\n\n\n<li>\u201cKultuur ja rahvus aastatuhande p\u00f6\u00f6rdel. <i>Culture and Nation at the Turn of the Millenium<\/i>\u201d (1999)<\/li>\n\n\n\n<li>\u201cMaailma draama 21. sajandi k\u00fcnnisel. <i>World Drama on the Threshold of the 21<sup>st<\/sup> Century<\/i>\u201d (2001)<\/li>\n\n\n\n<li>\u201cRomaani\u017eanr t\u00e4nap\u00e4eva maailmakirjanduses. <i>Genre of the Novel in Contemporary World Literature<\/i>\u201d (2003)<\/li>\n\n\n\n<li>\u201cMaailmakirjanduse retseptsiooni d\u00fcnaamika. <i>Dynamics of the Reception of World Literature<\/i>\u201d (2005)<\/li>\n\n\n\n<li>\u201cSuurte kultuuriliste ja kirjanduslike m\u00fc\u00fctide saatus t\u00e4nap\u00e4eval. <i>Contemporary Fate of Great Cultural and Literary Myths<\/i>\u201d (2007)<\/li>\n\n\n\n<li>\u201cKirjandusajalugu kui rahvusliku ja rahvuse\u00fclese kirjanduskaanoni kujundamise tegur. <i>History of Literature as a Factor of a National and Supranational Literary Canon<\/i>\u201d (2009)<\/li>\n\n\n\n<li>\u201cMaailmakirjandus ja rahvuskirjandused. <i>World Literature and National Literatures<\/i>\u201d (2011)<\/li>\n\n\n\n<li>\u201cRahvuskirjandused ja v\u00f5rdlev kirjandusuurimine. <i>National Literatures and Comparative Literary Research<\/i>\u201d (2013)<\/li>\n\n\n\n<li>\u201c(Ilu)kirjanduslik t\u00f5lge: kas kultuurilis-vaimse dialoogi tegur v\u00f5i akulturatsiooni t\u00f6\u00f6riist? <i>Belletristic Translation: A Means of Cultural-Spirited Dialogue or a Tool of Acculturation?<\/i>\u201d (2015)<\/li>\n\n\n\n<li>\u201cM\u00f5ju ja algup\u00e4ra kirjandusloomes. <i>Influence and Originality in Literary Creation<\/i>\u201d (2017)<\/li>\n\n\n\n<li>\u201cKirjandusteooria, kirjandusuurimise ja -kriitika t\u00e4nap\u00e4evane seisund (\u201ckeskuse\u201d-v\u00e4listes) rahvuskultuurides. <i>Current State of Literary Theory, Research and Criticism in (Non-\u201cCentric\u201d) National Cultures<\/i>\u201d (2019)<\/li>\n\n\n\n<li>\u201cL\u00fc\u00fcrilise luule tegurist kultuuris.<i>The Factor of Lyrical Poetry in the Formation of Literary Cultures<\/i>\u201c (2021)<\/li>\n\n\n\n<li>\u201c<i>Trauma and Healing: Storying Lives, Literary Engagements, Entangled Memories<\/i>\u201d (2023)<\/li>\n\n\n\n<li>\u201cWorld Poetry Today: Production, Translation, Reception\u201d (2025) koost\u00f6\u00f6s Tallinna \u00dclikooliga. <a href=\"https:\/\/sisu.ut.ee\/evka\/conference-world-poetry-today-production-translation-reception\/\">Loe l\u00e4hemalt &gt;&gt;&gt;<\/a><\/li>\n<\/ol>\n\n\n\n<hr class=\"wp-block-separator has-alpha-channel-opacity\">\n\n\n\n<p><strong>EVKA konverentside plakatid 1996-2015<\/strong><\/p>\n\n\n\n<div class=\"wp-block-group is-vertical is-layout-flex wp-container-core-group-is-layout-8cf370e7 wp-block-group-is-layout-flex\">\n<div class=\"wp-block-columns is-layout-flex wp-container-core-columns-is-layout-9d6595d7 wp-block-columns-is-layout-flex\">\n<div class=\"wp-block-column is-layout-flow wp-block-column-is-layout-flow\" style=\"flex-basis:100%\">\n<div class=\"wp-block-group is-layout-constrained wp-block-group-is-layout-constrained\">\n<div class=\"wp-block-columns is-layout-flex wp-container-core-columns-is-layout-9d6595d7 wp-block-columns-is-layout-flex\">\n<div class=\"wp-block-column is-layout-flow wp-block-column-is-layout-flow\" style=\"flex-basis:100%\">\n<figure class=\"wp-block-gallery has-nested-images columns-default is-cropped wp-block-gallery-1 is-layout-flex wp-block-gallery-is-layout-flex\">\n<figure class=\"wp-block-image size-large\"><a href=\"https:\/\/sisu.ut.ee\/wp-content\/uploads\/sites\/688\/Talvet_001_proov1-1.png\"><img loading=\"lazy\" decoding=\"async\" width=\"686\" height=\"979\" data-id=\"181\" src=\"https:\/\/sisu.ut.ee\/wp-content\/uploads\/sites\/688\/Talvet_001_proov1-1.png\" alt=\"\" class=\"wp-image-181\" srcset=\"https:\/\/sisu.ut.ee\/wp-content\/uploads\/sites\/688\/Talvet_001_proov1-1.png 686w, https:\/\/sisu.ut.ee\/wp-content\/uploads\/sites\/688\/Talvet_001_proov1-1-210x300.png 210w\" sizes=\"auto, (max-width: 686px) 100vw, 686px\"><\/a><figcaption class=\"wp-element-caption\">EVKA 1. konverentsi plakat<\/figcaption><\/figure>\n\n\n\n<figure class=\"wp-block-image size-large\"><a href=\"https:\/\/sisu.ut.ee\/wp-content\/uploads\/sites\/688\/Talvet_0021.png\"><img loading=\"lazy\" decoding=\"async\" width=\"686\" height=\"971\" data-id=\"183\" src=\"https:\/\/sisu.ut.ee\/wp-content\/uploads\/sites\/688\/Talvet_0021.png\" alt=\"\" class=\"wp-image-183\" srcset=\"https:\/\/sisu.ut.ee\/wp-content\/uploads\/sites\/688\/Talvet_0021.png 686w, https:\/\/sisu.ut.ee\/wp-content\/uploads\/sites\/688\/Talvet_0021-212x300.png 212w\" sizes=\"auto, (max-width: 686px) 100vw, 686px\"><\/a><figcaption class=\"wp-element-caption\">EVKA 2. konverentsi plakat<\/figcaption><\/figure>\n\n\n\n<figure class=\"wp-block-image size-large\"><a href=\"https:\/\/sisu.ut.ee\/wp-content\/uploads\/sites\/688\/Talvet_0031.png\"><img loading=\"lazy\" decoding=\"async\" width=\"686\" height=\"979\" data-id=\"185\" src=\"https:\/\/sisu.ut.ee\/wp-content\/uploads\/sites\/688\/Talvet_0031.png\" alt=\"\" class=\"wp-image-185\" srcset=\"https:\/\/sisu.ut.ee\/wp-content\/uploads\/sites\/688\/Talvet_0031.png 686w, https:\/\/sisu.ut.ee\/wp-content\/uploads\/sites\/688\/Talvet_0031-210x300.png 210w\" sizes=\"auto, (max-width: 686px) 100vw, 686px\"><\/a><figcaption class=\"wp-element-caption\">EVKA 3. konverentsi plakat<\/figcaption><\/figure>\n\n\n\n<figure class=\"wp-block-image size-large\"><a href=\"https:\/\/sisu.ut.ee\/wp-content\/uploads\/sites\/688\/Talvet_0041.png\"><img loading=\"lazy\" decoding=\"async\" width=\"686\" height=\"970\" data-id=\"187\" src=\"https:\/\/sisu.ut.ee\/wp-content\/uploads\/sites\/688\/Talvet_0041.png\" alt=\"\" class=\"wp-image-187\" srcset=\"https:\/\/sisu.ut.ee\/wp-content\/uploads\/sites\/688\/Talvet_0041.png 686w, https:\/\/sisu.ut.ee\/wp-content\/uploads\/sites\/688\/Talvet_0041-212x300.png 212w\" sizes=\"auto, (max-width: 686px) 100vw, 686px\"><\/a><figcaption class=\"wp-element-caption\">EVKA 4. konverentsi plakat<\/figcaption><\/figure>\n\n\n\n<figure class=\"wp-block-image size-large\"><a href=\"https:\/\/sisu.ut.ee\/wp-content\/uploads\/sites\/688\/Talvet_0051.png\"><img loading=\"lazy\" decoding=\"async\" width=\"686\" height=\"970\" data-id=\"189\" src=\"https:\/\/sisu.ut.ee\/wp-content\/uploads\/sites\/688\/Talvet_0051.png\" alt=\"\" class=\"wp-image-189\" srcset=\"https:\/\/sisu.ut.ee\/wp-content\/uploads\/sites\/688\/Talvet_0051.png 686w, https:\/\/sisu.ut.ee\/wp-content\/uploads\/sites\/688\/Talvet_0051-212x300.png 212w\" sizes=\"auto, (max-width: 686px) 100vw, 686px\"><\/a><figcaption class=\"wp-element-caption\">EVKA 5. konverentsi plakat<\/figcaption><\/figure>\n\n\n\n<figure class=\"wp-block-image size-large\"><a href=\"https:\/\/sisu.ut.ee\/wp-content\/uploads\/sites\/688\/Talvet_0061.png\"><img loading=\"lazy\" decoding=\"async\" width=\"686\" height=\"959\" data-id=\"191\" src=\"https:\/\/sisu.ut.ee\/wp-content\/uploads\/sites\/688\/Talvet_0061.png\" alt=\"\" class=\"wp-image-191\" srcset=\"https:\/\/sisu.ut.ee\/wp-content\/uploads\/sites\/688\/Talvet_0061.png 686w, https:\/\/sisu.ut.ee\/wp-content\/uploads\/sites\/688\/Talvet_0061-215x300.png 215w\" sizes=\"auto, (max-width: 686px) 100vw, 686px\"><\/a><figcaption class=\"wp-element-caption\">EVKA 6. konverentsi plakat<\/figcaption><\/figure>\n\n\n\n<figure class=\"wp-block-image size-large\"><a href=\"https:\/\/sisu.ut.ee\/wp-content\/uploads\/sites\/688\/Talvet_0071.png\"><img loading=\"lazy\" decoding=\"async\" width=\"686\" height=\"960\" data-id=\"193\" src=\"https:\/\/sisu.ut.ee\/wp-content\/uploads\/sites\/688\/Talvet_0071.png\" alt=\"\" class=\"wp-image-193\" srcset=\"https:\/\/sisu.ut.ee\/wp-content\/uploads\/sites\/688\/Talvet_0071.png 686w, https:\/\/sisu.ut.ee\/wp-content\/uploads\/sites\/688\/Talvet_0071-214x300.png 214w\" sizes=\"auto, (max-width: 686px) 100vw, 686px\"><\/a><figcaption class=\"wp-element-caption\">EVKA 7. konverentsi plakat<\/figcaption><\/figure>\n\n\n\n<figure class=\"wp-block-image size-large\"><a href=\"https:\/\/sisu.ut.ee\/wp-content\/uploads\/sites\/688\/Talvet_0081.png\"><img loading=\"lazy\" decoding=\"async\" width=\"686\" height=\"978\" data-id=\"195\" src=\"https:\/\/sisu.ut.ee\/wp-content\/uploads\/sites\/688\/Talvet_0081.png\" alt=\"\" class=\"wp-image-195\" srcset=\"https:\/\/sisu.ut.ee\/wp-content\/uploads\/sites\/688\/Talvet_0081.png 686w, https:\/\/sisu.ut.ee\/wp-content\/uploads\/sites\/688\/Talvet_0081-210x300.png 210w\" sizes=\"auto, (max-width: 686px) 100vw, 686px\"><\/a><figcaption class=\"wp-element-caption\">EVKA 8. konverentsi plakat<\/figcaption><\/figure>\n\n\n\n<figure class=\"wp-block-image size-large\"><a href=\"https:\/\/sisu.ut.ee\/wp-content\/uploads\/sites\/688\/Talvet_0091.png\"><img loading=\"lazy\" decoding=\"async\" width=\"686\" height=\"975\" data-id=\"197\" src=\"https:\/\/sisu.ut.ee\/wp-content\/uploads\/sites\/688\/Talvet_0091.png\" alt=\"\" class=\"wp-image-197\" srcset=\"https:\/\/sisu.ut.ee\/wp-content\/uploads\/sites\/688\/Talvet_0091.png 686w, https:\/\/sisu.ut.ee\/wp-content\/uploads\/sites\/688\/Talvet_0091-211x300.png 211w\" sizes=\"auto, (max-width: 686px) 100vw, 686px\"><\/a><figcaption class=\"wp-element-caption\">EVKA 9. konverentsi plakat<\/figcaption><\/figure>\n\n\n\n<figure class=\"wp-block-image size-large\"><a href=\"https:\/\/sisu.ut.ee\/wp-content\/uploads\/sites\/688\/Talvet_0101.png\"><img loading=\"lazy\" decoding=\"async\" width=\"686\" height=\"971\" data-id=\"199\" src=\"https:\/\/sisu.ut.ee\/wp-content\/uploads\/sites\/688\/Talvet_0101.png\" alt=\"\" class=\"wp-image-199\" srcset=\"https:\/\/sisu.ut.ee\/wp-content\/uploads\/sites\/688\/Talvet_0101.png 686w, https:\/\/sisu.ut.ee\/wp-content\/uploads\/sites\/688\/Talvet_0101-212x300.png 212w\" sizes=\"auto, (max-width: 686px) 100vw, 686px\"><\/a><figcaption class=\"wp-element-caption\">EVKA 10. konverentsi plakat<\/figcaption><\/figure>\n\n\n\n<figure class=\"wp-block-image size-large\"><a href=\"https:\/\/sisu.ut.ee\/wp-content\/uploads\/sites\/688\/Talvet_0111.png\"><img loading=\"lazy\" decoding=\"async\" width=\"686\" height=\"973\" data-id=\"201\" src=\"https:\/\/sisu.ut.ee\/wp-content\/uploads\/sites\/688\/Talvet_0111.png\" alt=\"\" class=\"wp-image-201\" srcset=\"https:\/\/sisu.ut.ee\/wp-content\/uploads\/sites\/688\/Talvet_0111.png 686w, https:\/\/sisu.ut.ee\/wp-content\/uploads\/sites\/688\/Talvet_0111-212x300.png 212w\" sizes=\"auto, (max-width: 686px) 100vw, 686px\"><\/a><figcaption class=\"wp-element-caption\">EVKA 11. konverentsi plakat<\/figcaption><\/figure>\n<\/figure>\n<\/div>\n<\/div>\n<\/div>\n<\/div>\n<\/div>\n<\/div>\n","protected":false},"excerpt":{"rendered":"<p>EVKA konverentside kronoloogia: EVKA konverentside plakatid 1996-2015<\/p>\n","protected":false},"author":313,"featured_media":0,"parent":0,"menu_order":0,"comment_status":"closed","ping_status":"closed","template":"","meta":{"_acf_changed":false,"inline_featured_image":false,"footnotes":""},"class_list":["post-8","page","type-page","status-publish","hentry"],"acf":[],"_links":{"self":[{"href":"https:\/\/sisu.ut.ee\/evka\/wp-json\/wp\/v2\/pages\/8","targetHints":{"allow":["GET"]}}],"collection":[{"href":"https:\/\/sisu.ut.ee\/evka\/wp-json\/wp\/v2\/pages"}],"about":[{"href":"https:\/\/sisu.ut.ee\/evka\/wp-json\/wp\/v2\/types\/page"}],"author":[{"embeddable":true,"href":"https:\/\/sisu.ut.ee\/evka\/wp-json\/wp\/v2\/users\/313"}],"replies":[{"embeddable":true,"href":"https:\/\/sisu.ut.ee\/evka\/wp-json\/wp\/v2\/comments?post=8"}],"version-history":[{"count":18,"href":"https:\/\/sisu.ut.ee\/evka\/wp-json\/wp\/v2\/pages\/8\/revisions"}],"predecessor-version":[{"id":685,"href":"https:\/\/sisu.ut.ee\/evka\/wp-json\/wp\/v2\/pages\/8\/revisions\/685"}],"wp:attachment":[{"href":"https:\/\/sisu.ut.ee\/evka\/wp-json\/wp\/v2\/media?parent=8"}],"curies":[{"name":"wp","href":"https:\/\/api.w.org\/{rel}","templated":true}]}}