{"id":626,"date":"2025-10-14T23:04:59","date_gmt":"2025-10-14T20:04:59","guid":{"rendered":"https:\/\/sisu.ut.ee\/evka\/?page_id=626"},"modified":"2025-10-24T14:41:26","modified_gmt":"2025-10-24T11:41:26","slug":"konverentsigalerii","status":"publish","type":"page","link":"https:\/\/sisu.ut.ee\/evka\/konverentsigalerii\/","title":{"rendered":"Konverentsigalerii"},"content":{"rendered":"<figure class=\"wp-block-gallery has-nested-images columns-default is-cropped wp-block-gallery-1 is-layout-flex wp-block-gallery-is-layout-flex\">\n<figure class=\"wp-block-image size-large\"><img loading=\"lazy\" decoding=\"async\" width=\"1920\" height=\"2560\" data-id=\"675\" src=\"https:\/\/sisu.ut.ee\/wp-content\/uploads\/sites\/688\/20251001_115146-1-edited-5-scaled.jpg\" alt=\"\" class=\"wp-image-675\" srcset=\"https:\/\/sisu.ut.ee\/wp-content\/uploads\/sites\/688\/20251001_115146-1-edited-5-scaled.jpg 1920w, https:\/\/sisu.ut.ee\/wp-content\/uploads\/sites\/688\/20251001_115146-1-edited-5-225x300.jpg 225w, https:\/\/sisu.ut.ee\/wp-content\/uploads\/sites\/688\/20251001_115146-1-edited-5-768x1024.jpg 768w, https:\/\/sisu.ut.ee\/wp-content\/uploads\/sites\/688\/20251001_115146-1-edited-5-1152x1536.jpg 1152w, https:\/\/sisu.ut.ee\/wp-content\/uploads\/sites\/688\/20251001_115146-1-edited-5-1536x2048.jpg 1536w\" sizes=\"auto, (max-width: 1920px) 100vw, 1920px\"><\/figure>\n\n\n\n<figure class=\"wp-block-image size-large\"><img loading=\"lazy\" decoding=\"async\" width=\"1024\" height=\"683\" data-id=\"650\" src=\"https:\/\/sisu.ut.ee\/wp-content\/uploads\/sites\/688\/IMG_8345-1-1024x683.jpg\" alt=\"\" class=\"wp-image-650\" srcset=\"https:\/\/sisu.ut.ee\/wp-content\/uploads\/sites\/688\/IMG_8345-1-1024x683.jpg 1024w, https:\/\/sisu.ut.ee\/wp-content\/uploads\/sites\/688\/IMG_8345-1-300x200.jpg 300w, https:\/\/sisu.ut.ee\/wp-content\/uploads\/sites\/688\/IMG_8345-1-768x512.jpg 768w, https:\/\/sisu.ut.ee\/wp-content\/uploads\/sites\/688\/IMG_8345-1.jpg 1309w\" sizes=\"auto, (max-width: 1024px) 100vw, 1024px\"><\/figure>\n\n\n\n<figure class=\"wp-block-image size-large\"><img loading=\"lazy\" decoding=\"async\" width=\"1024\" height=\"683\" data-id=\"657\" src=\"https:\/\/sisu.ut.ee\/wp-content\/uploads\/sites\/688\/IMG_8351-1-1024x683.jpg\" alt=\"\" class=\"wp-image-657\" srcset=\"https:\/\/sisu.ut.ee\/wp-content\/uploads\/sites\/688\/IMG_8351-1-1024x683.jpg 1024w, https:\/\/sisu.ut.ee\/wp-content\/uploads\/sites\/688\/IMG_8351-1-300x200.jpg 300w, https:\/\/sisu.ut.ee\/wp-content\/uploads\/sites\/688\/IMG_8351-1-768x512.jpg 768w, https:\/\/sisu.ut.ee\/wp-content\/uploads\/sites\/688\/IMG_8351-1.jpg 1309w\" sizes=\"auto, (max-width: 1024px) 100vw, 1024px\"><\/figure>\n\n\n\n<figure class=\"wp-block-image size-large\"><img loading=\"lazy\" decoding=\"async\" width=\"1024\" height=\"683\" data-id=\"647\" src=\"https:\/\/sisu.ut.ee\/wp-content\/uploads\/sites\/688\/IMG_8303-1-1024x683.jpg\" alt=\"\" class=\"wp-image-647\" srcset=\"https:\/\/sisu.ut.ee\/wp-content\/uploads\/sites\/688\/IMG_8303-1-1024x683.jpg 1024w, https:\/\/sisu.ut.ee\/wp-content\/uploads\/sites\/688\/IMG_8303-1-300x200.jpg 300w, https:\/\/sisu.ut.ee\/wp-content\/uploads\/sites\/688\/IMG_8303-1-768x512.jpg 768w, https:\/\/sisu.ut.ee\/wp-content\/uploads\/sites\/688\/IMG_8303-1.jpg 1309w\" sizes=\"auto, (max-width: 1024px) 100vw, 1024px\"><\/figure>\n\n\n\n<figure class=\"wp-block-image size-large\"><img loading=\"lazy\" decoding=\"async\" width=\"1024\" height=\"768\" data-id=\"663\" src=\"https:\/\/sisu.ut.ee\/wp-content\/uploads\/sites\/688\/20251001_171758-1-1024x768.jpg\" alt=\"\" class=\"wp-image-663\" srcset=\"https:\/\/sisu.ut.ee\/wp-content\/uploads\/sites\/688\/20251001_171758-1-1024x768.jpg 1024w, https:\/\/sisu.ut.ee\/wp-content\/uploads\/sites\/688\/20251001_171758-1-300x225.jpg 300w, https:\/\/sisu.ut.ee\/wp-content\/uploads\/sites\/688\/20251001_171758-1-768x576.jpg 768w, https:\/\/sisu.ut.ee\/wp-content\/uploads\/sites\/688\/20251001_171758-1-1536x1152.jpg 1536w, https:\/\/sisu.ut.ee\/wp-content\/uploads\/sites\/688\/20251001_171758-1-2048x1536.jpg 2048w, https:\/\/sisu.ut.ee\/wp-content\/uploads\/sites\/688\/20251001_171758-1-1920x1440.jpg 1920w\" sizes=\"auto, (max-width: 1024px) 100vw, 1024px\"><\/figure>\n\n\n\n<figure class=\"wp-block-image size-large\"><img loading=\"lazy\" decoding=\"async\" width=\"1024\" height=\"683\" data-id=\"653\" src=\"https:\/\/sisu.ut.ee\/wp-content\/uploads\/sites\/688\/IMG_8203-1-1024x683.jpg\" alt=\"\" class=\"wp-image-653\" srcset=\"https:\/\/sisu.ut.ee\/wp-content\/uploads\/sites\/688\/IMG_8203-1-1024x683.jpg 1024w, https:\/\/sisu.ut.ee\/wp-content\/uploads\/sites\/688\/IMG_8203-1-300x200.jpg 300w, https:\/\/sisu.ut.ee\/wp-content\/uploads\/sites\/688\/IMG_8203-1-768x512.jpg 768w, https:\/\/sisu.ut.ee\/wp-content\/uploads\/sites\/688\/IMG_8203-1.jpg 1309w\" sizes=\"auto, (max-width: 1024px) 100vw, 1024px\"><\/figure>\n\n\n\n<figure class=\"wp-block-image size-large\"><img loading=\"lazy\" decoding=\"async\" width=\"1024\" height=\"683\" data-id=\"659\" src=\"https:\/\/sisu.ut.ee\/wp-content\/uploads\/sites\/688\/IMG_7815-1-1024x683.jpg\" alt=\"\" class=\"wp-image-659\" srcset=\"https:\/\/sisu.ut.ee\/wp-content\/uploads\/sites\/688\/IMG_7815-1-1024x683.jpg 1024w, https:\/\/sisu.ut.ee\/wp-content\/uploads\/sites\/688\/IMG_7815-1-300x200.jpg 300w, https:\/\/sisu.ut.ee\/wp-content\/uploads\/sites\/688\/IMG_7815-1-768x512.jpg 768w, https:\/\/sisu.ut.ee\/wp-content\/uploads\/sites\/688\/IMG_7815-1.jpg 1309w\" sizes=\"auto, (max-width: 1024px) 100vw, 1024px\"><\/figure>\n\n\n\n<figure class=\"wp-block-image size-large\"><img loading=\"lazy\" decoding=\"async\" width=\"1024\" height=\"683\" data-id=\"654\" src=\"https:\/\/sisu.ut.ee\/wp-content\/uploads\/sites\/688\/IMG_8246-1-1024x683.jpg\" alt=\"\" class=\"wp-image-654\" srcset=\"https:\/\/sisu.ut.ee\/wp-content\/uploads\/sites\/688\/IMG_8246-1-1024x683.jpg 1024w, https:\/\/sisu.ut.ee\/wp-content\/uploads\/sites\/688\/IMG_8246-1-300x200.jpg 300w, https:\/\/sisu.ut.ee\/wp-content\/uploads\/sites\/688\/IMG_8246-1-768x512.jpg 768w, https:\/\/sisu.ut.ee\/wp-content\/uploads\/sites\/688\/IMG_8246-1.jpg 1309w\" sizes=\"auto, (max-width: 1024px) 100vw, 1024px\"><\/figure>\n\n\n\n<figure class=\"wp-block-image size-large\"><img loading=\"lazy\" decoding=\"async\" width=\"1024\" height=\"683\" data-id=\"648\" src=\"https:\/\/sisu.ut.ee\/wp-content\/uploads\/sites\/688\/IMG_8390-1-1024x683.jpg\" alt=\"\" class=\"wp-image-648\" srcset=\"https:\/\/sisu.ut.ee\/wp-content\/uploads\/sites\/688\/IMG_8390-1-1024x683.jpg 1024w, https:\/\/sisu.ut.ee\/wp-content\/uploads\/sites\/688\/IMG_8390-1-300x200.jpg 300w, https:\/\/sisu.ut.ee\/wp-content\/uploads\/sites\/688\/IMG_8390-1-768x512.jpg 768w, https:\/\/sisu.ut.ee\/wp-content\/uploads\/sites\/688\/IMG_8390-1.jpg 1309w\" sizes=\"auto, (max-width: 1024px) 100vw, 1024px\"><\/figure>\n<\/figure>\n\n\n\n<p>Photos in the gallery by: Johanna Roos\/<a href=\"https:\/\/orybtus.ee\/\" data-type=\"link\" data-id=\"https:\/\/orybtus.ee\/\">Orybtus Photography<\/a>, Rebekka Lotman<\/p>\n\n\n\n<p><\/p>\n\n\n\n<p><strong>Conference galleries<\/strong><\/p>\n\n\n\n<p>Photos (c) Johanna Roos\/Orybtus Photography: <a href=\"https:\/\/photos.google.com\/share\/AF1QipPth0tK5G8P-lWOKjMReB7j6ehSN65gaPsapfQLASIl413om__KYyt0DboxRWikdQ?key=Q0YtYW5XNmkxb1JSd19uVXI0dU81MjlNU1pnNmpn\" data-type=\"link\" data-id=\"https:\/\/photos.google.com\/share\/AF1QipPth0tK5G8P-lWOKjMReB7j6ehSN65gaPsapfQLASIl413om__KYyt0DboxRWikdQ?key=Q0YtYW5XNmkxb1JSd19uVXI0dU81MjlNU1pnNmpn\">EACL\/EVKA conference + additional events<\/a> <\/p>\n\n\n\n<p>Poetry slam photos (c) Uku Peterson: <a href=\"https:\/\/www.dropbox.com\/scl\/fo\/rdykg2k18mobrm26d3605\/AMSdtTFmP3YiUryW6jAUlrA\/Veebifailid?rlkey=v5je5iaa9liv7ignkn9bmu5e7&amp;e=1&amp;subfolder_nav_tracking=1&amp;st=fo4hh1ny&amp;dl=0\">Tarsl\u00e4mm 2025<\/a><\/p>\n\n\n\n<p><em>(please refer to the author when using these photos!)<\/em><\/p>\n\n\n\n<p>Photos by conference organisers: <a href=\"https:\/\/drive.google.com\/drive\/folders\/1vbIJJ8gW4WVKyGH5yHcMjis2SRosY5Yt?usp=drive_link\">World Poetry Today (2025) gallery<\/a><\/p>\n\n\n\n<p><strong>Interviews with Jahan Ramazani<\/strong> <strong>and <strong>Miriam McIlfatrick-Ksenofontov<\/strong><\/strong><\/p>\n\n\n\n<figure class=\"wp-block-embed is-type-video is-provider-youtube wp-block-embed-youtube wp-embed-aspect-16-9 wp-has-aspect-ratio\"><div class=\"wp-block-embed__wrapper\">\n<div class=\"ratio ratio-16x9 mb-3\"><div class=\"video-placeholder-wrapper video-placeholder-wrapper--16x9\">\n\t\t\t    <div class=\"video-placeholder d-flex justify-content-center align-items-center\">\n\t\t\t        <div class=\"overlay text-white p-2 w-100 text-center d-block justify-content-center align-items-center\">\n\t\t\t            <div>Kolmandate osapoolte sisu n\u00e4gemiseks palun n\u00f5ustu k\u00fcpsistega.<\/div>\n\t\t\t            <button class=\"btn btn-secondary btn-sm mt-1 consent-change\">Muuda n\u00f5usolekut<\/button>\n\t\t\t        <\/div>\n\t\t\t    <\/div>\n\t\t\t<\/div>\n<\/div>\n<\/div><\/figure>\n\n\n\n<figure class=\"wp-block-embed is-type-video is-provider-youtube wp-block-embed-youtube wp-embed-aspect-16-9 wp-has-aspect-ratio\"><div class=\"wp-block-embed__wrapper\">\n<div class=\"ratio ratio-16x9 mb-3\"><div class=\"video-placeholder-wrapper video-placeholder-wrapper--16x9\">\n\t\t\t    <div class=\"video-placeholder d-flex justify-content-center align-items-center\">\n\t\t\t        <div class=\"overlay text-white p-2 w-100 text-center d-block justify-content-center align-items-center\">\n\t\t\t            <div>Kolmandate osapoolte sisu n\u00e4gemiseks palun n\u00f5ustu k\u00fcpsistega.<\/div>\n\t\t\t            <button class=\"btn btn-secondary btn-sm mt-1 consent-change\">Muuda n\u00f5usolekut<\/button>\n\t\t\t        <\/div>\n\t\t\t    <\/div>\n\t\t\t<\/div>\n<\/div>\n<\/div><\/figure>\n","protected":false},"excerpt":{"rendered":"<p>Photos in the gallery by: Johanna Roos\/Orybtus Photography, Rebekka Lotman Conference galleries Photos (c) Johanna Roos\/Orybtus Photography: EACL\/EVKA conference + additional events Poetry slam photos (c) Uku Peterson: Tarsl\u00e4mm 2025 (please refer to the author when using these photos!) Photos &#8230;<\/p>\n","protected":false},"author":313,"featured_media":0,"parent":0,"menu_order":0,"comment_status":"closed","ping_status":"closed","template":"","meta":{"_acf_changed":false,"inline_featured_image":false,"footnotes":""},"class_list":["post-626","page","type-page","status-publish","hentry"],"acf":[],"_links":{"self":[{"href":"https:\/\/sisu.ut.ee\/evka\/wp-json\/wp\/v2\/pages\/626","targetHints":{"allow":["GET"]}}],"collection":[{"href":"https:\/\/sisu.ut.ee\/evka\/wp-json\/wp\/v2\/pages"}],"about":[{"href":"https:\/\/sisu.ut.ee\/evka\/wp-json\/wp\/v2\/types\/page"}],"author":[{"embeddable":true,"href":"https:\/\/sisu.ut.ee\/evka\/wp-json\/wp\/v2\/users\/313"}],"replies":[{"embeddable":true,"href":"https:\/\/sisu.ut.ee\/evka\/wp-json\/wp\/v2\/comments?post=626"}],"version-history":[{"count":3,"href":"https:\/\/sisu.ut.ee\/evka\/wp-json\/wp\/v2\/pages\/626\/revisions"}],"predecessor-version":[{"id":693,"href":"https:\/\/sisu.ut.ee\/evka\/wp-json\/wp\/v2\/pages\/626\/revisions\/693"}],"wp:attachment":[{"href":"https:\/\/sisu.ut.ee\/evka\/wp-json\/wp\/v2\/media?parent=626"}],"curies":[{"name":"wp","href":"https:\/\/api.w.org\/{rel}","templated":true}]}}