{"id":62,"date":"2024-04-04T09:15:15","date_gmt":"2024-04-04T06:15:15","guid":{"rendered":"https:\/\/sisu.ut.ee\/evka\/home\/"},"modified":"2026-03-06T14:34:02","modified_gmt":"2026-03-06T12:34:02","slug":"home","status":"publish","type":"page","link":"https:\/\/sisu.ut.ee\/evka\/home\/?lang=en","title":{"rendered":"Home"},"content":{"rendered":"<p class=\"has-text-align-center\">Welcome to the home page of the Estonian Association of Comparative Literature!<\/p>\n\n\n\n<hr class=\"wp-block-separator has-alpha-channel-opacity\">\n\n\n\n<h4 class=\"wp-block-heading\">\u00a0<\/h4>\n\n\n\n<p class=\"has-text-align-center\">During the spring semester of this academic year, EVKA is hosting a series of events dedicated to epic poetry. <a href=\"https:\/\/sisu.ut.ee\/evka\/epics-events-2026\/?lang=en\" data-type=\"link\" data-id=\"https:\/\/sisu.ut.ee\/evka\/epics-events-2026\/?lang=en\">Find out more &gt;&gt;&gt;<\/a><\/p>\n\n\n\n<hr class=\"wp-block-separator has-alpha-channel-opacity\">\n\n\n\n<div class=\"wp-block-columns is-layout-flex wp-container-core-columns-is-layout-9d6595d7 wp-block-columns-is-layout-flex\">\n<div class=\"wp-block-column is-layout-flow wp-block-column-is-layout-flow\" style=\"flex-basis:33.33%\"><div class=\"posts-list-block my-4\">\n\t\t\t<h2 class=\"section-title h3\">News &amp; Events<\/h2>\n\t\t\t\t\t\t\t\t\t\t\t\t\t\t\t<article class=\"post-751 post type-post status-publish format-standard has-post-thumbnail hentry category-eeposte-sari-2026 category-uudised-ja-sundmused tag-eeposte-sari-2026 tag-ott-heinapuu tag-uritused\">\n  <a href=\"https:\/\/sisu.ut.ee\/evka\/kalevala-paeva-tahistamine-tartu-ulikoolis\/\" class=\"article-card--list d-flex flex-row text-black pb-1 mb-1 border-bottom\">\n    <div class=\"w-25 flex-shrink-0\">\n              <img loading=\"lazy\" decoding=\"async\" width=\"150\" height=\"150\" src=\"https:\/\/sisu.ut.ee\/wp-content\/uploads\/sites\/688\/1000020565-150x150.jpg\" class=\"img-fluid article-card__img wp-post-image\" alt=\"\">\n          <\/div>\n    <div class=\"d-flex flex-column w-100 ms-2\">\n      <h3 class=\"h5 text-sm mb-1\">Kalevala p\u00e4eva t\u00e4histamine Tartu \u00dclikoolis<\/h3>\n      <time class=\"post-date d-block mt-auto text-end text-xs w-100\" datetime=\"2026-03-05T15:39:19+00:00\">\n        05.03.2026\n      <\/time>\n    <\/div>\n  <\/a>\n<\/article>\n\t\t\t\t\t\t\t\t\t\t\t<article class=\"post-699 post type-post status-publish format-standard has-post-thumbnail hentry category-uudised-ja-sundmused tag-juri-talvet tag-uritused\">\n  <a href=\"https:\/\/sisu.ut.ee\/evka\/ettekandepaev-juri-talveti-luule\/\" class=\"article-card--list d-flex flex-row text-black pb-1 mb-1 border-bottom\">\n    <div class=\"w-25 flex-shrink-0\">\n              <img loading=\"lazy\" decoding=\"async\" width=\"150\" height=\"150\" src=\"https:\/\/sisu.ut.ee\/wp-content\/uploads\/sites\/688\/IMG_4634-150x150.jpg\" class=\"img-fluid article-card__img wp-post-image\" alt=\"\">\n          <\/div>\n    <div class=\"d-flex flex-column w-100 ms-2\">\n      <h3 class=\"h5 text-sm mb-1\">Ettekandep\u00e4ev \u201cJ\u00fcri Talveti luule\u201d<\/h3>\n      <time class=\"post-date d-block mt-auto text-end text-xs w-100\" datetime=\"2026-01-05T16:40:41+00:00\">\n        05.01.2026\n      <\/time>\n    <\/div>\n  <\/a>\n<\/article>\n\t\t\t\t\t\t\t\t\t\t\t<article class=\"post-729 post type-post status-publish format-standard has-post-thumbnail hentry category-uudised-ja-sundmused tag-emilia-koiv tag-konverents tag-rahel-ariel-kaur tag-world-poetry-today\">\n  <a href=\"https:\/\/sisu.ut.ee\/evka\/tagasivaade-konverentsile-world-poetry-today-2025\/\" class=\"article-card--list d-flex flex-row text-black pb-1 mb-1 border-bottom\">\n    <div class=\"w-25 flex-shrink-0\">\n              <img loading=\"lazy\" decoding=\"async\" width=\"150\" height=\"150\" src=\"https:\/\/sisu.ut.ee\/wp-content\/uploads\/sites\/688\/IMG_8351-1-150x150.jpg\" class=\"img-fluid article-card__img wp-post-image\" alt=\"\">\n          <\/div>\n    <div class=\"d-flex flex-column w-100 ms-2\">\n      <h3 class=\"h5 text-sm mb-1\">Tagasivaade konverentsile \u201cWorld Poetry Today\u201d (2025)<\/h3>\n      <time class=\"post-date d-block mt-auto text-end text-xs w-100\" datetime=\"2025-10-30T17:02:00+00:00\">\n        30.10.2025\n      <\/time>\n    <\/div>\n  <\/a>\n<\/article>\n\t\t\t\t\t\t\t\t\t<\/div>\n<\/div>\n\n\n\n<div class=\"wp-block-column is-vertically-aligned-center is-layout-flow wp-block-column-is-layout-flow\" style=\"flex-basis:66.66%\">\n<p class=\"has-text-align-left\"><b>The Estonian Association of Comparative Literature (EACL)<\/b> was created in November 1994. EACL aims to further Estonian research on comparative literature and assemble Estonian comparativists. The main activities of EACL are biennial international conferences on different subjects of comparative literature and editing Interlitteraria, the annual international journal of comparative literature, published by EACL and the Chair of Comparative Literature of Tartu University.<\/p>\n<\/div>\n<\/div>\n","protected":false},"excerpt":{"rendered":"<p>Welcome to the home page of the Estonian Association of Comparative Literature! \u00a0 During the spring semester of this academic year, EVKA is hosting a series of events dedicated to epic poetry. Find out more &gt;&gt;&gt; The Estonian Association of &#8230;<\/p>\n","protected":false},"author":313,"featured_media":0,"parent":0,"menu_order":0,"comment_status":"closed","ping_status":"closed","template":"","meta":{"_acf_changed":false,"inline_featured_image":false,"footnotes":""},"class_list":["post-62","page","type-page","status-publish","hentry"],"acf":[],"_links":{"self":[{"href":"https:\/\/sisu.ut.ee\/evka\/wp-json\/wp\/v2\/pages\/62","targetHints":{"allow":["GET"]}}],"collection":[{"href":"https:\/\/sisu.ut.ee\/evka\/wp-json\/wp\/v2\/pages"}],"about":[{"href":"https:\/\/sisu.ut.ee\/evka\/wp-json\/wp\/v2\/types\/page"}],"author":[{"embeddable":true,"href":"https:\/\/sisu.ut.ee\/evka\/wp-json\/wp\/v2\/users\/313"}],"replies":[{"embeddable":true,"href":"https:\/\/sisu.ut.ee\/evka\/wp-json\/wp\/v2\/comments?post=62"}],"version-history":[{"count":14,"href":"https:\/\/sisu.ut.ee\/evka\/wp-json\/wp\/v2\/pages\/62\/revisions"}],"predecessor-version":[{"id":778,"href":"https:\/\/sisu.ut.ee\/evka\/wp-json\/wp\/v2\/pages\/62\/revisions\/778"}],"wp:attachment":[{"href":"https:\/\/sisu.ut.ee\/evka\/wp-json\/wp\/v2\/media?parent=62"}],"curies":[{"name":"wp","href":"https:\/\/api.w.org\/{rel}","templated":true}]}}