{"id":6,"date":"2024-04-04T09:15:15","date_gmt":"2024-04-04T06:15:15","guid":{"rendered":"https:\/\/sisu.ut.ee\/evka\/assotsiatsioonist\/"},"modified":"2024-04-04T09:15:24","modified_gmt":"2024-04-04T06:15:24","slug":"assotsiatsioonist","status":"publish","type":"page","link":"https:\/\/sisu.ut.ee\/evka\/assotsiatsioonist\/","title":{"rendered":"Assotsiatsioonist"},"content":{"rendered":"<p>\n\t<b>Eesti V\u00f5rdleva Kirjandusteaduse Assotsiatsioon (EVKA)<\/b> tegutseb alates 1994. aasta novembrist. EVKA eesm\u00e4rgiks on edendada v\u00f5rdlevat kirjandusteadust Eestis ning koondada sellega tegelevaid kirjandusuurijaid. EVKA p\u00f5hitegevusi on kaks: anda v\u00e4lja\u00a0teadusajakirja Interlitteraria ning korraldada iga kahe aasta tagant toimuvat rahvusvahelist v\u00f5rdleva kirjandusteaduse konverentsi.\n<\/p>\n<p>\n\tAssotsiatsiooni keskmeks on Tartu \u00dclikooli v\u00f5rdleva kirjandusteaduse \u00f5ppetool. Assotsiatsiooni esimees ja aseesimees valitakse iga kolme aasta tagant Tartu \u00dclikooli kirjanduse \u00f5ppetoolide liikmete seast. Praegu on EVKA esimees <b>Liina Lukas<\/b> ning aseesimees <b>J\u00fcri Talvet<\/b>. Juhatusse kuuluvad ka <b>Kersti Unt <\/b>ja <b>Luule Epner<\/b>. Liikmeid on assotsiatsioonis umbes 50, p\u00f5hiliselt Tartust ja Tallinnast. Alates 2021. aastast antakse EVKA juhtkonna pikaajalistele teenekatele liikmetele v\u00e4lja EVKA auliikme tiitlit. Auliikme tiitli on p\u00e4lvinud Kersti Unt (endine esimees).\n<\/p>\n<p>\n\tEVKA kuulub kollektiivse liikmena ka <b>Rahvusvahelisse V\u00f5rdleva Kirjandusteaduse Assotsiatsiooni<\/b> (<i>International Comparative Literature Association <\/i>ehk ICLA), osaleb selle tegevustes ning vahendab oma liikmetele ICLAlt saabuvat teavet ja v\u00e4ljaandeid. ICLA on rahvusvaheline organisatsioon, mis \u00fchendab umbes 5000 kirjandusteadlast \u00fcle maailma ning korraldab iga kolme aasta tagant \u00fclemaailmset kongressi (<a href=\"https:\/\/www.ailc-icla.org\/\" target=\"_blank\" rel=\"noopener\">loe ICLA kohta l\u00e4hemalt siit<\/a>). N\u00f5nda v\u00f5imaldab EVKA oma liikmetele erialaseid kontakte ja tegevust nii lokaalsel kui ka globaalsel tasandil.\n<\/p>\n<p><span><span style=\"line-height:150%\"><span style=\",serif\">EVKA asutamise ja ICLA tegevuses osalemise idee p\u00e4rineb lahkunud <b>professor John Neubauerilt<\/b>, ICLA oluliselt liikmelt. Tema 1993. aasta Tartu-k\u00fclastuse j\u00e4rel panid \u00fclikoolilinnas EVKAle aluse professor J\u00fcri Talvet ja kolleegid Tartust ning Tallinna Pedagoogika\u00fclikoolist (n\u00fc\u00fcd Tallinna \u00dclikool).<\/span><\/span><\/span><\/p>\n","protected":false},"excerpt":{"rendered":"<p>Eesti V\u00f5rdleva Kirjandusteaduse Assotsiatsioon (EVKA) tegutseb alates 1994. aasta novembrist. EVKA eesm\u00e4rgiks on edendada v\u00f5rdlevat kirjandusteadust Eestis ning koondada sellega tegelevaid kirjandusuurijaid. EVKA p\u00f5hitegevusi on kaks: anda v\u00e4lja\u00a0teadusajakirja Interlitteraria ning korraldada iga kahe aasta tagant toimuvat rahvusvahelist v\u00f5rdleva kirjandusteaduse konverentsi. &#8230;<\/p>\n","protected":false},"author":313,"featured_media":0,"parent":0,"menu_order":0,"comment_status":"closed","ping_status":"closed","template":"","meta":{"_acf_changed":false,"inline_featured_image":false,"footnotes":""},"class_list":["post-6","page","type-page","status-publish","hentry"],"acf":[],"_links":{"self":[{"href":"https:\/\/sisu.ut.ee\/evka\/wp-json\/wp\/v2\/pages\/6","targetHints":{"allow":["GET"]}}],"collection":[{"href":"https:\/\/sisu.ut.ee\/evka\/wp-json\/wp\/v2\/pages"}],"about":[{"href":"https:\/\/sisu.ut.ee\/evka\/wp-json\/wp\/v2\/types\/page"}],"author":[{"embeddable":true,"href":"https:\/\/sisu.ut.ee\/evka\/wp-json\/wp\/v2\/users\/313"}],"replies":[{"embeddable":true,"href":"https:\/\/sisu.ut.ee\/evka\/wp-json\/wp\/v2\/comments?post=6"}],"version-history":[{"count":1,"href":"https:\/\/sisu.ut.ee\/evka\/wp-json\/wp\/v2\/pages\/6\/revisions"}],"predecessor-version":[{"id":52,"href":"https:\/\/sisu.ut.ee\/evka\/wp-json\/wp\/v2\/pages\/6\/revisions\/52"}],"wp:attachment":[{"href":"https:\/\/sisu.ut.ee\/evka\/wp-json\/wp\/v2\/media?parent=6"}],"curies":[{"name":"wp","href":"https:\/\/api.w.org\/{rel}","templated":true}]}}