{"id":353,"date":"2024-06-19T16:56:57","date_gmt":"2024-06-19T13:56:57","guid":{"rendered":"https:\/\/sisu.ut.ee\/evka\/esita-teesid\/"},"modified":"2024-11-06T18:52:00","modified_gmt":"2024-11-06T16:52:00","slug":"esita-teesid","status":"publish","type":"page","link":"https:\/\/sisu.ut.ee\/evka\/esita-teesid\/","title":{"rendered":"Esita teesid"},"content":{"rendered":"<p><code><div class=\"video-placeholder-wrapper video-placeholder-wrapper--fixed\" style=\"height: 800px;\">\n\t\t\t    <div class=\"video-placeholder d-flex justify-content-center align-items-center\">\n\t\t\t        <div class=\"overlay text-white p-2 w-100 text-center d-block justify-content-center align-items-center\">\n\t\t\t            <div>Kolmandate osapoolte sisu n\u00e4gemiseks palun n\u00f5ustu k\u00fcpsistega.<\/div>\n\t\t\t            <button class=\"btn btn-secondary btn-sm mt-1 consent-change\">Muuda n\u00f5usolekut<\/button>\n\t\t\t        <\/div>\n\t\t\t    <\/div>\n\t\t\t<\/div>\n<\/code><\/p>\n","protected":false},"excerpt":{"rendered":"","protected":false},"author":313,"featured_media":0,"parent":0,"menu_order":0,"comment_status":"closed","ping_status":"closed","template":"","meta":{"_acf_changed":false,"inline_featured_image":false,"footnotes":""},"class_list":["post-353","page","type-page","status-publish","hentry"],"acf":[],"_links":{"self":[{"href":"https:\/\/sisu.ut.ee\/evka\/wp-json\/wp\/v2\/pages\/353","targetHints":{"allow":["GET"]}}],"collection":[{"href":"https:\/\/sisu.ut.ee\/evka\/wp-json\/wp\/v2\/pages"}],"about":[{"href":"https:\/\/sisu.ut.ee\/evka\/wp-json\/wp\/v2\/types\/page"}],"author":[{"embeddable":true,"href":"https:\/\/sisu.ut.ee\/evka\/wp-json\/wp\/v2\/users\/313"}],"replies":[{"embeddable":true,"href":"https:\/\/sisu.ut.ee\/evka\/wp-json\/wp\/v2\/comments?post=353"}],"version-history":[{"count":3,"href":"https:\/\/sisu.ut.ee\/evka\/wp-json\/wp\/v2\/pages\/353\/revisions"}],"predecessor-version":[{"id":376,"href":"https:\/\/sisu.ut.ee\/evka\/wp-json\/wp\/v2\/pages\/353\/revisions\/376"}],"wp:attachment":[{"href":"https:\/\/sisu.ut.ee\/evka\/wp-json\/wp\/v2\/media?parent=353"}],"curies":[{"name":"wp","href":"https:\/\/api.w.org\/{rel}","templated":true}]}}