{"id":138,"date":"2024-04-04T09:15:16","date_gmt":"2024-04-04T06:15:16","guid":{"rendered":"https:\/\/sisu.ut.ee\/evka\/more-on-eacls\/"},"modified":"2024-04-19T19:58:24","modified_gmt":"2024-04-19T16:58:24","slug":"more-on-eacls","status":"publish","type":"page","link":"https:\/\/sisu.ut.ee\/evka\/more-on-eacls\/?lang=en","title":{"rendered":"More on EACL"},"content":{"rendered":"<p style=\"margin-top:0cm;margin-right:0cm;margin-bottom:7.5pt;margin-left:0cm\">\n\t<span style=\"background:white\"><strong><span><span style=\",sans-serif\"><span style=\"color:#565656\">J\u00fcri Talvet, Estonie.<\/span><\/span><\/span><\/strong><span><span style=\",sans-serif\"><span style=\"color:#565656\"> \u2013 <\/span><\/span><\/span><span style=\"color:black\"><a href=\"https:\/\/www.cairn.info\/revue-de-litterature-comparee-2021-4-page-451.htm\" target=\"_blank\" rel=\"noopener\"><span><span style=\",sans-serif\"><span style=\"color:#428bca\">Revue de litt\u00e9rature Compar\u00e9e, 380, Oct-D\u00e9c. 2021, pp. 451-453<\/span><\/span><\/span><\/a><\/span><span><span style=\",sans-serif\"><span style=\"color:#565656\">.<\/span><\/span><\/span><\/span>\n<\/p>\n<p style=\"margin-top:0cm;margin-right:0cm;margin-bottom:7.5pt;margin-left:0cm\">\n\t<span style=\"background:white\"><strong><span><span style=\",sans-serif\"><span style=\"color:#565656\">Luule on vabaduse otsing. Liina Lukas\u2019s interview with J\u00fcri Talvet (in Estonian)<\/span><\/span><\/span><\/strong> <span><span style=\",sans-serif\"><span style=\"color:#565656\"> \u2013 <\/span><\/span><\/span><span style=\"color:black\"><a href=\"https:\/\/www.ajakiri.ut.ee\/artikkel\/4233\" target=\"_blank\" rel=\"noopener\"><span><span style=\",sans-serif\"><span style=\"color:#428bca\">Universitas Tartuensis, aprill 2022, nr. 2, lk 18-21<\/span><\/span><\/span><\/a><\/span><span><span style=\",sans-serif\"><span style=\"color:#565656\">.<\/span><\/span><\/span><\/span>\n<\/p>\n<p><span><span style=\"line-height:150%\"><span style=\",sans-serif\"><span style=\"color:#565656\">Presentation of J\u00fcri Talvet\u2019s poetry translation anthology \u201cValitud t\u00f5lkeluulet. I-II\u201d (2021): <\/span><\/span><\/span><\/span><span><span style=\"line-height:150%\"><span style=\",serif\"><a href=\"https:\/\/www.youtube.com\/watch?v=KX7-0FswBRU\" target=\"_blank\" rel=\"noopener\"><span><span style=\"line-height:150%\"><span style=\",sans-serif\"><span style=\"color:#428bca\">https:\/\/www.youtube.com\/watch?v=KX7-0FswBRU<\/span><\/span><\/span><\/span><\/a><\/span><\/span><\/span><\/p>\n","protected":false},"excerpt":{"rendered":"<p>J\u00fcri Talvet, Estonie. \u2013 Revue de litt\u00e9rature Compar\u00e9e, 380, Oct-D\u00e9c. 2021, pp. 451-453. Luule on vabaduse otsing. Liina Lukas\u2019s interview with J\u00fcri Talvet (in Estonian) \u2013 Universitas Tartuensis, aprill 2022, nr. 2, lk 18-21. Presentation of J\u00fcri Talvet\u2019s poetry translation &#8230;<\/p>\n","protected":false},"author":313,"featured_media":0,"parent":0,"menu_order":0,"comment_status":"closed","ping_status":"closed","template":"","meta":{"_acf_changed":false,"inline_featured_image":false,"footnotes":""},"class_list":["post-138","page","type-page","status-publish","hentry"],"acf":[],"_links":{"self":[{"href":"https:\/\/sisu.ut.ee\/evka\/wp-json\/wp\/v2\/pages\/138","targetHints":{"allow":["GET"]}}],"collection":[{"href":"https:\/\/sisu.ut.ee\/evka\/wp-json\/wp\/v2\/pages"}],"about":[{"href":"https:\/\/sisu.ut.ee\/evka\/wp-json\/wp\/v2\/types\/page"}],"author":[{"embeddable":true,"href":"https:\/\/sisu.ut.ee\/evka\/wp-json\/wp\/v2\/users\/313"}],"replies":[{"embeddable":true,"href":"https:\/\/sisu.ut.ee\/evka\/wp-json\/wp\/v2\/comments?post=138"}],"version-history":[{"count":1,"href":"https:\/\/sisu.ut.ee\/evka\/wp-json\/wp\/v2\/pages\/138\/revisions"}],"predecessor-version":[{"id":144,"href":"https:\/\/sisu.ut.ee\/evka\/wp-json\/wp\/v2\/pages\/138\/revisions\/144"}],"wp:attachment":[{"href":"https:\/\/sisu.ut.ee\/evka\/wp-json\/wp\/v2\/media?parent=138"}],"curies":[{"name":"wp","href":"https:\/\/api.w.org\/{rel}","templated":true}]}}