{"id":9,"date":"2024-04-03T23:06:49","date_gmt":"2024-04-03T20:06:49","guid":{"rendered":"https:\/\/sisu.ut.ee\/evidolemus\/identifitseerimise-etapid-0\/"},"modified":"2024-04-17T09:26:25","modified_gmt":"2024-04-17T06:26:25","slug":"identifitseerimise-etapid-0","status":"publish","type":"page","link":"https:\/\/sisu.ut.ee\/evidolemus\/identifitseerimise-etapid-0\/","title":{"rendered":"Erivajaduste identifitseerimise etapid"},"content":{"rendered":"<p>Lasteaeda v\u00f5i kooli j\u00f5uavad lapsed erinevate eelteadmiste ja oskustega. Selleks, et \u00f5petamine toimuks lapsest l\u00e4htuvalt, tuleb teha kindlaks, millisel tasemel laps hetkel on ja millised on tema erip\u00e4rad \u00f5ppimises. Alles selle p\u00f5hjal saab otsustada, mida ja kuidas talle j\u00e4rgnevalt \u00f5petada. Enamuse laste oskused-teadmised on piisavalt \u00fchesugusel tasemel, et neid saaks \u00f5petada enam-v\u00e4hem \u00fchtemoodi. Siiski m\u00e4rkavad \u00f5petajad, et m\u00f5ne lapse oskused-teadmised v\u00f5i k\u00e4itumine erinevad r\u00fchma\/klassi keskmisest sedav\u00f5rd, et nende edasiminek on tunduvalt aeglasem (andekate puhul aga kiirem) ja nende \u00f5petamisel tuleb teha olulisi muudatusi.<\/p>\n\n\n\n<p>N\u00fc\u00fcd, et milliseid muudatusi t\u00e4psemalt? Et seda otsustada, peab \u00f5petaja m\u00f5istma, milles t\u00e4psemalt mahaj\u00e4\u00e4mus seisneb ehk lapse erivajadused tuleb identifitseerida.<\/p>\n\n\n\n<div class=\"accordion mb-3\">\n        <div class=\"accordion-item accordion-item--white\">\n        <h2 class=\"accordion-header\" id=\"accordion-69e1889c632d9-heading\">\n            <button class=\"accordion-button collapsed\" type=\"button\" data-bs-toggle=\"collapse\" data-bs-target=\"#accordion-69e1889c632d9-collapse\" aria-expanded=\"true\" aria-controls=\"accordion-69e1889c632d9-collapse\">Meenuta, mida t\u00e4hendas erivajaduste identifitseerimine?<\/button>\n        <\/h2>\n        <div id=\"accordion-69e1889c632d9-collapse\" class=\"accordion-collapse collapse\" aria-labelledby=\"accordion-69e1889c632d9-heading\">\n            <div class=\"accordion-body\">Erivajaduste identifitseerimiseks nimetatakse protsessi lapse arenguerinevuste m\u00e4rkamisest sekkumise kavandamiseni.<\/div>\n        <\/div>\n        <\/div>\n    <\/div>\n\n\n\n<p><span style=\"line-height: 1.6em;\">Kuna tegemist on protsessiga, siis saame r\u00e4\u00e4kida mitmetest \u00fcksteisele j\u00e4rgnevatest tegevustest ja erivajaduste identifitseerimises eristataksegi kolme p\u00f5hilist etappi:<\/span><\/p>\n\n\n\n<ol class=\"wp-block-list\">\n<li><span style=\"line-height: 1.6em;\">m\u00e4rkamine,<\/span><\/li>\n\n\n\n<li><span style=\"line-height: 1.6em;\">hindamine,<\/span><\/li>\n\n\n\n<li><span style=\"line-height: 1.6em;\">sekkumise kavandamine.<\/span><\/li>\n<\/ol>\n","protected":false},"excerpt":{"rendered":"<p>Lasteaeda v\u00f5i kooli j\u00f5uavad lapsed erinevate eelteadmiste ja oskustega. Selleks, et \u00f5petamine toimuks lapsest l\u00e4htuvalt, tuleb teha kindlaks, millisel tasemel laps hetkel on ja millised on tema erip\u00e4rad \u00f5ppimises. Alles selle p\u00f5hjal saab otsustada, mida ja kuidas talle j\u00e4rgnevalt \u00f5petada. &#8230;<\/p>\n","protected":false},"author":3,"featured_media":0,"parent":0,"menu_order":0,"comment_status":"closed","ping_status":"closed","template":"","meta":{"_acf_changed":false,"inline_featured_image":false,"footnotes":""},"class_list":["post-9","page","type-page","status-publish","hentry"],"acf":[],"_links":{"self":[{"href":"https:\/\/sisu.ut.ee\/evidolemus\/wp-json\/wp\/v2\/pages\/9","targetHints":{"allow":["GET"]}}],"collection":[{"href":"https:\/\/sisu.ut.ee\/evidolemus\/wp-json\/wp\/v2\/pages"}],"about":[{"href":"https:\/\/sisu.ut.ee\/evidolemus\/wp-json\/wp\/v2\/types\/page"}],"author":[{"embeddable":true,"href":"https:\/\/sisu.ut.ee\/evidolemus\/wp-json\/wp\/v2\/users\/3"}],"replies":[{"embeddable":true,"href":"https:\/\/sisu.ut.ee\/evidolemus\/wp-json\/wp\/v2\/comments?post=9"}],"version-history":[{"count":3,"href":"https:\/\/sisu.ut.ee\/evidolemus\/wp-json\/wp\/v2\/pages\/9\/revisions"}],"predecessor-version":[{"id":91,"href":"https:\/\/sisu.ut.ee\/evidolemus\/wp-json\/wp\/v2\/pages\/9\/revisions\/91"}],"wp:attachment":[{"href":"https:\/\/sisu.ut.ee\/evidolemus\/wp-json\/wp\/v2\/media?parent=9"}],"curies":[{"name":"wp","href":"https:\/\/api.w.org\/{rel}","templated":true}]}}