{"id":63,"date":"2024-04-11T10:55:39","date_gmt":"2024-04-11T07:55:39","guid":{"rendered":"https:\/\/sisu.ut.ee\/evidolemus\/enesetest\/"},"modified":"2024-04-11T10:55:39","modified_gmt":"2024-04-11T07:55:39","slug":"enesetest","status":"publish","type":"page","link":"https:\/\/sisu.ut.ee\/evidolemus\/enesetest\/","title":{"rendered":"Enesetest"},"content":{"rendered":"<div id=\"watupro_quiz\" class=\"quiz-area single-page-quiz\">\n<p id=\"submittingExam1\" style=\"display:none;text-align:center;\"><img loading=\"lazy\" decoding=\"async\" src=\"https:\/\/sisu.ut.ee\/wp-content\/plugins\/watupro\/img\/loading.gif\" width=\"16\" height=\"16\"><\/p>\n\n<div class=\"watupro-exam-description\" id=\"description-quiz-1\"><p><img loading=\"lazy\" decoding=\"async\" width=\"50\" height=\"50\" class=\"alignnone wp-image-24\" style=\"float: left;\" title=\"test.png\" src=\"https:\/\/multisite.ut.ee\/wp-content\/uploads\/sites\/3\/test.png\" alt=\"test.png\"><\/p>\n<p>J\u00e4rgnevalt on Sul v\u00f5imalik sisupaketi omandatust kontrollida. Enesetestis on k\u00fcsimused, millele selle sisupaketi edukalt l\u00e4binu peaks kindlasti oskama vastata. Kui Sa m\u00f5nele k\u00fcsimusele vastates eba\u00f5nnestud, siis pole midagi katki. \u00d5pi pisut veel ja proovi uuesti!<\/p>\n<p>Testis on 6 k\u00fcsimust ja iga \u00f5igesti vastatud k\u00fcsimus annab \u00fche punkti. Testi saad sooritada piiramatu arv kordi.<\/p>\n<\/div>\n\n<form action=\"\" method=\"post\" class=\"quiz-form\" id=\"quiz-1\" enctype=\"multipart\/form-data\">\n<div class=\"watu-question \" id=\"question-1\" style=\";\"><div id=\"questionWrap-1\" class=\"  watupro-required-3 watupro-question-id-3\">\n\t\t\t<div class=\"question-content\"><div><p>Milline j\u00e4rgnevatest valikutest annab k\u00f5ige paremini edasi erivajaduste identifitseerimise ja hindamise omavahelist suhet?<\/p><\/div><input type=\"hidden\" name=\"question_id[]\" id=\"qID_1\" value=\"3\" class=\"watupro-question-id\"><input type=\"hidden\" id=\"answerType3\" class=\"answerTypeCnt1\" value=\"checkbox\"><input type=\"hidden\" id=\"watupro-required-question-3\"><!-- end question-content--><\/div><div class=\"question-choices watupro-choices-columns \" id=\"questionChoices3\"><div class=\"watupro-question-choice  \" dir=\"auto\"><input type=\"checkbox\" name=\"answer-3[]\" id=\"answer-id-11\" class=\"answer   answerof-3 \" value=\"11\"><label for=\"answer-id-11\" id=\"answer-label-11\" class=\" answer\"><span><p>hobune ja varss<\/p><\/span><\/label><\/div><div class=\"watupro-question-choice  \" dir=\"auto\"><input type=\"checkbox\" name=\"answer-3[]\" id=\"answer-id-9\" class=\"answer   answerof-3 \" value=\"9\"><label for=\"answer-id-9\" id=\"answer-label-9\" class=\" answer\"><span><p>must ja valge<\/p><\/span><\/label><\/div><div class=\"watupro-question-choice  \" dir=\"auto\"><input type=\"checkbox\" name=\"answer-3[]\" id=\"answer-id-10\" class=\"answer   answerof-3 \" value=\"10\"><label for=\"answer-id-10\" id=\"answer-label-10\" class=\" answer\"><span><p>p\u00e4evakava ja l\u00f5unas\u00f6\u00f6k<\/p><\/span><\/label><\/div><div class=\"watupro-question-choice  \" dir=\"auto\"><input type=\"checkbox\" name=\"answer-3[]\" id=\"answer-id-12\" class=\"answer   answerof-3 \" value=\"12\"><label for=\"answer-id-12\" id=\"answer-label-12\" class=\" answer\"><span><p><span style=\"line-height: 1.6em;\">auto ja ferrari<\/span><\/p><\/span><\/label><\/div><!-- end question-choices--><\/div><!-- end questionWrap--><\/div><\/div><div class=\"watu-question \" id=\"question-2\" style=\";\"><div id=\"questionWrap-2\" class=\"  watupro-required-2 watupro-question-id-2\">\n\t\t\t<div class=\"question-content\"><div><p>Lapse erivajaduste kindlaks tegemine algab m\u00e4rkamisest. M\u00e4rgatakse, et<\/p><\/div><input type=\"hidden\" name=\"question_id[]\" id=\"qID_2\" value=\"2\" class=\"watupro-question-id\"><input type=\"hidden\" id=\"answerType2\" class=\"answerTypeCnt2\" value=\"checkbox\"><input type=\"hidden\" id=\"watupro-required-question-2\"><!-- end question-content--><\/div><div class=\"question-choices watupro-choices-columns \" id=\"questionChoices2\"><div class=\"watupro-question-choice  \" dir=\"auto\"><input type=\"checkbox\" name=\"answer-2[]\" id=\"answer-id-8\" class=\"answer   answerof-2 \" value=\"8\"><label for=\"answer-id-8\" id=\"answer-label-8\" class=\" answer\"><span><p>ilmnevad m\u00f5ne h\u00e4lbe v\u00f5i h\u00e4ire tunnused<\/p><\/span><\/label><\/div><div class=\"watupro-question-choice  \" dir=\"auto\"><input type=\"checkbox\" name=\"answer-2[]\" id=\"answer-id-7\" class=\"answer   answerof-2 \" value=\"7\"><label for=\"answer-id-7\" id=\"answer-label-7\" class=\" answer\"><span><p>eripedagoogiline sekkumine ei anna tulemusi<\/p><\/span><\/label><\/div><div class=\"watupro-question-choice  \" dir=\"auto\"><input type=\"checkbox\" name=\"answer-2[]\" id=\"answer-id-6\" class=\"answer   answerof-2 \" value=\"6\"><label for=\"answer-id-6\" id=\"answer-label-6\" class=\" answer\"><span><p>vanemad ei taha teha koost\u00f6\u00f6d<\/p><\/span><\/label><\/div><div class=\"watupro-question-choice  \" dir=\"auto\"><input type=\"checkbox\" name=\"answer-2[]\" id=\"answer-id-5\" class=\"answer   answerof-2 \" value=\"5\"><label for=\"answer-id-5\" id=\"answer-label-5\" class=\" answer\"><span><p>lapse oskused ei vasta vanusele v\u00f5i \u00f5ppekavale<\/p><\/span><\/label><\/div><!-- end question-choices--><\/div><!-- end questionWrap--><\/div><\/div><div class=\"watu-question \" id=\"question-3\" style=\";\"><div id=\"questionWrap-3\" class=\"  watupro-required-1 watupro-question-id-1\">\n\t\t\t<div class=\"question-content\"><div><p>Eesti Vabariigi seadusandlus kindlustab k\u00f5igile \u00f5iguse v\u00f5imetekohasele haridusele, mis arvestab \u00f5ppija individuaalseid vajadusi ja ise\u00e4rasusi. Sellise hariduse peaks tagama laste arengu j\u00e4lgimine ja hindamine, mille vajalikkus on sisse kirjutatud<\/p><\/div><input type=\"hidden\" name=\"question_id[]\" id=\"qID_3\" value=\"1\" class=\"watupro-question-id\"><input type=\"hidden\" id=\"answerType1\" class=\"answerTypeCnt3\" value=\"checkbox\"><input type=\"hidden\" id=\"watupro-required-question-1\"><!-- end question-content--><\/div><div class=\"question-choices watupro-choices-columns \" id=\"questionChoices1\"><div class=\"watupro-question-choice  \" dir=\"auto\"><input type=\"checkbox\" name=\"answer-1[]\" id=\"answer-id-2\" class=\"answer   answerof-1 \" value=\"2\"><label for=\"answer-id-2\" id=\"answer-label-2\" class=\" answer\"><span><p>Koolieelse lasteasutuse seaduses<\/p><\/span><\/label><\/div><div class=\"watupro-question-choice  \" dir=\"auto\"><input type=\"checkbox\" name=\"answer-1[]\" id=\"answer-id-1\" class=\"answer   answerof-1 \" value=\"1\"><label for=\"answer-id-1\" id=\"answer-label-1\" class=\" answer\"><span><p>Eesti Vabariigi p\u00f5hiseaduses<\/p><\/span><\/label><\/div><div class=\"watupro-question-choice  \" dir=\"auto\"><input type=\"checkbox\" name=\"answer-1[]\" id=\"answer-id-4\" class=\"answer   answerof-1 \" value=\"4\"><label for=\"answer-id-4\" id=\"answer-label-4\" class=\" answer\"><span><p>P\u00f5hikooli riiklik \u00f5ppekavas<\/p><\/span><\/label><\/div><div class=\"watupro-question-choice  \" dir=\"auto\"><input type=\"checkbox\" name=\"answer-1[]\" id=\"answer-id-3\" class=\"answer   answerof-1 \" value=\"3\"><label for=\"answer-id-3\" id=\"answer-label-3\" class=\" answer\"><span><p>Koolieelse lasteasutuse riiklikus \u00f5ppekavas<\/p><\/span><\/label><\/div><!-- end question-choices--><\/div><!-- end questionWrap--><\/div><\/div><div class=\"watu-question \" id=\"question-4\" style=\";\"><div id=\"questionWrap-4\" class=\"  watupro-required-6 watupro-question-id-6\">\n\t\t\t<div class=\"question-content\"><p>Laste arengutaseme hindamine teaduslikus m\u00f5ttes sai alguse 19.sajandi l\u00f5pus ning sellest peale on sellesse panustanud paljud teadlased. \u00dchenda j\u00e4rgnevalt loetletud teadlased nende panusega.\u00a0<\/p><div class=\"question-choices\"><table class=\"question-choices watupro-matrix-droppable\" id=\"watuPROMatrixDroppable_6\"><tr><td class=\"watupro-matrix-left-cell\">A.Binet, T.Simon, R.Wechsler<\/td>\n\t\t\t\t\t\t<td class=\"watupro-matrix-right-cell watuPRODroppable6\" id=\"watuPRODroppableCell15\"><div class=\"question-choices\"><div class=\"watupro-matrix-right\"><div id=\"watuproNMatrixSelection-0-0\" class=\" watupro-matrix-draggable watupro-nmatrix-answer-0\" onclick=\"WatuPROINMatrix.sel(this, 'watuPRODroppableCell15', 0);return false;\">laste arenguliste muutuste selgitus<!--WTPMD569fabd5dab8b042c2154b7608e63f188--><p class=\"watupro-nmatrix-unselect\">Unselect<\/p><\/div><div id=\"watuproNMatrixSelection-0-1\" class=\" watupro-matrix-draggable watupro-nmatrix-answer-1\" onclick=\"WatuPROINMatrix.sel(this, 'watuPRODroppableCell15', 1);return false;\">laste oskuste arengulise j\u00e4rgnevuse kirjeldus<!--WTPMD50f8093524a501f5d7f930c364f2d2799--><p class=\"watupro-nmatrix-unselect\">Unselect<\/p><\/div><div id=\"watuproNMatrixSelection-0-2\" class=\" watupro-matrix-draggable watupro-nmatrix-answer-2\" onclick=\"WatuPROINMatrix.sel(this, 'watuPRODroppableCell15', 2);return false;\">intelligentsuse m\u00f5\u00f5tmine<!--WTPMD551112e437129384d71709f16fcb893b7--><p class=\"watupro-nmatrix-unselect\">Unselect<\/p><\/div><\/div><\/div><input type=\"hidden\" class=\"answerof-6 watupro-nmatrix-answer-field\" id=\"field-watuPRODroppableCell15\" name=\"matrix-left-15\" value=\"\"><\/td><\/tr><tr><td class=\"watupro-matrix-left-cell\">A.Gesell <\/td>\n\t\t\t\t\t\t<td class=\"watupro-matrix-right-cell watuPRODroppable6\" id=\"watuPRODroppableCell16\"><div class=\"question-choices\"><div class=\"watupro-matrix-right\"><div id=\"watuproNMatrixSelection-1-0\" class=\" watupro-matrix-draggable watupro-nmatrix-answer-0\" onclick=\"WatuPROINMatrix.sel(this, 'watuPRODroppableCell16', 0);return false;\">laste arenguliste muutuste selgitus<!--WTPMD569fabd5dab8b042c2154b7608e63f188--><p class=\"watupro-nmatrix-unselect\">Unselect<\/p><\/div><div id=\"watuproNMatrixSelection-1-1\" class=\" watupro-matrix-draggable watupro-nmatrix-answer-1\" onclick=\"WatuPROINMatrix.sel(this, 'watuPRODroppableCell16', 1);return false;\">laste oskuste arengulise j\u00e4rgnevuse kirjeldus<!--WTPMD50f8093524a501f5d7f930c364f2d2799--><p class=\"watupro-nmatrix-unselect\">Unselect<\/p><\/div><div id=\"watuproNMatrixSelection-1-2\" class=\" watupro-matrix-draggable watupro-nmatrix-answer-2\" onclick=\"WatuPROINMatrix.sel(this, 'watuPRODroppableCell16', 2);return false;\">intelligentsuse m\u00f5\u00f5tmine<!--WTPMD551112e437129384d71709f16fcb893b7--><p class=\"watupro-nmatrix-unselect\">Unselect<\/p><\/div><\/div><\/div><input type=\"hidden\" class=\"answerof-6 watupro-nmatrix-answer-field\" id=\"field-watuPRODroppableCell16\" name=\"matrix-left-16\" value=\"\"><\/td><\/tr><tr><td class=\"watupro-matrix-left-cell\">J.Piaget, L.S. V\u00f5gotski, E.Erikson  <\/td>\n\t\t\t\t\t\t<td class=\"watupro-matrix-right-cell watuPRODroppable6\" id=\"watuPRODroppableCell17\"><div class=\"question-choices\"><div class=\"watupro-matrix-right\"><div id=\"watuproNMatrixSelection-2-0\" class=\" watupro-matrix-draggable watupro-nmatrix-answer-0\" onclick=\"WatuPROINMatrix.sel(this, 'watuPRODroppableCell17', 0);return false;\">laste arenguliste muutuste selgitus<!--WTPMD569fabd5dab8b042c2154b7608e63f188--><p class=\"watupro-nmatrix-unselect\">Unselect<\/p><\/div><div id=\"watuproNMatrixSelection-2-1\" class=\" watupro-matrix-draggable watupro-nmatrix-answer-1\" onclick=\"WatuPROINMatrix.sel(this, 'watuPRODroppableCell17', 1);return false;\">laste oskuste arengulise j\u00e4rgnevuse kirjeldus<!--WTPMD50f8093524a501f5d7f930c364f2d2799--><p class=\"watupro-nmatrix-unselect\">Unselect<\/p><\/div><div id=\"watuproNMatrixSelection-2-2\" class=\" watupro-matrix-draggable watupro-nmatrix-answer-2\" onclick=\"WatuPROINMatrix.sel(this, 'watuPRODroppableCell17', 2);return false;\">intelligentsuse m\u00f5\u00f5tmine<!--WTPMD551112e437129384d71709f16fcb893b7--><p class=\"watupro-nmatrix-unselect\">Unselect<\/p><\/div><\/div><\/div><input type=\"hidden\" class=\"answerof-6 watupro-nmatrix-answer-field\" id=\"field-watuPRODroppableCell17\" name=\"matrix-left-17\" value=\"\"><\/td><\/tr><\/table><\/div><input type=\"hidden\" name=\"question_id[]\" id=\"qID_4\" value=\"6\" class=\"watupro-question-id\"><input type=\"hidden\" id=\"answerType6\" class=\"answerTypeCnt4\" value=\"nmatrix\"><input type=\"hidden\" id=\"watupro-required-question-6\"><!-- end question-content--><\/div><!-- end questionWrap--><\/div><\/div><div class=\"watu-question \" id=\"question-5\" style=\";\"><div id=\"questionWrap-5\" class=\"  watupro-required-5 watupro-question-id-5\">\n\t\t\t<div class=\"question-content\"><p>Hindamise <span><input type=\"text\" size=\"10\" name=\"gap_5_1\" class=\"watupro-gap answer answerof-5\" value=\"\"><\/span>\u00a0on j\u00f5uda tervikliku arusaamani lapse oskuste-teadmiste-v\u00f5imete n\u00f5rkadest ja tugevatest k\u00fclgedest (tasemest) ning selle <span><input type=\"text\" size=\"10\" name=\"gap_5_2\" class=\"watupro-gap answer answerof-5\" value=\"\"><\/span>\u00a0erivajadustega laste puhul on h\u00e4lbe pedagoogilis-ps\u00fchholoogiline kirjeldus.<\/p>\n<input type=\"hidden\" name=\"question_id[]\" id=\"qID_5\" value=\"5\" class=\"watupro-question-id\"><input type=\"hidden\" id=\"answerType5\" class=\"answerTypeCnt5\" value=\"gaps\"><input type=\"hidden\" id=\"watupro-required-question-5\"><!-- end question-content--><\/div><!-- end questionWrap--><\/div><\/div><div class=\"watu-question \" id=\"question-6\" style=\";\"><div id=\"questionWrap-6\" class=\"  watupro-required-4 watupro-question-id-4\">\n\t\t\t<div class=\"question-content\"><p>Erivajaduste identifitseerimine on protsess|mis koosneb kolmest p\u00f5hilisest etapist: <em>(kasutage nimetavat k\u00e4\u00e4net)<\/em> <input type=\"text\" size=\"10\" name=\"gap_4_1\" class=\"watupro-gap answer answerof-4\" value=\"\">|\u00a0<input type=\"text\" size=\"10\" name=\"gap_4_2\" class=\"watupro-gap answer answerof-4\" value=\"\"> ja\u00a0<input type=\"text\" size=\"10\" name=\"gap_4_3\" class=\"watupro-gap answer answerof-4\" value=\"\">.<\/p>\n<input type=\"hidden\" name=\"question_id[]\" id=\"qID_6\" value=\"4\" class=\"watupro-question-id\"><input type=\"hidden\" id=\"answerType4\" class=\"answerTypeCnt6\" value=\"gaps\"><input type=\"hidden\" id=\"watupro-required-question-4\"><!-- end question-content--><\/div><!-- end questionWrap--><\/div><\/div><div style=\"display:none\" id=\"question-7\">\n\t<div class=\"question-content\">\n\t\t<img loading=\"lazy\" decoding=\"async\" src=\"https:\/\/sisu.ut.ee\/wp-content\/plugins\/watupro\/img\/loading.gif\" width=\"16\" height=\"16\" alt=\"Loading...\" title=\"Loading...\">\u00a0Loading...\t<\/div>\n<\/div>\n\n<br>\n\t\n\t\t\t<div class=\"watupro_buttons flex \" id=\"watuPROButtons1\">\n\t\t  <div id=\"prev-question\" style=\"display:none;\"><input type=\"button\" value=\"&lt; Previous\" onclick=\"WatuPRO.nextQuestion(event, 'previous');\"><\/div>\t\t  \t\t  \t\t   \n\t\t   \t  \t\t<div><input type=\"button\" name=\"action\" class=\"watupro-submit-button\" onclick=\"WatuPRO.submitResult(event)\" id=\"action-button\" value=\"Vaata tulemust\">\n\t\t<\/div>\n\t\t<\/div>\n\t\t\n\t<input type=\"hidden\" name=\"quiz_id\" value=\"1\" id=\"watuPROExamID\">\n\t<input type=\"hidden\" name=\"start_time\" id=\"startTime\" value=\"2026-04-17 04:41:08\">\n\t<input type=\"hidden\" name=\"start_timestamp\" id=\"startTimeStamp\" value=\"1776400868\">\n\t<input type=\"hidden\" name=\"question_ids\" value=\"\">\n\t<input type=\"hidden\" name=\"watupro_questions\" value=\"3:11,9,10,12 | 2:8,7,6,5 | 1:2,1,4,3 | 6:15,16,17 | 5:14 | 4:13\">\n\t<input type=\"hidden\" name=\"no_ajax\" value=\"0\">\t\t\t<\/form>\n\t<p>\u00a0<\/p>\n<\/div>\n\n<script type=\"text\/javascript\">\n\/\/jQuery(document).ready(function(){\ndocument.addEventListener(\"DOMContentLoaded\", function(event) { \t\nvar question_ids = \"3,2,1,6,5,4\";\nWatuPROSettings[1] = {};\nWatuPRO.qArr = question_ids.split(',');\nWatuPRO.exam_id = 1;\t    \nWatuPRO.post_id = 63;\nWatuPRO.store_progress = 0;\nWatuPRO.curCatPage = 1;\nWatuPRO.requiredIDs=\"0,3,2,1,6,5,4\".split(\",\");\nWatuPRO.hAppID = \"0.37749100 1776390068\";\nvar url = \"https:\/\/sisu.ut.ee\/wp-content\/plugins\/watupro\/show_exam.php\";\nWatuPRO.examMode = 1;\nWatuPRO.siteURL=\"https:\/\/sisu.ut.ee\/evidolemus\/wp-admin\/admin-ajax.php\";\nWatuPRO.emailIsNotRequired = 0;\nWatuPRO.perDecade = 10;\nWatuPROIntel.init(1);\nWatuPRO.inCategoryPages=1;});    \t \n<\/script>\n\n","protected":false},"excerpt":{"rendered":"","protected":false},"author":3,"featured_media":0,"parent":0,"menu_order":0,"comment_status":"closed","ping_status":"closed","template":"","meta":{"_acf_changed":false,"inline_featured_image":false,"footnotes":""},"class_list":["post-63","page","type-page","status-publish","hentry"],"acf":[],"_links":{"self":[{"href":"https:\/\/sisu.ut.ee\/evidolemus\/wp-json\/wp\/v2\/pages\/63","targetHints":{"allow":["GET"]}}],"collection":[{"href":"https:\/\/sisu.ut.ee\/evidolemus\/wp-json\/wp\/v2\/pages"}],"about":[{"href":"https:\/\/sisu.ut.ee\/evidolemus\/wp-json\/wp\/v2\/types\/page"}],"author":[{"embeddable":true,"href":"https:\/\/sisu.ut.ee\/evidolemus\/wp-json\/wp\/v2\/users\/3"}],"replies":[{"embeddable":true,"href":"https:\/\/sisu.ut.ee\/evidolemus\/wp-json\/wp\/v2\/comments?post=63"}],"version-history":[{"count":0,"href":"https:\/\/sisu.ut.ee\/evidolemus\/wp-json\/wp\/v2\/pages\/63\/revisions"}],"wp:attachment":[{"href":"https:\/\/sisu.ut.ee\/evidolemus\/wp-json\/wp\/v2\/media?parent=63"}],"curies":[{"name":"wp","href":"https:\/\/api.w.org\/{rel}","templated":true}]}}