{"id":15,"date":"2024-04-03T23:06:49","date_gmt":"2024-04-03T20:06:49","guid":{"rendered":"https:\/\/sisu.ut.ee\/evidolemus\/avaleht\/"},"modified":"2024-04-17T09:10:00","modified_gmt":"2024-04-17T06:10:00","slug":"avaleht","status":"publish","type":"page","link":"https:\/\/sisu.ut.ee\/evidolemus\/","title":{"rendered":"Avaleht"},"content":{"rendered":"<p style=\"text-align: center\"><span style=\"color: #008000\">Autor: Kaili Palts (<em>MSc\u00a0<\/em>),\u00a0<\/span><br><span style=\"color: #008000\">Tartu \u00dclikooli eripedagoogika osakond<br><span style=\"line-height: 1.6em\">2013<\/span><\/span><\/p>\n<p>Sisupakett on m\u00f5eldud \u00f5petajakoolituse \u00fcli\u00f5pilastele,<strong> toetamaks erivajaduste identifitseerimise kursuse l\u00e4bimist<\/strong>.\u00a0\u00d5ppijal peavad olema eelteadmised tunnetusps\u00fchholoogiast, arengups\u00fchholoogiast ja erivajaduste ps\u00fchholoogiast.\u00a0Sisupaketi l\u00e4bimine v\u00f5tab aega umbes 5 tundi.<\/p>\n<p><strong>Sisupaketi eesm\u00e4rgiks<\/strong> on luua taust tavap\u00e4rasest erineva arenguga laste \u00f5petamise individualiseerimise alustest; selgitada, milles seisneb laste erivajaduste identifitseerimine; anda \u00fclevaade laste arengutaseme hindamise olulisematest aspektidest. Seda k\u00f5ike tehakse tulevaste \u00f5petajate ja eripedagoogide vajadustest l\u00e4htuvalt.<\/p>\n<h2><span style=\"line-height: 1.6em\"><span style=\"line-height: 1.6em\">\u00d5pijuhised<\/span><\/span><\/h2>\n<p><span style=\"line-height: 1.6em\"><span style=\"line-height: 1.6em\">Sisupakett on \u00fcles ehitatud tekstina, mis jaguneb peat\u00fckkideks ja alapeat\u00fckkideks. Teksti sisse on pikitud k\u00fcsimused, mis aitavad aktiveerida \u00f5ppija varasemaid teadmisi ning ergutavad arutlema. Need on esitatud tekstikastikestes, kusjuures ilma pildita kastikestes olevad \u00fclesanded sisaldavad \u00f5ppej\u00f5u kommentaari. P\u00fc\u00fca vastata enne k\u00fcsimusele ja alles siis ava kommentaar kastikeses oleva k\u00fcsimuse tekstil kl\u00f5psates. Sisupakett l\u00f5peb enesetestiga, mis v\u00f5imaldab kontrollida oma teadmisi. Kasuta seda v\u00f5imalust kindlasti!<\/span><\/span><\/p>\n<p><span style=\"line-height: 1.6em\">Sisupaketi tulemuslikult l\u00e4binud \u00f5ppija:\u00a0<\/span><\/p>\n<ol>\n<li><span style=\"line-height: 1.6em\">teab, millest\u00a0tuleneb vajadus laste arengutaseme m\u00e4\u00e4ratlemiseks;<\/span><\/li>\n<li><span style=\"line-height: 1.6em\" data-mce-mark=\"1\"><img loading=\"lazy\" decoding=\"async\" width=\"198\" height=\"110\" class=\"alignnone wp-image-19\" style=\"float: right\" src=\"https:\/\/sisu.ut.ee\/wp-content\/uploads\/sites\/3\/esf198.jpg\" title=\"esf198.jpg\" alt=\"esf198.jpg\">teab erivajaduste identifitseerimise eesmarki ja v\u00e4ljundit;<\/span><\/li>\n<li><span style=\"line-height: 1.6em\">teab, milles seisneb erivajaduste identifitseerimine;<\/span><\/li>\n<li><span style=\"line-height: 1.6em\" data-mce-mark=\"1\">omab \u00fclevaadet erivajaduste identifitseerimise etappidest;<\/span><\/li>\n<li><span style=\"line-height: 1.6em\" data-mce-mark=\"1\">teab, milliste p\u00f5him\u00f5tete j\u00e4rgi hindamist l\u00e4bi viiakse;<\/span><\/li>\n<li><span style=\"line-height: 1.6em\">on kursis laste arengutaseme hindamise ajalooga.<\/span><\/li>\n<\/ol>\n","protected":false},"excerpt":{"rendered":"<p>Autor: Kaili Palts (MSc\u00a0),\u00a0Tartu \u00dclikooli eripedagoogika osakond2013 Sisupakett on m\u00f5eldud \u00f5petajakoolituse \u00fcli\u00f5pilastele, toetamaks erivajaduste identifitseerimise kursuse l\u00e4bimist.\u00a0\u00d5ppijal peavad olema eelteadmised tunnetusps\u00fchholoogiast, arengups\u00fchholoogiast ja erivajaduste ps\u00fchholoogiast.\u00a0Sisupaketi l\u00e4bimine v\u00f5tab aega umbes 5 tundi. Sisupaketi eesm\u00e4rgiks on luua taust tavap\u00e4rasest erineva arenguga laste &#8230;<\/p>\n","protected":false},"author":3,"featured_media":0,"parent":0,"menu_order":0,"comment_status":"closed","ping_status":"closed","template":"","meta":{"_acf_changed":false,"inline_featured_image":false,"footnotes":""},"class_list":["post-15","page","type-page","status-publish","hentry"],"acf":[],"_links":{"self":[{"href":"https:\/\/sisu.ut.ee\/evidolemus\/wp-json\/wp\/v2\/pages\/15","targetHints":{"allow":["GET"]}}],"collection":[{"href":"https:\/\/sisu.ut.ee\/evidolemus\/wp-json\/wp\/v2\/pages"}],"about":[{"href":"https:\/\/sisu.ut.ee\/evidolemus\/wp-json\/wp\/v2\/types\/page"}],"author":[{"embeddable":true,"href":"https:\/\/sisu.ut.ee\/evidolemus\/wp-json\/wp\/v2\/users\/3"}],"replies":[{"embeddable":true,"href":"https:\/\/sisu.ut.ee\/evidolemus\/wp-json\/wp\/v2\/comments?post=15"}],"version-history":[{"count":5,"href":"https:\/\/sisu.ut.ee\/evidolemus\/wp-json\/wp\/v2\/pages\/15\/revisions"}],"predecessor-version":[{"id":88,"href":"https:\/\/sisu.ut.ee\/evidolemus\/wp-json\/wp\/v2\/pages\/15\/revisions\/88"}],"wp:attachment":[{"href":"https:\/\/sisu.ut.ee\/evidolemus\/wp-json\/wp\/v2\/media?parent=15"}],"curies":[{"name":"wp","href":"https:\/\/api.w.org\/{rel}","templated":true}]}}