{"id":9,"date":"2024-04-03T23:15:56","date_gmt":"2024-04-03T20:15:56","guid":{"rendered":"https:\/\/sisu.ut.ee\/evidobjekt\/koolieelses-eas\/"},"modified":"2024-04-17T10:20:40","modified_gmt":"2024-04-17T07:20:40","slug":"koolieelses-eas","status":"publish","type":"page","link":"https:\/\/sisu.ut.ee\/evidobjekt\/koolieelses-eas\/","title":{"rendered":"Koolieelses eas"},"content":{"rendered":"<p>J\u00e4rgnevas tabelis on p\u00fc\u00fctud koos esitada erinevates eestikeelsetes koolieelsete lasteasutuste pedagoogidele m\u00f5eldud juhendmaterjalides toodud info arenguvaldkondade jaotamise kohta.<\/p>\n\n<p><img loading=\"lazy\" decoding=\"async\" width=\"949\" height=\"718\" class=\"alignnone wp-image-19\" style=\"margin-left: auto;margin-right: auto\" src=\"https:\/\/sisu.ut.ee\/wp-content\/uploads\/sites\/65\/enne_kooli.png\" title=\"Enne kooli\" alt=\"Enne kooli\" srcset=\"https:\/\/sisu.ut.ee\/wp-content\/uploads\/sites\/65\/enne_kooli.png 949w, https:\/\/sisu.ut.ee\/wp-content\/uploads\/sites\/65\/enne_kooli-300x227.png 300w, https:\/\/sisu.ut.ee\/wp-content\/uploads\/sites\/65\/enne_kooli-768x581.png 768w\" sizes=\"auto, (max-width: 949px) 100vw, 949px\"><\/p>\n<p>NB! Riiklikus \u00f5ppekavas k\u00e4sitletakse esimest kolme ja viiendat oskuste r\u00fchma \u00fcldoskuste all ja \u00fclej\u00e4\u00e4nud oskused on \u00f5ppe- ja kasvatustegevuste valdkondlike oskuste all. Nende oskuste eeldatava tasemega 6-7-aastastel lastel saad tutvuda siin\u00a0<a href=\"https:\/\/www.riigiteataja.ee\/akt\/13351772\" target=\"_blank\" rel=\"noopener\">https:\/\/www.riigiteataja.ee\/akt\/13351772<\/a>.<\/p>\n<p>Ilmselt m\u00e4rkasid, et m\u00f5nes kohas tundub selline eri jaotuste suhestamine ebaloogilisena. Seda seet\u00f5ttu, et inimene areneb tervikuna ja \u00fcksk\u00f5ik millised r\u00fchmad oskustest-teadmistest tekitada, ei ole enamus oskusi k\u00e4sitletavad vaid \u00fche kindla r\u00fchma raames. Nende kujunemine eeldab siiski k\u00f5igi ps\u00fc\u00fchiliste protsesside koost\u00f6\u00f6d ning nende v\u00e4ljendumist v\u00f5imaldab meie f\u00fc\u00fcsiline keha. Nii juhtubki, et piirid erinevate r\u00fchmade- valdkondade vahel on tinglikud ja eri alustel tekitatud v\u00e4iksemate r\u00fchmade omavaheline suhestamine ei pruugi v\u00e4ga h\u00e4sti \u00f5nnestuda.\u00a0 Praktikas tekitab \u00f5petajatele tihti peavalu just see, et kuigi laste hindamine peab toimuma riikliku \u00f5ppekava jaotuse alusel, pakuvad erinevad hindamist toetavad kirjandusallikad erinevaid jaotusi, mille alusel oskusi-teadmisi hinnata. \u00a0Samas hinnatakse tegelikult \u00fcht ja sama asja \u2013 lapse arengutaset ning loodetavasti aitab see tabel eri allikates toodud infos paremini orienteeruda. \u00a0<\/p>\n","protected":false},"excerpt":{"rendered":"<p>J\u00e4rgnevas tabelis on p\u00fc\u00fctud koos esitada erinevates eestikeelsetes koolieelsete lasteasutuste pedagoogidele m\u00f5eldud juhendmaterjalides toodud info arenguvaldkondade jaotamise kohta. NB! Riiklikus \u00f5ppekavas k\u00e4sitletakse esimest kolme ja viiendat oskuste r\u00fchma \u00fcldoskuste all ja \u00fclej\u00e4\u00e4nud oskused on \u00f5ppe- ja kasvatustegevuste valdkondlike oskuste all. &#8230;<\/p>\n","protected":false},"author":3,"featured_media":0,"parent":0,"menu_order":0,"comment_status":"closed","ping_status":"closed","template":"","meta":{"_acf_changed":false,"inline_featured_image":false,"footnotes":""},"class_list":["post-9","page","type-page","status-publish","hentry"],"acf":[],"_links":{"self":[{"href":"https:\/\/sisu.ut.ee\/evidobjekt\/wp-json\/wp\/v2\/pages\/9","targetHints":{"allow":["GET"]}}],"collection":[{"href":"https:\/\/sisu.ut.ee\/evidobjekt\/wp-json\/wp\/v2\/pages"}],"about":[{"href":"https:\/\/sisu.ut.ee\/evidobjekt\/wp-json\/wp\/v2\/types\/page"}],"author":[{"embeddable":true,"href":"https:\/\/sisu.ut.ee\/evidobjekt\/wp-json\/wp\/v2\/users\/3"}],"replies":[{"embeddable":true,"href":"https:\/\/sisu.ut.ee\/evidobjekt\/wp-json\/wp\/v2\/comments?post=9"}],"version-history":[{"count":2,"href":"https:\/\/sisu.ut.ee\/evidobjekt\/wp-json\/wp\/v2\/pages\/9\/revisions"}],"predecessor-version":[{"id":88,"href":"https:\/\/sisu.ut.ee\/evidobjekt\/wp-json\/wp\/v2\/pages\/9\/revisions\/88"}],"wp:attachment":[{"href":"https:\/\/sisu.ut.ee\/evidobjekt\/wp-json\/wp\/v2\/media?parent=9"}],"curies":[{"name":"wp","href":"https:\/\/api.w.org\/{rel}","templated":true}]}}