{"id":65,"date":"2024-04-10T16:17:41","date_gmt":"2024-04-10T13:17:41","guid":{"rendered":"https:\/\/sisu.ut.ee\/evidobjekt\/?page_id=65"},"modified":"2024-04-10T16:17:41","modified_gmt":"2024-04-10T13:17:41","slug":"enesetest","status":"publish","type":"page","link":"https:\/\/sisu.ut.ee\/evidobjekt\/enesetest\/","title":{"rendered":"Enesetest"},"content":{"rendered":"<div id=\"watupro_quiz\" class=\"quiz-area single-page-quiz\">\n<p id=\"submittingExam1\" style=\"display:none;text-align:center;\"><img loading=\"lazy\" decoding=\"async\" src=\"https:\/\/sisu.ut.ee\/wp-content\/plugins\/watupro\/img\/loading.gif\" width=\"16\" height=\"16\"><\/p>\n\n<div class=\"watupro-exam-description\" id=\"description-quiz-1\"><p><img loading=\"lazy\" decoding=\"async\" width=\"50\" height=\"50\" class=\"alignnone wp-image-25\" style=\"float: left;\" title=\"test.png\" src=\"https:\/\/multisite.ut.ee\/wp-content\/uploads\/sites\/65\/test.png\" alt=\"test.png\"><\/p>\n<p>J\u00e4rgnevalt on Sul v\u00f5imalik sisupaketi omandatust kontrollida. Enesetestis on k\u00fcsimused, millele selle sisupaketi edukalt l\u00e4binu peaks kindlasti oskama vastata. Kui Sa m\u00f5nele k\u00fcsimusele vastates eba\u00f5nnestud, siis pole midagi katki. \u00d5pi pisut veel ja proovi uuesti!<\/p>\n<p>Testis on 6 k\u00fcsimust ja iga \u00f5igesti vastatud k\u00fcsimus annab \u00fche punkti. Testi saad sooritada piiramatu arv kordi.<\/p>\n<\/div>\n\n<form action=\"\" method=\"post\" class=\"quiz-form\" id=\"quiz-1\" enctype=\"multipart\/form-data\">\n<div class=\"watu-question \" id=\"question-1\" style=\";\"><div id=\"questionWrap-1\" class=\"  watupro-required-3 watupro-question-id-3\">\n\t\t\t<div class=\"question-content\"><p>Kui eakohase arenguga laste puhul hinnatakse nende oskusi kogu \u00f5ppekavas eeldatu suhtes, siis sekkumist silmas pidades on erivajadustega laste hindamisel kasulik keskenduda <select name=\"gap_3_1\" class=\"watupro-gap answer answerof-3\"><option value=\"\"><\/option><option value=\"\u00fcldoskuste\">\u00fcldoskuste<\/option><option value=\"\u00fcldorienteerituse\">\u00fcldorienteerituse<\/option><option value=\"\u00f5ppe- ja kasvatustegevuste valdkondlike oskuste\">\u00f5ppe- ja kasvatustegevuste valdkondlike oskuste<\/option><option value=\"f\u00fc\u00fcsiliste oskuste\">f\u00fc\u00fcsiliste oskuste<\/option><\/select> taseme m\u00e4\u00e4ratlemisele.<\/p>\n<input type=\"hidden\" name=\"question_id[]\" id=\"qID_1\" value=\"3\" class=\"watupro-question-id\"><input type=\"hidden\" id=\"answerType3\" class=\"answerTypeCnt1\" value=\"gaps\"><input type=\"hidden\" id=\"watupro-required-question-3\"><!-- end question-content--><\/div><!-- end questionWrap--><\/div><\/div><div class=\"watu-question \" id=\"question-2\" style=\";\"><div id=\"questionWrap-2\" class=\"  watupro-required-2 watupro-question-id-2\">\n\t\t\t<div class=\"question-content\"><p>Mida noorem on laps, seda enam tuleb tunnetusprotsesside uurimisel keskenduda <select name=\"gap_2_1\" class=\"watupro-gap answer answerof-2\"><option value=\"\"><\/option><option value=\"m\u00f5tlemisoperatsioonide\">m\u00f5tlemisoperatsioonide<\/option><option value=\"m\u00e4lu protsesside\">m\u00e4lu protsesside<\/option><option value=\"taju omaduste\">taju omaduste<\/option><option value=\"emotsioonide\">emotsioonide<\/option><\/select> uurimisele.<\/p>\n<input type=\"hidden\" name=\"question_id[]\" id=\"qID_2\" value=\"2\" class=\"watupro-question-id\"><input type=\"hidden\" id=\"answerType2\" class=\"answerTypeCnt2\" value=\"gaps\"><input type=\"hidden\" id=\"watupro-required-question-2\"><!-- end question-content--><\/div><!-- end questionWrap--><\/div><\/div><div class=\"watu-question \" id=\"question-3\" style=\";\"><div id=\"questionWrap-3\" class=\"  watupro-required-4 watupro-question-id-4\">\n\t\t\t<div class=\"question-content\"><p>\u00d5petamise planeerimise seisukohast on oluline hindamisel mitte piirduda oskuste-teadmiste hetketaseme m\u00e4\u00e4ratlemisega, vaid teha kindlaks ka lapse <input type=\"text\" size=\"10\" name=\"gap_4_1\" class=\"watupro-gap answer answerof-4\" value=\"\">.<\/p>\n<input type=\"hidden\" name=\"question_id[]\" id=\"qID_3\" value=\"4\" class=\"watupro-question-id\"><input type=\"hidden\" id=\"answerType4\" class=\"answerTypeCnt3\" value=\"gaps\"><input type=\"hidden\" id=\"watupro-required-question-4\"><!-- end question-content--><\/div><!-- end questionWrap--><\/div><\/div><div class=\"watu-question \" id=\"question-4\" style=\";\"><div id=\"questionWrap-4\" class=\"  watupro-required-5 watupro-question-id-5\">\n\t\t\t<div class=\"question-content\"><p>Keskkonna kohta info kogumine on \u00f5igustatud ennek\u00f5ike <input type=\"text\" size=\"10\" name=\"gap_5_1\" class=\"watupro-gap answer answerof-5\" value=\"\"> laste hindamisel ning selle k\u00e4igus p\u00fc\u00fctakse j\u00f5uda selgusele, millised on lapse probleeme <input type=\"text\" size=\"10\" name=\"gap_5_2\" class=\"watupro-gap answer answerof-5\" value=\"\"> asjaolud ning millised<input type=\"text\" size=\"10\" name=\"gap_5_3\" class=\"watupro-gap answer answerof-5\" value=\"\"> keskkonnas on.<\/p>\n<input type=\"hidden\" name=\"question_id[]\" id=\"qID_4\" value=\"5\" class=\"watupro-question-id\"><input type=\"hidden\" id=\"answerType5\" class=\"answerTypeCnt4\" value=\"gaps\"><input type=\"hidden\" id=\"watupro-required-question-5\"><!-- end question-content--><\/div><!-- end questionWrap--><\/div><\/div><div class=\"watu-question \" id=\"question-5\" style=\";\"><div id=\"questionWrap-5\" class=\"  watupro-required-1 watupro-question-id-1\">\n\t\t\t<div class=\"question-content\"><div>Erivajadusi peab m\u00e4rkama v\u00f5imalikult vara. Probleemid k\u00f5ne arengus, esmastes eneseteenindusoskustes ja esemete funktsioonip\u00e4rases kasutamises viitavad potentsiaalsele arenguh\u00e4lbele vanuses<\/div><input type=\"hidden\" name=\"question_id[]\" id=\"qID_5\" value=\"1\" class=\"watupro-question-id\"><input type=\"hidden\" id=\"answerType1\" class=\"answerTypeCnt5\" value=\"checkbox\"><input type=\"hidden\" id=\"watupro-required-question-1\"><!-- end question-content--><\/div><div class=\"question-choices watupro-choices-columns \" id=\"questionChoices1\"><div class=\"watupro-question-choice  \" dir=\"auto\"><input type=\"checkbox\" name=\"answer-1[]\" id=\"answer-id-4\" class=\"answer   answerof-1 \" value=\"4\"><label for=\"answer-id-4\" id=\"answer-label-4\" class=\" answer\"><span><p>5-7 aastat<\/p><\/span><\/label><\/div><div class=\"watupro-question-choice  \" dir=\"auto\"><input type=\"checkbox\" name=\"answer-1[]\" id=\"answer-id-3\" class=\"answer   answerof-1 \" value=\"3\"><label for=\"answer-id-3\" id=\"answer-label-3\" class=\" answer\"><span><p>3-5 aastat<\/p><\/span><\/label><\/div><div class=\"watupro-question-choice  \" dir=\"auto\"><input type=\"checkbox\" name=\"answer-1[]\" id=\"answer-id-1\" class=\"answer   answerof-1 \" value=\"1\"><label for=\"answer-id-1\" id=\"answer-label-1\" class=\" answer\"><span><p>0-1 aastat<\/p><\/span><\/label><\/div><div class=\"watupro-question-choice  \" dir=\"auto\"><input type=\"checkbox\" name=\"answer-1[]\" id=\"answer-id-2\" class=\"answer   answerof-1 \" value=\"2\"><label for=\"answer-id-2\" id=\"answer-label-2\" class=\" answer\"><span><p>1-3 aastat<\/p><\/span><\/label><\/div><!-- end question-choices--><\/div><!-- end questionWrap--><\/div><\/div><div style=\"display:none\" id=\"question-6\">\n\t<div class=\"question-content\">\n\t\t<img loading=\"lazy\" decoding=\"async\" src=\"https:\/\/sisu.ut.ee\/wp-content\/plugins\/watupro\/img\/loading.gif\" width=\"16\" height=\"16\" alt=\"Loading...\" title=\"Loading...\">\u00a0Loading...\t<\/div>\n<\/div>\n\n<br>\n\t\n\t\t\t<div class=\"watupro_buttons flex \" id=\"watuPROButtons1\">\n\t\t  <div id=\"prev-question\" style=\"display:none;\"><input type=\"button\" value=\"&lt; Previous\" onclick=\"WatuPRO.nextQuestion(event, 'previous');\"><\/div>\t\t  \t\t  \t\t   \n\t\t   \t  \t\t<div><input type=\"button\" name=\"action\" class=\"watupro-submit-button\" onclick=\"WatuPRO.submitResult(event)\" id=\"action-button\" value=\"Vaata tulemust\">\n\t\t<\/div>\n\t\t<\/div>\n\t\t\n\t<input type=\"hidden\" name=\"quiz_id\" value=\"1\" id=\"watuPROExamID\">\n\t<input type=\"hidden\" name=\"start_time\" id=\"startTime\" value=\"2026-04-17 02:52:57\">\n\t<input type=\"hidden\" name=\"start_timestamp\" id=\"startTimeStamp\" value=\"1776394377\">\n\t<input type=\"hidden\" name=\"question_ids\" value=\"\">\n\t<input type=\"hidden\" name=\"watupro_questions\" value=\"3: | 2: | 4: | 5: | 1:4,3,1,2\">\n\t<input type=\"hidden\" name=\"no_ajax\" value=\"0\">\t\t\t<\/form>\n\t<p>\u00a0<\/p>\n<\/div>\n\n<script type=\"text\/javascript\">\n\/\/jQuery(document).ready(function(){\ndocument.addEventListener(\"DOMContentLoaded\", function(event) { \t\nvar question_ids = \"3,2,4,5,1\";\nWatuPROSettings[1] = {};\nWatuPRO.qArr = question_ids.split(',');\nWatuPRO.exam_id = 1;\t    \nWatuPRO.post_id = 65;\nWatuPRO.store_progress = 0;\nWatuPRO.curCatPage = 1;\nWatuPRO.requiredIDs=\"0,3,2,4,5,1\".split(\",\");\nWatuPRO.hAppID = \"0.32564400 1776383577\";\nvar url = \"https:\/\/sisu.ut.ee\/wp-content\/plugins\/watupro\/show_exam.php\";\nWatuPRO.examMode = 1;\nWatuPRO.siteURL=\"https:\/\/sisu.ut.ee\/evidobjekt\/wp-admin\/admin-ajax.php\";\nWatuPRO.emailIsNotRequired = 0;\nWatuPRO.perDecade = 10;\nWatuPROIntel.init(1);\nWatuPRO.inCategoryPages=1;});    \t \n<\/script>\n\n","protected":false},"excerpt":{"rendered":"","protected":false},"author":297,"featured_media":0,"parent":0,"menu_order":0,"comment_status":"closed","ping_status":"closed","template":"","meta":{"_acf_changed":false,"inline_featured_image":false,"footnotes":""},"class_list":["post-65","page","type-page","status-publish","hentry"],"acf":[],"_links":{"self":[{"href":"https:\/\/sisu.ut.ee\/evidobjekt\/wp-json\/wp\/v2\/pages\/65","targetHints":{"allow":["GET"]}}],"collection":[{"href":"https:\/\/sisu.ut.ee\/evidobjekt\/wp-json\/wp\/v2\/pages"}],"about":[{"href":"https:\/\/sisu.ut.ee\/evidobjekt\/wp-json\/wp\/v2\/types\/page"}],"author":[{"embeddable":true,"href":"https:\/\/sisu.ut.ee\/evidobjekt\/wp-json\/wp\/v2\/users\/297"}],"replies":[{"embeddable":true,"href":"https:\/\/sisu.ut.ee\/evidobjekt\/wp-json\/wp\/v2\/comments?post=65"}],"version-history":[{"count":1,"href":"https:\/\/sisu.ut.ee\/evidobjekt\/wp-json\/wp\/v2\/pages\/65\/revisions"}],"predecessor-version":[{"id":66,"href":"https:\/\/sisu.ut.ee\/evidobjekt\/wp-json\/wp\/v2\/pages\/65\/revisions\/66"}],"wp:attachment":[{"href":"https:\/\/sisu.ut.ee\/evidobjekt\/wp-json\/wp\/v2\/media?parent=65"}],"curies":[{"name":"wp","href":"https:\/\/api.w.org\/{rel}","templated":true}]}}