{"id":5,"date":"2024-04-03T23:15:56","date_gmt":"2024-04-03T20:15:56","guid":{"rendered":"https:\/\/sisu.ut.ee\/evidobjekt\/omandatud-oskused\/"},"modified":"2024-04-17T10:09:40","modified_gmt":"2024-04-17T07:09:40","slug":"omandatud-oskused","status":"publish","type":"page","link":"https:\/\/sisu.ut.ee\/evidobjekt\/omandatud-oskused\/","title":{"rendered":"Omandatud oskused-teadmised"},"content":{"rendered":"<p>Omandatud oskustena k\u00e4sitletakse neid tegevusi, mida laps juba iseseisvalt sooritab. Vastavalt on ka omandatud teadmised need, mida laps iseseisvalt valdab ja oskab ka kasutada. Nende uurimiseks on tarvis tekitada olukord, kus laps peab \u00fcht v\u00f5i teist tegevust sooritama ning kui ta saab sellega iseseisvalt hakkama, siis v\u00f5ibki j\u00e4reldada, et vastav oskus ning selleks vajalikud teadmised on omandatud.<\/p>\n<p>Eakohase arenguga laste hindamisel saab piirduda omandatud oskuste-teadmiste hindamisega.<\/p>\n<div id=\"accordion\" class=\"accordion\">\n<p><\/p><div class=\"accordion mb-3\">\n        <div class=\"accordion-item accordion-item--white\">\n        <h2 class=\"accordion-header\" id=\"accordion-69e23ad3e6364-heading\">\n            <button class=\"accordion-button collapsed\" type=\"button\" data-bs-toggle=\"collapse\" data-bs-target=\"#accordion-69e23ad3e6364-collapse\" aria-expanded=\"true\" aria-controls=\"accordion-69e23ad3e6364-collapse\">Mida arvad Sina? Miks eakohase arenguga laste hindamisel ei ole tingimata vaja omandatud oskustest kaugemale minna?<\/button>\n        <\/h2>\n        <div id=\"accordion-69e23ad3e6364-collapse\" class=\"accordion-collapse collapse\" aria-labelledby=\"accordion-69e23ad3e6364-heading\">\n            <div class=\"accordion-body\">Kui omandatud oskuste p\u00f5hjal saab j\u00e4reldada, et lapse areng on eakohane, siis edasise arendamise otsustamisel saab edasi minna puhtalt \u00f5ppekava j\u00e4rgi. Sest \u00f5ppekavas kajastub eakohase arenguga laste oskuste omandamise j\u00e4rjekord ja viisid. Siiski, v\u00f5imete vastu v\u00f5iks ka huvi tunda, sest igat last tuleb arendada just tema individuaalsusest l\u00e4htuvalt.<\/div>\n        <\/div>\n        <\/div>\n    <\/div>\n<\/div>\n","protected":false},"excerpt":{"rendered":"<p>Omandatud oskustena k\u00e4sitletakse neid tegevusi, mida laps juba iseseisvalt sooritab. Vastavalt on ka omandatud teadmised need, mida laps iseseisvalt valdab ja oskab ka kasutada. Nende uurimiseks on tarvis tekitada olukord, kus laps peab \u00fcht v\u00f5i teist tegevust sooritama ning kui &#8230;<\/p>\n","protected":false},"author":3,"featured_media":0,"parent":0,"menu_order":0,"comment_status":"closed","ping_status":"closed","template":"","meta":{"_acf_changed":false,"inline_featured_image":false,"footnotes":""},"class_list":["post-5","page","type-page","status-publish","hentry"],"acf":[],"_links":{"self":[{"href":"https:\/\/sisu.ut.ee\/evidobjekt\/wp-json\/wp\/v2\/pages\/5","targetHints":{"allow":["GET"]}}],"collection":[{"href":"https:\/\/sisu.ut.ee\/evidobjekt\/wp-json\/wp\/v2\/pages"}],"about":[{"href":"https:\/\/sisu.ut.ee\/evidobjekt\/wp-json\/wp\/v2\/types\/page"}],"author":[{"embeddable":true,"href":"https:\/\/sisu.ut.ee\/evidobjekt\/wp-json\/wp\/v2\/users\/3"}],"replies":[{"embeddable":true,"href":"https:\/\/sisu.ut.ee\/evidobjekt\/wp-json\/wp\/v2\/comments?post=5"}],"version-history":[{"count":3,"href":"https:\/\/sisu.ut.ee\/evidobjekt\/wp-json\/wp\/v2\/pages\/5\/revisions"}],"predecessor-version":[{"id":76,"href":"https:\/\/sisu.ut.ee\/evidobjekt\/wp-json\/wp\/v2\/pages\/5\/revisions\/76"}],"wp:attachment":[{"href":"https:\/\/sisu.ut.ee\/evidobjekt\/wp-json\/wp\/v2\/media?parent=5"}],"curies":[{"name":"wp","href":"https:\/\/api.w.org\/{rel}","templated":true}]}}