{"id":3,"date":"2024-04-03T23:15:56","date_gmt":"2024-04-03T20:15:56","guid":{"rendered":"https:\/\/sisu.ut.ee\/evidobjekt\/avaleht\/"},"modified":"2024-04-10T16:09:14","modified_gmt":"2024-04-10T13:09:14","slug":"avaleht","status":"publish","type":"page","link":"https:\/\/sisu.ut.ee\/evidobjekt\/","title":{"rendered":"Avaleht"},"content":{"rendered":"<p style=\"text-align: center\"><span style=\"font-size: small;color: #008000\">Autor: Kaili Palts (<em>MSc\u00a0<\/em>),\u00a0<\/span><br><span style=\"font-size: small;color: #008000\">Tartu \u00dclikooli eripedagoogika osakond <br>2013<\/span><\/p>\n<p><span style=\"font-size: small\">Sisupakett on m\u00f5eldud \u00f5petajakoolituse \u00fcli\u00f5pilastele,\u00a0<strong>toetamaks erivajaduste identifitseerimise kursuse l\u00e4bimist<\/strong>.\u00a0\u00d5ppijal peavad \u00a0olema eelteadmised tunnetusps\u00fchholoogiast, arengups\u00fchholoogiast ja erivajaduste ps\u00fchholoogiast. Sisupaketi l\u00e4bimine v\u00f5tab aega umbes 5 tundi.<\/span><\/p>\n<p><span style=\"font-size: small\"><strong>Sisupaketi eesm\u00e4rgiks<\/strong>\u00a0on anda ettekujutus sellest, millist infot ja miks just seda on otstarbekas koguda erivajaduste identifitseerimise k\u00e4igus. \u00a0Samuti antakse<span style=\"background-color: #ffffff\"> l\u00e4htekohad, <\/span>mille p\u00f5hjal otsustada, kas areng on eakohane v\u00f5i viitab miski k\u00f5rvalekalletele. Seda k\u00f5ike tehakse tulevaste \u00f5petajate ja eripedagoogide vajadustest l\u00e4htuvalt.<\/span><\/p>\n<h2>\u00d5pijuhised<\/h2>\n<p>Sisupakett on \u00fcles ehitatud tekstina, mis jaguneb peat\u00fckkideks ja alapeat\u00fckkideks. Teksti sisse on pikitud k\u00fcsimused, mis aitavad aktiveerida \u00f5ppija varasemaid teadmisi ning ergutavad arutlema. Need on esitatud tekstikastikestes, kusjuures ilma pildita kastikestes olevad \u00fclesanded sisaldavad \u00f5ppej\u00f5u kommentaari. P\u00fc\u00fca vastata enne k\u00fcsimusele ja alles siis ava kommentaar, kl\u00f5psates kastikeses oleva k\u00fcsimuse tekstil. Sisupakett l\u00f5peb enesetestiga, mis v\u00f5imaldab kontrollida oma teadmisi. Kasuta seda v\u00f5imalust kindlasti!<\/p>\n<p><span style=\"font-size: small\">Sisupaketi tulemuslikult l\u00e4binud \u00f5ppija:\u00a0<\/span><\/p>\n<ol>\n<li><span style=\"font-size: small;line-height: 1.6em\">teab, mis loogika j\u00e4rgi seada hindamise fookust ehk otsustada, mida uurida ja mida mitte;<\/span><\/li>\n<li><span style=\"font-size: small;line-height: 1.6em\">on kursis hindamisega arenguvaldkondade kaupa;<\/span><\/li>\n<li><span style=\"font-size: small;line-height: 1.6em\">on kursis hindamisega kehtivate \u00f5ppekavade j\u00e4rgi;<\/span><\/li>\n<li><span style=\"font-size: small;line-height: 1.6em\">mis viitab potentsiaalsele arenguh\u00e4lbele lastel vanuses 0-3 aastat;<\/span><\/li>\n<li><span style=\"font-size: small;line-height: 1.6em\">mis viitab potentsiaalsele arenguh\u00e4lbele lastel vanuses 3-7 aastat;<\/span><\/li>\n<li><span style=\"font-size: small;line-height: 1.6em\">mis viitab potentsiaalsele arenguh\u00e4lbele lastel vanuses 7-12\/14 aastat.<\/span><\/li>\n<\/ol>\n<p style=\"text-align: right\"><img loading=\"lazy\" decoding=\"async\" width=\"213\" height=\"119\" class=\"alignnone wp-image-17\" src=\"https:\/\/sisu.ut.ee\/wp-content\/uploads\/sites\/65\/esf213.gif\" title=\"esf213.gif\" alt=\"esf213.gif\"><\/p>\n","protected":false},"excerpt":{"rendered":"<p>Autor: Kaili Palts (MSc\u00a0),\u00a0Tartu \u00dclikooli eripedagoogika osakond 2013 Sisupakett on m\u00f5eldud \u00f5petajakoolituse \u00fcli\u00f5pilastele,\u00a0toetamaks erivajaduste identifitseerimise kursuse l\u00e4bimist.\u00a0\u00d5ppijal peavad \u00a0olema eelteadmised tunnetusps\u00fchholoogiast, arengups\u00fchholoogiast ja erivajaduste ps\u00fchholoogiast. Sisupaketi l\u00e4bimine v\u00f5tab aega umbes 5 tundi. Sisupaketi eesm\u00e4rgiks\u00a0on anda ettekujutus sellest, millist infot ja &#8230;<\/p>\n","protected":false},"author":3,"featured_media":0,"parent":0,"menu_order":0,"comment_status":"closed","ping_status":"closed","template":"","meta":{"_acf_changed":false,"inline_featured_image":false,"footnotes":""},"class_list":["post-3","page","type-page","status-publish","hentry"],"acf":[],"_links":{"self":[{"href":"https:\/\/sisu.ut.ee\/evidobjekt\/wp-json\/wp\/v2\/pages\/3","targetHints":{"allow":["GET"]}}],"collection":[{"href":"https:\/\/sisu.ut.ee\/evidobjekt\/wp-json\/wp\/v2\/pages"}],"about":[{"href":"https:\/\/sisu.ut.ee\/evidobjekt\/wp-json\/wp\/v2\/types\/page"}],"author":[{"embeddable":true,"href":"https:\/\/sisu.ut.ee\/evidobjekt\/wp-json\/wp\/v2\/users\/3"}],"replies":[{"embeddable":true,"href":"https:\/\/sisu.ut.ee\/evidobjekt\/wp-json\/wp\/v2\/comments?post=3"}],"version-history":[{"count":2,"href":"https:\/\/sisu.ut.ee\/evidobjekt\/wp-json\/wp\/v2\/pages\/3\/revisions"}],"predecessor-version":[{"id":62,"href":"https:\/\/sisu.ut.ee\/evidobjekt\/wp-json\/wp\/v2\/pages\/3\/revisions\/62"}],"wp:attachment":[{"href":"https:\/\/sisu.ut.ee\/evidobjekt\/wp-json\/wp\/v2\/media?parent=3"}],"curies":[{"name":"wp","href":"https:\/\/api.w.org\/{rel}","templated":true}]}}