{"id":16,"date":"2024-04-03T23:15:56","date_gmt":"2024-04-03T20:15:56","guid":{"rendered":"https:\/\/sisu.ut.ee\/evidobjekt\/kirjandus\/"},"modified":"2024-04-17T10:49:14","modified_gmt":"2024-04-17T07:49:14","slug":"kirjandus","status":"publish","type":"page","link":"https:\/\/sisu.ut.ee\/evidobjekt\/kirjandus\/","title":{"rendered":"Kirjandus"},"content":{"rendered":"<h2>Kasutatud kirjandus:<\/h2>\n<ul>\n<li><span style=\"line-height: 1.6em\">Bachmann, T, Maruste, R. (2010) <\/span><em style=\"line-height: 1.6em\">Ps\u00fchholoogia alused<\/em><span style=\"line-height: 1.6em\">.\u00a0<\/span><\/li>\n<li><span style=\"line-height: 1.6em\">Vygotsky, L.S. (1993). \u00a0Interaction between learning and development. <em>Readings on the Development of Children.<\/em> (Eds Gauvain, M. &amp; Cole M.) NY: Scientific American Books<\/span><\/li>\n<li><span style=\"line-height: 1.6em\"><span>Palts, K.,\u00a0<\/span><span>H\u00e4idkind, P. (2013). Lapse arengu hindamine.\u00a0<\/span><em>Lapse arengu hindamise ja toetamise juhendmaterjal koolieelsetele lasteasutustele. \u00a0<\/em><a href=\"http:\/\/www.hm.ee\/index.php?0512221\" target=\"_blank\" rel=\"noopener\">http:\/\/www.hm.ee\/index.php?0512221<\/a><span>\u00a0 <\/span><\/span><\/li>\n<li><span style=\"line-height: 1.6em\"><span>Koolieelsa lasteasutuse riiklik \u00f5ppekava.\u00a0<\/span><\/span>Vabariigi valitsuse m\u00e4\u00e4rus<\/li>\n<li><span style=\"line-height: 1.6em\"><span>P\u00f5hikooli riiklik \u00f5ppekava. Vabariigi valitsuse m\u00e4\u00e4rus<\/span><\/span><\/li>\n<\/ul>\n<h2>Soovitatav kirjandus:\u00a0<\/h2>\n<ul>\n<li><span style=\"line-height: 1.6em\">Kikas, E., toim. (2008). <em>\u00d5ppimine ja \u00f5petamine koolieelses eas.<\/em>\u00a0<\/span><\/li>\n<li><span style=\"line-height: 1.6em\">Kikas, E., toim. <em>\u00d5ppimine ja \u00f5petamine esimeses ja teises kooliastmes. <\/em><\/span><a style=\"line-height: 1.6em\" href=\"http:\/\/eduko.archimedes.ee\/files\/EDUKOraamatkaanega.pdf\" target=\"_blank\" rel=\"noopener\">http:\/\/eduko.archimedes.ee\/files\/EDUKOraamatkaanega.pd<\/a>f\u00a0<\/li>\n<li><span>Palts, K.,\u00a0<\/span><span>H\u00e4idkind, P. (2013). Lapse arengu hindamine.\u00a0<\/span><em>Lapse arengu hindamise ja toetamise juhendmaterjal koolieelsetele lasteasutustele. <\/em>Lk. 8-13.<em> \u00a0<\/em>http:\/\/www.hm.ee\/sites\/default\/files\/juhendmaterjal_alusharidus.pdf\u00a0<span>\u00a0<\/span><\/li>\n<\/ul>\n<div>K\u00e4esoleva sisupaketiga haakuvad temaatiliselt j\u00e4rgmised sisupaketid:<\/div>\n<ol>\n<li>\u00dclevaade erivajaduste identifitseerimise olemusest ja ajaloost.\u00a0<a href=\"http:\/\/sisu.ut.ee\/evidolemus\" target=\"_blank\" rel=\"noopener\">http:\/\/sisu.ut.ee\/evidolemus<\/a><\/li>\n<li>Laste arengutaseme hindamise t\u00fc\u00fcbid ja meetodid ning \u00f5petajate p\u00e4devus laste hindamisel.\u00a0<a href=\"http:\/\/sisu.ut.ee\/evidmeetod\" target=\"_blank\" rel=\"noopener\">http:\/\/sisu.ut.ee\/evidmeetod<\/a><\/li>\n<li>Laste uurimise spetsiifika ja erivajadustega laste uurimine.\u00a0<a href=\"http:\/\/sisu.ut.ee\/evidlapsed\" target=\"_blank\" rel=\"noopener\">http:\/\/sisu.ut.ee\/evidlapsed<\/a><\/li>\n<li>Hindamise ja n\u00f5ustamise korraldus Eestis.\u00a0<a href=\"http:\/\/sisu.ut.ee\/evidkorraldus\" target=\"_blank\" rel=\"noopener\">http:\/\/sisu.ut.ee\/evidkorraldus<\/a><\/li>\n<li>Laste \u00f5petamise ja kasvatamise diferentseerimine erivajaduste identifitseerimise v\u00e4ljundina.\u00a0<a href=\"http:\/\/sisu.ut.ee\/eviddiferents\" target=\"_blank\" rel=\"noopener\">http:\/\/sisu.ut.ee\/eviddiferents<\/a><\/li>\n<\/ol>\n<p><a href=\"http:\/\/www.hm.ee\/index.php?0512221\"><\/a><br><span style=\"line-height: 1.6em\">\u00a0\u00a0<\/span><\/p>\n","protected":false},"excerpt":{"rendered":"<p>Kasutatud kirjandus: Bachmann, T, Maruste, R. (2010) Ps\u00fchholoogia alused.\u00a0 Vygotsky, L.S. (1993). \u00a0Interaction between learning and development. Readings on the Development of Children. (Eds Gauvain, M. &amp; Cole M.) NY: Scientific American Books Palts, K.,\u00a0H\u00e4idkind, P. (2013). Lapse arengu hindamine.\u00a0Lapse &#8230;<\/p>\n","protected":false},"author":3,"featured_media":0,"parent":0,"menu_order":0,"comment_status":"closed","ping_status":"closed","template":"","meta":{"_acf_changed":false,"inline_featured_image":false,"footnotes":""},"class_list":["post-16","page","type-page","status-publish","hentry"],"acf":[],"_links":{"self":[{"href":"https:\/\/sisu.ut.ee\/evidobjekt\/wp-json\/wp\/v2\/pages\/16","targetHints":{"allow":["GET"]}}],"collection":[{"href":"https:\/\/sisu.ut.ee\/evidobjekt\/wp-json\/wp\/v2\/pages"}],"about":[{"href":"https:\/\/sisu.ut.ee\/evidobjekt\/wp-json\/wp\/v2\/types\/page"}],"author":[{"embeddable":true,"href":"https:\/\/sisu.ut.ee\/evidobjekt\/wp-json\/wp\/v2\/users\/3"}],"replies":[{"embeddable":true,"href":"https:\/\/sisu.ut.ee\/evidobjekt\/wp-json\/wp\/v2\/comments?post=16"}],"version-history":[{"count":2,"href":"https:\/\/sisu.ut.ee\/evidobjekt\/wp-json\/wp\/v2\/pages\/16\/revisions"}],"predecessor-version":[{"id":115,"href":"https:\/\/sisu.ut.ee\/evidobjekt\/wp-json\/wp\/v2\/pages\/16\/revisions\/115"}],"wp:attachment":[{"href":"https:\/\/sisu.ut.ee\/evidobjekt\/wp-json\/wp\/v2\/media?parent=16"}],"curies":[{"name":"wp","href":"https:\/\/api.w.org\/{rel}","templated":true}]}}