{"id":10,"date":"2024-04-03T23:15:56","date_gmt":"2024-04-03T20:15:56","guid":{"rendered":"https:\/\/sisu.ut.ee\/evidobjekt\/koolis\/"},"modified":"2024-04-17T10:25:00","modified_gmt":"2024-04-17T07:25:00","slug":"koolis","status":"publish","type":"page","link":"https:\/\/sisu.ut.ee\/evidobjekt\/koolis\/","title":{"rendered":"Koolis"},"content":{"rendered":"<p>J\u00e4rgnevas tabelis on kokku pandud eri allikates toodud info arenguvaldkondade jaotamise kohta kooliealiste laste puhul.<\/p>\n<p><img loading=\"lazy\" decoding=\"async\" width=\"680\" height=\"425\" class=\"alignnone wp-image-20\" style=\"margin-left: auto; margin-right: auto;\" title=\"Valdkonnad koolis\" src=\"https:\/\/sisu.ut.ee\/wp-content\/uploads\/sites\/65\/koolis.png\" alt=\"Valdkonnad koolis\" srcset=\"https:\/\/sisu.ut.ee\/wp-content\/uploads\/sites\/65\/koolis.png 680w, https:\/\/sisu.ut.ee\/wp-content\/uploads\/sites\/65\/koolis-300x188.png 300w\" sizes=\"auto, (max-width: 680px) 100vw, 680px\"><\/p>\n<div id=\"accordion\" class=\"accordion\"><div class=\"accordion mb-3\">\n        <div class=\"accordion-item accordion-item--white\">\n        <h2 class=\"accordion-header\" id=\"accordion-69e172c905426-heading\">\n            <button class=\"accordion-button collapsed\" type=\"button\" data-bs-toggle=\"collapse\" data-bs-target=\"#accordion-69e172c905426-collapse\" aria-expanded=\"true\" aria-controls=\"accordion-69e172c905426-collapse\">M\u00f5tle! Mida t\u00e4hendab p\u00e4devus?<\/button>\n        <\/h2>\n        <div id=\"accordion-69e172c905426-collapse\" class=\"accordion-collapse collapse\" aria-labelledby=\"accordion-69e172c905426-heading\">\n            <div class=\"accordion-body\"> <span style=\"font-weight: var(--bs-body-font-weight); text-align: var(--bs-body-text-align);\">Riikliku \u00f5ppekava j\u00e4rgi on p\u00e4devus asjakohaste teadmiste, oskuste ja hoiakute kogum, mis tagab suutlikkuse teatud tegevusalal v\u00f5i \u2013valdkonnas tulemuslikult toimida. Seega moodustub p\u00e4devus mingis eluvaldkonnas kindlatest oskustest ja teadmistest (neist on seni siin \u00f5piobjektis r\u00e4\u00e4gitud), millele lisanduvad veel ka hoiakud.<\/span><\/div>\n        <\/div>\n        <\/div>\n    <\/div><\/div>\n<p>P\u00f5hikooli riiklikus \u00f5ppekavas on lahti kirjutatud, mida erinevad p\u00e4devused sisaldavad. Tutvu nendega siin:\u00a0<a href=\"https:\/\/www.riigiteataja.ee\/akt\/128082013007\" target=\"_blank\" rel=\"noopener\">https:\/\/www.riigiteataja.ee\/akt\/128082013007<\/a>\u00a0\u00dchtlasi pane t\u00e4hele, et tabelis toodud riikliku \u00f5ppekava p\u00e4devused jagunevad \u00fcldp\u00e4devusteks (esimesed seitse) ja ainevaldkondade p\u00e4devusteks (alumised kaheksa).<\/p>\n<p>Lisaks p\u00f5hikooli riiklikule \u00f5ppekavale ja E.Kikase toimetatud raamatule on siin tabelis eraldi veerg neist oskuste r\u00fchmadest, mida on oluline hinnata lastel, kes on \u00f5ppet\u00f6\u00f6s h\u00e4tta j\u00e4\u00e4nud. See veerg ei kattu riikliku \u00f5ppekava veeruga. Siit v\u00f5ib v\u00e4lja lugeda, et erivajaduste kahtlusega lastel ei pea hindama k\u00f5iki oskuste r\u00fchmi, mis riiklikus \u00f5ppekavas sisalduvad.<\/p>\n<div id=\"accordion\" class=\"accordion\"><div class=\"accordion mb-3\">\n        <div class=\"accordion-item accordion-item--white\">\n        <h2 class=\"accordion-header\" id=\"accordion-69e172c905440-heading\">\n            <button class=\"accordion-button collapsed\" type=\"button\" data-bs-toggle=\"collapse\" data-bs-target=\"#accordion-69e172c905440-collapse\" aria-expanded=\"true\" aria-controls=\"accordion-69e172c905440-collapse\">M\u00f5tle! Miks kooliealistel erivajaduse kahtlusega lastel ei ole vaja hinnata k\u00f5iki \u00f5ppekavas toodud oskuste r\u00fchmi?<\/button>\n        <\/h2>\n        <div id=\"accordion-69e172c905440-collapse\" class=\"accordion-collapse collapse\" aria-labelledby=\"accordion-69e172c905440-heading\">\n            <div class=\"accordion-body\"> <span style=\"font-weight: var(--bs-body-font-weight); text-align: var(--bs-body-text-align);\">Mida vanemaks lapsed saavad, seda enam neil on erinevaid oskusi-teadmisi ning seda enam erinevaid r\u00fchmi saab neist tekitada. Riiklikus \u00f5ppekavas on kokku 15 r\u00fchma oskusi, mida \u00f5pilastel koolis kujundatakse, kuid erivajaduste kahtluse korral ei ole tarvis k\u00f5iki neid hinnata. Seda v\u00e4hemalt kahel p\u00f5hjusel: a) spetsiifilisemad oskused-teadmised arenevad \u00fcldisemate baasil ja arvestades piiratud ajalimiiti, mida hindamiseks saab kulutada, on otstarbekas hinnata just neid oskusi, mis on mitmete erinevate oskuste kujunemise aluseks. Nii on m\u00f5istlik hinnata tunnetustegevuse ja \u00f5pioskuste taset, mille baasil arenevad k\u00f5ik ainealased teadmised ja oskused. Samas pole vajadust hinnata eraldi k\u00f5igi ainete omandatuse taset. Erandiks on siin matemaatika ja emakeel (suuline ja kirjalik k\u00f5ne), sest need on nn alusained, milles omandatud oskusteta teistes ainetes hakkama ei saa.<\/span><\/div>\n        <\/div>\n        <\/div>\n    <\/div><\/div>\n<p><span style=\"font-size: small;\">\u00a0<\/span><\/p>\n","protected":false},"excerpt":{"rendered":"<p>J\u00e4rgnevas tabelis on kokku pandud eri allikates toodud info arenguvaldkondade jaotamise kohta kooliealiste laste puhul. M\u00f5tle! Mida t\u00e4hendab p\u00e4devus? Riikliku \u00f5ppekava j\u00e4rgi on p\u00e4devus asjakohaste teadmiste, oskuste ja hoiakute kogum, mis tagab suutlikkuse teatud tegevusalal v\u00f5i \u2013valdkonnas tulemuslikult toimida. Seega &#8230;<\/p>\n","protected":false},"author":3,"featured_media":0,"parent":0,"menu_order":0,"comment_status":"closed","ping_status":"closed","template":"","meta":{"_acf_changed":false,"inline_featured_image":false,"footnotes":""},"class_list":["post-10","page","type-page","status-publish","hentry"],"acf":[],"_links":{"self":[{"href":"https:\/\/sisu.ut.ee\/evidobjekt\/wp-json\/wp\/v2\/pages\/10","targetHints":{"allow":["GET"]}}],"collection":[{"href":"https:\/\/sisu.ut.ee\/evidobjekt\/wp-json\/wp\/v2\/pages"}],"about":[{"href":"https:\/\/sisu.ut.ee\/evidobjekt\/wp-json\/wp\/v2\/types\/page"}],"author":[{"embeddable":true,"href":"https:\/\/sisu.ut.ee\/evidobjekt\/wp-json\/wp\/v2\/users\/3"}],"replies":[{"embeddable":true,"href":"https:\/\/sisu.ut.ee\/evidobjekt\/wp-json\/wp\/v2\/comments?post=10"}],"version-history":[{"count":3,"href":"https:\/\/sisu.ut.ee\/evidobjekt\/wp-json\/wp\/v2\/pages\/10\/revisions"}],"predecessor-version":[{"id":92,"href":"https:\/\/sisu.ut.ee\/evidobjekt\/wp-json\/wp\/v2\/pages\/10\/revisions\/92"}],"wp:attachment":[{"href":"https:\/\/sisu.ut.ee\/evidobjekt\/wp-json\/wp\/v2\/media?parent=10"}],"curies":[{"name":"wp","href":"https:\/\/api.w.org\/{rel}","templated":true}]}}