{"id":42,"date":"2024-04-16T12:27:15","date_gmt":"2024-04-16T09:27:15","guid":{"rendered":"https:\/\/sisu.ut.ee\/evidmeetod\/enesetest\/"},"modified":"2024-04-16T12:27:15","modified_gmt":"2024-04-16T09:27:15","slug":"enesetest","status":"publish","type":"page","link":"https:\/\/sisu.ut.ee\/evidmeetod\/enesetest\/","title":{"rendered":"Enesetest"},"content":{"rendered":"<div id=\"watupro_quiz\" class=\"quiz-area single-page-quiz\">\n<p id=\"submittingExam1\" style=\"display:none;text-align:center;\"><img loading=\"lazy\" decoding=\"async\" src=\"https:\/\/sisu.ut.ee\/wp-content\/plugins\/watupro\/img\/loading.gif\" width=\"16\" height=\"16\"><\/p>\n\n<div class=\"watupro-exam-description\" id=\"description-quiz-1\"><p><span style=\"font-size: small;\"><img loading=\"lazy\" decoding=\"async\" width=\"50\" height=\"50\" class=\"alignnone wp-image-15\" style=\"float: left;\" title=\"test.png\" src=\"https:\/\/multisite.ut.ee\/wp-content\/uploads\/sites\/66\/test.png\" alt=\"test.png\">J\u00e4rgnevalt on Sul v\u00f5imalik sisupaketi omandatust kontrollida. Enesetestis on k\u00fcsimused, millele selle sisupaketi edukalt l\u00e4binu peaks kindlasti oskama vastata. Kui Sa m\u00f5nele k\u00fcsimusele vastates eba\u00f5nnestud, siis pole midagi katki. \u00d5pi pisut veel ja proovi uuesti!<\/span><\/p>\n<p><span style=\"font-size: small;\">Testis on 6 k\u00fcsimust ja iga \u00f5igesti vastatud k\u00fcsimus annab \u00fche punkti. Testi saad sooritada piiramatu arv kordi.<\/span><\/p>\n<\/div>\n\n<form action=\"\" method=\"post\" class=\"quiz-form\" id=\"quiz-1\" enctype=\"multipart\/form-data\">\n<div class=\"watu-question \" id=\"question-1\" style=\";\"><div id=\"questionWrap-1\" class=\"  watupro-required-3 watupro-question-id-3\">\n\t\t\t<div class=\"question-content\"><p>Lapse ja konkreetse keskkonna interaktsiooni kohta info kogumiseks on k\u00f5ige otstarbekam hindamismeetod\u00a0<input type=\"text\" size=\"10\" name=\"gap_3_1\" class=\"watupro-gap answer answerof-3\" value=\"\">.<\/p>\n<input type=\"hidden\" name=\"question_id[]\" id=\"qID_1\" value=\"3\" class=\"watupro-question-id\"><input type=\"hidden\" id=\"answerType3\" class=\"answerTypeCnt1\" value=\"gaps\"><input type=\"hidden\" id=\"watupro-required-question-3\"><!-- end question-content--><\/div><!-- end questionWrap--><\/div><\/div><div class=\"watu-question \" id=\"question-2\" style=\";\"><div id=\"questionWrap-2\" class=\"  watupro-required-5 watupro-question-id-5\">\n\t\t\t<div class=\"question-content\"><p>Mis t\u00fc\u00fcpi hindamisega (J.Sattleri j\u00e4rgi) on tegemist juhul|kui viiakse l\u00e4bi lapse tugevuste ja n\u00f5rkuste hindamine erinevates valdkondades ning selle tulemusel saadakse k\u00e4tte lapse oskuste-v\u00f5imete profiil? \u00a0<em>Vastuseks on \u00fcks s\u00f5na|vastab k\u00fcsimusele Milline?<\/em>\u00a0<input type=\"text\" size=\"10\" name=\"gap_5_1\" class=\"watupro-gap answer answerof-5\" value=\"\"><\/p>\n<input type=\"hidden\" name=\"question_id[]\" id=\"qID_2\" value=\"5\" class=\"watupro-question-id\"><input type=\"hidden\" id=\"answerType5\" class=\"answerTypeCnt2\" value=\"gaps\"><input type=\"hidden\" id=\"watupro-required-question-5\"><!-- end question-content--><\/div><!-- end questionWrap--><\/div><\/div><div class=\"watu-question \" id=\"question-3\" style=\";\"><div id=\"questionWrap-3\" class=\"  watupro-required-4 watupro-question-id-4\">\n\t\t\t<div class=\"question-content\"><p>Kasutades hindamisel kusitlusmeetodit|peab arvestama|et sel viisil saame infot k\u00fcsitletava <select name=\"gap_4_1\" class=\"watupro-gap answer answerof-4\"><option value=\"\"><\/option><option value=\"arvamuste\">arvamuste<\/option><option value=\"t\u00e4helepanu\">t\u00e4helepanu<\/option><option value=\"v\u00f5imete\">v\u00f5imete<\/option><option value=\"oskuste\">oskuste<\/option><\/select> kohta|mitte tingimata objektiivse tegelikkuse kohta.<\/p>\n<input type=\"hidden\" name=\"question_id[]\" id=\"qID_3\" value=\"4\" class=\"watupro-question-id\"><input type=\"hidden\" id=\"answerType4\" class=\"answerTypeCnt3\" value=\"gaps\"><input type=\"hidden\" id=\"watupro-required-question-4\"><!-- end question-content--><\/div><!-- end questionWrap--><\/div><\/div><div class=\"watu-question \" id=\"question-4\" style=\";\"><div id=\"questionWrap-4\" class=\"  watupro-required-1 watupro-question-id-1\">\n\t\t\t<div class=\"question-content\"><div>K\u00f5ige v\u00e4hem ressursimahukas ja suhteliselt robustne uuring on\u00a0 J.M.Sattleri hindamise t\u00fc\u00fcpide k\u00e4sitluse j\u00e4rgi<\/div><input type=\"hidden\" name=\"question_id[]\" id=\"qID_4\" value=\"1\" class=\"watupro-question-id\"><input type=\"hidden\" id=\"answerType1\" class=\"answerTypeCnt4\" value=\"checkbox\"><input type=\"hidden\" id=\"watupro-required-question-1\"><!-- end question-content--><\/div><div class=\"question-choices watupro-choices-columns \" id=\"questionChoices1\"><div class=\"watupro-question-choice  \" dir=\"auto\"><input type=\"checkbox\" name=\"answer-1[]\" id=\"answer-id-1\" class=\"answer   answerof-1 \" value=\"1\"><label for=\"answer-id-1\" id=\"answer-label-1\" class=\" answer\"><span><p>progressi hindamine<\/p><\/span><\/label><\/div><div class=\"watupro-question-choice  \" dir=\"auto\"><input type=\"checkbox\" name=\"answer-1[]\" id=\"answer-id-2\" class=\"answer   answerof-1 \" value=\"2\"><label for=\"answer-id-2\" id=\"answer-label-2\" class=\" answer\"><span><p>diagnostiline hindamine<\/p><\/span><\/label><\/div><div class=\"watupro-question-choice  \" dir=\"auto\"><input type=\"checkbox\" name=\"answer-1[]\" id=\"answer-id-4\" class=\"answer   answerof-1 \" value=\"4\"><label for=\"answer-id-4\" id=\"answer-label-4\" class=\" answer\"><span><p>skriininghindamine<\/p><\/span><\/label><\/div><div class=\"watupro-question-choice  \" dir=\"auto\"><input type=\"checkbox\" name=\"answer-1[]\" id=\"answer-id-3\" class=\"answer   answerof-1 \" value=\"3\"><label for=\"answer-id-3\" id=\"answer-label-3\" class=\" answer\"><span><p><span style=\"line-height: 1.6em;\">probleemilahendushindamine<\/span><\/p><\/span><\/label><\/div><!-- end question-choices--><\/div><!-- end questionWrap--><\/div><\/div><div class=\"watu-question \" id=\"question-5\" style=\";\"><div id=\"questionWrap-5\" class=\"  watupro-required-2 watupro-question-id-2\">\n\t\t\t<div class=\"question-content\"><div><span style=\"line-height: 1.6em;\">Uuritava lapse testitulemuste v\u00f5rdlemist teiste samas vanuses laste tulemustega v\u00f5imaldab testi<\/span><\/div><input type=\"hidden\" name=\"question_id[]\" id=\"qID_5\" value=\"2\" class=\"watupro-question-id\"><input type=\"hidden\" id=\"answerType2\" class=\"answerTypeCnt5\" value=\"checkbox\"><input type=\"hidden\" id=\"watupro-required-question-2\"><!-- end question-content--><\/div><div class=\"question-choices watupro-choices-columns \" id=\"questionChoices2\"><div class=\"watupro-question-choice  \" dir=\"auto\"><input type=\"checkbox\" name=\"answer-2[]\" id=\"answer-id-6\" class=\"answer   answerof-2 \" value=\"6\"><label for=\"answer-id-6\" id=\"answer-label-6\" class=\" answer\"><span><p>reliaablus<\/p><\/span><\/label><\/div><div class=\"watupro-question-choice  \" dir=\"auto\"><input type=\"checkbox\" name=\"answer-2[]\" id=\"answer-id-8\" class=\"answer   answerof-2 \" value=\"8\"><label for=\"answer-id-8\" id=\"answer-label-8\" class=\" answer\"><span><p>kohandatus<\/p><\/span><\/label><\/div><div class=\"watupro-question-choice  \" dir=\"auto\"><input type=\"checkbox\" name=\"answer-2[]\" id=\"answer-id-5\" class=\"answer   answerof-2 \" value=\"5\"><label for=\"answer-id-5\" id=\"answer-label-5\" class=\" answer\"><span><p>normeeritus<\/p><\/span><\/label><\/div><div class=\"watupro-question-choice  \" dir=\"auto\"><input type=\"checkbox\" name=\"answer-2[]\" id=\"answer-id-7\" class=\"answer   answerof-2 \" value=\"7\"><label for=\"answer-id-7\" id=\"answer-label-7\" class=\" answer\"><span><p>valiidsus<\/p><\/span><\/label><\/div><!-- end question-choices--><\/div><!-- end questionWrap--><\/div><\/div><div class=\"watu-question \" id=\"question-6\" style=\";\"><div id=\"questionWrap-6\" class=\"  watupro-required-6 watupro-question-id-6\">\n\t\t\t<div class=\"question-content\"><p>Hindamise efektiivsus s\u00f5ltub sellest|kuidas uurija tunneb <input type=\"text\" size=\"10\" name=\"gap_6_1\" class=\"watupro-gap answer answerof-6\" value=\"\"> n\u00e4htust ja kui h\u00e4sti ta valdab kasutatavaid <input type=\"text\" size=\"10\" name=\"gap_6_2\" class=\"watupro-gap answer answerof-6\" value=\"\">.<\/p>\n<input type=\"hidden\" name=\"question_id[]\" id=\"qID_6\" value=\"6\" class=\"watupro-question-id\"><input type=\"hidden\" id=\"answerType6\" class=\"answerTypeCnt6\" value=\"gaps\"><input type=\"hidden\" id=\"watupro-required-question-6\"><!-- end question-content--><\/div><!-- end questionWrap--><\/div><\/div><div style=\"display:none\" id=\"question-7\">\n\t<div class=\"question-content\">\n\t\t<img loading=\"lazy\" decoding=\"async\" src=\"https:\/\/sisu.ut.ee\/wp-content\/plugins\/watupro\/img\/loading.gif\" width=\"16\" height=\"16\" alt=\"Loading...\" title=\"Loading...\">\u00a0Loading...\t<\/div>\n<\/div>\n\n<br>\n\t\n\t\t\t<div class=\"watupro_buttons flex \" id=\"watuPROButtons1\">\n\t\t  <div id=\"prev-question\" style=\"display:none;\"><input type=\"button\" value=\"&lt; Previous\" onclick=\"WatuPRO.nextQuestion(event, 'previous');\"><\/div>\t\t  \t\t  \t\t   \n\t\t   \t  \t\t<div><input type=\"button\" name=\"action\" class=\"watupro-submit-button\" onclick=\"WatuPRO.submitResult(event)\" id=\"action-button\" value=\"Vaata vastust\">\n\t\t<\/div>\n\t\t<\/div>\n\t\t\n\t<input type=\"hidden\" name=\"quiz_id\" value=\"1\" id=\"watuPROExamID\">\n\t<input type=\"hidden\" name=\"start_time\" id=\"startTime\" value=\"2026-04-17 06:53:33\">\n\t<input type=\"hidden\" name=\"start_timestamp\" id=\"startTimeStamp\" value=\"1776408813\">\n\t<input type=\"hidden\" name=\"question_ids\" value=\"\">\n\t<input type=\"hidden\" name=\"watupro_questions\" value=\"3: | 5:11 | 4: | 1:1,2,4,3 | 2:6,8,5,7 | 6:12\">\n\t<input type=\"hidden\" name=\"no_ajax\" value=\"0\">\t\t\t<\/form>\n\t<p>\u00a0<\/p>\n<\/div>\n\n<script type=\"text\/javascript\">\n\/\/jQuery(document).ready(function(){\ndocument.addEventListener(\"DOMContentLoaded\", function(event) { \t\nvar question_ids = \"3,5,4,1,2,6\";\nWatuPROSettings[1] = {};\nWatuPRO.qArr = question_ids.split(',');\nWatuPRO.exam_id = 1;\t    \nWatuPRO.post_id = 42;\nWatuPRO.store_progress = 0;\nWatuPRO.curCatPage = 1;\nWatuPRO.requiredIDs=\"0,3,5,4,1,2,6\".split(\",\");\nWatuPRO.hAppID = \"0.01748700 1776398013\";\nvar url = \"https:\/\/sisu.ut.ee\/wp-content\/plugins\/watupro\/show_exam.php\";\nWatuPRO.examMode = 1;\nWatuPRO.siteURL=\"https:\/\/sisu.ut.ee\/evidmeetod\/wp-admin\/admin-ajax.php\";\nWatuPRO.emailIsNotRequired = 0;\nWatuPRO.perDecade = 10;\nWatuPROIntel.init(1);\nWatuPRO.inCategoryPages=1;});    \t \n<\/script>\n\n","protected":false},"excerpt":{"rendered":"","protected":false},"author":76,"featured_media":0,"parent":0,"menu_order":0,"comment_status":"closed","ping_status":"closed","template":"","meta":{"_acf_changed":false,"inline_featured_image":false,"footnotes":""},"class_list":["post-42","page","type-page","status-publish","hentry"],"acf":[],"_links":{"self":[{"href":"https:\/\/sisu.ut.ee\/evidmeetod\/wp-json\/wp\/v2\/pages\/42","targetHints":{"allow":["GET"]}}],"collection":[{"href":"https:\/\/sisu.ut.ee\/evidmeetod\/wp-json\/wp\/v2\/pages"}],"about":[{"href":"https:\/\/sisu.ut.ee\/evidmeetod\/wp-json\/wp\/v2\/types\/page"}],"author":[{"embeddable":true,"href":"https:\/\/sisu.ut.ee\/evidmeetod\/wp-json\/wp\/v2\/users\/76"}],"replies":[{"embeddable":true,"href":"https:\/\/sisu.ut.ee\/evidmeetod\/wp-json\/wp\/v2\/comments?post=42"}],"version-history":[{"count":0,"href":"https:\/\/sisu.ut.ee\/evidmeetod\/wp-json\/wp\/v2\/pages\/42\/revisions"}],"wp:attachment":[{"href":"https:\/\/sisu.ut.ee\/evidmeetod\/wp-json\/wp\/v2\/media?parent=42"}],"curies":[{"name":"wp","href":"https:\/\/api.w.org\/{rel}","templated":true}]}}