{"id":3,"date":"2024-04-03T23:16:00","date_gmt":"2024-04-03T20:16:00","guid":{"rendered":"https:\/\/sisu.ut.ee\/evidmeetod\/avaleht\/"},"modified":"2024-04-03T23:16:03","modified_gmt":"2024-04-03T20:16:03","slug":"avaleht","status":"publish","type":"page","link":"https:\/\/sisu.ut.ee\/evidmeetod\/","title":{"rendered":"Avaleht"},"content":{"rendered":"<p style=\"text-align: center\"><span style=\"font-size: small;color: #008000\">Autor: Kaili Palts (<em>MSc\u00a0<\/em>),\u00a0<\/span><br><span style=\"font-size: small;color: #008000\">Tartu \u00dclikooli eripedagoogika osakond<br>2013<\/span><\/p>\n<p><span style=\"font-size: small\">Sisupakett on m\u00f5eldud \u00f5petajakoolituse \u00fcli\u00f5pilastele,\u00a0<strong>toetamaks erivajaduste identifitseerimise kursuse l\u00e4bimist<\/strong>.\u00a0\u00d5ppijal peavad olema eelteadmised tunnetusps\u00fchholoogiast, arengups\u00fchholoogiast ja erivajaduste ps\u00fchholoogiast.\u00a0Sisupaketi l\u00e4bimine v\u00f5tab aega umbes 5 tundi.<\/span><\/p>\n<p><span style=\"font-size: small\"><strong>Sisupaketi eesm\u00e4rgiks<\/strong>\u00a0on anda ettekujutus sellest, milliseid uurimismeetodeid kasutatakse arengu hindamiseks, millised on nende meetodite tugevad ja n\u00f5rgad k\u00fcljed laste hindamisel ja milline on \u00f5petajate p\u00e4devus erinevate meetodite kasutamiseks.<\/span><\/p>\n\n<h2>\u00d5pijuhised<\/h2>\n<p><span style=\"font-size: 13px;line-height: 1.6em\">Sisupakett on \u00fcles ehitatud tekstina, mis jaguneb peat\u00fckkideks ja alapeat\u00fckkideks. Teksti sisse on pikitud k\u00fcsimused, mis aitavad aktiveerida \u00f5ppija varasemaid teadmisi ning ergutavad arutlema. Need on esitatud tekstikastikestes, kusjuures ilma pildita kastikestes olevad \u00fclesanded sisaldavad \u00f5ppej\u00f5u kommentaari. P\u00fc\u00fca vastata enne k\u00fcsimusele ja alles siis ava kommentaar, kl\u00f5psates kastikeses oleva k\u00fcsimuse tekstil. Sisupakett l\u00f5peb enesetestiga, mis v\u00f5imaldab kontrollida oma teadmisi. Kasuta seda v\u00f5imalust kindlasti!<\/span><\/p>\n\n<p><span style=\"font-size: small\">Sisupaketi tulemuslikult l\u00e4binud \u00f5ppija:<\/span><\/p>\n<ol>\n<li><span style=\"line-height: 1.6em;font-size: small\">on kursis hindamise t\u00fc\u00fcpidega, s\u00f5ltuvalt sellest, millistel eesm\u00e4rkidel hindamist teostatakse;<\/span><\/li>\n<li><span style=\"line-height: 1.6em;font-size: small\">oskab anal\u00fc\u00fcsida vaatluse kui meetodi sobivust laste hindamiseks;<\/span><\/li>\n<li><span style=\"line-height: 1.6em;font-size: small\">oskab anal\u00fc\u00fcsida kusitluse kui meetodi sobivust laste hindamiseks;<\/span><\/li>\n<li><span style=\"font-size: small\"><span style=\"line-height: 1.6em\">oskab anal\u00fc\u00fcsida t<\/span><span style=\"line-height: 1.6em\">estimise <\/span><span style=\"line-height: 1.6em\">kui meetodi sobivust laste hindamiseks;<\/span><\/span><\/li>\n<li><span style=\"line-height: 1.6em;font-size: small\">teab, milliseid v\u00f5imalusi pakuvad laste hindamiseks mitteformaalsed uurimisprotseduurid.\u00a0<\/span><\/li>\n<\/ol>\n<p style=\"text-align: center\"><img loading=\"lazy\" decoding=\"async\" width=\"213\" height=\"119\" class=\"alignnone wp-image-13\" style=\"float: right\" src=\"https:\/\/sisu.ut.ee\/wp-content\/uploads\/sites\/66\/esf213.gif\" title=\"esf213.gif\" alt=\"esf213.gif\"><\/p>\n","protected":false},"excerpt":{"rendered":"<p>Autor: Kaili Palts (MSc\u00a0),\u00a0Tartu \u00dclikooli eripedagoogika osakond2013 Sisupakett on m\u00f5eldud \u00f5petajakoolituse \u00fcli\u00f5pilastele,\u00a0toetamaks erivajaduste identifitseerimise kursuse l\u00e4bimist.\u00a0\u00d5ppijal peavad olema eelteadmised tunnetusps\u00fchholoogiast, arengups\u00fchholoogiast ja erivajaduste ps\u00fchholoogiast.\u00a0Sisupaketi l\u00e4bimine v\u00f5tab aega umbes 5 tundi. Sisupaketi eesm\u00e4rgiks\u00a0on anda ettekujutus sellest, milliseid uurimismeetodeid kasutatakse arengu hindamiseks, &#8230;<\/p>\n","protected":false},"author":3,"featured_media":0,"parent":0,"menu_order":0,"comment_status":"closed","ping_status":"closed","template":"","meta":{"_acf_changed":false,"inline_featured_image":false,"footnotes":""},"class_list":["post-3","page","type-page","status-publish","hentry"],"acf":[],"_links":{"self":[{"href":"https:\/\/sisu.ut.ee\/evidmeetod\/wp-json\/wp\/v2\/pages\/3","targetHints":{"allow":["GET"]}}],"collection":[{"href":"https:\/\/sisu.ut.ee\/evidmeetod\/wp-json\/wp\/v2\/pages"}],"about":[{"href":"https:\/\/sisu.ut.ee\/evidmeetod\/wp-json\/wp\/v2\/types\/page"}],"author":[{"embeddable":true,"href":"https:\/\/sisu.ut.ee\/evidmeetod\/wp-json\/wp\/v2\/users\/3"}],"replies":[{"embeddable":true,"href":"https:\/\/sisu.ut.ee\/evidmeetod\/wp-json\/wp\/v2\/comments?post=3"}],"version-history":[{"count":1,"href":"https:\/\/sisu.ut.ee\/evidmeetod\/wp-json\/wp\/v2\/pages\/3\/revisions"}],"predecessor-version":[{"id":36,"href":"https:\/\/sisu.ut.ee\/evidmeetod\/wp-json\/wp\/v2\/pages\/3\/revisions\/36"}],"wp:attachment":[{"href":"https:\/\/sisu.ut.ee\/evidmeetod\/wp-json\/wp\/v2\/media?parent=3"}],"curies":[{"name":"wp","href":"https:\/\/api.w.org\/{rel}","templated":true}]}}