{"id":57,"date":"2024-04-16T12:32:31","date_gmt":"2024-04-16T09:32:31","guid":{"rendered":"https:\/\/sisu.ut.ee\/evidlapsed\/enesetest\/"},"modified":"2024-04-16T12:32:31","modified_gmt":"2024-04-16T09:32:31","slug":"enesetest","status":"publish","type":"page","link":"https:\/\/sisu.ut.ee\/evidlapsed\/enesetest\/","title":{"rendered":"Enesetest"},"content":{"rendered":"<div id=\"watupro_quiz\" class=\"quiz-area single-page-quiz\">\n<p id=\"submittingExam1\" style=\"display:none;text-align:center;\"><img loading=\"lazy\" decoding=\"async\" src=\"https:\/\/sisu.ut.ee\/wp-content\/plugins\/watupro\/img\/loading.gif\" width=\"16\" height=\"16\"><\/p>\n\n<div class=\"watupro-exam-description\" id=\"description-quiz-1\"><p><img loading=\"lazy\" decoding=\"async\" width=\"50\" height=\"50\" class=\"alignnone wp-image-21\" style=\"float: left;\" title=\"test.png\" src=\"https:\/\/multisite.ut.ee\/wp-content\/uploads\/sites\/67\/test.png\" alt=\"test.png\">J\u00e4rgnevalt on Sul v\u00f5imalik sisupaketi omandatust kontrollida. Enesetestis on k\u00fcsimused, millele selle sisupaketi edukalt l\u00e4binu peaks kindlasti oskama vastata. Kui Sa m\u00f5nele k\u00fcsimusele vastates eba\u00f5nnestud, siis pole midagi katki. \u00d5pi pisut veel ja proovi uuesti!<\/p>\n<p>Testis on 6 k\u00fcsimust ja iga \u00f5igesti vastatud k\u00fcsimus annab \u00fche punkti. Testi saad sooritada piiramatu arv kordi.<\/p>\n<\/div>\n\n<form action=\"\" method=\"post\" class=\"quiz-form\" id=\"quiz-1\" enctype=\"multipart\/form-data\">\n<div class=\"watu-question \" id=\"question-1\" style=\";\"><div id=\"questionWrap-1\" class=\"  watupro-required-4 watupro-question-id-4\">\n\t\t\t<div class=\"question-content\"><p>Millise erivajadusega laste uurimisel peab uurija olema eriti teadlik iseenda miimikast ning hoiduma sel viisil v\u00f5imaliku ebasoovitava tagasiside andmisest lapsele? <select name=\"gap_4_1\" class=\"watupro-gap answer answerof-4\"><option value=\"\"><\/option><option value=\"kuulmispuue\">kuulmispuue<\/option><option value=\"s\u00fcgav intellektipuue\">s\u00fcgav intellektipuue<\/option><option value=\"autismispektri h\u00e4ire\">autismispektri h\u00e4ire<\/option><option value=\"\u00f5piraskused\">\u00f5piraskused<\/option><option value=\"n\u00e4gmispuue\">n\u00e4gmispuue<\/option><option value=\"kerge intellektipuue\">kerge intellektipuue<\/option><option value=\"f\u00fc\u00fcsiline puue\">f\u00fc\u00fcsiline puue<\/option><option value=\"emotsionaalsete probleemidega ja\/v\u00f5i h\u00e4belikud lapsed\">emotsionaalsete probleemidega ja\/v\u00f5i h\u00e4belikud lapsed<\/option><\/select><\/p>\n<input type=\"hidden\" name=\"question_id[]\" id=\"qID_1\" value=\"4\" class=\"watupro-question-id\"><input type=\"hidden\" id=\"answerType4\" class=\"answerTypeCnt1\" value=\"gaps\"><input type=\"hidden\" id=\"watupro-required-question-4\"><!-- end question-content--><\/div><!-- end questionWrap--><\/div><\/div><div class=\"watu-question \" id=\"question-2\" style=\";\"><div id=\"questionWrap-2\" class=\"  watupro-required-5 watupro-question-id-5\">\n\t\t\t<div class=\"question-content\"><p>Millise erivajadusega lastele sobivad testimise algusfaasis \u00fclesanded|kus laps saab tegutseda ja ei pea vastama verbaalselt? <select name=\"gap_5_1\" class=\"watupro-gap answer answerof-5\"><option value=\"\"><\/option><option value=\"kuulmispuue\">kuulmispuue<\/option><option value=\"autismispektri h\u00e4ire\">autismispektri h\u00e4ire<\/option><option value=\"\u00f5piraskused\">\u00f5piraskused<\/option><option value=\"f\u00fc\u00fcsiline puue\">f\u00fc\u00fcsiline puue<\/option><option value=\"emotsionaalsete probleemidega ja\/v\u00f5i h\u00e4belikud lapsed\">emotsionaalsete probleemidega ja\/v\u00f5i h\u00e4belikud lapsed<\/option><option value=\"n\u00e4gmispuue\">n\u00e4gmispuue<\/option><option value=\"kerge intellektipuue\">kerge intellektipuue<\/option><option value=\"s\u00fcgav intellektipuue\">s\u00fcgav intellektipuue<\/option><\/select><\/p>\n<input type=\"hidden\" name=\"question_id[]\" id=\"qID_2\" value=\"5\" class=\"watupro-question-id\"><input type=\"hidden\" id=\"answerType5\" class=\"answerTypeCnt2\" value=\"gaps\"><input type=\"hidden\" id=\"watupro-required-question-5\"><!-- end question-content--><\/div><!-- end questionWrap--><\/div><\/div><div class=\"watu-question \" id=\"question-3\" style=\";\"><div id=\"questionWrap-3\" class=\"  watupro-required-1 watupro-question-id-1\">\n\t\t\t<div class=\"question-content\"><p>Millise erivajadusega laste uurimisel on eriti oluline keskenduda sellele|\u00a0milline on tema liikumisv\u00f5ime|\u00a0millistele stiimulitele \u00fcmbritsevas keskkonnas laps t\u00e4helepanu p\u00f6\u00f6rab ja kui kauaks\u00a0\u00a0<select name=\"gap_1_1\" class=\"watupro-gap answer answerof-1\"><option value=\"\"><\/option><option value=\"s\u00fcgav intellektipuue\">s\u00fcgav intellektipuue<\/option><option value=\"f\u00fc\u00fcsiline puue\">f\u00fc\u00fcsiline puue<\/option><option value=\"\u00f5piraskused\u00a0\">\u00f5piraskused\u00a0<\/option><option value=\"kuulmispuue\">kuulmispuue<\/option><option value=\"autismispektri h\u00e4ire\">autismispektri h\u00e4ire<\/option><option value=\"emotsionaalsete probleemidega ja\/v\u00f5i h\u00e4belikud lapsed\">emotsionaalsete probleemidega ja\/v\u00f5i h\u00e4belikud lapsed<\/option><option value=\"n\u00e4gmispuue\">n\u00e4gmispuue<\/option><option value=\"kerge intellektipuue\">kerge intellektipuue<\/option><\/select>?<\/p>\n<input type=\"hidden\" name=\"question_id[]\" id=\"qID_3\" value=\"1\" class=\"watupro-question-id\"><input type=\"hidden\" id=\"answerType1\" class=\"answerTypeCnt3\" value=\"gaps\"><input type=\"hidden\" id=\"watupro-required-question-1\"><!-- end question-content--><\/div><!-- end questionWrap--><\/div><\/div><div class=\"watu-question \" id=\"question-4\" style=\";\"><div id=\"questionWrap-4\" class=\"  watupro-required-6 watupro-question-id-6\">\n\t\t\t<div class=\"question-content\"><p>Millise erivajadusega laste uurimisel on eriti oluline koguda eelnevalt taustainfot lapse kommunikatsioonioskuste kohta? <select name=\"gap_6_1\" class=\"watupro-gap answer answerof-6\"><option value=\"\"><\/option><option value=\"s\u00fcgava intellektipuudega\">s\u00fcgava intellektipuudega<\/option><option value=\"kuulmispuudega\">kuulmispuudega<\/option><option value=\"emotsionaalsete probleemidega ja\/v\u00f5i h\u00e4belikud lapsed\">emotsionaalsete probleemidega ja\/v\u00f5i h\u00e4belikud lapsed<\/option><option value=\"kerge intellektipuudega\">kerge intellektipuudega<\/option><option value=\"n\u00e4gmispuudega\">n\u00e4gmispuudega<\/option><option value=\"f\u00fc\u00fcsilise puudega\">f\u00fc\u00fcsilise puudega<\/option><option value=\"autismispektri h\u00e4irega\">autismispektri h\u00e4irega<\/option><option value=\"\u00f5piraskustega\">\u00f5piraskustega<\/option><\/select><\/p>\n<input type=\"hidden\" name=\"question_id[]\" id=\"qID_4\" value=\"6\" class=\"watupro-question-id\"><input type=\"hidden\" id=\"answerType6\" class=\"answerTypeCnt4\" value=\"gaps\"><input type=\"hidden\" id=\"watupro-required-question-6\"><!-- end question-content--><\/div><!-- end questionWrap--><\/div><\/div><div class=\"watu-question \" id=\"question-5\" style=\";\"><div id=\"questionWrap-5\" class=\"  watupro-required-3 watupro-question-id-3\">\n\t\t\t<div class=\"question-content\"><p>Millise erivajaduse kahtluse korral tuleb eriti p\u00f5hjalikult l\u00e4bi m\u00f5elda \u00fclesannetes kasutatavate vahendite tajuline eristumine \u00fcksteisest ja taustast? <select name=\"gap_3_1\" class=\"watupro-gap answer answerof-3\"><option value=\"\"><\/option><option value=\"autismispektri h\u00e4ire\">autismispektri h\u00e4ire<\/option><option value=\"f\u00fc\u00fcsiline puue\">f\u00fc\u00fcsiline puue<\/option><option value=\"kuulmispuue\">kuulmispuue<\/option><option value=\"s\u00fcgav intellektipuue\">s\u00fcgav intellektipuue<\/option><option value=\"emotsionaalsete probleemidega ja\/v\u00f5i h\u00e4belikud lapsed\">emotsionaalsete probleemidega ja\/v\u00f5i h\u00e4belikud lapsed<\/option><option value=\"n\u00e4gmispuue\">n\u00e4gmispuue<\/option><option value=\"kerge intellektipuue\">kerge intellektipuue<\/option><option value=\"\u00f5piraskused\">\u00f5piraskused<\/option><\/select><\/p>\n<input type=\"hidden\" name=\"question_id[]\" id=\"qID_5\" value=\"3\" class=\"watupro-question-id\"><input type=\"hidden\" id=\"answerType3\" class=\"answerTypeCnt5\" value=\"gaps\"><input type=\"hidden\" id=\"watupro-required-question-3\"><!-- end question-content--><\/div><!-- end questionWrap--><\/div><\/div><div class=\"watu-question \" id=\"question-6\" style=\";\"><div id=\"questionWrap-6\" class=\"  watupro-required-2 watupro-question-id-2\">\n\t\t\t<div class=\"question-content\"><p>Millise erivajadusega laste testitulemusi v\u00f5ivad negatiivselt m\u00f5jutada piiratud ajalimiit \u00fclesannete t\u00e4itmiseks ning v\u00f5imalikud sensoorsed probleemid (kuulmine|n\u00e4gemine|puutetundlikkus)? <select name=\"gap_2_1\" class=\"watupro-gap answer answerof-2\"><option value=\"\"><\/option><option value=\"s\u00fcgav intellektipuue\">s\u00fcgav intellektipuue<\/option><option value=\"\u00f5piraskused\">\u00f5piraskused<\/option><option value=\"kerge intellektipuue\">kerge intellektipuue<\/option><option value=\"f\u00fc\u00fcsiline puue\">f\u00fc\u00fcsiline puue<\/option><option value=\"autismispektri h\u00e4ire\">autismispektri h\u00e4ire<\/option><option value=\"kuulmispuue\">kuulmispuue<\/option><option value=\"n\u00e4gmispuue\">n\u00e4gmispuue<\/option><option value=\"emotsionaalsete probleemidega ja\/v\u00f5i h\u00e4belikud lapsed\">emotsionaalsete probleemidega ja\/v\u00f5i h\u00e4belikud lapsed<\/option><\/select><\/p>\n<input type=\"hidden\" name=\"question_id[]\" id=\"qID_6\" value=\"2\" class=\"watupro-question-id\"><input type=\"hidden\" id=\"answerType2\" class=\"answerTypeCnt6\" value=\"gaps\"><input type=\"hidden\" id=\"watupro-required-question-2\"><!-- end question-content--><\/div><!-- end questionWrap--><\/div><\/div><div style=\"display:none\" id=\"question-7\">\n\t<div class=\"question-content\">\n\t\t<img loading=\"lazy\" decoding=\"async\" src=\"https:\/\/sisu.ut.ee\/wp-content\/plugins\/watupro\/img\/loading.gif\" width=\"16\" height=\"16\" alt=\"Loading...\" title=\"Loading...\">\u00a0Loading...\t<\/div>\n<\/div>\n\n<br>\n\t\n\t\t\t<div class=\"watupro_buttons flex \" id=\"watuPROButtons1\">\n\t\t  <div id=\"prev-question\" style=\"display:none;\"><input type=\"button\" value=\"&lt; Previous\" onclick=\"WatuPRO.nextQuestion(event, 'previous');\"><\/div>\t\t  \t\t  \t\t   \n\t\t   \t  \t\t<div><input type=\"button\" name=\"action\" class=\"watupro-submit-button\" onclick=\"WatuPRO.submitResult(event)\" id=\"action-button\" value=\"Vaata tulemust\">\n\t\t<\/div>\n\t\t<\/div>\n\t\t\n\t<input type=\"hidden\" name=\"quiz_id\" value=\"1\" id=\"watuPROExamID\">\n\t<input type=\"hidden\" name=\"start_time\" id=\"startTime\" value=\"2026-04-17 01:23:31\">\n\t<input type=\"hidden\" name=\"start_timestamp\" id=\"startTimeStamp\" value=\"1776389011\">\n\t<input type=\"hidden\" name=\"question_ids\" value=\"\">\n\t<input type=\"hidden\" name=\"watupro_questions\" value=\"4:4 | 5:5 | 1:1 | 6:6 | 3:3 | 2:2\">\n\t<input type=\"hidden\" name=\"no_ajax\" value=\"0\">\t\t\t<\/form>\n\t<p>\u00a0<\/p>\n<\/div>\n\n<script type=\"text\/javascript\">\n\/\/jQuery(document).ready(function(){\ndocument.addEventListener(\"DOMContentLoaded\", function(event) { \t\nvar question_ids = \"4,5,1,6,3,2\";\nWatuPROSettings[1] = {};\nWatuPRO.qArr = question_ids.split(',');\nWatuPRO.exam_id = 1;\t    \nWatuPRO.post_id = 57;\nWatuPRO.store_progress = 0;\nWatuPRO.curCatPage = 1;\nWatuPRO.requiredIDs=\"0,4,5,1,6,3,2\".split(\",\");\nWatuPRO.hAppID = \"0.73907800 1776378211\";\nvar url = \"https:\/\/sisu.ut.ee\/wp-content\/plugins\/watupro\/show_exam.php\";\nWatuPRO.examMode = 1;\nWatuPRO.siteURL=\"https:\/\/sisu.ut.ee\/evidlapsed\/wp-admin\/admin-ajax.php\";\nWatuPRO.emailIsNotRequired = 0;\nWatuPRO.perDecade = 10;\nWatuPROIntel.init(1);\nWatuPRO.inCategoryPages=1;});    \t \n<\/script>\n\n","protected":false},"excerpt":{"rendered":"","protected":false},"author":76,"featured_media":0,"parent":0,"menu_order":0,"comment_status":"closed","ping_status":"closed","template":"","meta":{"_acf_changed":false,"inline_featured_image":false,"footnotes":""},"class_list":["post-57","page","type-page","status-publish","hentry"],"acf":[],"_links":{"self":[{"href":"https:\/\/sisu.ut.ee\/evidlapsed\/wp-json\/wp\/v2\/pages\/57","targetHints":{"allow":["GET"]}}],"collection":[{"href":"https:\/\/sisu.ut.ee\/evidlapsed\/wp-json\/wp\/v2\/pages"}],"about":[{"href":"https:\/\/sisu.ut.ee\/evidlapsed\/wp-json\/wp\/v2\/types\/page"}],"author":[{"embeddable":true,"href":"https:\/\/sisu.ut.ee\/evidlapsed\/wp-json\/wp\/v2\/users\/76"}],"replies":[{"embeddable":true,"href":"https:\/\/sisu.ut.ee\/evidlapsed\/wp-json\/wp\/v2\/comments?post=57"}],"version-history":[{"count":0,"href":"https:\/\/sisu.ut.ee\/evidlapsed\/wp-json\/wp\/v2\/pages\/57\/revisions"}],"wp:attachment":[{"href":"https:\/\/sisu.ut.ee\/evidlapsed\/wp-json\/wp\/v2\/media?parent=57"}],"curies":[{"name":"wp","href":"https:\/\/api.w.org\/{rel}","templated":true}]}}