{"id":3,"date":"2024-04-03T23:16:04","date_gmt":"2024-04-03T20:16:04","guid":{"rendered":"https:\/\/sisu.ut.ee\/evidlapsed\/avaleht\/"},"modified":"2024-04-17T09:12:17","modified_gmt":"2024-04-17T06:12:17","slug":"avaleht","status":"publish","type":"page","link":"https:\/\/sisu.ut.ee\/evidlapsed\/","title":{"rendered":"Avaleht"},"content":{"rendered":"<p style=\"text-align: center;\"><span style=\"color: #008000;\">Autor: Kaili Palts (MSc),<br>\n<span style=\"line-height: 1.6em;\">Tartu \u00dclikooli eripedagoogika osakond<br>\n2013<\/span><\/span><\/p>\n<p style=\"text-align: left;\"><span style=\"line-height: 1.6em;\">Sisupakett on m\u00f5eldud \u00f5petajakoolituse \u00fcli\u00f5pilastele,\u00a0<\/span><strong style=\"line-height: 1.6em;\">toetamaks erivajaduste identifitseerimise kursuse l\u00e4bimist<\/strong><span style=\"line-height: 1.6em;\">.\u00a0\u00d5ppijal peavad \u00a0olema eelteadmised tunnetusps\u00fchholoogiast, arengups\u00fchholoogiast ja erivajaduste ps\u00fchholoogiast.\u00a0Sisupaketi l\u00e4bimine v\u00f5tab aega umbes 5 tundi.<\/span><\/p>\n<p><strong>Sisupaketi eesm\u00e4rgiks<\/strong>\u00a0on anda ettekujutus sellest, mille poolest erineb laste uurimine t\u00e4iskasvanu uurimisest ja millega arvestada erinevate arenguh\u00e4lvetega laste uurimist kavandades ja seda l\u00e4bi viies. Teemat k\u00e4sitletakse \u00f5petajate ja eripedagoogide vajadusi ja v\u00f5imalusi arvestades.<\/p>\n<h2>\u00d5pijuhised<\/h2>\n<p>Sisupakett on \u00fcles ehitatud tekstina, mis jaguneb peat\u00fckkideks ja alapeat\u00fckkideks. Teksti sisse on pikitud k\u00fcsimused, mis aitavad aktiveerida \u00f5ppija varasemaid teadmisi ning ergutavad arutlema. Need on esitatud tekstikastikestes, kusjuures ilma pildita kastikestes olevad \u00fclesanded sisaldavad \u00f5ppej\u00f5u kommentaari. P\u00fc\u00fca vastata enne k\u00fcsimusele ja alles siis ava kommentaar, kl\u00f5psates kastikeses oleva k\u00fcsimuse tekstil. Sisupakett l\u00f5peb enesetestiga, mis v\u00f5imaldab kontrollida oma teadmisi. Kasuta seda v\u00f5imalust kindlasti!<\/p>\n<p>Sisupaketi tulemuslikult l\u00e4binud \u00f5ppija teab,<\/p>\n<ol>\n<li><span style=\"line-height: 1.6em;\">milles seisneb laste uurimise spetsiifika;<\/span><\/li>\n<li><span style=\"line-height: 1.6em;\">millega arvestada f\u00fc\u00fcsiliste erivajadustega laste uurimisel;<\/span><\/li>\n<li><span style=\"line-height: 1.6em;\">millega arvestada autistlike laste uurimisel;<\/span><\/li>\n<li><span style=\"line-height: 1.6em;\">millega arvestada n\u00e4gemispuudega laste uurimisel;<\/span><\/li>\n<li><span style=\"line-height: 1.6em;\">millega arvestada k<\/span><span style=\"line-height: 1.6em;\">uulmispuudega laste uurimisel;<\/span><\/li>\n<li><span style=\"line-height: 1.6em;\">millega arvestada intellektipuudega laste uurimisel;\u00a0<\/span><\/li>\n<li><span style=\"line-height: 1.6em;\">millega arvestada e<\/span><span style=\"line-height: 1.6em;\">motsionaalsete ja\/v\u00f5i k\u00e4itumisprobleemidega laste uurimisel.<\/span><\/li>\n<\/ol>\n<p style=\"text-align: center;\"><img loading=\"lazy\" decoding=\"async\" width=\"213\" height=\"119\" class=\"wp-image-18 alignright\" style=\"float: right;\" title=\"esf213.gif\" src=\"https:\/\/sisu.ut.ee\/wp-content\/uploads\/sites\/67\/esf213.gif\" alt=\"esf213.gif\"><\/p>\n","protected":false},"excerpt":{"rendered":"<p>Autor: Kaili Palts (MSc), Tartu \u00dclikooli eripedagoogika osakond 2013 Sisupakett on m\u00f5eldud \u00f5petajakoolituse \u00fcli\u00f5pilastele,\u00a0toetamaks erivajaduste identifitseerimise kursuse l\u00e4bimist.\u00a0\u00d5ppijal peavad \u00a0olema eelteadmised tunnetusps\u00fchholoogiast, arengups\u00fchholoogiast ja erivajaduste ps\u00fchholoogiast.\u00a0Sisupaketi l\u00e4bimine v\u00f5tab aega umbes 5 tundi. Sisupaketi eesm\u00e4rgiks\u00a0on anda ettekujutus sellest, mille poolest erineb &#8230;<\/p>\n","protected":false},"author":3,"featured_media":0,"parent":0,"menu_order":0,"comment_status":"closed","ping_status":"closed","template":"","meta":{"_acf_changed":false,"inline_featured_image":false,"footnotes":""},"class_list":["post-3","page","type-page","status-publish","hentry"],"acf":[],"_links":{"self":[{"href":"https:\/\/sisu.ut.ee\/evidlapsed\/wp-json\/wp\/v2\/pages\/3","targetHints":{"allow":["GET"]}}],"collection":[{"href":"https:\/\/sisu.ut.ee\/evidlapsed\/wp-json\/wp\/v2\/pages"}],"about":[{"href":"https:\/\/sisu.ut.ee\/evidlapsed\/wp-json\/wp\/v2\/types\/page"}],"author":[{"embeddable":true,"href":"https:\/\/sisu.ut.ee\/evidlapsed\/wp-json\/wp\/v2\/users\/3"}],"replies":[{"embeddable":true,"href":"https:\/\/sisu.ut.ee\/evidlapsed\/wp-json\/wp\/v2\/comments?post=3"}],"version-history":[{"count":3,"href":"https:\/\/sisu.ut.ee\/evidlapsed\/wp-json\/wp\/v2\/pages\/3\/revisions"}],"predecessor-version":[{"id":62,"href":"https:\/\/sisu.ut.ee\/evidlapsed\/wp-json\/wp\/v2\/pages\/3\/revisions\/62"}],"wp:attachment":[{"href":"https:\/\/sisu.ut.ee\/evidlapsed\/wp-json\/wp\/v2\/media?parent=3"}],"curies":[{"name":"wp","href":"https:\/\/api.w.org\/{rel}","templated":true}]}}