{"id":17,"date":"2024-04-03T23:16:04","date_gmt":"2024-04-03T20:16:04","guid":{"rendered":"https:\/\/sisu.ut.ee\/evidlapsed\/uuringu-kaik\/"},"modified":"2024-04-03T23:16:07","modified_gmt":"2024-04-03T20:16:07","slug":"uuringu-kaik","status":"publish","type":"page","link":"https:\/\/sisu.ut.ee\/evidlapsed\/uuringu-kaik\/","title":{"rendered":"Uuringu k\u00e4ik"},"content":{"rendered":"<table class=\"table table-hover\" style=\"width: 100%\" border=\"0\" align=\"center\">\n<tbody>\n<tr>\n<td><img loading=\"lazy\" decoding=\"async\" width=\"50\" height=\"50\" class=\"alignnone wp-image-19\" style=\"float: left\" src=\"https:\/\/sisu.ut.ee\/wp-content\/uploads\/sites\/67\/motle2.png\" title=\"motle2.png\" alt=\"motle2.png\"><strong>M\u00f5tle!<\/strong> <br>Milliste vanuseliste ise\u00e4rasustega peab arvestama laste uurimist kavandades?\u00a0<\/td>\n<\/tr>\n<\/tbody>\n<\/table>\n<ul>\n<li>Uuringule eelneb enamasti kontakt vanematega, kellega lepitakse kokku, mida ja mis eesm\u00e4rgil uuritakse. M\u00f5nikord v\u00f5ib olla vajalik vormistada vanema(te) n\u00f5usolek kirjalikult.<\/li>\n<li>Laste uurimine sisaldagu n\u00e4idis\u00fclesandeid. Lapsed ei pruugi ainult verbaalsete juhiste p\u00f5hjal m\u00f5ista, mida nad tegema peavad.<\/li>\n<li>Ole valmis uuringu k\u00e4igus muutma esialgset uurimisplaani, kui lapse jaoks on \u00fclesanded kas liiga keerulised v\u00f5i liiga lihtsad. Eriti erivajadustega laste puhul ei v\u00f5i iial kindlalt ette teada, milline on lapse tase ja seet\u00f5ttu peaks uuringu kavandama h\u00e4sti paindlikuna.<\/li>\n<li>Lapse tegevuse protokollimine peaks olema nii m\u00e4rkamatu kui v\u00f5imalik, sest laps v\u00f5ib ka sellest tegevusest otsida vihjeid oma tegevuse \u00f5igsuse kohta v\u00f5i v\u00f5ib see lihtsalt lapse t\u00e4helepanu k\u00f5rvale juhtida. Samas peaks protokoll olema v\u00f5imalikult p\u00f5hjalik, et anal\u00fc\u00fcsi jaoks oluline info kaotsi ei l\u00e4heks. Kaaluda v\u00f5ib ka uuringu heli- v\u00f5i videosalvestamist.<\/li>\n<li>Uurijana ole empaatiline, emotsionaalne ja siiras (lapsed tajuvad, kui t\u00e4iskasvanu teeskleb).<\/li>\n<\/ul>\n<p>Kui uurimismeetodiks ei ole parasjagu vaatlus, siis lapse j\u00e4lgimine kas testi v\u00f5i m\u00f5ne muu uurimismeetodi kasutamisel annab v\u00e4\u00e4rtuslikku lisainfot. Seega, uuringu k\u00e4igus tuleks ikkagi last vaadelda. Mis on informatiivne?<\/p>\n<ul>\n<ul>\n<li>lapse v\u00e4limus<\/li>\n<li>kuidas suhestub v\u00f5\u00f5ra t\u00e4iskasvanuga<\/li>\n<li>kust, kuidas ja kas \u00fcldse otsib abi<\/li>\n<li>kas tunneb huvi oma tegevuse ja selle tulemuste vastu<\/li>\n<li>t\u00e4helepanuv\u00f5ime<\/li>\n<li><span style=\"line-height: 1.6em\">kui kiiresti annab alla raskuste tekkimisel<\/span><\/li>\n<li>\u00fchelt tegevuselt teisele \u00fclemineku kergus<\/li>\n<\/ul>\n<\/ul>\n","protected":false},"excerpt":{"rendered":"<p>M\u00f5tle! Milliste vanuseliste ise\u00e4rasustega peab arvestama laste uurimist kavandades?\u00a0 Uuringule eelneb enamasti kontakt vanematega, kellega lepitakse kokku, mida ja mis eesm\u00e4rgil uuritakse. M\u00f5nikord v\u00f5ib olla vajalik vormistada vanema(te) n\u00f5usolek kirjalikult. Laste uurimine sisaldagu n\u00e4idis\u00fclesandeid. Lapsed ei pruugi ainult verbaalsete juhiste &#8230;<\/p>\n","protected":false},"author":3,"featured_media":0,"parent":0,"menu_order":0,"comment_status":"closed","ping_status":"closed","template":"","meta":{"_acf_changed":false,"inline_featured_image":false,"footnotes":""},"class_list":["post-17","page","type-page","status-publish","hentry"],"acf":[],"_links":{"self":[{"href":"https:\/\/sisu.ut.ee\/evidlapsed\/wp-json\/wp\/v2\/pages\/17","targetHints":{"allow":["GET"]}}],"collection":[{"href":"https:\/\/sisu.ut.ee\/evidlapsed\/wp-json\/wp\/v2\/pages"}],"about":[{"href":"https:\/\/sisu.ut.ee\/evidlapsed\/wp-json\/wp\/v2\/types\/page"}],"author":[{"embeddable":true,"href":"https:\/\/sisu.ut.ee\/evidlapsed\/wp-json\/wp\/v2\/users\/3"}],"replies":[{"embeddable":true,"href":"https:\/\/sisu.ut.ee\/evidlapsed\/wp-json\/wp\/v2\/comments?post=17"}],"version-history":[{"count":1,"href":"https:\/\/sisu.ut.ee\/evidlapsed\/wp-json\/wp\/v2\/pages\/17\/revisions"}],"predecessor-version":[{"id":52,"href":"https:\/\/sisu.ut.ee\/evidlapsed\/wp-json\/wp\/v2\/pages\/17\/revisions\/52"}],"wp:attachment":[{"href":"https:\/\/sisu.ut.ee\/evidlapsed\/wp-json\/wp\/v2\/media?parent=17"}],"curies":[{"name":"wp","href":"https:\/\/api.w.org\/{rel}","templated":true}]}}