{"id":15,"date":"2024-04-03T23:16:04","date_gmt":"2024-04-03T20:16:04","guid":{"rendered":"https:\/\/sisu.ut.ee\/evidlapsed\/uurimise-aeg-ja-koht\/"},"modified":"2024-04-03T23:16:07","modified_gmt":"2024-04-03T20:16:07","slug":"uurimise-aeg-ja-koht","status":"publish","type":"page","link":"https:\/\/sisu.ut.ee\/evidlapsed\/uurimise-aeg-ja-koht\/","title":{"rendered":"Uurimise aeg ja koht"},"content":{"rendered":"<table class=\"table table-hover\" style=\"width: 100%\" border=\"0\" align=\"center\">\n<tbody>\n<tr>\n<td><img loading=\"lazy\" decoding=\"async\" width=\"50\" height=\"50\" class=\"alignnone wp-image-19\" style=\"float: left\" src=\"https:\/\/sisu.ut.ee\/wp-content\/uploads\/sites\/67\/motle2.png\" title=\"motle2.png\" alt=\"motle2.png\"><strong>M\u00f5tle!<\/strong> <br>Kas uurimise aja ja koha valikul tuleks kuidagi arvestada laste vanuseliste ise\u00e4rasustega? Millistega ja kuidas?<\/td>\n<\/tr>\n<\/tbody>\n<\/table>\n<p><span><\/span><\/p>\n<ul>\n<li>S\u00f5ltuvalt lapse vanusest tuleb l\u00e4bi m\u00f5elda aeg, mil uurimine on \u00fcldse m\u00f5ttekas. Uurimine ei pruugi olla tulemuslik, kui laps on kas n\u00e4ljane v\u00f5i unine. Paremini sobib reeglina hommikpoolne aeg, kuid eelnevalt tasuks k\u00fcsida lapsevanemalt v\u00f5i \u00f5petajalt, millal konkreetne laps on k\u00f5ige erksam ja koost\u00f6\u00f6valmim.\u00a0<\/li>\n<li>Mida v\u00e4iksem on laps, seda olulisem on viia uuring l\u00e4bi lapsele tuttavas \u00fcmbruses. Lapsed v\u00f5ivad karta v\u00f5\u00f5raid ruume v\u00f5i teisalt v\u00f5ib just uus ruum olla sedav\u00f5rd huvipakkuv, et laps ei suuda keskenduda \u00fclesannetele.<\/li>\n<li>M\u00f6\u00f6bel peaks vastama lapse kasvule, sest f\u00fc\u00fcsiline heaolu m\u00f5jutab otseselt lapse t\u00e4helepanuv\u00f5imet. Sobilikud on tellitava m\u00f5\u00f5duga lauad-toolid, mida saab lapse kasvule vastavaks seada.\u00a0<\/li>\n<li>Ruumis peaks olema v\u00e4he segavaid asju, mis v\u00f5ivad lapse t\u00e4helepanu vajalikult infolt k\u00f5rvale juhtida. Mida v\u00e4iksem on laps, seda enam peab sellega arvestama. Probleeme v\u00f5ivad tekitada nt lahtised m\u00e4nguasju t\u00e4is riiulid, millele on m\u00f5istlik kas ruloo ette t\u00f5mmata v\u00f5i nad mingil muul viisil \u00e4ra peita.\u00a0<\/li>\n<\/ul>\n","protected":false},"excerpt":{"rendered":"<p>M\u00f5tle! Kas uurimise aja ja koha valikul tuleks kuidagi arvestada laste vanuseliste ise\u00e4rasustega? Millistega ja kuidas? S\u00f5ltuvalt lapse vanusest tuleb l\u00e4bi m\u00f5elda aeg, mil uurimine on \u00fcldse m\u00f5ttekas. Uurimine ei pruugi olla tulemuslik, kui laps on kas n\u00e4ljane v\u00f5i unine. &#8230;<\/p>\n","protected":false},"author":3,"featured_media":0,"parent":0,"menu_order":0,"comment_status":"closed","ping_status":"closed","template":"","meta":{"_acf_changed":false,"inline_featured_image":false,"footnotes":""},"class_list":["post-15","page","type-page","status-publish","hentry"],"acf":[],"_links":{"self":[{"href":"https:\/\/sisu.ut.ee\/evidlapsed\/wp-json\/wp\/v2\/pages\/15","targetHints":{"allow":["GET"]}}],"collection":[{"href":"https:\/\/sisu.ut.ee\/evidlapsed\/wp-json\/wp\/v2\/pages"}],"about":[{"href":"https:\/\/sisu.ut.ee\/evidlapsed\/wp-json\/wp\/v2\/types\/page"}],"author":[{"embeddable":true,"href":"https:\/\/sisu.ut.ee\/evidlapsed\/wp-json\/wp\/v2\/users\/3"}],"replies":[{"embeddable":true,"href":"https:\/\/sisu.ut.ee\/evidlapsed\/wp-json\/wp\/v2\/comments?post=15"}],"version-history":[{"count":1,"href":"https:\/\/sisu.ut.ee\/evidlapsed\/wp-json\/wp\/v2\/pages\/15\/revisions"}],"predecessor-version":[{"id":50,"href":"https:\/\/sisu.ut.ee\/evidlapsed\/wp-json\/wp\/v2\/pages\/15\/revisions\/50"}],"wp:attachment":[{"href":"https:\/\/sisu.ut.ee\/evidlapsed\/wp-json\/wp\/v2\/media?parent=15"}],"curies":[{"name":"wp","href":"https:\/\/api.w.org\/{rel}","templated":true}]}}