{"id":13,"date":"2024-04-03T23:16:04","date_gmt":"2024-04-03T20:16:04","guid":{"rendered":"https:\/\/sisu.ut.ee\/evidlapsed\/kirjandus\/"},"modified":"2024-04-17T10:02:23","modified_gmt":"2024-04-17T07:02:23","slug":"kirjandus","status":"publish","type":"page","link":"https:\/\/sisu.ut.ee\/evidlapsed\/kirjandus\/","title":{"rendered":"Kirjandus"},"content":{"rendered":"<h2>Kasutatud kirjandus:<\/h2>\n<ul>\n<li><span style=\"line-height: 1.6em\">Sattler, J.M. (1992). Testing children. <\/span><em style=\"line-height: 1.6em\">Assessment of children. Cognitive applications.<\/em><span style=\"line-height: 1.6em\"> 3-rd Ed. Jerome M. Sattler Publisher, Inc.<\/span><\/li>\n<\/ul>\n<h2>Soovitatav kirjandus:<\/h2>\n<ul>\n<li><span style=\"line-height: 1.6em\">Roomeldi, M., HAldre, L., Susi, A., Metsis, L., K\u00f5rgesaar, R. (2003). <\/span><em style=\"line-height: 1.6em\">H\u00fcperaktiivne laps. Abiks lapsevanematele ja pedagoogidele.<\/em><span style=\"line-height: 1.6em\"> Tartu \u00dclikooli Kirjastus<\/span><\/li>\n<li><span style=\"line-height: 1.6em\">Lovaas, O.I. (1998). \u00a0Arenguh\u00e4lbega laste \u00f5petamine: raamat minule. Eesti Autismi\u00fching<\/span><\/li>\n<\/ul>\n<p><span style=\"line-height: 1.6em\"><\/span><\/p>\n<div><span>K\u00e4esoleva sisupaketiga haakuvad temaatiliselt j\u00e4rgmised sisupaketid:<\/span><\/div>\n<ol>\n<li><span style=\"line-height: 1.6em\">\u00dclevaade erivajaduste identifitseerimisest ja ajaloost. \u00a0<\/span><a style=\"line-height: 1.6em\" href=\"http:\/\/sisu.ut.ee\/evidolemus\" target=\"_blank\" rel=\"noopener\">http:\/\/sisu.ut.ee\/evidolemus<\/a><span style=\"line-height: 1.6em\">\u00a0\u00a0<\/span><\/li>\n<li><span>Hindamise objekt ja potentsiaalsed arenguh\u00e4lvete tunnused lastel vanuses 0-14 aastat.\u00a0<\/span><a href=\"http:\/\/sisu.ut.ee\/evidobjekt\" target=\"_blank\" rel=\"noopener\">http:\/\/sisu.ut.ee\/evidobjekt<\/a><\/li>\n<li><span>Laste arengutaseme hindamise t\u00fc\u00fcbid ja meetodid ning \u00f5petajate p\u00e4devus laste hindamisel.\u00a0<a href=\"http:\/\/sisu.ut.ee\/evidmeetod\" target=\"_blank\" rel=\"noopener\">http:\/\/sisu.ut.ee\/evidmeetod<\/a><\/span><\/li>\n<li>Hindamise ja n\u00f5ustamise korraldus Eestis.\u00a0<a href=\"http:\/\/sisu.ut.ee\/evidkorraldus\" target=\"_blank\" rel=\"noopener\">http:\/\/sisu.ut.ee\/evidkorraldus<\/a><\/li>\n<li>Laste \u00f5petamise ja kasvatamise diferentseerimine erivajaduste identifitseerimise v\u00e4ljundina.\u00a0<a href=\"http:\/\/sisu.ut.ee\/eviddiferents\" target=\"_blank\" rel=\"noopener\">http:\/\/sisu.ut.ee\/eviddiferents<\/a><\/li>\n<\/ol>\n<p><span style=\"line-height: 1.6em\"><\/span><\/p>\n","protected":false},"excerpt":{"rendered":"<p>Kasutatud kirjandus: Sattler, J.M. (1992). Testing children. Assessment of children. Cognitive applications. 3-rd Ed. Jerome M. Sattler Publisher, Inc. Soovitatav kirjandus: Roomeldi, M., HAldre, L., Susi, A., Metsis, L., K\u00f5rgesaar, R. (2003). H\u00fcperaktiivne laps. Abiks lapsevanematele ja pedagoogidele. Tartu \u00dclikooli &#8230;<\/p>\n","protected":false},"author":3,"featured_media":0,"parent":0,"menu_order":0,"comment_status":"closed","ping_status":"closed","template":"","meta":{"_acf_changed":false,"inline_featured_image":false,"footnotes":""},"class_list":["post-13","page","type-page","status-publish","hentry"],"acf":[],"_links":{"self":[{"href":"https:\/\/sisu.ut.ee\/evidlapsed\/wp-json\/wp\/v2\/pages\/13","targetHints":{"allow":["GET"]}}],"collection":[{"href":"https:\/\/sisu.ut.ee\/evidlapsed\/wp-json\/wp\/v2\/pages"}],"about":[{"href":"https:\/\/sisu.ut.ee\/evidlapsed\/wp-json\/wp\/v2\/types\/page"}],"author":[{"embeddable":true,"href":"https:\/\/sisu.ut.ee\/evidlapsed\/wp-json\/wp\/v2\/users\/3"}],"replies":[{"embeddable":true,"href":"https:\/\/sisu.ut.ee\/evidlapsed\/wp-json\/wp\/v2\/comments?post=13"}],"version-history":[{"count":2,"href":"https:\/\/sisu.ut.ee\/evidlapsed\/wp-json\/wp\/v2\/pages\/13\/revisions"}],"predecessor-version":[{"id":72,"href":"https:\/\/sisu.ut.ee\/evidlapsed\/wp-json\/wp\/v2\/pages\/13\/revisions\/72"}],"wp:attachment":[{"href":"https:\/\/sisu.ut.ee\/evidlapsed\/wp-json\/wp\/v2\/media?parent=13"}],"curies":[{"name":"wp","href":"https:\/\/api.w.org\/{rel}","templated":true}]}}