{"id":12,"date":"2024-04-03T23:16:04","date_gmt":"2024-04-03T20:16:04","guid":{"rendered":"https:\/\/sisu.ut.ee\/evidlapsed\/kokkuvote\/"},"modified":"2024-04-03T23:16:07","modified_gmt":"2024-04-03T20:16:07","slug":"kokkuvote","status":"publish","type":"page","link":"https:\/\/sisu.ut.ee\/evidlapsed\/kokkuvote\/","title":{"rendered":"KOKKUV\u00d5TE"},"content":{"rendered":"<p>Laste uurimine erineb oluliselt t\u00e4iskasvanute uurimisest ning erivajadustega laste uurimisel tuleb veel lisaks arvestada lapsel t\u00e4heldatud ise\u00e4rasustega.<\/p>\n<p>Uuringut kavandades \u00e4ra unusta, et:<\/p>\n<ul>\n<li><span style=\"line-height: 1.6em\">lapsi uurides on suurem osakaal vaatlusel ja kui v\u00e4hegi v\u00f5imalik, j\u00e4lgi lapsi nende loomulikus keskkonnas;<\/span><\/li>\n<li><span style=\"line-height: 1.6em\">kui kasutad teisi uurimismeetodeid, siis ole valmis last juhendama ja vajadusel ka \u00f5petama (standardiseeritud testide kasutamisel tuleb l\u00e4htuda testimanuaalist);<\/span><\/li>\n<li><span style=\"line-height: 1.6em\">mida v\u00e4iksem laps, seda m\u00e4ngulisem peaks uurimine olema;<\/span><\/li>\n<li><span style=\"line-height: 1.6em\">mida v\u00e4iksem laps, seda v\u00e4hem saad toetuda k\u00f5nele, mist\u00f5ttu tuleb eriliselt hoolikalt l\u00e4bi m\u00f5elda uuringu verbaalne k\u00fclg \u2013 kuidas last juhendada ja mida lapselt vastuseks oodata; \u00a0<\/span><\/li>\n<li><span style=\"line-height: 1.6em\">erivajadustega laste uurimisel v\u00f5ib tekkida vajadus muuta \u00fclesandeid lihtsamaks, juhiseid konkreetsemaks, esitada rohkem n\u00e4iteid v\u00f5i teha isegi koos lapsega;<\/span><\/li>\n<li><span style=\"line-height: 1.6em\">asjasse on segatud ka lapsevanem.<\/span><\/li>\n<\/ul>\n","protected":false},"excerpt":{"rendered":"<p>Laste uurimine erineb oluliselt t\u00e4iskasvanute uurimisest ning erivajadustega laste uurimisel tuleb veel lisaks arvestada lapsel t\u00e4heldatud ise\u00e4rasustega. Uuringut kavandades \u00e4ra unusta, et: lapsi uurides on suurem osakaal vaatlusel ja kui v\u00e4hegi v\u00f5imalik, j\u00e4lgi lapsi nende loomulikus keskkonnas; kui kasutad teisi &#8230;<\/p>\n","protected":false},"author":3,"featured_media":0,"parent":0,"menu_order":0,"comment_status":"closed","ping_status":"closed","template":"","meta":{"_acf_changed":false,"inline_featured_image":false,"footnotes":""},"class_list":["post-12","page","type-page","status-publish","hentry"],"acf":[],"_links":{"self":[{"href":"https:\/\/sisu.ut.ee\/evidlapsed\/wp-json\/wp\/v2\/pages\/12","targetHints":{"allow":["GET"]}}],"collection":[{"href":"https:\/\/sisu.ut.ee\/evidlapsed\/wp-json\/wp\/v2\/pages"}],"about":[{"href":"https:\/\/sisu.ut.ee\/evidlapsed\/wp-json\/wp\/v2\/types\/page"}],"author":[{"embeddable":true,"href":"https:\/\/sisu.ut.ee\/evidlapsed\/wp-json\/wp\/v2\/users\/3"}],"replies":[{"embeddable":true,"href":"https:\/\/sisu.ut.ee\/evidlapsed\/wp-json\/wp\/v2\/comments?post=12"}],"version-history":[{"count":1,"href":"https:\/\/sisu.ut.ee\/evidlapsed\/wp-json\/wp\/v2\/pages\/12\/revisions"}],"predecessor-version":[{"id":47,"href":"https:\/\/sisu.ut.ee\/evidlapsed\/wp-json\/wp\/v2\/pages\/12\/revisions\/47"}],"wp:attachment":[{"href":"https:\/\/sisu.ut.ee\/evidlapsed\/wp-json\/wp\/v2\/media?parent=12"}],"curies":[{"name":"wp","href":"https:\/\/api.w.org\/{rel}","templated":true}]}}