{"id":11,"date":"2024-04-03T23:16:04","date_gmt":"2024-04-03T20:16:04","guid":{"rendered":"https:\/\/sisu.ut.ee\/evidlapsed\/emotsionaalsete-ja-kaitumisprobleemidega-lapsed\/"},"modified":"2024-04-03T23:16:07","modified_gmt":"2024-04-03T20:16:07","slug":"emotsionaalsete-ja-kaitumisprobleemidega-lapsed","status":"publish","type":"page","link":"https:\/\/sisu.ut.ee\/evidlapsed\/emotsionaalsete-ja-kaitumisprobleemidega-lapsed\/","title":{"rendered":"Emotsionaalsete ja k\u00e4itumisprobleemidega lapsed"},"content":{"rendered":"<table class=\"table table-hover\" style=\"width: 100%\" border=\"0\" align=\"center\">\n<tbody>\n<tr>\n<td><img loading=\"lazy\" decoding=\"async\" width=\"50\" height=\"50\" class=\"alignnone wp-image-19\" style=\"float: left\" src=\"https:\/\/sisu.ut.ee\/wp-content\/uploads\/sites\/67\/motle2.png\" title=\"motle2.png\" alt=\"motle2.png\"><strong>Meenuta!<\/strong> <br>Milles v\u00f5ivad v\u00e4ljenduda emotsionaalsed ja k\u00e4itumisprobleemid?<\/td>\n<\/tr>\n<\/tbody>\n<\/table>\n<p><span style=\"line-height: 1.6em\">Selliste laste uurimisel v\u00f5ib tekkida raskusi kontakti saavutamisel ning laste motiveerimisel koost\u00f6\u00f6ks. Lapsed v\u00f5ivad olla v\u00e4ga kartlikud ega s\u00f6anda midagi \u00f6elda ega teha v\u00f5i vastupidi, julged, aga raskesti juhitavad ja teevad seda, mis parasjagu p\u00e4he tuleb.<\/span><\/p>\n<h2>Soovitusi emotsionaalsete ja k\u00e4itumisprobleemidega laste uurimiseks<\/h2>\n<p>Kui tegemist on arglike lastega, siis v\u00f5iks uuringu algul lasta lastel pigem tegutseda, mitte vastata verbaalselt. R\u00e4\u00e4kimine paistab olevat sellistele lastele keerulisem kui tegutsemine, kuigi probleem ei ole k\u00f5ne arengus.\u00a0<\/p>\n<p>Just niisuguste erivajadustega laste puhul on vajalik p\u00f6\u00f6rata t\u00e4helepanu vahenditele ja \u00fclesannetele \u2013 need peaksid olema huvitavad ja tegutsema kutsuvad, et tekitada ja s\u00e4ilitada lapse motivatsiooni koost\u00f6\u00f6ks uurijaga.\u00a0<\/p>\n<p>H\u00fcperaktiivsete laste uurimisel soovitatakse l\u00e4bi m\u00f5elda keskkonna tingimused ja viia miinimumini segavad faktorid, mis v\u00f5ivad t\u00e4helepanu k\u00e4silolevalt \u00fclesandelt k\u00f5rvale juhtida. Samuti soovitatakse nende laste uurimisel suuremat autoritaarsust selles m\u00f5ttes, et uurija peaks esitama oma juhised kindlalt ja looma selged raamid lapse tegevustele uuringu k\u00e4igus. Seda seet\u00f5ttu, et h\u00fcperaktiivsete laste ensekontrolli oskused on \u00fcsna napi ning nad ei tule kuigi h\u00e4sti toime oludes, kus pole t\u00e4pselt selge, mida tegema peab.<\/p>\n","protected":false},"excerpt":{"rendered":"<p>Meenuta! Milles v\u00f5ivad v\u00e4ljenduda emotsionaalsed ja k\u00e4itumisprobleemid? Selliste laste uurimisel v\u00f5ib tekkida raskusi kontakti saavutamisel ning laste motiveerimisel koost\u00f6\u00f6ks. Lapsed v\u00f5ivad olla v\u00e4ga kartlikud ega s\u00f6anda midagi \u00f6elda ega teha v\u00f5i vastupidi, julged, aga raskesti juhitavad ja teevad seda, mis &#8230;<\/p>\n","protected":false},"author":3,"featured_media":0,"parent":0,"menu_order":0,"comment_status":"closed","ping_status":"closed","template":"","meta":{"_acf_changed":false,"inline_featured_image":false,"footnotes":""},"class_list":["post-11","page","type-page","status-publish","hentry"],"acf":[],"_links":{"self":[{"href":"https:\/\/sisu.ut.ee\/evidlapsed\/wp-json\/wp\/v2\/pages\/11","targetHints":{"allow":["GET"]}}],"collection":[{"href":"https:\/\/sisu.ut.ee\/evidlapsed\/wp-json\/wp\/v2\/pages"}],"about":[{"href":"https:\/\/sisu.ut.ee\/evidlapsed\/wp-json\/wp\/v2\/types\/page"}],"author":[{"embeddable":true,"href":"https:\/\/sisu.ut.ee\/evidlapsed\/wp-json\/wp\/v2\/users\/3"}],"replies":[{"embeddable":true,"href":"https:\/\/sisu.ut.ee\/evidlapsed\/wp-json\/wp\/v2\/comments?post=11"}],"version-history":[{"count":1,"href":"https:\/\/sisu.ut.ee\/evidlapsed\/wp-json\/wp\/v2\/pages\/11\/revisions"}],"predecessor-version":[{"id":46,"href":"https:\/\/sisu.ut.ee\/evidlapsed\/wp-json\/wp\/v2\/pages\/11\/revisions\/46"}],"wp:attachment":[{"href":"https:\/\/sisu.ut.ee\/evidlapsed\/wp-json\/wp\/v2\/media?parent=11"}],"curies":[{"name":"wp","href":"https:\/\/api.w.org\/{rel}","templated":true}]}}