{"id":9,"date":"2024-04-03T23:16:08","date_gmt":"2024-04-03T20:16:08","guid":{"rendered":"https:\/\/sisu.ut.ee\/evidkorraldus\/meditsiinisusteem\/"},"modified":"2024-04-03T23:16:12","modified_gmt":"2024-04-03T20:16:12","slug":"meditsiinisusteem","status":"publish","type":"page","link":"https:\/\/sisu.ut.ee\/evidkorraldus\/meditsiinisusteem\/","title":{"rendered":"Meditsiinis\u00fcsteem"},"content":{"rendered":"<p><span style=\"font-size: small\">Meditsiinis\u00fcsteemis tegeldakse laste arengu toetamisega kliinikutes.<\/span><\/p>\n<p><span style=\"font-size: small\">Lapse arenguprobleemide m\u00e4rkajaks ja esimesteks n\u00f5ustajateks v\u00f5ivad olla nt <strong>perearstid<\/strong>, kes meditsiiniliste probleemide korral suunavad lapse edasi eriarstide vastuv\u00f5tule. P\u00f5hiliselt puutuvad lapsed kokku <strong>neuroloogide<\/strong>, <strong>silma- v\u00f5i k\u00f5rvaarstidega<\/strong> ning <strong>ps\u00fchhiaatritega<\/strong>, kuid s\u00f5ltuvalt probleemi olemusest ka teiste eriarstidega.<\/span><\/p>\n<p><span style=\"font-size: small\">Lisaks arstidele tegutsevad meditsiinisusteemis ka <strong>kliinilised ps\u00fchholoogid<\/strong> ning <strong>kliinilised logopeedid<\/strong>, kes aitavad hinnata lapse probleemi olemust ning n\u00f5ustavad ja osalevad vajadusel sekkumises.\u00a0<\/span><\/p>\n","protected":false},"excerpt":{"rendered":"<p>Meditsiinis\u00fcsteemis tegeldakse laste arengu toetamisega kliinikutes. Lapse arenguprobleemide m\u00e4rkajaks ja esimesteks n\u00f5ustajateks v\u00f5ivad olla nt perearstid, kes meditsiiniliste probleemide korral suunavad lapse edasi eriarstide vastuv\u00f5tule. P\u00f5hiliselt puutuvad lapsed kokku neuroloogide, silma- v\u00f5i k\u00f5rvaarstidega ning ps\u00fchhiaatritega, kuid s\u00f5ltuvalt probleemi olemusest ka &#8230;<\/p>\n","protected":false},"author":3,"featured_media":0,"parent":0,"menu_order":0,"comment_status":"closed","ping_status":"closed","template":"","meta":{"_acf_changed":false,"inline_featured_image":false,"footnotes":""},"class_list":["post-9","page","type-page","status-publish","hentry"],"acf":[],"_links":{"self":[{"href":"https:\/\/sisu.ut.ee\/evidkorraldus\/wp-json\/wp\/v2\/pages\/9","targetHints":{"allow":["GET"]}}],"collection":[{"href":"https:\/\/sisu.ut.ee\/evidkorraldus\/wp-json\/wp\/v2\/pages"}],"about":[{"href":"https:\/\/sisu.ut.ee\/evidkorraldus\/wp-json\/wp\/v2\/types\/page"}],"author":[{"embeddable":true,"href":"https:\/\/sisu.ut.ee\/evidkorraldus\/wp-json\/wp\/v2\/users\/3"}],"replies":[{"embeddable":true,"href":"https:\/\/sisu.ut.ee\/evidkorraldus\/wp-json\/wp\/v2\/comments?post=9"}],"version-history":[{"count":1,"href":"https:\/\/sisu.ut.ee\/evidkorraldus\/wp-json\/wp\/v2\/pages\/9\/revisions"}],"predecessor-version":[{"id":49,"href":"https:\/\/sisu.ut.ee\/evidkorraldus\/wp-json\/wp\/v2\/pages\/9\/revisions\/49"}],"wp:attachment":[{"href":"https:\/\/sisu.ut.ee\/evidkorraldus\/wp-json\/wp\/v2\/media?parent=9"}],"curies":[{"name":"wp","href":"https:\/\/api.w.org\/{rel}","templated":true}]}}