{"id":7,"date":"2024-04-03T23:16:08","date_gmt":"2024-04-03T20:16:08","guid":{"rendered":"https:\/\/sisu.ut.ee\/evidkorraldus\/olukorrast-riigis\/"},"modified":"2024-04-03T23:16:12","modified_gmt":"2024-04-03T20:16:12","slug":"olukorrast-riigis","status":"publish","type":"page","link":"https:\/\/sisu.ut.ee\/evidkorraldus\/olukorrast-riigis\/","title":{"rendered":"Olukorrast riigis"},"content":{"rendered":"<p><span style=\"font-size: small\">Eesti Vabariigis on lapse arengu toetamisega seotud kolm s\u00fcsteemi \u2013 haridus-, meditsiini- ja sotsiaalsusteem. J\u00e4rgnevas tabelis on toodud nendes s\u00fcsteemides tegutsevad asutused\/institutsioonid koos sealsete spetsialistidega, kellel k\u00f5igil on oma osa laste\u00a0<\/span>arengu toetamisel:<\/p>\n<p style=\"text-align: center\"><img loading=\"lazy\" decoding=\"async\" width=\"1197\" height=\"784\" class=\"alignnone wp-image-20\" src=\"https:\/\/sisu.ut.ee\/wp-content\/uploads\/sites\/68\/olukorrast_riigis.png\" title=\".\" alt=\".\" srcset=\"https:\/\/sisu.ut.ee\/wp-content\/uploads\/sites\/68\/olukorrast_riigis.png 1197w, https:\/\/sisu.ut.ee\/wp-content\/uploads\/sites\/68\/olukorrast_riigis-300x196.png 300w, https:\/\/sisu.ut.ee\/wp-content\/uploads\/sites\/68\/olukorrast_riigis-1024x671.png 1024w, https:\/\/sisu.ut.ee\/wp-content\/uploads\/sites\/68\/olukorrast_riigis-768x503.png 768w\" sizes=\"auto, (max-width: 1197px) 100vw, 1197px\"><\/p>\n<p style=\"text-align: left\">Edasi k\u00e4sitletakse k\u00f5igi kolme s\u00fcsteemi rolli t\u00e4psemalt.<\/p>\n<p style=\"text-align: left\">Hariduss\u00fcsteemis on hiljuti toimunud olulisi muutusi. 2018 aasta 1.veebruarist hakkas kehtima uus P\u00f5hikooli- ja g\u00fcmnaasiumiseadus (PGS), mis reguleerib laste arengu toetamist koolis. Sisse on viidud muudatused, mis v\u00f5imaldavad koolidel paindlikumalt korraldada \u00f5pilaste arenguerisusi arvestavat \u00f5petust. Muudatuste tausta ja sisu kohta loe l\u00e4hemalt ka Teadus- ja haridusministeeriumi kodulehelt: https:\/\/www.hm.ee\/et.hariduslike-erivajadusega-opilaste-toetamine.\u00a0 \u00dche muudatusena on Rajaleidja alluvuses tegutsevad n\u00f5ustamiskomisjonid nimetatud \u00fcmber kooliv\u00e4listeks n\u00f5ustamismeeskondadeks.<\/p>\n","protected":false},"excerpt":{"rendered":"<p>Eesti Vabariigis on lapse arengu toetamisega seotud kolm s\u00fcsteemi \u2013 haridus-, meditsiini- ja sotsiaalsusteem. J\u00e4rgnevas tabelis on toodud nendes s\u00fcsteemides tegutsevad asutused\/institutsioonid koos sealsete spetsialistidega, kellel k\u00f5igil on oma osa laste\u00a0arengu toetamisel: Edasi k\u00e4sitletakse k\u00f5igi kolme s\u00fcsteemi rolli t\u00e4psemalt. Hariduss\u00fcsteemis &#8230;<\/p>\n","protected":false},"author":3,"featured_media":0,"parent":0,"menu_order":0,"comment_status":"closed","ping_status":"closed","template":"","meta":{"_acf_changed":false,"inline_featured_image":false,"footnotes":""},"class_list":["post-7","page","type-page","status-publish","hentry"],"acf":[],"_links":{"self":[{"href":"https:\/\/sisu.ut.ee\/evidkorraldus\/wp-json\/wp\/v2\/pages\/7","targetHints":{"allow":["GET"]}}],"collection":[{"href":"https:\/\/sisu.ut.ee\/evidkorraldus\/wp-json\/wp\/v2\/pages"}],"about":[{"href":"https:\/\/sisu.ut.ee\/evidkorraldus\/wp-json\/wp\/v2\/types\/page"}],"author":[{"embeddable":true,"href":"https:\/\/sisu.ut.ee\/evidkorraldus\/wp-json\/wp\/v2\/users\/3"}],"replies":[{"embeddable":true,"href":"https:\/\/sisu.ut.ee\/evidkorraldus\/wp-json\/wp\/v2\/comments?post=7"}],"version-history":[{"count":1,"href":"https:\/\/sisu.ut.ee\/evidkorraldus\/wp-json\/wp\/v2\/pages\/7\/revisions"}],"predecessor-version":[{"id":47,"href":"https:\/\/sisu.ut.ee\/evidkorraldus\/wp-json\/wp\/v2\/pages\/7\/revisions\/47"}],"wp:attachment":[{"href":"https:\/\/sisu.ut.ee\/evidkorraldus\/wp-json\/wp\/v2\/media?parent=7"}],"curies":[{"name":"wp","href":"https:\/\/api.w.org\/{rel}","templated":true}]}}