{"id":64,"date":"2024-04-16T12:11:17","date_gmt":"2024-04-16T09:11:17","guid":{"rendered":"https:\/\/sisu.ut.ee\/evidkorraldus\/enesetest\/"},"modified":"2024-04-16T12:11:17","modified_gmt":"2024-04-16T09:11:17","slug":"enesetest","status":"publish","type":"page","link":"https:\/\/sisu.ut.ee\/evidkorraldus\/enesetest\/","title":{"rendered":"Enesetest"},"content":{"rendered":"<div id=\"watupro_quiz\" class=\"quiz-area single-page-quiz\">\n<p id=\"submittingExam1\" style=\"display:none;text-align:center;\"><img loading=\"lazy\" decoding=\"async\" src=\"https:\/\/sisu.ut.ee\/wp-content\/plugins\/watupro\/img\/loading.gif\" width=\"16\" height=\"16\"><\/p>\n\n<div class=\"watupro-exam-description\" id=\"description-quiz-1\"><p><img loading=\"lazy\" decoding=\"async\" width=\"50\" height=\"50\" class=\"alignnone wp-image-27\" style=\"float: left;\" title=\"test.png\" src=\"https:\/\/multisite.ut.ee\/wp-content\/uploads\/sites\/68\/test.png\" alt=\"test.png\">J\u00e4rgnevalt on Sul v\u00f5imalik sisupaketi omandatust kontrollida. Enesetestis on k\u00fcsimused, millele selle sisupaketi edukalt l\u00e4binu peaks kindlasti oskama vastata. Kui Sa m\u00f5nele k\u00fcsimusele vastates eba\u00f5nnestud, siis pole midagi katki. \u00d5pi pisut veel ja proovi uuesti!<\/p>\n<p>Testis on 6 k\u00fcsimust ja iga \u00f5igesti vastatud k\u00fcsimus annab \u00fche punkti. Testi saad sooritada piiramatu arv kordi.<\/p>\n<\/div>\n\n<form action=\"\" method=\"post\" class=\"quiz-form\" id=\"quiz-1\" enctype=\"multipart\/form-data\">\n<div class=\"watu-question \" id=\"question-1\" style=\";\"><div id=\"questionWrap-1\" class=\"  watupro-required-2 watupro-question-id-2\">\n\t\t\t<div class=\"question-content\"><div>Kooliv\u00e4lise n\u00f5ustamismeeskonna p\u00e4devuste hulka ei kuulu<\/div><input type=\"hidden\" name=\"question_id[]\" id=\"qID_1\" value=\"2\" class=\"watupro-question-id\"><input type=\"hidden\" id=\"answerType2\" class=\"answerTypeCnt1\" value=\"checkbox\"><input type=\"hidden\" id=\"watupro-required-question-2\"><!-- end question-content--><\/div><div class=\"question-choices watupro-choices-columns \" id=\"questionChoices2\"><div class=\"watupro-question-choice  \" dir=\"auto\"><input type=\"checkbox\" name=\"answer-2[]\" id=\"answer-id-6\" class=\"answer   answerof-2 \" value=\"6\"><label for=\"answer-id-6\" id=\"answer-label-6\" class=\" answer\"><span><p>lapsevanemate n\u00f5ustamine kasvatusk\u00fcsimustes<\/p><\/span><\/label><\/div><div class=\"watupro-question-choice  \" dir=\"auto\"><input type=\"checkbox\" name=\"answer-2[]\" id=\"answer-id-7\" class=\"answer   answerof-2 \" value=\"7\"><label for=\"answer-id-7\" id=\"answer-label-7\" class=\" answer\"><span><p>alla 7-aastase lapse koolimineku soovitamine<\/p><\/span><\/label><\/div><div class=\"watupro-question-choice  \" dir=\"auto\"><input type=\"checkbox\" name=\"answer-2[]\" id=\"answer-id-5\" class=\"answer   answerof-2 \" value=\"5\"><label for=\"answer-id-5\" id=\"answer-label-5\" class=\" answer\"><span><p>\u00f5pilastele nende hariduslikest erivajadustest tulenevalt eriklassi avamine<\/p><\/span><\/label><\/div><div class=\"watupro-question-choice  \" dir=\"auto\"><input type=\"checkbox\" name=\"answer-2[]\" id=\"answer-id-8\" class=\"answer   answerof-2 \" value=\"8\"><label for=\"answer-id-8\" id=\"answer-label-8\" class=\" answer\"><span><p>lasteaiaealisele lapsele r\u00fchmat\u00fc\u00fcbi soovitamine<\/p><\/span><\/label><\/div><!-- end question-choices--><\/div><!-- end questionWrap--><\/div><\/div><div class=\"watu-question \" id=\"question-2\" style=\";\"><div id=\"questionWrap-2\" class=\"  watupro-required-6 watupro-question-id-6\">\n\t\t\t<div class=\"question-content\">Hindamise protsessis leiavad aset mitmed erinevad tegevused.\u00a0<span style=\"line-height: 1.6em;\">Seo omavahel hindamistegevused ja nende j\u00e4rjekorranumbrid alates protsessi algusest.<\/span><div class=\"question-choices\"><table class=\"question-choices watupro-matrix-droppable\" id=\"watuPROMatrixDroppable_6\"><tr><td class=\"watupro-matrix-left-cell\">vanemate n\u00f5ustamine<\/td>\n\t\t\t\t\t\t<td class=\"watupro-matrix-right-cell watuPRODroppable6\" id=\"watuPRODroppableCell15\"><div class=\"question-choices\"><div class=\"watupro-matrix-right\"><div id=\"watuproNMatrixSelection-0-0\" class=\" watupro-matrix-draggable watupro-nmatrix-answer-0\" onclick=\"WatuPROINMatrix.sel(this, 'watuPRODroppableCell15', 0);return false;\">3<!--WTPMD5eccbc87e4b5ce2fe28308fd9f2a7baf3--><p class=\"watupro-nmatrix-unselect\">Unselect<\/p><\/div><div id=\"watuproNMatrixSelection-0-1\" class=\" watupro-matrix-draggable watupro-nmatrix-answer-1\" onclick=\"WatuPROINMatrix.sel(this, 'watuPRODroppableCell15', 1);return false;\">5<!--WTPMD5e4da3b7fbbce2345d7772b0674a318d5--><p class=\"watupro-nmatrix-unselect\">Unselect<\/p><\/div><div id=\"watuproNMatrixSelection-0-2\" class=\" watupro-matrix-draggable watupro-nmatrix-answer-2\" onclick=\"WatuPROINMatrix.sel(this, 'watuPRODroppableCell15', 2);return false;\">1<!--WTPMD5c4ca4238a0b923820dcc509a6f75849b--><p class=\"watupro-nmatrix-unselect\">Unselect<\/p><\/div><div id=\"watuproNMatrixSelection-0-3\" class=\" watupro-matrix-draggable watupro-nmatrix-answer-3\" onclick=\"WatuPROINMatrix.sel(this, 'watuPRODroppableCell15', 3);return false;\">2<!--WTPMD5c81e728d9d4c2f636f067f89cc14862c--><p class=\"watupro-nmatrix-unselect\">Unselect<\/p><\/div><div id=\"watuproNMatrixSelection-0-4\" class=\" watupro-matrix-draggable watupro-nmatrix-answer-4\" onclick=\"WatuPROINMatrix.sel(this, 'watuPRODroppableCell15', 4);return false;\">4<!--WTPMD5a87ff679a2f3e71d9181a67b7542122c--><p class=\"watupro-nmatrix-unselect\">Unselect<\/p><\/div><\/div><\/div><input type=\"hidden\" class=\"answerof-6 watupro-nmatrix-answer-field\" id=\"field-watuPRODroppableCell15\" name=\"matrix-left-15\" value=\"\"><\/td><\/tr><tr><td class=\"watupro-matrix-left-cell\">tulemuste t\u00f5lgendamine<\/td>\n\t\t\t\t\t\t<td class=\"watupro-matrix-right-cell watuPRODroppable6\" id=\"watuPRODroppableCell16\"><div class=\"question-choices\"><div class=\"watupro-matrix-right\"><div id=\"watuproNMatrixSelection-1-0\" class=\" watupro-matrix-draggable watupro-nmatrix-answer-0\" onclick=\"WatuPROINMatrix.sel(this, 'watuPRODroppableCell16', 0);return false;\">3<!--WTPMD5eccbc87e4b5ce2fe28308fd9f2a7baf3--><p class=\"watupro-nmatrix-unselect\">Unselect<\/p><\/div><div id=\"watuproNMatrixSelection-1-1\" class=\" watupro-matrix-draggable watupro-nmatrix-answer-1\" onclick=\"WatuPROINMatrix.sel(this, 'watuPRODroppableCell16', 1);return false;\">5<!--WTPMD5e4da3b7fbbce2345d7772b0674a318d5--><p class=\"watupro-nmatrix-unselect\">Unselect<\/p><\/div><div id=\"watuproNMatrixSelection-1-2\" class=\" watupro-matrix-draggable watupro-nmatrix-answer-2\" onclick=\"WatuPROINMatrix.sel(this, 'watuPRODroppableCell16', 2);return false;\">1<!--WTPMD5c4ca4238a0b923820dcc509a6f75849b--><p class=\"watupro-nmatrix-unselect\">Unselect<\/p><\/div><div id=\"watuproNMatrixSelection-1-3\" class=\" watupro-matrix-draggable watupro-nmatrix-answer-3\" onclick=\"WatuPROINMatrix.sel(this, 'watuPRODroppableCell16', 3);return false;\">2<!--WTPMD5c81e728d9d4c2f636f067f89cc14862c--><p class=\"watupro-nmatrix-unselect\">Unselect<\/p><\/div><div id=\"watuproNMatrixSelection-1-4\" class=\" watupro-matrix-draggable watupro-nmatrix-answer-4\" onclick=\"WatuPROINMatrix.sel(this, 'watuPRODroppableCell16', 4);return false;\">4<!--WTPMD5a87ff679a2f3e71d9181a67b7542122c--><p class=\"watupro-nmatrix-unselect\">Unselect<\/p><\/div><\/div><\/div><input type=\"hidden\" class=\"answerof-6 watupro-nmatrix-answer-field\" id=\"field-watuPRODroppableCell16\" name=\"matrix-left-16\" value=\"\"><\/td><\/tr><tr><td class=\"watupro-matrix-left-cell\">sekkumisv\u00f5imaluste kavandamine<\/td>\n\t\t\t\t\t\t<td class=\"watupro-matrix-right-cell watuPRODroppable6\" id=\"watuPRODroppableCell17\"><div class=\"question-choices\"><div class=\"watupro-matrix-right\"><div id=\"watuproNMatrixSelection-2-0\" class=\" watupro-matrix-draggable watupro-nmatrix-answer-0\" onclick=\"WatuPROINMatrix.sel(this, 'watuPRODroppableCell17', 0);return false;\">3<!--WTPMD5eccbc87e4b5ce2fe28308fd9f2a7baf3--><p class=\"watupro-nmatrix-unselect\">Unselect<\/p><\/div><div id=\"watuproNMatrixSelection-2-1\" class=\" watupro-matrix-draggable watupro-nmatrix-answer-1\" onclick=\"WatuPROINMatrix.sel(this, 'watuPRODroppableCell17', 1);return false;\">5<!--WTPMD5e4da3b7fbbce2345d7772b0674a318d5--><p class=\"watupro-nmatrix-unselect\">Unselect<\/p><\/div><div id=\"watuproNMatrixSelection-2-2\" class=\" watupro-matrix-draggable watupro-nmatrix-answer-2\" onclick=\"WatuPROINMatrix.sel(this, 'watuPRODroppableCell17', 2);return false;\">1<!--WTPMD5c4ca4238a0b923820dcc509a6f75849b--><p class=\"watupro-nmatrix-unselect\">Unselect<\/p><\/div><div id=\"watuproNMatrixSelection-2-3\" class=\" watupro-matrix-draggable watupro-nmatrix-answer-3\" onclick=\"WatuPROINMatrix.sel(this, 'watuPRODroppableCell17', 3);return false;\">2<!--WTPMD5c81e728d9d4c2f636f067f89cc14862c--><p class=\"watupro-nmatrix-unselect\">Unselect<\/p><\/div><div id=\"watuproNMatrixSelection-2-4\" class=\" watupro-matrix-draggable watupro-nmatrix-answer-4\" onclick=\"WatuPROINMatrix.sel(this, 'watuPRODroppableCell17', 4);return false;\">4<!--WTPMD5a87ff679a2f3e71d9181a67b7542122c--><p class=\"watupro-nmatrix-unselect\">Unselect<\/p><\/div><\/div><\/div><input type=\"hidden\" class=\"answerof-6 watupro-nmatrix-answer-field\" id=\"field-watuPRODroppableCell17\" name=\"matrix-left-17\" value=\"\"><\/td><\/tr><tr><td class=\"watupro-matrix-left-cell\">taustainfo kogumine <\/td>\n\t\t\t\t\t\t<td class=\"watupro-matrix-right-cell watuPRODroppable6\" id=\"watuPRODroppableCell18\"><div class=\"question-choices\"><div class=\"watupro-matrix-right\"><div id=\"watuproNMatrixSelection-3-0\" class=\" watupro-matrix-draggable watupro-nmatrix-answer-0\" onclick=\"WatuPROINMatrix.sel(this, 'watuPRODroppableCell18', 0);return false;\">3<!--WTPMD5eccbc87e4b5ce2fe28308fd9f2a7baf3--><p class=\"watupro-nmatrix-unselect\">Unselect<\/p><\/div><div id=\"watuproNMatrixSelection-3-1\" class=\" watupro-matrix-draggable watupro-nmatrix-answer-1\" onclick=\"WatuPROINMatrix.sel(this, 'watuPRODroppableCell18', 1);return false;\">5<!--WTPMD5e4da3b7fbbce2345d7772b0674a318d5--><p class=\"watupro-nmatrix-unselect\">Unselect<\/p><\/div><div id=\"watuproNMatrixSelection-3-2\" class=\" watupro-matrix-draggable watupro-nmatrix-answer-2\" onclick=\"WatuPROINMatrix.sel(this, 'watuPRODroppableCell18', 2);return false;\">1<!--WTPMD5c4ca4238a0b923820dcc509a6f75849b--><p class=\"watupro-nmatrix-unselect\">Unselect<\/p><\/div><div id=\"watuproNMatrixSelection-3-3\" class=\" watupro-matrix-draggable watupro-nmatrix-answer-3\" onclick=\"WatuPROINMatrix.sel(this, 'watuPRODroppableCell18', 3);return false;\">2<!--WTPMD5c81e728d9d4c2f636f067f89cc14862c--><p class=\"watupro-nmatrix-unselect\">Unselect<\/p><\/div><div id=\"watuproNMatrixSelection-3-4\" class=\" watupro-matrix-draggable watupro-nmatrix-answer-4\" onclick=\"WatuPROINMatrix.sel(this, 'watuPRODroppableCell18', 4);return false;\">4<!--WTPMD5a87ff679a2f3e71d9181a67b7542122c--><p class=\"watupro-nmatrix-unselect\">Unselect<\/p><\/div><\/div><\/div><input type=\"hidden\" class=\"answerof-6 watupro-nmatrix-answer-field\" id=\"field-watuPRODroppableCell18\" name=\"matrix-left-18\" value=\"\"><\/td><\/tr><tr><td class=\"watupro-matrix-left-cell\">sekkumise otsus<\/td>\n\t\t\t\t\t\t<td class=\"watupro-matrix-right-cell watuPRODroppable6\" id=\"watuPRODroppableCell19\"><div class=\"question-choices\"><div class=\"watupro-matrix-right\"><div id=\"watuproNMatrixSelection-4-0\" class=\" watupro-matrix-draggable watupro-nmatrix-answer-0\" onclick=\"WatuPROINMatrix.sel(this, 'watuPRODroppableCell19', 0);return false;\">3<!--WTPMD5eccbc87e4b5ce2fe28308fd9f2a7baf3--><p class=\"watupro-nmatrix-unselect\">Unselect<\/p><\/div><div id=\"watuproNMatrixSelection-4-1\" class=\" watupro-matrix-draggable watupro-nmatrix-answer-1\" onclick=\"WatuPROINMatrix.sel(this, 'watuPRODroppableCell19', 1);return false;\">5<!--WTPMD5e4da3b7fbbce2345d7772b0674a318d5--><p class=\"watupro-nmatrix-unselect\">Unselect<\/p><\/div><div id=\"watuproNMatrixSelection-4-2\" class=\" watupro-matrix-draggable watupro-nmatrix-answer-2\" onclick=\"WatuPROINMatrix.sel(this, 'watuPRODroppableCell19', 2);return false;\">1<!--WTPMD5c4ca4238a0b923820dcc509a6f75849b--><p class=\"watupro-nmatrix-unselect\">Unselect<\/p><\/div><div id=\"watuproNMatrixSelection-4-3\" class=\" watupro-matrix-draggable watupro-nmatrix-answer-3\" onclick=\"WatuPROINMatrix.sel(this, 'watuPRODroppableCell19', 3);return false;\">2<!--WTPMD5c81e728d9d4c2f636f067f89cc14862c--><p class=\"watupro-nmatrix-unselect\">Unselect<\/p><\/div><div id=\"watuproNMatrixSelection-4-4\" class=\" watupro-matrix-draggable watupro-nmatrix-answer-4\" onclick=\"WatuPROINMatrix.sel(this, 'watuPRODroppableCell19', 4);return false;\">4<!--WTPMD5a87ff679a2f3e71d9181a67b7542122c--><p class=\"watupro-nmatrix-unselect\">Unselect<\/p><\/div><\/div><\/div><input type=\"hidden\" class=\"answerof-6 watupro-nmatrix-answer-field\" id=\"field-watuPRODroppableCell19\" name=\"matrix-left-19\" value=\"\"><\/td><\/tr><\/table><\/div><input type=\"hidden\" name=\"question_id[]\" id=\"qID_2\" value=\"6\" class=\"watupro-question-id\"><input type=\"hidden\" id=\"answerType6\" class=\"answerTypeCnt2\" value=\"nmatrix\"><input type=\"hidden\" id=\"watupro-required-question-6\"><!-- end question-content--><\/div><!-- end questionWrap--><\/div><\/div><div class=\"watu-question \" id=\"question-3\" style=\";\"><div id=\"questionWrap-3\" class=\"  watupro-required-5 watupro-question-id-5\">\n\t\t\t<div class=\"question-content\"><p>Institutsioon|mis pakub Eestis teise tasandi n\u00f5ustamist ja abi nii lapsevanematele|\u00f5petajatele kui lastele|on <input type=\"text\" size=\"10\" name=\"gap_5_1\" class=\"watupro-gap answer answerof-5\" value=\"\">.<\/p>\n<input type=\"hidden\" name=\"question_id[]\" id=\"qID_3\" value=\"5\" class=\"watupro-question-id\"><input type=\"hidden\" id=\"answerType5\" class=\"answerTypeCnt3\" value=\"gaps\"><input type=\"hidden\" id=\"watupro-required-question-5\"><!-- end question-content--><\/div><!-- end questionWrap--><\/div><\/div><div class=\"watu-question \" id=\"question-4\" style=\";\"><div id=\"questionWrap-4\" class=\"  watupro-required-3 watupro-question-id-3\">\n\t\t\t<div class=\"question-content\"><div><span style=\"line-height: 1.6em;\">Lapsevanemate\u00a0 n\u00f5ustamisel\u00a0 pedagoogid<\/span><\/div><input type=\"hidden\" name=\"question_id[]\" id=\"qID_4\" value=\"3\" class=\"watupro-question-id\"><input type=\"hidden\" id=\"answerType3\" class=\"answerTypeCnt4\" value=\"checkbox\"><input type=\"hidden\" id=\"watupro-required-question-3\"><!-- end question-content--><\/div><div class=\"question-choices watupro-choices-columns \" id=\"questionChoices3\"><div class=\"watupro-question-choice  \" dir=\"auto\"><input type=\"checkbox\" name=\"answer-3[]\" id=\"answer-id-12\" class=\"answer   answerof-3 \" value=\"12\"><label for=\"answer-id-12\" id=\"answer-label-12\" class=\" answer\"><span><p>tutvustavad lapse jaoks k\u00f5ige otstarbekamaid sekkumise v\u00f5imalusi<\/p><\/span><\/label><\/div><div class=\"watupro-question-choice  \" dir=\"auto\"><input type=\"checkbox\" name=\"answer-3[]\" id=\"answer-id-11\" class=\"answer   answerof-3 \" value=\"11\"><label for=\"answer-id-11\" id=\"answer-label-11\" class=\" answer\"><span><p><span style=\"line-height: 1.6em;\">selgitavad, kust v\u00f5ivad lapsevanemad hankida infot lapse probleemi m\u00f5istmiseks<\/span><\/p><\/span><\/label><\/div><div class=\"watupro-question-choice  \" dir=\"auto\"><input type=\"checkbox\" name=\"answer-3[]\" id=\"answer-id-9\" class=\"answer   answerof-3 \" value=\"9\"><label for=\"answer-id-9\" id=\"answer-label-9\" class=\" answer\"><span><p>kasutavad termineid, mis on m\u00f5istetavad ka lapsevanematele<\/p><\/span><\/label><\/div><div class=\"watupro-question-choice  \" dir=\"auto\"><input type=\"checkbox\" name=\"answer-3[]\" id=\"answer-id-10\" class=\"answer   answerof-3 \" value=\"10\"><label for=\"answer-id-10\" id=\"answer-label-10\" class=\" answer\"><span><p><span style=\"line-height: 1.6em;\">r\u00f5hutavad omapoolseid hinnanguid lapse k\u00e4itumisele<\/span><\/p><\/span><\/label><\/div><!-- end question-choices--><\/div><!-- end questionWrap--><\/div><\/div><div class=\"watu-question \" id=\"question-5\" style=\";\"><div id=\"questionWrap-5\" class=\"  watupro-required-1 watupro-question-id-1\">\n\t\t\t<div class=\"question-content\"><div>Kes j\u00e4rgmistest spetsialistidest tegutseb nii haridus-, meditsiini- kui sotsiaalsusteemis?<\/div><input type=\"hidden\" name=\"question_id[]\" id=\"qID_5\" value=\"1\" class=\"watupro-question-id\"><input type=\"hidden\" id=\"answerType1\" class=\"answerTypeCnt5\" value=\"checkbox\"><input type=\"hidden\" id=\"watupro-required-question-1\"><!-- end question-content--><\/div><div class=\"question-choices watupro-choices-columns \" id=\"questionChoices1\"><div class=\"watupro-question-choice  \" dir=\"auto\"><input type=\"checkbox\" name=\"answer-1[]\" id=\"answer-id-2\" class=\"answer   answerof-1 \" value=\"2\"><label for=\"answer-id-2\" id=\"answer-label-2\" class=\" answer\"><span><p>ps\u00fchholoog<\/p><\/span><\/label><\/div><div class=\"watupro-question-choice  \" dir=\"auto\"><input type=\"checkbox\" name=\"answer-1[]\" id=\"answer-id-3\" class=\"answer   answerof-1 \" value=\"3\"><label for=\"answer-id-3\" id=\"answer-label-3\" class=\" answer\"><span><p>eripedagoog<\/p><\/span><\/label><\/div><div class=\"watupro-question-choice  \" dir=\"auto\"><input type=\"checkbox\" name=\"answer-1[]\" id=\"answer-id-4\" class=\"answer   answerof-1 \" value=\"4\"><label for=\"answer-id-4\" id=\"answer-label-4\" class=\" answer\"><span><p>sotsiaalpedagoog<\/p><\/span><\/label><\/div><div class=\"watupro-question-choice  \" dir=\"auto\"><input type=\"checkbox\" name=\"answer-1[]\" id=\"answer-id-1\" class=\"answer   answerof-1 \" value=\"1\"><label for=\"answer-id-1\" id=\"answer-label-1\" class=\" answer\"><span><p>logopeed<\/p><\/span><\/label><\/div><!-- end question-choices--><\/div><!-- end questionWrap--><\/div><\/div><div class=\"watu-question \" id=\"question-6\" style=\";\"><div id=\"questionWrap-6\" class=\"  watupro-required-4 watupro-question-id-4\">\n\t\t\t<div class=\"question-content\"><p>Eripedagoog|logopeed|ps\u00fchholoog ja sotsiaalpedagoog. Nimetatud spetsialistidest koosneb <input type=\"text\" size=\"10\" name=\"gap_4_1\" class=\"watupro-gap answer answerof-4\" value=\"\">.<\/p>\n<input type=\"hidden\" name=\"question_id[]\" id=\"qID_6\" value=\"4\" class=\"watupro-question-id\"><input type=\"hidden\" id=\"answerType4\" class=\"answerTypeCnt6\" value=\"gaps\"><input type=\"hidden\" id=\"watupro-required-question-4\"><!-- end question-content--><\/div><!-- end questionWrap--><\/div><\/div><div style=\"display:none\" id=\"question-7\">\n\t<div class=\"question-content\">\n\t\t<img loading=\"lazy\" decoding=\"async\" src=\"https:\/\/sisu.ut.ee\/wp-content\/plugins\/watupro\/img\/loading.gif\" width=\"16\" height=\"16\" alt=\"Loading...\" title=\"Loading...\">\u00a0Loading...\t<\/div>\n<\/div>\n\n<br>\n\t\n\t\t\t<div class=\"watupro_buttons flex \" id=\"watuPROButtons1\">\n\t\t  <div id=\"prev-question\" style=\"display:none;\"><input type=\"button\" value=\"&lt; Previous\" onclick=\"WatuPRO.nextQuestion(event, 'previous');\"><\/div>\t\t  \t\t  \t\t   \n\t\t   \t  \t\t<div><input type=\"button\" name=\"action\" class=\"watupro-submit-button\" onclick=\"WatuPRO.submitResult(event)\" id=\"action-button\" value=\"Vaata tulemust\">\n\t\t<\/div>\n\t\t<\/div>\n\t\t\n\t<input type=\"hidden\" name=\"quiz_id\" value=\"1\" id=\"watuPROExamID\">\n\t<input type=\"hidden\" name=\"start_time\" id=\"startTime\" value=\"2026-04-17 04:41:13\">\n\t<input type=\"hidden\" name=\"start_timestamp\" id=\"startTimeStamp\" value=\"1776400873\">\n\t<input type=\"hidden\" name=\"question_ids\" value=\"\">\n\t<input type=\"hidden\" name=\"watupro_questions\" value=\"2:6,7,5,8 | 6:15,16,17,18,19 | 5: | 3:12,11,9,10 | 1:2,3,4,1 | 4:\">\n\t<input type=\"hidden\" name=\"no_ajax\" value=\"0\">\t\t\t<\/form>\n\t<p>\u00a0<\/p>\n<\/div>\n\n<script type=\"text\/javascript\">\n\/\/jQuery(document).ready(function(){\ndocument.addEventListener(\"DOMContentLoaded\", function(event) { \t\nvar question_ids = \"2,6,5,3,1,4\";\nWatuPROSettings[1] = {};\nWatuPRO.qArr = question_ids.split(',');\nWatuPRO.exam_id = 1;\t    \nWatuPRO.post_id = 64;\nWatuPRO.store_progress = 0;\nWatuPRO.curCatPage = 1;\nWatuPRO.requiredIDs=\"0,2,6,5,3,1,4\".split(\",\");\nWatuPRO.hAppID = \"0.71291300 1776390073\";\nvar url = \"https:\/\/sisu.ut.ee\/wp-content\/plugins\/watupro\/show_exam.php\";\nWatuPRO.examMode = 1;\nWatuPRO.siteURL=\"https:\/\/sisu.ut.ee\/evidkorraldus\/wp-admin\/admin-ajax.php\";\nWatuPRO.emailIsNotRequired = 0;\nWatuPRO.perDecade = 10;\nWatuPROIntel.init(1);\nWatuPRO.inCategoryPages=1;});    \t \n<\/script>\n\n","protected":false},"excerpt":{"rendered":"","protected":false},"author":76,"featured_media":0,"parent":0,"menu_order":0,"comment_status":"closed","ping_status":"closed","template":"","meta":{"_acf_changed":false,"inline_featured_image":false,"footnotes":""},"class_list":["post-64","page","type-page","status-publish","hentry"],"acf":[],"_links":{"self":[{"href":"https:\/\/sisu.ut.ee\/evidkorraldus\/wp-json\/wp\/v2\/pages\/64","targetHints":{"allow":["GET"]}}],"collection":[{"href":"https:\/\/sisu.ut.ee\/evidkorraldus\/wp-json\/wp\/v2\/pages"}],"about":[{"href":"https:\/\/sisu.ut.ee\/evidkorraldus\/wp-json\/wp\/v2\/types\/page"}],"author":[{"embeddable":true,"href":"https:\/\/sisu.ut.ee\/evidkorraldus\/wp-json\/wp\/v2\/users\/76"}],"replies":[{"embeddable":true,"href":"https:\/\/sisu.ut.ee\/evidkorraldus\/wp-json\/wp\/v2\/comments?post=64"}],"version-history":[{"count":0,"href":"https:\/\/sisu.ut.ee\/evidkorraldus\/wp-json\/wp\/v2\/pages\/64\/revisions"}],"wp:attachment":[{"href":"https:\/\/sisu.ut.ee\/evidkorraldus\/wp-json\/wp\/v2\/media?parent=64"}],"curies":[{"name":"wp","href":"https:\/\/api.w.org\/{rel}","templated":true}]}}