{"id":5,"date":"2024-04-03T23:16:08","date_gmt":"2024-04-03T20:16:08","guid":{"rendered":"https:\/\/sisu.ut.ee\/evidkorraldus\/kirjandus\/"},"modified":"2024-04-03T23:16:12","modified_gmt":"2024-04-03T20:16:12","slug":"kirjandus","status":"publish","type":"page","link":"https:\/\/sisu.ut.ee\/evidkorraldus\/kirjandus\/","title":{"rendered":"Kirjandus"},"content":{"rendered":"<h2>Kasutatud kirjandus<\/h2>\n<ul>\n<li><span style=\"line-height: 1.6em\">P\u00f5hikooli- ja g\u00fcmnaasiumiseadus https:\/\/www.riigiteataja.ee\/akt\/122012018003<\/span><\/li>\n<li><span style=\"line-height: 1.6em\">Sotsiaalhoolekande seadus.\u00a0<a href=\"https:\/\/www.riigiteataja.ee\/akt\/118042013008&amp;leiaKehtiv\" target=\"_blank\" rel=\"noopener\">https:\/\/www.riigiteataja.ee\/akt\/1<\/a>28122017066<\/span><\/li>\n<li><span style=\"line-height: 1.6em\">Puuetega inimeste sotsiaaltoetuste seadus.\u00a0<a href=\"https:\/\/www.riigiteataja.ee\/akt\/102072013020&amp;leiaKehtiv\" target=\"_blank\" rel=\"noopener\">https:\/\/www.riigiteataja.ee\/akt\/1<\/a>28112017025<\/span><\/li>\n<li><span style=\"line-height: 1.6em\">Palts, K.,\u00a0<\/span><span style=\"line-height: 1.6em\">H\u00e4idkind, P. (2013). Lapse arengu hindamine.\u00a0<\/span><em style=\"line-height: 1.6em\">Lapse arengu hindamise ja toetamise juhendmaterjal koolieelsetele lasteasutustele. \u00a0<\/em>http:\/\/www.hm.ee\/sites\/default\/files\/juhendmaterjal_alusharidus.pdf<span style=\"line-height: 1.6em\">\u00a0<\/span><\/li>\n<\/ul>\n<h2>Soovitatav kirjandus<\/h2>\n<ul>\n<li><span style=\"line-height: 1.6em\">Kulderknup. E., toim. (1998). <em>Lapsest saab koolilaps. Materjale koolivalmidusest ja selle kujunemisest<\/em>. Eesti Haridusministeerium: Tallinn<\/span><\/li>\n<li><span style=\"line-height: 1.6em\">SA Innove kodulehek\u00fclg.\u00a0<a href=\"http:\/\/www.innove.ee\/et\/karjaariteenused\/oppenoustamisteenused\">http:\/\/www.innove.ee\/et\/karjaariteenused\/oppenoustamisteenused<\/a><\/span><\/li>\n<\/ul>\n<p><span style=\"line-height: 1.6em\">K\u00e4esoleva sisupaketiga haakuvad temaatiliselt j\u00e4rgmised sisupaketid:<\/span><\/p>\n<ol>\n<li><span>\u00dclevaade erivajaduste identifitseerimisest ja ajaloost. \u00a0<\/span><a href=\"http:\/\/sisu.ut.ee\/evidolemus\" target=\"_blank\" rel=\"noopener\">http:\/\/sisu.ut.ee\/evidolemus<\/a><span>\u00a0\u00a0<\/span><\/li>\n<li>Hindamise objekt ja potentsiaalsed arenguh\u00e4lvete tunnused lastel vanuses 0-14 aastat.\u00a0<a href=\"http:\/\/sisu.ut.ee\/evidobjekt\" target=\"_blank\" rel=\"noopener\">http:\/\/sisu.ut.ee\/evidobjekt<\/a><\/li>\n<li>Laste arengutaseme hindamise t\u00fc\u00fcbid ja meetodid ning \u00f5petajate p\u00e4devus laste hindamisel.\u00a0<a href=\"http:\/\/sisu.ut.ee\/evidmeetod\" target=\"_blank\" rel=\"noopener\">http:\/\/sisu.ut.ee\/evidmeetod<\/a><\/li>\n<li>Laste uurimise spetsiifika ja erivajadustega laste uurimine.\u00a0<a href=\"http:\/\/sisu.ut.ee\/evidlapsed\" target=\"_blank\" rel=\"noopener\">http:\/\/sisu.ut.ee\/evidlapsed<\/a><\/li>\n<li>Laste \u00f5petamise ja kasvatamise diferentseerimine erivajaduste identifitseerimise v\u00e4ljundina.\u00a0<a href=\"http:\/\/sisu.ut.ee\/eviddiferents\" target=\"_blank\" rel=\"noopener\">http:\/\/sisu.ut.ee\/eviddiferents<\/a><\/li>\n<\/ol>\n","protected":false},"excerpt":{"rendered":"<p>Kasutatud kirjandus P\u00f5hikooli- ja g\u00fcmnaasiumiseadus https:\/\/www.riigiteataja.ee\/akt\/122012018003 Sotsiaalhoolekande seadus.\u00a0https:\/\/www.riigiteataja.ee\/akt\/128122017066 Puuetega inimeste sotsiaaltoetuste seadus.\u00a0https:\/\/www.riigiteataja.ee\/akt\/128112017025 Palts, K.,\u00a0H\u00e4idkind, P. (2013). Lapse arengu hindamine.\u00a0Lapse arengu hindamise ja toetamise juhendmaterjal koolieelsetele lasteasutustele. \u00a0http:\/\/www.hm.ee\/sites\/default\/files\/juhendmaterjal_alusharidus.pdf\u00a0 Soovitatav kirjandus Kulderknup. E., toim. (1998). Lapsest saab koolilaps. Materjale koolivalmidusest ja selle &#8230;<\/p>\n","protected":false},"author":3,"featured_media":0,"parent":0,"menu_order":0,"comment_status":"closed","ping_status":"closed","template":"","meta":{"_acf_changed":false,"inline_featured_image":false,"footnotes":""},"class_list":["post-5","page","type-page","status-publish","hentry"],"acf":[],"_links":{"self":[{"href":"https:\/\/sisu.ut.ee\/evidkorraldus\/wp-json\/wp\/v2\/pages\/5","targetHints":{"allow":["GET"]}}],"collection":[{"href":"https:\/\/sisu.ut.ee\/evidkorraldus\/wp-json\/wp\/v2\/pages"}],"about":[{"href":"https:\/\/sisu.ut.ee\/evidkorraldus\/wp-json\/wp\/v2\/types\/page"}],"author":[{"embeddable":true,"href":"https:\/\/sisu.ut.ee\/evidkorraldus\/wp-json\/wp\/v2\/users\/3"}],"replies":[{"embeddable":true,"href":"https:\/\/sisu.ut.ee\/evidkorraldus\/wp-json\/wp\/v2\/comments?post=5"}],"version-history":[{"count":1,"href":"https:\/\/sisu.ut.ee\/evidkorraldus\/wp-json\/wp\/v2\/pages\/5\/revisions"}],"predecessor-version":[{"id":45,"href":"https:\/\/sisu.ut.ee\/evidkorraldus\/wp-json\/wp\/v2\/pages\/5\/revisions\/45"}],"wp:attachment":[{"href":"https:\/\/sisu.ut.ee\/evidkorraldus\/wp-json\/wp\/v2\/media?parent=5"}],"curies":[{"name":"wp","href":"https:\/\/api.w.org\/{rel}","templated":true}]}}