{"id":3,"date":"2024-04-03T23:16:08","date_gmt":"2024-04-03T20:16:08","guid":{"rendered":"https:\/\/sisu.ut.ee\/evidkorraldus\/avaleht\/"},"modified":"2024-04-03T23:16:12","modified_gmt":"2024-04-03T20:16:12","slug":"avaleht","status":"publish","type":"page","link":"https:\/\/sisu.ut.ee\/evidkorraldus\/","title":{"rendered":"Avaleht"},"content":{"rendered":"<p style=\"text-align: center\"><span style=\"color: #008000\">Autor: Kaili Palts (<em>MSc\u00a0<\/em>),\u00a0<\/span><br><span style=\"color: #008000\">Tartu \u00dclikooli eripedagoogika osakond<br>2013 (muudetud 2018)<\/span><\/p>\n<p><span>Sisupakett on m\u00f5eldud \u00f5petajakoolituse \u00fcli\u00f5pilastele,\u00a0<span>toetamaks erivajaduste identifitseerimise kursuse l\u00e4bimist<\/span>.\u00a0\u00d5ppijal peavad olema eelteadmised tunnetusps\u00fchholoogiast, arengups\u00fchholoogiast ja erivajaduste ps\u00fchholoogiast.\u00a0Sisupaketi l\u00e4bimine v\u00f5tab aega umbes 5 tundi.<\/span><\/p>\n<p><span><span>Sisupaketi <strong>eesm\u00e4rgiks<\/strong><\/span>\u00a0on selgitada, kuidas on korraldatud <\/span><span style=\"line-height: 1.6em\">laste arengutaseme hindamine lasteaias, \u00fcleminekul kooli ja \u00f5pilaste hindamine koolis. Samuti antakse \u00fclevaade n\u00f5ustamisteenuse korraldusest Eestis. Teemat k\u00e4sitletakse \u00f5petajate ja eripedagoogide vajadusi arvestades.\u00a0<\/span><span style=\"line-height: 1.6em\"><br><\/span><\/p>\n<h2>\u00d5pijuhised<\/h2>\n<p>Sisupakett on \u00fcles ehitatud tekstina, mis jaguneb peat\u00fckkideks ja alapeat\u00fckkideks. Teksti sisse on pikitud k\u00fcsimused, mis aitavad aktiveerida \u00f5ppija varasemaid teadmisi ning ergutavad arutlema. Need on esitatud tekstikastikestes, kusjuures ilma pildita kastikestes olevad \u00fclesanded sisaldavad \u00f5ppej\u00f5u kommentaari. P\u00fc\u00fca vastata enne k\u00fcsimusele ja alles siis ava kommentaar, kl\u00f5psates kastikeses oleva k\u00fcsimuse tekstil. Sisupakett l\u00f5peb enesetestiga, mis v\u00f5imaldab kontrollida oma teadmisi. Kasuta seda v\u00f5imalust kindlasti!<\/p>\n<p>Sisupaketi tulemuslikult l\u00e4binud \u00f5ppija:\u00a0<\/p>\n<ol>\n<li><span style=\"line-height: 1.6em\">orienteerub Eestis kehtiva hindamise s\u00fcsteemi \u00fclesehituses;<\/span><\/li>\n<li><span style=\"line-height: 1.6em\">teab, millised institutsioonid hindamisega tegelevad;<\/span><\/li>\n<li><span style=\"line-height: 1.6em\">on kursis hindamise protsessiga haridusasutustes;<\/span><\/li>\n<li><span style=\"line-height: 1.6em\">teab, millised v\u00f5imalused on Eestis saada n\u00f5ustamisteenust erivajadustega laste vanematel ja \u00f5petajatel.<\/span><\/li>\n<\/ol>\n<p style=\"text-align: center\"><img loading=\"lazy\" decoding=\"async\" width=\"213\" height=\"119\" class=\"alignnone wp-image-18\" style=\"float: right\" src=\"https:\/\/sisu.ut.ee\/wp-content\/uploads\/sites\/68\/esf213.gif\" title=\"esf213.gif\" alt=\"esf213.gif\"><\/p>\n","protected":false},"excerpt":{"rendered":"<p>Autor: Kaili Palts (MSc\u00a0),\u00a0Tartu \u00dclikooli eripedagoogika osakond2013 (muudetud 2018) Sisupakett on m\u00f5eldud \u00f5petajakoolituse \u00fcli\u00f5pilastele,\u00a0toetamaks erivajaduste identifitseerimise kursuse l\u00e4bimist.\u00a0\u00d5ppijal peavad olema eelteadmised tunnetusps\u00fchholoogiast, arengups\u00fchholoogiast ja erivajaduste ps\u00fchholoogiast.\u00a0Sisupaketi l\u00e4bimine v\u00f5tab aega umbes 5 tundi. Sisupaketi eesm\u00e4rgiks\u00a0on selgitada, kuidas on korraldatud laste arengutaseme &#8230;<\/p>\n","protected":false},"author":3,"featured_media":0,"parent":0,"menu_order":0,"comment_status":"closed","ping_status":"closed","template":"","meta":{"_acf_changed":false,"inline_featured_image":false,"footnotes":""},"class_list":["post-3","page","type-page","status-publish","hentry"],"acf":[],"_links":{"self":[{"href":"https:\/\/sisu.ut.ee\/evidkorraldus\/wp-json\/wp\/v2\/pages\/3","targetHints":{"allow":["GET"]}}],"collection":[{"href":"https:\/\/sisu.ut.ee\/evidkorraldus\/wp-json\/wp\/v2\/pages"}],"about":[{"href":"https:\/\/sisu.ut.ee\/evidkorraldus\/wp-json\/wp\/v2\/types\/page"}],"author":[{"embeddable":true,"href":"https:\/\/sisu.ut.ee\/evidkorraldus\/wp-json\/wp\/v2\/users\/3"}],"replies":[{"embeddable":true,"href":"https:\/\/sisu.ut.ee\/evidkorraldus\/wp-json\/wp\/v2\/comments?post=3"}],"version-history":[{"count":1,"href":"https:\/\/sisu.ut.ee\/evidkorraldus\/wp-json\/wp\/v2\/pages\/3\/revisions"}],"predecessor-version":[{"id":43,"href":"https:\/\/sisu.ut.ee\/evidkorraldus\/wp-json\/wp\/v2\/pages\/3\/revisions\/43"}],"wp:attachment":[{"href":"https:\/\/sisu.ut.ee\/evidkorraldus\/wp-json\/wp\/v2\/media?parent=3"}],"curies":[{"name":"wp","href":"https:\/\/api.w.org\/{rel}","templated":true}]}}