{"id":16,"date":"2024-04-03T23:16:08","date_gmt":"2024-04-03T20:16:08","guid":{"rendered":"https:\/\/sisu.ut.ee\/evidkorraldus\/hindamine-haridussusteemis\/"},"modified":"2024-04-03T23:16:12","modified_gmt":"2024-04-03T20:16:12","slug":"hindamine-haridussusteemis","status":"publish","type":"page","link":"https:\/\/sisu.ut.ee\/evidkorraldus\/hindamine-haridussusteemis\/","title":{"rendered":"Hindamine hariduss\u00fcsteemis"},"content":{"rendered":"<p><span>Eesti haridussusteemis toimub laste arengu hindamine pidevalt, l\u00e4bi k\u00f5igi haridusastmete ning jaotub kahele tasandile :<\/span><\/p>\n<ul>\n<li><span style=\"line-height: 1.6em\"><strong>I tasand \u2013\u00a0<\/strong>p\u00f5hilisteks arengu j\u00e4lgijateks ja hindajateks on lasteaia v\u00f5i kooli \u00f5petajad;\u00a0<\/span><span style=\"line-height: 1.6em\">erivajadustega v\u00f5i erivajaduste kahtlusega laste puhul lisanduvad konkreetse lasteaia v\u00f5i kooli tugispetsialistid, kelleks on enamasti eripedagoog, logopeed ja\/v\u00f5i ps\u00fchholoog;<\/span><\/li>\n<li><span style=\"line-height: 1.6em\"><strong>II tasand \u2013\u00a0<\/strong>kui lasteaia v\u00f5i kooli kompetentsist j\u00e4\u00e4b v\u00e4heseks, on v\u00f5imalik ka asutusev\u00e4line hindamine. Viimast teostatakse \u00f5ppen\u00f5ustamisteenuse raames Rajaleidja keskustes ning l<\/span>apse edasist \u00f5petamist muutvaid soovitusi annab kooliv\u00e4line n\u00f5ustamismeeskond. Ka peale arengu- v\u00f5i \u00f5petamistingimuste muutmist tuleb lapse arengut hinnata ja n\u00fc\u00fcd on kohane lasteaias v\u00f5i koolis teostada progressi hindamist \u2013 j\u00e4lgida, kuiv\u00f5rd tulemuslikud on olnud arendamises\/\u00f5petamises tehtud muudatused.\u00a0<\/li>\n<\/ul>\n<p>J\u00e4rgnevalt k\u00e4sitletakse laste arengu hindamist eraldi enne kooli, kooli minekul ning koolis.<\/p>\n","protected":false},"excerpt":{"rendered":"<p>Eesti haridussusteemis toimub laste arengu hindamine pidevalt, l\u00e4bi k\u00f5igi haridusastmete ning jaotub kahele tasandile : I tasand \u2013\u00a0p\u00f5hilisteks arengu j\u00e4lgijateks ja hindajateks on lasteaia v\u00f5i kooli \u00f5petajad;\u00a0erivajadustega v\u00f5i erivajaduste kahtlusega laste puhul lisanduvad konkreetse lasteaia v\u00f5i kooli tugispetsialistid, kelleks on &#8230;<\/p>\n","protected":false},"author":3,"featured_media":0,"parent":0,"menu_order":0,"comment_status":"closed","ping_status":"closed","template":"","meta":{"_acf_changed":false,"inline_featured_image":false,"footnotes":""},"class_list":["post-16","page","type-page","status-publish","hentry"],"acf":[],"_links":{"self":[{"href":"https:\/\/sisu.ut.ee\/evidkorraldus\/wp-json\/wp\/v2\/pages\/16","targetHints":{"allow":["GET"]}}],"collection":[{"href":"https:\/\/sisu.ut.ee\/evidkorraldus\/wp-json\/wp\/v2\/pages"}],"about":[{"href":"https:\/\/sisu.ut.ee\/evidkorraldus\/wp-json\/wp\/v2\/types\/page"}],"author":[{"embeddable":true,"href":"https:\/\/sisu.ut.ee\/evidkorraldus\/wp-json\/wp\/v2\/users\/3"}],"replies":[{"embeddable":true,"href":"https:\/\/sisu.ut.ee\/evidkorraldus\/wp-json\/wp\/v2\/comments?post=16"}],"version-history":[{"count":1,"href":"https:\/\/sisu.ut.ee\/evidkorraldus\/wp-json\/wp\/v2\/pages\/16\/revisions"}],"predecessor-version":[{"id":56,"href":"https:\/\/sisu.ut.ee\/evidkorraldus\/wp-json\/wp\/v2\/pages\/16\/revisions\/56"}],"wp:attachment":[{"href":"https:\/\/sisu.ut.ee\/evidkorraldus\/wp-json\/wp\/v2\/media?parent=16"}],"curies":[{"name":"wp","href":"https:\/\/api.w.org\/{rel}","templated":true}]}}