{"id":12,"date":"2024-04-03T23:16:08","date_gmt":"2024-04-03T20:16:08","guid":{"rendered":"https:\/\/sisu.ut.ee\/evidkorraldus\/protsess\/"},"modified":"2024-04-03T23:16:12","modified_gmt":"2024-04-03T20:16:12","slug":"protsess","status":"publish","type":"page","link":"https:\/\/sisu.ut.ee\/evidkorraldus\/protsess\/","title":{"rendered":"Hindamine lasteaias"},"content":{"rendered":"<p>Laste arengu j\u00e4lgimine ja hindamine on oluline kohe, kui laps haridussusteemi j\u00f5uab, ehk juba lasteaias. Varajane hindamine v\u00f5imaldab koheselt rakendada vajalikke meetmeid, et lapse arengut toetada tema individuaalsetest vajadustest l\u00e4htuvalt. \u00a0<\/p>\n<div id=\"accordion\" class=\"accordion\">\n<h3><a href=\"#\">M\u00f5tle!\u00a0Eriti oluline on v\u00f5imalikult varajane hindamine erivajadustega laste puhul. Seda v\u00e4hemalt kolmel p\u00f5hjusel, nimeta need!\u00a0<\/a><\/h3>\n<div>(a) paljud probleemid kipuvad s\u00fcvenema, kui laps ei saa \u00f5igeaegselt vajalikku abi; (b) et hoida \u00e4ra lapsele sobimatust \u00f5petamisest-kasvatamisest tekkivaid lisaprobleeme ehk sekundaarseid arenguh\u00e4lbeid; (c) mida noorem on laps, seda \u201cpaindlikum\u201d on tema n\u00e4rvis\u00fcsteem ning seda t\u00f5husamalt saab seda ka m\u00f5jutada.<\/div>\n<\/div>\n<h2><span style=\"line-height: 1.6em\">Hindamise esimene tasand<\/span><\/h2>\n<p><span style=\"line-height: 1.6em\">Lasteaias on laste arengu hindamine plaanip\u00e4rane ja pidev protsess. \u00dcldine hindamine puudutab k\u00f5iki lapsi ja erivajaduste hindamine neid, kelle arengus on m\u00e4rgatud k\u00f5rvalekaldeid. Vastavalt koolieelse lasteasutuse riiklikule \u00f5ppekavale j\u00e4lgitakse ja hinnatakse lasteaias k\u00f5igi laste arengut, selleks kavandatakse ja viiakse l\u00e4bi hindamistegevused, millele j\u00e4rgneb kogutud info anal\u00fc\u00fcs. Kui selle protsessi k\u00e4igus m\u00e4rgatakse m\u00f5ne lapse arengus k\u00f5rvalekaldeid, siis on tarvis tuvastada, milles need k\u00f5rvalekalded seisnevad ja me r\u00e4\u00e4gime erivajaduste hindamisest. See kujutab endast \u00a0t\u00e4psemat ja suunatumat hindamist, mis peaks andma ammendava \u00fclevaate, millistes arenguvaldkondades esineb mahaj\u00e4\u00e4must, milliseid oskusi see puudutab ja kui t\u00f5sine see on, aga ka sellest, millised valdkonnad on suhteliselt paremini arenenud. Andekate laste puhul on vaja j\u00f5uda arusaamani, millised valdkonnad ja kui palju on eakaaslaste tasemest eespool. <\/span><\/p>\n<div id=\"accordion\" class=\"accordion\">\n<h3><a href=\"#\">Meenuta! Millist t\u00fc\u00fcpi hindamine annab vastuse k\u00fcsimusele, millistes arenguvaldkondades esineb mahaj\u00e4\u00e4mus ja millised valdkonnad on suhteliselt paremini arenenud?<\/a><\/h3>\n<div>Diagnostiline hindamine.<\/div>\n<\/div>\n<p><span style=\"line-height: 1.6em\">Seega hinnatakse lasteaias pidevalt k\u00f5igi laste arengut ja k\u00f5rvalekallete m\u00e4rkamisel rakendatakse koheselt suunatumat hindamist. Kummagi hindamise sarnasusi ja erinevusi kajastab j\u00e4rgnev tabel, milles on v\u00e4lja toodud hindamisprotsessi tegevused ja nende j\u00e4rjekord.<\/span><\/p>\n<table class=\"table table-hover\" style=\"width: 678px\" border=\"1\" align=\"center\" cellpadding=\"0\" cellspacing=\"0\">\n<tbody>\n<tr>\n<td style=\"background-color: #99cc66;text-align: center\" rowspan=\"2\">\n<p><span style=\"background-color: #99cc66\"><strong>JRK NR<\/strong><\/span><\/p>\n<\/td>\n<td style=\"background-color: #99cc66;text-align: center\" rowspan=\"2\">\n<p><span style=\"background-color: #99cc66\"><strong>TEGEVUS<\/strong><strong>\u00a0<\/strong><\/span><\/p>\n<\/td>\n<td style=\"background-color: #99cc66;text-align: center\"><span style=\"background-color: #99cc66\"><strong>K\u00d5IK LAPSED<\/strong><\/span><\/td>\n<td style=\"background-color: #99cc66;text-align: center\"><span style=\"background-color: #99cc66\"><strong>ERIVAJADUSTEGA LAPSED<\/strong><\/span><\/td>\n<\/tr>\n<tr>\n<td style=\"background-color: #99cc66;text-align: center\"><strong><span style=\"background-color: #99cc66\">Laste arengutaseme j\u00e4lgimine ja hindamine<\/span><\/strong><\/td>\n<td style=\"background-color: #99cc66;text-align: center\"><strong><span style=\"background-color: #99cc66\">Erivajaduste (EV) hindamine\u00a0koost\u00f6\u00f6s tugispetsialistidega<\/span><\/strong><\/td>\n<\/tr>\n<tr>\n<td style=\"background-color: #99cc66\" rowspan=\"2\">\n<p>1.<\/p>\n<\/td>\n<td style=\"background-color: #b5da90\" rowspan=\"2\">\n<p>Taustainfo kogumine<\/p>\n<\/td>\n<td style=\"background-color: #b5da90\" colspan=\"2\">\n<p>Selles etapis koondatakse info, mis lapse kohta \u00fcldiselt teada on.<\/p>\n<\/td>\n<\/tr>\n<tr>\n<td>\n<p>\u00d5petajal on kasulik esimeste kontaktide k\u00e4igus lapsevanemalt k\u00fcsida, millist \u00f5petust laps on saanud enne lasteaeda tulekut \u2013 kas on k\u00e4inud m\u00f5nes teises lasteaias v\u00f5i on olnud kodus. See annab infot, millist oskuste-teadmiste taset enam-v\u00e4hem v\u00f5iks lapselt oodata. Esmase info kogumise variandina kasutatakse sageli k\u00fcsimustikku, mille t\u00e4idavad k\u00f5igi laste vanemad, kui lapsed lasteaias hakkavad k\u00e4ima.<\/p>\n<\/td>\n<td>\n<p>Enne, kui asuda lapse arengutaset t\u00e4psustama, m\u00f5eldakse l\u00e4bi, milliseid probleeme v\u00f5i vastupidi, tugevusi, on lapse arengus \u00fcldise hindamise k\u00e4igus seni t\u00e4heldatud.<\/p>\n<\/td>\n<\/tr>\n<tr>\n<td style=\"background-color: #99cc66\" rowspan=\"2\">\n<p>2.<\/p>\n<\/td>\n<td style=\"background-color: #b5da90\" rowspan=\"2\">\n<p><span style=\"font-size: small\">Hindamis-tegevuste kavandamine<\/span><\/p>\n<\/td>\n<td style=\"background-color: #b5da90\" colspan=\"2\">\n<p>Otsustatakse, mida ja kuidas hinnata ning valmistatakse ette uuringu kava. Viimast on mugav teha tabeli vormis, kuhu hindamise k\u00e4igus protokollitakse lapse sooritus, hindaja poolsed kommentaarid ja kokkuv\u00f5tted ning j\u00e4reldused.<\/p>\n<\/td>\n<\/tr>\n<tr>\n<td>\n<p>Lasteaia \u00f5ppekavas on kokku lepitud, millal ja milliste hindamistegevuste l\u00e4bi t\u00e4psustatakse iga lapse tugevad ja (suhteliselt) n\u00f5rgemad k\u00fcljed. \u00a0Samuti on lasteaias kokku lepitud uuringu kava vorm, mida nimetatakse nt vaatlusleheks v\u00f5i\u00a0 vaatlusplaaniks, millesse \u00f5petajad saavad t\u00f6\u00f6 k\u00e4igus laste oskuste-teadmiste kujunemise kohta m\u00e4rkmeid teha. Lisaks \u00f5petajate t\u00f6\u00f6le reguleerib lasteaia \u00f5ppekava ka tugispetsialistide (nt logopeedi) rolli laste arengu hindamisel.<\/p>\n<\/td>\n<td>\n<p>Lapse puhul, kelle oskustes-teadmistes v\u00f5i k\u00e4itumises on t\u00e4heldatud probleeme, tuleb p\u00f5hjalikumalt kaaluda, kuidas teha kindlaks, milles t\u00e4psemalt probleem seisneb ja kuidas j\u00f5uda selle lapse oskuste ja v\u00f5imete taseme kirjelduseni. See t\u00e4hendab konkreetse lapse puhul l\u00e4bi m\u00f5tlemist, milliste arenguvaldkondade kohta on vaja p\u00f5hjalikumat infot koguda ning milliseid meetodeid seejuures rakendada \u2013 milliseid tegevusi v\u00f5i olukordi t\u00e4psemalt vaadelda, milliseid uurimis\u00fclesandeid lapsele esitada v\u00f5i kellelt ja mille kohta saaks infot k\u00fcsitlemise teel. Siin on eriti oluline kaasata hindamisse teisi lasteaia spetsialiste, sest k\u00f5igi arenguvaldkondade p\u00f5hjalikuks hindamiseks j\u00e4\u00e4b \u00f5petaja p\u00e4devusest v\u00e4heks.<\/p>\n<p>EV lapse puhul tuleb kavandada ka arengukeskkonna kohta vajaliku info kogumine.<\/p>\n<p>Kuna teiste lastega v\u00f5rreldes on EV laste hindamine detailsem, siis peaks ka neile m\u00f5eldud uuringu kava olema p\u00f5hjalikum.<em> <\/em><\/p>\n<\/td>\n<\/tr>\n<tr>\n<td style=\"background-color: #99cc66\" rowspan=\"2\">\n<p>3.<\/p>\n<\/td>\n<td style=\"background-color: #b5da90\" rowspan=\"2\">\n<p>Hindamis-tegevuste l\u00e4biviimine<\/p>\n<\/td>\n<td style=\"background-color: #b5da90\" colspan=\"2\">\n<p>Selles etapis toimub reaalselt info kogumine eelnevalt v\u00e4lja t\u00f6\u00f6tatud kava alusel ja saadud info protokollimine.<\/p>\n<\/td>\n<\/tr>\n<tr>\n<td>\n<p>Laste kohta on kasulik teha m\u00e4rkmeid igan\u00e4dalaselt (pidev hindamine). Kevadeti tehakse kogutud infost kokkuv\u00f5tted ning viiakse l\u00e4bi ka p\u00f5hjalikum hindamine selleks, et otsustada, kas aastaks seatud arengueesm\u00e4rgid said t\u00e4idetud.\u00a0 Kooli minevate lastega viiakse t\u00e4psem hindamine l\u00e4bi ka viimase aasta s\u00fcgisel, et selgitada v\u00e4lja koolivalmiduse kujunemise kitsaskohad.<\/p>\n<\/td>\n<td>\n<p>Kui \u00fcldise hindamise k\u00e4igus on m\u00e4rgatud probleeme, viiakse koheselt l\u00e4bi p\u00f5hjalikum hindamine.<\/p>\n<p>S\u00f5ltuvalt sellest, mitut valdkonda, kui p\u00f5hjalikult ja kui paljusid spetsialiste kaasates t\u00e4psemalt uuritakse, v\u00f5ib selle etapi pikkus erinevate laste puhul oluliselt varieeruda.<\/p>\n<p>Lapsega, kellel on EV juba m\u00e4\u00e4ratletud,\u00a0 on m\u00f5istlik igal s\u00fcgisel\u00a0 \u00f5ppetegevuse planeerimiseks t\u00e4psustada laste oskuste-teadmiste taset, mis v\u00f5rreldes kevadega v\u00f5ib olla oluliselt muutunud.<\/p>\n<\/td>\n<\/tr>\n<tr>\n<td style=\"background-color: #99cc66\" rowspan=\"2\">\n<p>4.<\/p>\n<\/td>\n<td style=\"background-color: #b5da90\" rowspan=\"2\">\n<p>Saadud info anal\u00fc\u00fcs ja t\u00f5lgendamine<\/p>\n<\/td>\n<td style=\"background-color: #b5da90\" colspan=\"2\">\n<p>See etapp toimub suuresti paralleelselt eelnevaga ja siin p\u00fc\u00fctakse kogutud infot anal\u00fc\u00fcsida selliselt, et tuleks v\u00e4lja lapse oskuste tase ja l\u00e4hima arengu tsoon<\/p>\n<\/td>\n<\/tr>\n<tr>\n<td>\n<p>Kuna iga laps areneb veidi isemoodi, on k\u00f5igi laste oskuste-teadmiste kujundamisel vaja omada arusaama, mis tasemel see hetkel on. Kogutud info anal\u00fc\u00fcsil ja t\u00f5lgendamisel peaksid osalema k\u00f5ik vastava\u00a0 r\u00fchma \u00f5petajad, et lapse kohta tekkiv pilt oleks k\u00f5igil temaga igap\u00e4evaselt t\u00f6\u00f6tavatel pedagoogidel \u00fchesugune. See v\u00f5imaldab seada ka \u00fchiseid sihte lapse arendamiseks.\u00a0<\/p>\n<\/td>\n<td>\n<p>EV lapse puhul tuleb j\u00f5uda arusaamani,<\/p>\n<p>*\u00a0 millised on p\u00f5hilised arendamist vajavad valdkonnad ja milliste oskuste kujunemist neis tuleb spetsiifiliselt toetada,<\/p>\n<p>*\u00a0 millised\u00a0 arenguvaldkonnad on suhteliselt paremal tasemel,<\/p>\n<p>* millist abi \u00f5petamisel rakendada.<\/p>\n<p>Lisaks v\u00f5iks keskenduda selliste k\u00e4itumis-ise\u00e4rasuste anal\u00fc\u00fcsile, mis v\u00f5imaldaks t\u00e4psustada lapse erivajaduse t\u00fc\u00fcpi \u2013 kas tegemist v\u00f5ib olla nt. meelepuudega, intellekti arengu h\u00e4irega v\u00f5i leitakse hoopis autismile viitavaid jooni.<\/p>\n<\/td>\n<\/tr>\n<tr>\n<td style=\"background-color: #99cc66\" rowspan=\"2\">\n<p>5.<\/p>\n<\/td>\n<td style=\"background-color: #b5da90\" rowspan=\"2\">\n<p>\u00d5ppe- ja kasvatus-tegevuste\u00a0 kavandamine<\/p>\n<\/td>\n<td style=\"background-color: #b5da90\" colspan=\"2\">\n<p>Kui on teada, mille arendamisega tuleb spetsiifilisemalt tegelda, m\u00f5eldakse l\u00e4bi, mil viisil oleks seda k\u00f5ige parem teha. Mida ja kuidas muuta f\u00fc\u00fcsilises keskkonnas, kasutatavates vahendites ning \u00f5petaja tegevuses?<\/p>\n<\/td>\n<\/tr>\n<tr>\n<td>\n<p>Ka selles etapis on oluline r\u00fchma pedagoogide \u00fchine arusaam sellest, mida ja kuidas teha, et k\u00f5igi laste individuaalsus saaks \u00f5ppe- ja kasvatustegevusi planeerides arvesse v\u00f5etud.\u00a0<\/p>\n<\/td>\n<td>\n<p>EV lapse puhul tuleb lisaks kaaluda, kas ja milliste tugispetsialistide abi ta vajab ja kuidas seda kindlustada. Just EV lapse puhul on \u00e4\u00e4rmiselt oluline k\u00f5igi spetsialistide \u00fchine arusaam lapse probleemi olemusest ja sellest, kuidas tema arengut toetada. Olukord, kus iga spetsialist k\u00fcll teeb midagi m\u00f5ne konkreetse valdkonna arendamiseks, aga kus need tegevused omavahel ei haaku ja mida r\u00fchma\u00f5petajate igap\u00e4evane t\u00f6\u00f6 ei toeta, v\u00f5ib lapse jaoks kujuneda p\u00e4ris pingutavaks, aga kasu sellest on minimaalne. Hoopis enam kasu on sellest, kui erinevaid tegevusi kavandatakse v\u00e4hem, kuid nad k\u00f5ik on suunatud kindlate oskuste kujundamisele ja toetavad \u00fcksteist.<\/p>\n<\/td>\n<\/tr>\n<tr>\n<td style=\"background-color: #99cc66\" rowspan=\"2\">\n<p>6.<\/p>\n<\/td>\n<td style=\"background-color: #b5da90\" rowspan=\"2\">\n<p>Vanemate n\u00f5ustamine<\/p>\n<p>\u00a0<\/p>\n<\/td>\n<td style=\"background-color: #b5da90\" colspan=\"2\">\n<p>Vanemate n\u00f5ustamine toimub enamasti arenguvestluste k\u00e4igus, mil lapsevanemaga jagatakse hindamise tulemusi, selgitatakse omapoolseid plaane lapse edasiseks arendamiseks ja seda, mida lapsevanemad saaksid kodus oma lapse toetamiseks teha.\u00a0<\/p>\n<\/td>\n<\/tr>\n<tr>\n<td>\n<p>Arenguvestlusi on soovitav l\u00e4bi viia kevadel, mil tehakse kokkuvote aasta jooksul saavutatust ja seatakse sihid j\u00e4rgmiseks aastaks.<\/p>\n<\/td>\n<td>\n<p>Vanemaid teavitatakse hindamisel leitud erisustest\u00a0 ning selgitatakse, mida need lapse arengu ja \u00f5petamise seisukohast t\u00e4hendavad. Samuti suunatakse lapsevanemaid, kuidas leida lisainfot lapsel esinevate probleemide kohta. Kui peetakse vajalikuks konsultatsioone spetsialistidega v\u00e4ljaspool lasteaeda, siis arutatakse koos, kuidas seda korraldada.<\/p>\n<\/td>\n<\/tr>\n<tr>\n<td style=\"background-color: #99cc66\" rowspan=\"2\">\n<p>7.<\/p>\n<\/td>\n<td style=\"background-color: #b5da90\" rowspan=\"2\">\n<p>Kavandatu elluviimine<\/p>\n<\/td>\n<td style=\"background-color: #b5da90\" colspan=\"2\">\n<p>\u00d5petajate, tugispetsialistide ja lapsevanemate koost\u00f6\u00f6s kavandatud tegevused lapse arenguliste ise\u00e4rasuste arvestamiseks viiakse ellu. Rangelt v\u00f5ttes ei ole see enam hindamisprotsessi osa, vaid igap\u00e4evane \u00f5ppe-kasvatustegevus, mis arvestab juba lapse arengu erisusi (olgu need siis v\u00e4iksed v\u00f5i suured).<\/p>\n<\/td>\n<\/tr>\n<tr>\n<td>\n<p>\u00a0<\/p>\n<\/td>\n<td>\n<p>V\u00e4ga oluline on tugispetsialistide juures \u00f5pitavate oskuste igap\u00e4evane harjutamine ja kinnistamine r\u00fchma\u00f5petajate juhendamisel. See eeldab muidugi tugispetsialistide ja r\u00fchma\u00f5petajate tihedat koost\u00f6\u00f6d.\u00a0 Paralleelselt pedagoogilise sekkumisega teostatakse ka progressi hindamist eesm\u00e4rgiga j\u00e4lgida, kas lapse edasij\u00f5udmine on ootusp\u00e4rane ja kas valitud sekkumismeetodid end \u00f5igustavad v\u00f5i peab neis midagi muutma.<\/p>\n<\/td>\n<\/tr>\n<\/tbody>\n<\/table>\n<p><span style=\"line-height: 1.6em\">Palts, K.,\u00a0<\/span>H\u00e4idkind, P. (2013). Lapse arengu hindamine. <em>Lapse arengu hindamise ja toetamise juhendmaterjal koolieelsetele lasteasutustele. \u00a0<\/em><a href=\"http:\/\/www.hm.ee\/index.php?0512221\" target=\"_blank\" rel=\"noopener\">http:\/\/www.hm.ee\/index.php?0512221<\/a> \u00a0 \u00a0<\/p>\n<h2>Hindamise teine tasand<\/h2>\n<p>Teise tasandi hindamist pakuvad Rajaleidja keskused. Keskustesse v\u00f5ivad p\u00f6\u00f6rduda:<\/p>\n<ul>\n<li><span style=\"text-decoration: underline\">\u00f5petajad<\/span>.\u00a0Kui lasteaias on \u00fcldise hindamise k\u00e4igus leitud, et m\u00f5nel lapsel v\u00f5ib olla olulisi arenguerisusi, kuid t\u00e4psemaks ehk erivajaduste hindamiseks ei ole lasteaias vajalikke spetsialiste,\u00a0siis saavad Rajaleidja keskuse spetsialistid n\u00f5ustada \u00f5petajaid hindamise k\u00fcsimustes.<\/li>\n<li><span style=\"text-decoration: underline\">lapsevanemad<\/span>. Kui lapsevanem soovib oma lapse arengutaseme hindamist m\u00f5ne Rajaleidja keskuse spetsialisti poolt. \u00a0<\/li>\n<\/ul>\n<p><\/p><div class=\"accordion mb-3\">\n        <div class=\"accordion-item accordion-item--white\">\n        <h2 class=\"accordion-header\" id=\"accordion-69e18fb944aa9-heading\">\n            <button class=\"accordion-button collapsed\" type=\"button\" data-bs-toggle=\"collapse\" data-bs-target=\"#accordion-69e18fb944aa9-collapse\" aria-expanded=\"true\" aria-controls=\"accordion-69e18fb944aa9-collapse\">M\u00f5tle! Kas Rajaleidja keskustesse v\u00f5ivad p\u00f6\u00f6rduda \u00f5petajad omaalgatuslikult palvega, et sealsed spetsialistid viiksid l\u00e4bi m\u00f5ne konkreetse lapse arengutaseme hindamise?<\/button>\n        <\/h2>\n        <div id=\"accordion-69e18fb944aa9-collapse\" class=\"accordion-collapse collapse\" aria-labelledby=\"accordion-69e18fb944aa9-heading\">\n            <div class=\"accordion-body\">Ilma lapsevanema n\u00f5usolekuta \u00f5petajad lapse otseseks hindamiseks Rajaleidja keskusesse p\u00f6\u00f6rduda ei tohi. K\u00fcll aga v\u00f5ivad nad p\u00f6\u00f6rduda selleks, et k\u00fcsida n\u00f5u, kuidas ise hindamist l\u00e4bi viia. Sel juhul ei tohi muidugi \u00fchegi lapse isikuandmeid edastada. <\/div>\n        <\/div>\n        <\/div>\n    <\/div>\n\n<p><span style=\"line-height: 1.6em\">Kui lasteaias on viidud l\u00e4bi erivajaduste hindamine ja kasutatud \u00e4ra lasteaia v\u00f5imalused sekkumiseks ning on selgunud, et sellest ei piisa lapse erivajaduste arvestamiseks, siis v\u00f5ib osutuda vajalikuks lapse arengutaseme ja -potentsiaali hindamine <strong>kooliv\u00e4lises n\u00f5ustamismeeskonnas<\/strong>. Seaduse j\u00e4rgi \u00a0on just n\u00f5ustamismeeskonna soovitus tarvilik selleks, et paigutada laps nt sobitusr\u00fchma v\u00f5i erir\u00fchma, kus on paremad tingimused lapse arendamiseks l\u00e4htuvalt tema erip\u00e4rast. Kooliv\u00e4lise n\u00f5ustamismeeskonna poole p\u00f6\u00f6rdumise algatab kas lapsevanem v\u00f5i lasteaia direktor. Meeskonna spetsialistid hindavad omapoolselt lapse vajadusi arengutingimuste muutmise j\u00e4rele tuginedes seejuures lasteaia spetsialistide antud hinnangutele ning vajadusel ka meditsiinilistele uuringutele.<\/span><\/p>\n<p>Kui n\u00f5ustamismeeskond soovitab lapse panna m\u00f5nda sobitus- v\u00f5i erir\u00fchma, siis ka neis r\u00fchmades j\u00e4tkub lapse arengu j\u00e4lgimine ja hindamine. Seda tehakse samuti pidevalt ning siin on oluline osa progressi hindamisel \u2013 hinnatakse, kuiv\u00f5rd uued arendamis- ja \u00f5petamistingimused toovad kaasa soovitud edasimineku.<\/p>\n","protected":false},"excerpt":{"rendered":"<p>Laste arengu j\u00e4lgimine ja hindamine on oluline kohe, kui laps haridussusteemi j\u00f5uab, ehk juba lasteaias. Varajane hindamine v\u00f5imaldab koheselt rakendada vajalikke meetmeid, et lapse arengut toetada tema individuaalsetest vajadustest l\u00e4htuvalt. \u00a0 M\u00f5tle!\u00a0Eriti oluline on v\u00f5imalikult varajane hindamine erivajadustega laste puhul. &#8230;<\/p>\n","protected":false},"author":3,"featured_media":0,"parent":0,"menu_order":0,"comment_status":"closed","ping_status":"closed","template":"","meta":{"_acf_changed":false,"inline_featured_image":false,"footnotes":""},"class_list":["post-12","page","type-page","status-publish","hentry"],"acf":[],"_links":{"self":[{"href":"https:\/\/sisu.ut.ee\/evidkorraldus\/wp-json\/wp\/v2\/pages\/12","targetHints":{"allow":["GET"]}}],"collection":[{"href":"https:\/\/sisu.ut.ee\/evidkorraldus\/wp-json\/wp\/v2\/pages"}],"about":[{"href":"https:\/\/sisu.ut.ee\/evidkorraldus\/wp-json\/wp\/v2\/types\/page"}],"author":[{"embeddable":true,"href":"https:\/\/sisu.ut.ee\/evidkorraldus\/wp-json\/wp\/v2\/users\/3"}],"replies":[{"embeddable":true,"href":"https:\/\/sisu.ut.ee\/evidkorraldus\/wp-json\/wp\/v2\/comments?post=12"}],"version-history":[{"count":1,"href":"https:\/\/sisu.ut.ee\/evidkorraldus\/wp-json\/wp\/v2\/pages\/12\/revisions"}],"predecessor-version":[{"id":52,"href":"https:\/\/sisu.ut.ee\/evidkorraldus\/wp-json\/wp\/v2\/pages\/12\/revisions\/52"}],"wp:attachment":[{"href":"https:\/\/sisu.ut.ee\/evidkorraldus\/wp-json\/wp\/v2\/media?parent=12"}],"curies":[{"name":"wp","href":"https:\/\/api.w.org\/{rel}","templated":true}]}}