{"id":8,"date":"2024-04-03T23:16:14","date_gmt":"2024-04-03T20:16:14","guid":{"rendered":"https:\/\/sisu.ut.ee\/eviddiferents\/fuusilise-puudega-lapsed\/"},"modified":"2024-04-03T23:16:17","modified_gmt":"2024-04-03T20:16:17","slug":"fuusilise-puudega-lapsed","status":"publish","type":"page","link":"https:\/\/sisu.ut.ee\/eviddiferents\/fuusilise-puudega-lapsed\/","title":{"rendered":"F\u00fc\u00fcsilise puudega lapsed"},"content":{"rendered":"<table class=\"table table-hover\" style=\"width: 100%\" border=\"0\">\n<tbody>\n<tr>\n<td style=\"background-color: #90ab5c;text-align: center;width: 50%\"><strong>vanuses 0-3 aastat\u00a0<\/strong><\/td>\n<td style=\"background-color: #90ab5c;text-align: center\"><strong>vanuses 3-7 aastat<\/strong><\/td>\n<\/tr>\n<tr>\n<td>tugi-liikumisaparaadi funktsioonide taastamine<\/td>\n<td>liikumisravi<\/td>\n<\/tr>\n<tr>\n<td>f\u00fc\u00fcsilise aktiivsuse parandamine<\/td>\n<td>tajude arendamine<\/td>\n<\/tr>\n<tr>\n<td>peenmotoorika korrigeerimine<\/td>\n<td>m\u00f5tlemise arendamine<\/td>\n<\/tr>\n<tr>\n<td>praktilise tegevuse oskuste t\u00e4iustamine<\/td>\n<td>k\u00f5nearendus<\/td>\n<\/tr>\n<tr>\n<td>tunnetustegevuse mahaj\u00e4\u00e4muse korrigeerimine<\/td>\n<td>produktiivsete tegevuste kujundamine<\/td>\n<\/tr>\n<tr>\n<td>k\u00f5nearendus<\/td>\n<td>rollim\u00e4ngu \u00f5petus<\/td>\n<\/tr>\n<tr>\n<td>lapsevanemate n\u00f5ustamine<\/td>\n<td>elementaarsete matemaatiliste kujutluste loomine<\/td>\n<\/tr>\n<tr>\n<td><\/td>\n<td>ettevalmistus lugema ja kirjutama\u00f5ppimiseks<\/td>\n<\/tr>\n<\/tbody>\n<\/table>\n","protected":false},"excerpt":{"rendered":"<p>vanuses 0-3 aastat\u00a0 vanuses 3-7 aastat tugi-liikumisaparaadi funktsioonide taastamine liikumisravi f\u00fc\u00fcsilise aktiivsuse parandamine tajude arendamine peenmotoorika korrigeerimine m\u00f5tlemise arendamine praktilise tegevuse oskuste t\u00e4iustamine k\u00f5nearendus tunnetustegevuse mahaj\u00e4\u00e4muse korrigeerimine produktiivsete tegevuste kujundamine k\u00f5nearendus rollim\u00e4ngu \u00f5petus lapsevanemate n\u00f5ustamine elementaarsete matemaatiliste kujutluste loomine ettevalmistus &#8230;<\/p>\n","protected":false},"author":3,"featured_media":0,"parent":0,"menu_order":0,"comment_status":"closed","ping_status":"closed","template":"","meta":{"_acf_changed":false,"inline_featured_image":false,"footnotes":""},"class_list":["post-8","page","type-page","status-publish","hentry"],"acf":[],"_links":{"self":[{"href":"https:\/\/sisu.ut.ee\/eviddiferents\/wp-json\/wp\/v2\/pages\/8","targetHints":{"allow":["GET"]}}],"collection":[{"href":"https:\/\/sisu.ut.ee\/eviddiferents\/wp-json\/wp\/v2\/pages"}],"about":[{"href":"https:\/\/sisu.ut.ee\/eviddiferents\/wp-json\/wp\/v2\/types\/page"}],"author":[{"embeddable":true,"href":"https:\/\/sisu.ut.ee\/eviddiferents\/wp-json\/wp\/v2\/users\/3"}],"replies":[{"embeddable":true,"href":"https:\/\/sisu.ut.ee\/eviddiferents\/wp-json\/wp\/v2\/comments?post=8"}],"version-history":[{"count":1,"href":"https:\/\/sisu.ut.ee\/eviddiferents\/wp-json\/wp\/v2\/pages\/8\/revisions"}],"predecessor-version":[{"id":54,"href":"https:\/\/sisu.ut.ee\/eviddiferents\/wp-json\/wp\/v2\/pages\/8\/revisions\/54"}],"wp:attachment":[{"href":"https:\/\/sisu.ut.ee\/eviddiferents\/wp-json\/wp\/v2\/media?parent=8"}],"curies":[{"name":"wp","href":"https:\/\/api.w.org\/{rel}","templated":true}]}}