{"id":7,"date":"2024-04-03T23:16:13","date_gmt":"2024-04-03T20:16:13","guid":{"rendered":"https:\/\/sisu.ut.ee\/eviddiferents\/nagemispuudega-lapsed\/"},"modified":"2024-04-03T23:16:18","modified_gmt":"2024-04-03T20:16:18","slug":"nagemispuudega-lapsed","status":"publish","type":"page","link":"https:\/\/sisu.ut.ee\/eviddiferents\/nagemispuudega-lapsed\/","title":{"rendered":"N\u00e4gemispuudega lapsed"},"content":{"rendered":"<table class=\"table table-hover\" style=\"width: 100%\" border=\"0\">\n<tbody>\n<tr>\n<td style=\"background-color: #90ab5c;text-align: center\"><strong>vanuses 0-3 aastat\u00a0<\/strong><\/td>\n<td style=\"background-color: #90ab5c;text-align: center;width: 50%\"><strong>vanuses 3-7 aastat<\/strong><\/td>\n<\/tr>\n<tr>\n<td style=\"text-align: left\">n\u00e4gemise stimuleerimine<\/td>\n<td style=\"text-align: left\">n\u00e4gemisj\u00e4\u00e4kide stimuleerimine<\/td>\n<\/tr>\n<tr>\n<td style=\"text-align: left\">n\u00e4gemisj\u00e4\u00e4kide kasutamise \u00f5petus<\/td>\n<td style=\"text-align: left\">k\u00e4elise tegevuse arendamine<\/td>\n<\/tr>\n<tr>\n<td style=\"text-align: left\">k\u00e4e liigutuste ja tundlikkuse aktiviseerimine<\/td>\n<td style=\"text-align: left\">tajude arendamine<\/td>\n<\/tr>\n<tr>\n<td style=\"text-align: left\">eneseteenindusoskuste kujundamine<\/td>\n<td style=\"text-align: left\">suurendusvahendite kasutama \u00f5petamine<\/td>\n<\/tr>\n<tr>\n<td style=\"text-align: left\">laste v\u00f5imetekohane arendamine l\u00e4htuvalt alushariduse n\u00f5uetest<\/td>\n<td style=\"text-align: left\">m\u00f5tlemise arendamine<\/td>\n<\/tr>\n<tr>\n<td style=\"text-align: left\">lapsevanemate v\u00e4lja\u00f5pe t\u00f6\u00f6ks oma lapsega<\/td>\n<td style=\"text-align: left\">n\u00e4gemis-liigutusliku koordinatsiooni korrigeerimine<\/td>\n<\/tr>\n<tr>\n<td style=\"text-align: left\"><\/td>\n<td style=\"text-align: left\">ruumilise orienteerumise korrigeerimine<\/td>\n<\/tr>\n<tr>\n<td style=\"text-align: left\"><\/td>\n<td style=\"text-align: left\">rollim\u00e4ngu\u00f5petus<\/td>\n<\/tr>\n<tr>\n<td style=\"text-align: left\"><\/td>\n<td style=\"text-align: left\">elementaarsete matemaatiliste kujutluste loomine<\/td>\n<\/tr>\n<tr>\n<td style=\"text-align: left\"><\/td>\n<td style=\"text-align: left\">ettevalmistus lugema ja kirjutama \u00f5ppimiseks<\/td>\n<\/tr>\n<\/tbody>\n<\/table>\n","protected":false},"excerpt":{"rendered":"<p>vanuses 0-3 aastat\u00a0 vanuses 3-7 aastat n\u00e4gemise stimuleerimine n\u00e4gemisj\u00e4\u00e4kide stimuleerimine n\u00e4gemisj\u00e4\u00e4kide kasutamise \u00f5petus k\u00e4elise tegevuse arendamine k\u00e4e liigutuste ja tundlikkuse aktiviseerimine tajude arendamine eneseteenindusoskuste kujundamine suurendusvahendite kasutama \u00f5petamine laste v\u00f5imetekohane arendamine l\u00e4htuvalt alushariduse n\u00f5uetest m\u00f5tlemise arendamine lapsevanemate v\u00e4lja\u00f5pe t\u00f6\u00f6ks oma &#8230;<\/p>\n","protected":false},"author":3,"featured_media":0,"parent":0,"menu_order":0,"comment_status":"closed","ping_status":"closed","template":"","meta":{"_acf_changed":false,"inline_featured_image":false,"footnotes":""},"class_list":["post-7","page","type-page","status-publish","hentry"],"acf":[],"_links":{"self":[{"href":"https:\/\/sisu.ut.ee\/eviddiferents\/wp-json\/wp\/v2\/pages\/7","targetHints":{"allow":["GET"]}}],"collection":[{"href":"https:\/\/sisu.ut.ee\/eviddiferents\/wp-json\/wp\/v2\/pages"}],"about":[{"href":"https:\/\/sisu.ut.ee\/eviddiferents\/wp-json\/wp\/v2\/types\/page"}],"author":[{"embeddable":true,"href":"https:\/\/sisu.ut.ee\/eviddiferents\/wp-json\/wp\/v2\/users\/3"}],"replies":[{"embeddable":true,"href":"https:\/\/sisu.ut.ee\/eviddiferents\/wp-json\/wp\/v2\/comments?post=7"}],"version-history":[{"count":1,"href":"https:\/\/sisu.ut.ee\/eviddiferents\/wp-json\/wp\/v2\/pages\/7\/revisions"}],"predecessor-version":[{"id":75,"href":"https:\/\/sisu.ut.ee\/eviddiferents\/wp-json\/wp\/v2\/pages\/7\/revisions\/75"}],"wp:attachment":[{"href":"https:\/\/sisu.ut.ee\/eviddiferents\/wp-json\/wp\/v2\/media?parent=7"}],"curies":[{"name":"wp","href":"https:\/\/api.w.org\/{rel}","templated":true}]}}