{"id":6,"date":"2024-04-03T23:16:13","date_gmt":"2024-04-03T20:16:13","guid":{"rendered":"https:\/\/sisu.ut.ee\/eviddiferents\/kuulmispuudega-lapsed\/"},"modified":"2024-04-03T23:16:18","modified_gmt":"2024-04-03T20:16:18","slug":"kuulmispuudega-lapsed","status":"publish","type":"page","link":"https:\/\/sisu.ut.ee\/eviddiferents\/kuulmispuudega-lapsed\/","title":{"rendered":"Kuulmispuudega lapsed"},"content":{"rendered":"<table class=\"table table-hover\" style=\"width: 100%\" border=\"0\" align=\"center\">\n<tbody>\n<tr>\n<td style=\"background-color: #90ab5c;text-align: center;width: 50%\"><strong>vanuses 0-3 aastat\u00a0<\/strong><\/td>\n<td style=\"background-color: #90ab5c;text-align: center\"><strong>vanuses 3-7 aastat<\/strong><\/td>\n<\/tr>\n<tr>\n<td>kuuldeaparaadi kasutamise \u00f5petus<\/td>\n<td>kuulmis- ja foneemitaju arendamine<\/td>\n<\/tr>\n<tr>\n<td>kuulmistreening<\/td>\n<td>k\u00f5nearendus toetudes oraalse \u00f5petuse v\u00f5tetele<\/td>\n<\/tr>\n<tr>\n<td>harjutused h\u00e4\u00e4le tekitamiseks<\/td>\n<td>tunnetustegevuse arendamine<\/td>\n<\/tr>\n<tr>\n<td>k\u00f5nearendus toetudes oraalse \u00f5petuse v\u00f5tetele<\/td>\n<td>produktiivsete tegevuste arendamine<\/td>\n<\/tr>\n<tr>\n<td>sensoorsete s\u00fcsteemide arendamine<\/td>\n<td>rollim\u00e4ngu kujundamine<\/td>\n<\/tr>\n<tr>\n<td>motoorsete v\u00f5imete korrigieerimine<\/td>\n<td>elementaarsete matemaatiliste kujutluste arendamine<\/td>\n<\/tr>\n<tr>\n<td>lapsevanemate v\u00e4lja\u00f5pe t\u00f6\u00f6ks oma lapsega<\/td>\n<td>kooliks ettevalmistus<\/td>\n<\/tr>\n<\/tbody>\n<\/table>\n","protected":false},"excerpt":{"rendered":"<p>vanuses 0-3 aastat\u00a0 vanuses 3-7 aastat kuuldeaparaadi kasutamise \u00f5petus kuulmis- ja foneemitaju arendamine kuulmistreening k\u00f5nearendus toetudes oraalse \u00f5petuse v\u00f5tetele harjutused h\u00e4\u00e4le tekitamiseks tunnetustegevuse arendamine k\u00f5nearendus toetudes oraalse \u00f5petuse v\u00f5tetele produktiivsete tegevuste arendamine sensoorsete s\u00fcsteemide arendamine rollim\u00e4ngu kujundamine motoorsete v\u00f5imete korrigieerimine &#8230;<\/p>\n","protected":false},"author":3,"featured_media":0,"parent":0,"menu_order":0,"comment_status":"closed","ping_status":"closed","template":"","meta":{"_acf_changed":false,"inline_featured_image":false,"footnotes":""},"class_list":["post-6","page","type-page","status-publish","hentry"],"acf":[],"_links":{"self":[{"href":"https:\/\/sisu.ut.ee\/eviddiferents\/wp-json\/wp\/v2\/pages\/6","targetHints":{"allow":["GET"]}}],"collection":[{"href":"https:\/\/sisu.ut.ee\/eviddiferents\/wp-json\/wp\/v2\/pages"}],"about":[{"href":"https:\/\/sisu.ut.ee\/eviddiferents\/wp-json\/wp\/v2\/types\/page"}],"author":[{"embeddable":true,"href":"https:\/\/sisu.ut.ee\/eviddiferents\/wp-json\/wp\/v2\/users\/3"}],"replies":[{"embeddable":true,"href":"https:\/\/sisu.ut.ee\/eviddiferents\/wp-json\/wp\/v2\/comments?post=6"}],"version-history":[{"count":1,"href":"https:\/\/sisu.ut.ee\/eviddiferents\/wp-json\/wp\/v2\/pages\/6\/revisions"}],"predecessor-version":[{"id":74,"href":"https:\/\/sisu.ut.ee\/eviddiferents\/wp-json\/wp\/v2\/pages\/6\/revisions\/74"}],"wp:attachment":[{"href":"https:\/\/sisu.ut.ee\/eviddiferents\/wp-json\/wp\/v2\/media?parent=6"}],"curies":[{"name":"wp","href":"https:\/\/api.w.org\/{rel}","templated":true}]}}