{"id":5,"date":"2024-04-03T23:16:13","date_gmt":"2024-04-03T20:16:13","guid":{"rendered":"https:\/\/sisu.ut.ee\/eviddiferents\/teenused-erivajadustega-lastele-koolieas\/"},"modified":"2024-04-03T23:16:18","modified_gmt":"2024-04-03T20:16:18","slug":"teenused-erivajadustega-lastele-koolieas","status":"publish","type":"page","link":"https:\/\/sisu.ut.ee\/eviddiferents\/teenused-erivajadustega-lastele-koolieas\/","title":{"rendered":"Teenused erivajadustega lastele koolieas"},"content":{"rendered":"<p>Nagu lasteaias, on ka kooli j\u00f5udnud lastele vaja pakkuda igak\u00fclgselt toetavat keskkonda. Seda nii haridusasutuse siseselt kui ka laiemalt. J\u00e4rgnevalt visandatakse pilt sellest, milliste oskuste kujunemisel erinevate erivajadustega \u00f5pilased vajavad abi ning millised spetsialistid koolis v\u00f5i millised institutsioonid v\u00e4ljaspool kooli\u00a0<span style=\"line-height: 1.6em\">saavad<\/span><span style=\"line-height: 1.6em\">\u00a0<\/span><span style=\"line-height: 1.6em\">seda abi pakkuda.\u00a0<\/span><\/p>\n<p>Toodud info p\u00f5hineb \u00a0<span>projektikokkuv\u00f5ttel \u201c<\/span><em>Erivajadustega laste hoolekande- ja rehabiliteerimisvajaduste hindamine ja kulg<\/em><span>\u201d (1999).<\/span>\u00a0Vahepealsete aastatega on \u00fcht-teist muidugi muutunud:<\/p>\n<ul>\n<li><span style=\"line-height: 1.6em\">koolisiseselt pakutava abi ja toetuse korraldus on ilmselt muutunud s\u00fcsteemsemaks ning juurde on tulnud hariduslike erivajadustega \u00f5pilaste \u00f5ppe koordineerijad (HEVKO-d);<\/span><\/li>\n<li><span style=\"line-height: 1.6em\">kooliv\u00e4lised v\u00f5imalused on oluliselt laienenud, n\u00e4iteks tegutsevad Rajaleidja\u00a0<\/span><span style=\"line-height: 1.6em\">keskused, kust saab vajadusel<\/span><span style=\"line-height: 1.6em\">\u00a0eripedagoogilist,\u00a0<\/span><span style=\"line-height: 1.6em\">logopeedilist, <\/span><span style=\"line-height: 1.6em\">ps\u00fchholoogilist\u00a0<\/span><span style=\"line-height: 1.6em\">ja sotsiaalpedagoogilist abi;<\/span><\/li>\n<li><span style=\"line-height: 1.6em\">avardunud\u00a0on\u00a0info saamise ja jagamise v\u00f5imalused paljude tugigruppide ja \u00fchingute n\u00e4ol, mis ennek\u00f5ike on toeks lapsevanematele, kuid organiseerivad \u00fchistegevusi ka lastele.<\/span><\/li>\n<\/ul>\n<table class=\"table table-hover\" style=\"width: 100%\" border=\"0\" align=\"center\">\n<tbody>\n<tr>\n<td>\n<div><img loading=\"lazy\" decoding=\"async\" width=\"50\" height=\"50\" class=\"alignnone wp-image-27\" style=\"float: left\" src=\"https:\/\/sisu.ut.ee\/wp-content\/uploads\/sites\/69\/ulesanne.png\" title=\"ulesanne.png\" alt=\"ulesanne.png\"><strong>\u00dclesanne!<\/strong><\/div>\n<div><span style=\"font-size: 13px;line-height: 20.796875px\">T\u00f6\u00f6ta l\u00e4bi j\u00e4rgnevate alapeat\u00fckkide info ning m\u00f5tle iga erivajaduste t\u00fc\u00fcbi juures, kas praegusel ajal on Eestis veel muid v\u00f5imalusi just selliste laste toetamiseks.<\/span><\/div>\n<\/td>\n<\/tr>\n<\/tbody>\n<\/table>\n<p><span style=\"line-height: 1.6em\"><br>\u00a0<\/span><\/p>\n","protected":false},"excerpt":{"rendered":"<p>Nagu lasteaias, on ka kooli j\u00f5udnud lastele vaja pakkuda igak\u00fclgselt toetavat keskkonda. Seda nii haridusasutuse siseselt kui ka laiemalt. J\u00e4rgnevalt visandatakse pilt sellest, milliste oskuste kujunemisel erinevate erivajadustega \u00f5pilased vajavad abi ning millised spetsialistid koolis v\u00f5i millised institutsioonid v\u00e4ljaspool kooli\u00a0saavad\u00a0seda &#8230;<\/p>\n","protected":false},"author":3,"featured_media":0,"parent":0,"menu_order":0,"comment_status":"closed","ping_status":"closed","template":"","meta":{"_acf_changed":false,"inline_featured_image":false,"footnotes":""},"class_list":["post-5","page","type-page","status-publish","hentry"],"acf":[],"_links":{"self":[{"href":"https:\/\/sisu.ut.ee\/eviddiferents\/wp-json\/wp\/v2\/pages\/5","targetHints":{"allow":["GET"]}}],"collection":[{"href":"https:\/\/sisu.ut.ee\/eviddiferents\/wp-json\/wp\/v2\/pages"}],"about":[{"href":"https:\/\/sisu.ut.ee\/eviddiferents\/wp-json\/wp\/v2\/types\/page"}],"author":[{"embeddable":true,"href":"https:\/\/sisu.ut.ee\/eviddiferents\/wp-json\/wp\/v2\/users\/3"}],"replies":[{"embeddable":true,"href":"https:\/\/sisu.ut.ee\/eviddiferents\/wp-json\/wp\/v2\/comments?post=5"}],"version-history":[{"count":1,"href":"https:\/\/sisu.ut.ee\/eviddiferents\/wp-json\/wp\/v2\/pages\/5\/revisions"}],"predecessor-version":[{"id":73,"href":"https:\/\/sisu.ut.ee\/eviddiferents\/wp-json\/wp\/v2\/pages\/5\/revisions\/73"}],"wp:attachment":[{"href":"https:\/\/sisu.ut.ee\/eviddiferents\/wp-json\/wp\/v2\/media?parent=5"}],"curies":[{"name":"wp","href":"https:\/\/api.w.org\/{rel}","templated":true}]}}