{"id":20,"date":"2024-04-03T23:16:14","date_gmt":"2024-04-03T20:16:14","guid":{"rendered":"https:\/\/sisu.ut.ee\/eviddiferents\/kirjandus\/"},"modified":"2024-04-03T23:16:18","modified_gmt":"2024-04-03T20:16:18","slug":"kirjandus","status":"publish","type":"page","link":"https:\/\/sisu.ut.ee\/eviddiferents\/kirjandus\/","title":{"rendered":"Kirjandus"},"content":{"rendered":"<h2>Kasutatud kirjandus:<\/h2>\n<ul>\n<li><span style=\"line-height: 1.6em\">Koolieelse lasteasutuse seadus.\u00a0https:\/\/www.riigiteataja.ee\/akt\/122012018006<\/span><\/li>\n<li><span style=\"line-height: 1.6em\">Lapse erilasteaeda v\u00f5i -r\u00fchma vastuv\u00f5tmise ning v\u00e4ljaarvamise alused ja kord.\u00a0https:\/\/www.riigiteataja.ee\/akt\/120022018002<\/span><\/li>\n<li><span style=\"line-height: 1.6em\">P\u00f5hikooli ja g\u00fcmnaasiumiseadus.\u00a0https:\/\/www.riigiteataja.ee\/akt\/122012018003<span>\u00a0<\/span><\/span><\/li>\n<li>K\u00f5rgesaar, J., Neare, V., Kuusik, \u00dc., Melsas, M., Gross-Paju, K., Kruust\u00fck, K. Veenpere, R. (1999). <em style=\"line-height: 1.6em\">Erivajadustega laste hoolekande- ja rehabiliteerimisvajaduste hindamine ja kulg<\/em><span style=\"line-height: 1.6em\">. Tartu<\/span><\/li>\n<\/ul>\n<h2>Soovitatav kirjandus:<\/h2>\n<ul>\n<li><span style=\"line-height: 1.6em\">H\u00e4idkind, P., Kuusik, \u00dc. (2009). Erivajadustega laps koolieelses lasteasutuses.\u00a0<\/span><em style=\"line-height: 1.6em\">Lapse arengu hindamine ja toetamine.<\/em><span style=\"line-height: 1.6em\">\u00a0Tallinn: REKK<\/span><\/li>\n<\/ul>\n<div><span style=\"line-height: 1.6em\">K\u00e4esoleva sisupaketiga haakuvad temaatiliselt j\u00e4rgmised sisupaketid:<\/span><\/div>\n<ol>\n<li><span style=\"line-height: 1.6em\">\u00dclevaade erivajaduste identifitseerimise olemusest ja ajaloost.\u00a0<\/span><a style=\"line-height: 1.6em\" href=\"http:\/\/sisu.ut.ee\/evidolemus\" target=\"_blank\" rel=\"noopener\">http:\/\/sisu.ut.ee\/evidolemus<\/a><\/li>\n<li><span style=\"line-height: 1.6em\">Hindamise objekt ja potentsiaalsed arenguh\u00e4lvete tunnused lastel vanuses 0-14 aastat.\u00a0<\/span><a style=\"line-height: 1.6em\" href=\"http:\/\/sisu.ut.ee\/evidobjekt\" target=\"_blank\" rel=\"noopener\">http:\/\/sisu.ut.ee\/evidobjekt<\/a><\/li>\n<li>Laste arengutaseme hindamise t\u00fc\u00fcbid ja meetodid ning \u00f5petajate p\u00e4devus laste hindamisel.\u00a0<a href=\"http:\/\/sisu.ut.ee\/evidmeetod\" target=\"_blank\" rel=\"noopener\">http:\/\/sisu.ut.ee\/evidmeetod<\/a><\/li>\n<li>Laste uurimise spetsiifika ja erivajadustega laste uurimine.\u00a0<a href=\"http:\/\/sisu.ut.ee\/evidlapsed\" target=\"_blank\" rel=\"noopener\">http:\/\/sisu.ut.ee\/evidlapsed<\/a><\/li>\n<li>Hindamise ja n\u00f5ustamise korraldus Eestis.\u00a0<a href=\"http:\/\/sisu.ut.ee\/evidkorraldus\" target=\"_blank\" rel=\"noopener\">http:\/\/sisu.ut.ee\/evidkorraldus<\/a><\/li>\n<\/ol>\n","protected":false},"excerpt":{"rendered":"<p>Kasutatud kirjandus: Koolieelse lasteasutuse seadus.\u00a0https:\/\/www.riigiteataja.ee\/akt\/122012018006 Lapse erilasteaeda v\u00f5i -r\u00fchma vastuv\u00f5tmise ning v\u00e4ljaarvamise alused ja kord.\u00a0https:\/\/www.riigiteataja.ee\/akt\/120022018002 P\u00f5hikooli ja g\u00fcmnaasiumiseadus.\u00a0https:\/\/www.riigiteataja.ee\/akt\/122012018003\u00a0 K\u00f5rgesaar, J., Neare, V., Kuusik, \u00dc., Melsas, M., Gross-Paju, K., Kruust\u00fck, K. Veenpere, R. (1999). Erivajadustega laste hoolekande- ja rehabiliteerimisvajaduste hindamine ja &#8230;<\/p>\n","protected":false},"author":3,"featured_media":0,"parent":0,"menu_order":0,"comment_status":"closed","ping_status":"closed","template":"","meta":{"_acf_changed":false,"inline_featured_image":false,"footnotes":""},"class_list":["post-20","page","type-page","status-publish","hentry"],"acf":[],"_links":{"self":[{"href":"https:\/\/sisu.ut.ee\/eviddiferents\/wp-json\/wp\/v2\/pages\/20","targetHints":{"allow":["GET"]}}],"collection":[{"href":"https:\/\/sisu.ut.ee\/eviddiferents\/wp-json\/wp\/v2\/pages"}],"about":[{"href":"https:\/\/sisu.ut.ee\/eviddiferents\/wp-json\/wp\/v2\/types\/page"}],"author":[{"embeddable":true,"href":"https:\/\/sisu.ut.ee\/eviddiferents\/wp-json\/wp\/v2\/users\/3"}],"replies":[{"embeddable":true,"href":"https:\/\/sisu.ut.ee\/eviddiferents\/wp-json\/wp\/v2\/comments?post=20"}],"version-history":[{"count":1,"href":"https:\/\/sisu.ut.ee\/eviddiferents\/wp-json\/wp\/v2\/pages\/20\/revisions"}],"predecessor-version":[{"id":66,"href":"https:\/\/sisu.ut.ee\/eviddiferents\/wp-json\/wp\/v2\/pages\/20\/revisions\/66"}],"wp:attachment":[{"href":"https:\/\/sisu.ut.ee\/eviddiferents\/wp-json\/wp\/v2\/media?parent=20"}],"curies":[{"name":"wp","href":"https:\/\/api.w.org\/{rel}","templated":true}]}}