{"id":19,"date":"2024-04-03T23:16:14","date_gmt":"2024-04-03T20:16:14","guid":{"rendered":"https:\/\/sisu.ut.ee\/eviddiferents\/kokkuvote\/"},"modified":"2024-04-03T23:16:18","modified_gmt":"2024-04-03T20:16:18","slug":"kokkuvote","status":"publish","type":"page","link":"https:\/\/sisu.ut.ee\/eviddiferents\/kokkuvote\/","title":{"rendered":"KOKKUV\u00d5TE"},"content":{"rendered":"<p><span style=\"line-height: 1.6em\">Eesti hariduss\u00fcsteemis rakendatakse erivajadustega lastele erinevaid \u00f5petuse diferentseerimise v\u00f5imalusi, mis t\u00e4hendab laste \u00f5petamistingimuste muutmist vastavalt iga lapse vajadustele.<\/span><\/p>\n<div id=\"accordion\" class=\"accordion\">\n<h3><a href=\"#\">M\u00f5tle! Kuidas saadakse teada, millised need individuaalsed vajadused on?<\/a><\/h3>\n<div>Erivajaduste identifitseerimise tulemusel. Seega saab \u00f6elda, et laste \u00f5petuse diferentseerimine on erivajaduste identifitseerimise v\u00e4ljundiks.<\/div>\n<\/div>\n<p><span style=\"line-height: 1.6em\">P\u00f5hiliselt pakutakse abi lapse kodul\u00e4hedases haridusasutuses \u00f5petades teda kas siis tava- (1. ja 2. tasand) v\u00f5i eriklassis (3. tasand). Kui kodukoolis pole v\u00f5imalik lapsele sobilikke tingimusi luua v\u00f5i need ei osutu piisavaks, siis on meil ka erikoolid (4. tasand). Mistahes tasandist me aga r\u00e4\u00e4gime, on oluline k\u00f5igi lapsega tegelevate t\u00e4iskasvanute \u00fchine arusaam lapse probleemist ja \u00fchiselt p\u00fcstitatud eesm\u00e4rgid ning v\u00e4hemalt asutuse sisene koost\u00f6\u00f6 nende saavutamiseks.<\/span><\/p>\n<p>S\u00f5ltuvalt erivajaduse t\u00fc\u00fcbist tuleb tegelda s\u00fcvendatult kindlate valdkondade oskuste-teadmist kujundamisega ning siin on \u00f5petajale abiks vastava eriala tugispetsialistid. Koolis tegelevad lastega mitmed \u00f5petajad, kellest iga\u00fcks saab vastavalt oma valdkonna v\u00f5imalusi kasutades toetada lapse oskuste arengut. \u00a0Nii kool kui ka kooliv\u00e4lised institutsioonid pakuvad tuge lapsevanematele, kes v\u00f5ivad vajada infot m\u00f5istmaks lapse probleemi ja arenguv\u00f5imalusi, aga ka juhendamist oma lapse \u00f5petamisel-kasvatamisel. Mida vanemaks lapsed saavad, seda olulisemaks muutuvad need kooliv\u00e4lised asutused v\u00f5i organisatsioonid, mis aitavad lapsel\/noorukil siseneda t\u00e4iskasvanute maailma luues nt v\u00f5imalusi tegelda erinevate huvialadega ja l\u00e4vida teiste erivajadustega inimestega. See soodustab oma koha leidmist ka v\u00e4ljaspool kooli.\u00a0<\/p>\n","protected":false},"excerpt":{"rendered":"<p>Eesti hariduss\u00fcsteemis rakendatakse erivajadustega lastele erinevaid \u00f5petuse diferentseerimise v\u00f5imalusi, mis t\u00e4hendab laste \u00f5petamistingimuste muutmist vastavalt iga lapse vajadustele. M\u00f5tle! Kuidas saadakse teada, millised need individuaalsed vajadused on? Erivajaduste identifitseerimise tulemusel. Seega saab \u00f6elda, et laste \u00f5petuse diferentseerimine on erivajaduste identifitseerimise &#8230;<\/p>\n","protected":false},"author":3,"featured_media":0,"parent":0,"menu_order":0,"comment_status":"closed","ping_status":"closed","template":"","meta":{"_acf_changed":false,"inline_featured_image":false,"footnotes":""},"class_list":["post-19","page","type-page","status-publish","hentry"],"acf":[],"_links":{"self":[{"href":"https:\/\/sisu.ut.ee\/eviddiferents\/wp-json\/wp\/v2\/pages\/19","targetHints":{"allow":["GET"]}}],"collection":[{"href":"https:\/\/sisu.ut.ee\/eviddiferents\/wp-json\/wp\/v2\/pages"}],"about":[{"href":"https:\/\/sisu.ut.ee\/eviddiferents\/wp-json\/wp\/v2\/types\/page"}],"author":[{"embeddable":true,"href":"https:\/\/sisu.ut.ee\/eviddiferents\/wp-json\/wp\/v2\/users\/3"}],"replies":[{"embeddable":true,"href":"https:\/\/sisu.ut.ee\/eviddiferents\/wp-json\/wp\/v2\/comments?post=19"}],"version-history":[{"count":1,"href":"https:\/\/sisu.ut.ee\/eviddiferents\/wp-json\/wp\/v2\/pages\/19\/revisions"}],"predecessor-version":[{"id":65,"href":"https:\/\/sisu.ut.ee\/eviddiferents\/wp-json\/wp\/v2\/pages\/19\/revisions\/65"}],"wp:attachment":[{"href":"https:\/\/sisu.ut.ee\/eviddiferents\/wp-json\/wp\/v2\/media?parent=19"}],"curies":[{"name":"wp","href":"https:\/\/api.w.org\/{rel}","templated":true}]}}