{"id":18,"date":"2024-04-03T23:16:14","date_gmt":"2024-04-03T20:16:14","guid":{"rendered":"https:\/\/sisu.ut.ee\/eviddiferents\/avaleht\/"},"modified":"2024-04-03T23:16:18","modified_gmt":"2024-04-03T20:16:18","slug":"avaleht","status":"publish","type":"page","link":"https:\/\/sisu.ut.ee\/eviddiferents\/","title":{"rendered":"Avaleht"},"content":{"rendered":"<p style=\"text-align: center\"><span style=\"color: #008000\">Autor: Kaili Palts (<em>MSc\u00a0<\/em>),\u00a0<\/span><br><span style=\"color: #008000\">Tartu \u00dclikooli eripedagoogika osakond<br>2013 (muudetud 2018)<\/span><\/p>\n<p>Sisupakett on m\u00f5eldud \u00f5petajakoolituse \u00fcli\u00f5pilastele,<strong>\u00a0toetamaks erivajaduste identifitseerimise kursuse l\u00e4bimist<\/strong>.\u00a0\u00d5ppijal peavad olema eelteadmised tunnetusps\u00fchholoogiast, arengups\u00fchholoogiast ja erivajaduste ps\u00fchholoogiast.\u00a0Sisupaketi l\u00e4bimine v\u00f5tab aega umbes 5 tundi.<\/p>\n<p><strong>Sisupaketi eesm\u00e4rgiks<\/strong>\u00a0on anda ettekujutus arendamise ja \u00f5petamise diferentseerimise v\u00f5imalustest Eestis ja tutvustada, milliseid teenuseid vajaksid erinevate erivajadustega lapsed.\u00a0Seda k\u00f5ike tehakse tulevaste \u00f5petajate ja eripedagoogide vajadustest l\u00e4htuvalt.<\/p>\n<h2>\u00d5pijuhised<\/h2>\n<p>Sisupakett on \u00fcles ehitatud tekstina, mis jaguneb peat\u00fckkideks ja alapeat\u00fckkideks. Teksti sisse on pikitud k\u00fcsimused, mis aitavad aktiveerida \u00f5ppija varasemaid teadmisi ning ergutavad arutlema. Need on esitatud tekstikastikestes, kusjuures ilma pildita kastikestes olevad \u00fclesanded sisaldavad \u00f5ppej\u00f5u kommentaari. P\u00fc\u00fca vastata enne k\u00fcsimusele ja alles siis ava kommentaar, kl\u00f5psates kastikeses oleva k\u00fcsimuse tekstil. Sisupakett l\u00f5peb enesetestiga, mis v\u00f5imaldab kontrollida oma teadmisi. Kasuta seda v\u00f5imalust kindlasti!<\/p>\n<p>Sisupaketi tulemuslikult l\u00e4binud \u00f5ppija:\u00a0<\/p>\n<ul>\n<li><span style=\"line-height: 1.6em\">teab, millised on 4 p\u00f5hilist arendamise\/\u00f5petuse diferentseerimise v\u00f5imalust Eesti hariduss\u00fcsteemis;<\/span><\/li>\n<li><span style=\"line-height: 1.6em\">teab, millised on sekkumiseks vajalikud teenused erinevate erivajadustega lastele vanuses 0-3;<\/span><\/li>\n<li><span style=\"line-height: 1.6em\">teab, millised on sekkumiseks vajalikud teenused erinevate erivajadustega lastele vanuses 3-7;<\/span><\/li>\n<li><span style=\"line-height: 1.6em\">teab, millised on sekkumiseks vajalikud teenused erinevate erivajadustega kooliealistele lastele.<\/span><\/li>\n<\/ul>\n<p style=\"text-align: center\"><img loading=\"lazy\" decoding=\"async\" width=\"213\" height=\"119\" class=\"alignnone wp-image-28\" style=\"float: right\" src=\"https:\/\/sisu.ut.ee\/wp-content\/uploads\/sites\/69\/esf213.gif\" title=\"esf213.gif\" alt=\"esf213.gif\"><\/p>\n","protected":false},"excerpt":{"rendered":"<p>Autor: Kaili Palts (MSc\u00a0),\u00a0Tartu \u00dclikooli eripedagoogika osakond2013 (muudetud 2018) Sisupakett on m\u00f5eldud \u00f5petajakoolituse \u00fcli\u00f5pilastele,\u00a0toetamaks erivajaduste identifitseerimise kursuse l\u00e4bimist.\u00a0\u00d5ppijal peavad olema eelteadmised tunnetusps\u00fchholoogiast, arengups\u00fchholoogiast ja erivajaduste ps\u00fchholoogiast.\u00a0Sisupaketi l\u00e4bimine v\u00f5tab aega umbes 5 tundi. Sisupaketi eesm\u00e4rgiks\u00a0on anda ettekujutus arendamise ja \u00f5petamise diferentseerimise &#8230;<\/p>\n","protected":false},"author":3,"featured_media":0,"parent":0,"menu_order":0,"comment_status":"closed","ping_status":"closed","template":"","meta":{"_acf_changed":false,"inline_featured_image":false,"footnotes":""},"class_list":["post-18","page","type-page","status-publish","hentry"],"acf":[],"_links":{"self":[{"href":"https:\/\/sisu.ut.ee\/eviddiferents\/wp-json\/wp\/v2\/pages\/18","targetHints":{"allow":["GET"]}}],"collection":[{"href":"https:\/\/sisu.ut.ee\/eviddiferents\/wp-json\/wp\/v2\/pages"}],"about":[{"href":"https:\/\/sisu.ut.ee\/eviddiferents\/wp-json\/wp\/v2\/types\/page"}],"author":[{"embeddable":true,"href":"https:\/\/sisu.ut.ee\/eviddiferents\/wp-json\/wp\/v2\/users\/3"}],"replies":[{"embeddable":true,"href":"https:\/\/sisu.ut.ee\/eviddiferents\/wp-json\/wp\/v2\/comments?post=18"}],"version-history":[{"count":1,"href":"https:\/\/sisu.ut.ee\/eviddiferents\/wp-json\/wp\/v2\/pages\/18\/revisions"}],"predecessor-version":[{"id":64,"href":"https:\/\/sisu.ut.ee\/eviddiferents\/wp-json\/wp\/v2\/pages\/18\/revisions\/64"}],"wp:attachment":[{"href":"https:\/\/sisu.ut.ee\/eviddiferents\/wp-json\/wp\/v2\/media?parent=18"}],"curies":[{"name":"wp","href":"https:\/\/api.w.org\/{rel}","templated":true}]}}