{"id":17,"date":"2024-04-03T23:16:14","date_gmt":"2024-04-03T20:16:14","guid":{"rendered":"https:\/\/sisu.ut.ee\/eviddiferents\/mooduka-intellektipuudega-opilased\/"},"modified":"2024-04-03T23:16:18","modified_gmt":"2024-04-03T20:16:18","slug":"mooduka-intellektipuudega-opilased","status":"publish","type":"page","link":"https:\/\/sisu.ut.ee\/eviddiferents\/mooduka-intellektipuudega-opilased\/","title":{"rendered":"M\u00f5\u00f5duka intellektipuudega \u00f5pilased"},"content":{"rendered":"<table class=\"table table-hover\" style=\"width: 100%\" border=\"0\">\n<tbody>\n<tr style=\"background-color: #90ab5c\">\n<td style=\"width: 50%;text-align: center;background-color: #90ab5c\"><strong>KOOLI SISENE (\u00f5petaja ja tugispetsialistid)<\/strong><\/td>\n<td style=\"width: 50%;text-align: center;background-color: #90ab5c\"><strong>KOOLI V\u00c4LINE (erinevad institutsioonid)<\/strong><\/td>\n<\/tr>\n<tr>\n<td>\n<p><span style=\"color: #556b2f\"><strong>Eripedagoog \/ \u00f5petaja<\/strong><\/span><\/p>\n<ul>\n<li><span style=\"font-size: small\">kognitiivsed oskused<\/span><\/li>\n<li><span style=\"font-size: small\">kommunikatsioon<\/span><\/li>\n<li><span style=\"font-size: small\">sotsiaalsed oskused<\/span><\/li>\n<li><span style=\"font-size: small\">eneseteenindamine<\/span><\/li>\n<li><span style=\"font-size: small\">silma ja k\u00e4e koost\u00f6\u00f6<\/span><\/li>\n<li><span style=\"font-size: small\">igap\u00e4evaste toimingute \u00f5ppimine<\/span><\/li>\n<\/ul>\n<\/td>\n<td>\n<p><strong><span style=\"color: #556b2f\">Neuroloog, ps\u00fchhiaater<\/span><\/strong><\/p>\n<ul>\n<li><span style=\"font-size: small\">arstlik kontroll<\/span><\/li>\n<li><span style=\"font-size: small\">diagnoosi t\u00e4psustamine<\/span><\/li>\n<\/ul>\n<\/td>\n<\/tr>\n<tr>\n<td>\n<p><span style=\"color: #556b2f\"><strong>Abi\u00f5petajad<\/strong><\/span><\/p>\n<ul>\n<li><span style=\"font-size: small\">igak\u00fclgne koost\u00f6\u00f6 eripedagoogiga<\/span><\/li>\n<\/ul>\n<\/td>\n<td><strong><span style=\"color: #556b2f\">Erinevad tugiisikud<\/span><\/strong><\/td>\n<\/tr>\n<tr>\n<td>\n<p><span style=\"color: #556b2f\"><strong>F\u00fcsioterapeut ja\/v\u00f5i liikumis\u00f5petaja<\/strong><\/span><\/p>\n<ul>\n<li><span style=\"font-size: small\">\u00fcldmotoorika ja kehatunnetus<\/span><\/li>\n<li><span style=\"font-size: small\">peenmotoorika<\/span><\/li>\n<li><span style=\"font-size: small\">silma ja k\u00e4e koost\u00f6\u00f6<\/span><\/li>\n<\/ul>\n<\/td>\n<td><span style=\"color: #556b2f\"><strong>P\u00e4evakeskused<\/strong><\/span><\/td>\n<\/tr>\n<tr>\n<td>\n<p><span style=\"color: #556b2f\"><strong>Muusika\u00f5petaja \/ -terapeut<\/strong><\/span><\/p>\n<ul>\n<li><span style=\"font-size: small\">sotsiaalsed oskused<\/span><\/li>\n<li><span style=\"font-size: small\">keskendumisv\u00f5ime ja aistingud<\/span><\/li>\n<li><span style=\"font-size: small\">tunnete taju ja v\u00e4ljendamine<\/span><\/li>\n<\/ul>\n<\/td>\n<td><\/td>\n<\/tr>\n<tr>\n<td>\n<p><span style=\"color: #556b2f\"><strong>Kunsti\u00f5petaja \/ -terapeut<\/strong><\/span><\/p>\n<ul>\n<li><span style=\"font-size: small\">kognitiivsed oskused<\/span><\/li>\n<li><span style=\"font-size: small\">motoorika ja kehatunnetus<\/span><\/li>\n<li><span style=\"font-size: small\">v\u00e4rviteraapia<\/span><\/li>\n<li><span style=\"font-size: small\">peenmotoorika<\/span><\/li>\n<li><span style=\"font-size: small\">silma ja k\u00e4e koost\u00f6\u00f6<\/span><\/li>\n<li><span style=\"font-size: small\">keskendumisv\u00f5ime<\/span><\/li>\n<li><span style=\"font-size: small\">tunnete tajumine ja v\u00e4ljendamine<\/span><\/li>\n<\/ul>\n<\/td>\n<td><\/td>\n<\/tr>\n<tr>\n<td>\n<p><span style=\"color: #556b2f\"><strong>Logopeed<\/strong><\/span><\/p>\n<ul>\n<li><span style=\"font-size: small\">kommunikatsioon<\/span><\/li>\n<li><span style=\"font-size: small\">kognitiivsed oskused<\/span><\/li>\n<li><span style=\"font-size: small\">sotsiaalsed oskused<\/span><\/li>\n<\/ul>\n<\/td>\n<td><\/td>\n<\/tr>\n<tr>\n<td>\n<p><span style=\"color: #556b2f\"><strong>Tegevusterapeut<\/strong><\/span><\/p>\n<ul>\n<li><span style=\"font-size: small\">eneseteenindusoskused<\/span><\/li>\n<li><span style=\"font-size: small\">sotsiaalsed oskused<\/span><\/li>\n<li><span style=\"font-size: small\">kehatunnetus<\/span><\/li>\n<li><span style=\"font-size: small\">silma ja k\u00e4e koost\u00f6\u00f6<\/span><\/li>\n<\/ul>\n<\/td>\n<td><\/td>\n<\/tr>\n<tr>\n<td>\n<p><span style=\"color: #556b2f\"><strong>Ps\u00fchholoog<\/strong><\/span><\/p>\n<ul>\n<li><span style=\"font-size: small\">laste n\u00f5ustamine<\/span><\/li>\n<li><span style=\"font-size: small\">\u00f5petajate n\u00f5ustamine<\/span><\/li>\n<\/ul>\n<\/td>\n<td>\n<p><strong><span style=\"color: #556b2f\">Ps\u00fchholoog<\/span><\/strong><\/p>\n<ul>\n<li><span style=\"font-size: small\">Pere n\u00f5ustamine<\/span><\/li>\n<\/ul>\n<\/td>\n<\/tr>\n<tr>\n<td>\n<p><span style=\"color: #556b2f\"><strong>Sotsiaalt\u00f6\u00f6taja<\/strong><\/span><\/p>\n<ul>\n<li><span style=\"font-size: small\">pere toetamine<\/span><\/li>\n<li><span style=\"font-size: small\">t\u00f6\u00f6 probleemsete peredega<\/span><\/li>\n<\/ul>\n<\/td>\n<td>\n<p><span style=\"color: #556b2f\"><strong>Kohaliku omavalitsuse sotsiaalt\u00f6\u00f6taja<\/strong><\/span><\/p>\n<ul>\n<li><span style=\"font-size: small\">perede abistamine toetuste ja teenuste taotlemisesl<\/span><\/li>\n<li><span style=\"font-size: small\">sotsiaaln\u00f5ustamine<\/span><\/li>\n<\/ul>\n<\/td>\n<\/tr>\n<\/tbody>\n<\/table>\n","protected":false},"excerpt":{"rendered":"<p>KOOLI SISENE (\u00f5petaja ja tugispetsialistid) KOOLI V\u00c4LINE (erinevad institutsioonid) Eripedagoog \/ \u00f5petaja kognitiivsed oskused kommunikatsioon sotsiaalsed oskused eneseteenindamine silma ja k\u00e4e koost\u00f6\u00f6 igap\u00e4evaste toimingute \u00f5ppimine Neuroloog, ps\u00fchhiaater arstlik kontroll diagnoosi t\u00e4psustamine Abi\u00f5petajad igak\u00fclgne koost\u00f6\u00f6 eripedagoogiga Erinevad tugiisikud F\u00fcsioterapeut ja\/v\u00f5i liikumis\u00f5petaja &#8230;<\/p>\n","protected":false},"author":3,"featured_media":0,"parent":0,"menu_order":0,"comment_status":"closed","ping_status":"closed","template":"","meta":{"_acf_changed":false,"inline_featured_image":false,"footnotes":""},"class_list":["post-17","page","type-page","status-publish","hentry"],"acf":[],"_links":{"self":[{"href":"https:\/\/sisu.ut.ee\/eviddiferents\/wp-json\/wp\/v2\/pages\/17","targetHints":{"allow":["GET"]}}],"collection":[{"href":"https:\/\/sisu.ut.ee\/eviddiferents\/wp-json\/wp\/v2\/pages"}],"about":[{"href":"https:\/\/sisu.ut.ee\/eviddiferents\/wp-json\/wp\/v2\/types\/page"}],"author":[{"embeddable":true,"href":"https:\/\/sisu.ut.ee\/eviddiferents\/wp-json\/wp\/v2\/users\/3"}],"replies":[{"embeddable":true,"href":"https:\/\/sisu.ut.ee\/eviddiferents\/wp-json\/wp\/v2\/comments?post=17"}],"version-history":[{"count":1,"href":"https:\/\/sisu.ut.ee\/eviddiferents\/wp-json\/wp\/v2\/pages\/17\/revisions"}],"predecessor-version":[{"id":63,"href":"https:\/\/sisu.ut.ee\/eviddiferents\/wp-json\/wp\/v2\/pages\/17\/revisions\/63"}],"wp:attachment":[{"href":"https:\/\/sisu.ut.ee\/eviddiferents\/wp-json\/wp\/v2\/media?parent=17"}],"curies":[{"name":"wp","href":"https:\/\/api.w.org\/{rel}","templated":true}]}}