{"id":16,"date":"2024-04-03T23:16:14","date_gmt":"2024-04-03T20:16:14","guid":{"rendered":"https:\/\/sisu.ut.ee\/eviddiferents\/kaitumisprobleemidega-lapsed\/"},"modified":"2024-04-03T23:16:18","modified_gmt":"2024-04-03T20:16:18","slug":"kaitumisprobleemidega-lapsed","status":"publish","type":"page","link":"https:\/\/sisu.ut.ee\/eviddiferents\/kaitumisprobleemidega-lapsed\/","title":{"rendered":"K\u00e4itumisprobleemidega lapsed"},"content":{"rendered":"<table class=\"table table-hover\" style=\"width: 100%\" border=\"0\">\n<tbody>\n<tr>\n<td style=\"background-color: #90ab5c;text-align: center\"><strong>KOOLI SISENE (\u00f5petaja ja tugispetsialistid)<\/strong><\/td>\n<td style=\"background-color: #90ab5c;text-align: center;width: 50%\"><strong>KOOLI V\u00c4LINE (erinevad institutsioonid)<\/strong><\/td>\n<\/tr>\n<tr>\n<td>\n<p><span style=\"color: #556b2f\"><strong>Klassi- ja aine\u00f5petajad<\/strong><\/span><\/p>\n<ul>\n<li><span style=\"font-size: small\">k\u00e4itumisprobleemidega laste m\u00e4rkamine<\/span><\/li>\n<li><span style=\"font-size: small\">esialgne n\u00f5ustamine v\u00f5i n\u00f5ustamisele suunamine<\/span><\/li>\n<\/ul>\n<\/td>\n<td>\n<p><span style=\"color: #556b2f\"><strong>N\u00f5ustamine<\/strong><\/span><\/p>\n<ul>\n<li><span style=\"font-size: small\">perearsti ja\/v\u00f5i ps\u00fchhiaatri poolt<\/span><\/li>\n<li><span style=\"font-size: small\">\u00f5ppen\u00f5ustamiskeskustes<\/span><\/li>\n<li><span style=\"font-size: small\">ps\u00fchholoogiline n\u00f5ustamine ja\u00a0<\/span><span style=\"font-size: small\">pereteraapia<\/span><\/li>\n<\/ul>\n<\/td>\n<\/tr>\n<tr>\n<td>\n<p><span style=\"color: #556b2f\"><strong>Klassi\u00f5petaja, HEV koordinaator<\/strong><\/span><\/p>\n<ul>\n<li><span style=\"font-size: small\">\u00f5ppekava (vajadusel individuaalse \u00f5ppekava) v\u00e4ljat\u00f6\u00f6tamine<\/span><\/li>\n<li><span style=\"font-size: small\">k\u00e4itumise tugikava v\u00e4ljat\u00f6\u00f6tamine<\/span><\/li>\n<li><span style=\"font-size: small\">individuaalse \u00f5ppekava v\u00f5i k\u00e4itumise tugikava t\u00e4itmine, seire, korrigeerimine<\/span><\/li>\n<li><span style=\"font-size: small\">k\u00e4itumisprobleemidega laste hajutamine klassides (max 2 last klassis)<\/span><\/li>\n<\/ul>\n<\/td>\n<td>\n<p><span style=\"color: #556b2f\"><strong>Koolitused lapsevanematele ja \u00f5petajatele<\/strong><\/span><\/p>\n<ul>\n<li><span style=\"font-size: small\">organiseerib kool koost\u00f6\u00f6s kohaliku omavalitsusega<\/span><\/li>\n<\/ul>\n<\/td>\n<\/tr>\n<tr>\n<td>\n<p><span style=\"color: #556b2f\"><strong>Konkreetse lapsega tegelevad \u00f5petajad ja spetsialistid<\/strong><\/span><\/p>\n<ul>\n<li><span style=\"font-size: small\">sotsiaalsete oskuste \u00f5petamine ja treening<\/span><\/li>\n<li><span style=\"font-size: small\">viha juhtimine ja enesekontrolli \u00f5petamine<\/span><\/li>\n<li><span style=\"font-size: small\">k\u00f5ne arendamine<\/span><\/li>\n<li><span style=\"font-size: small\">j\u00e4relvalve kindlustamine (sh v\u00f5imalus pikap\u00e4evar\u00fchmaks)<\/span><\/li>\n<li><span style=\"font-size: small\">vanemate kaasamine<\/span><\/li>\n<\/ul>\n<\/td>\n<td><strong><span style=\"color: #556b2f\">Huvitegevuse v\u00f5imalused<\/span>\u00a0<\/strong><\/td>\n<\/tr>\n<tr>\n<td>\n<p><span style=\"color: #556b2f\"><strong>\u00d5pilasomavalitsus<\/strong><\/span><\/p>\n<ul>\n<li><span style=\"font-size: small\">\u00f5pilasakiiv<\/span><\/li>\n<li><span style=\"font-size: small\">tugi\u00f5pilased<\/span><\/li>\n<\/ul>\n<\/td>\n<td>\n<p><span style=\"color: #556b2f\"><strong>J\u00e4relevalve<\/strong><\/span><\/p>\n<ul>\n<li><span style=\"font-size: small\">Politsei<\/span><\/li>\n<li><span style=\"font-size: small\">Alaealiste komisjon<\/span><\/li>\n<\/ul>\n<\/td>\n<\/tr>\n<tr>\n<td><\/td>\n<td>\n<p><span style=\"color: #556b2f\"><strong>Kohaliku omavalitsuse sotsiaalt\u00f6\u00f6taja<\/strong><\/span><\/p>\n<ul>\n<li><span style=\"font-size: small\">perede abistamine toetuste ja teenuste taotlemisel<\/span><\/li>\n<li><span style=\"font-size: small\">sotsiaaln\u00f5ustamine<\/span><\/li>\n<\/ul>\n<\/td>\n<\/tr>\n<\/tbody>\n<\/table>\n","protected":false},"excerpt":{"rendered":"<p>KOOLI SISENE (\u00f5petaja ja tugispetsialistid) KOOLI V\u00c4LINE (erinevad institutsioonid) Klassi- ja aine\u00f5petajad k\u00e4itumisprobleemidega laste m\u00e4rkamine esialgne n\u00f5ustamine v\u00f5i n\u00f5ustamisele suunamine N\u00f5ustamine perearsti ja\/v\u00f5i ps\u00fchhiaatri poolt \u00f5ppen\u00f5ustamiskeskustes ps\u00fchholoogiline n\u00f5ustamine ja\u00a0pereteraapia Klassi\u00f5petaja, HEV koordinaator \u00f5ppekava (vajadusel individuaalse \u00f5ppekava) v\u00e4ljat\u00f6\u00f6tamine k\u00e4itumise tugikava v\u00e4ljat\u00f6\u00f6tamine &#8230;<\/p>\n","protected":false},"author":3,"featured_media":0,"parent":0,"menu_order":0,"comment_status":"closed","ping_status":"closed","template":"","meta":{"_acf_changed":false,"inline_featured_image":false,"footnotes":""},"class_list":["post-16","page","type-page","status-publish","hentry"],"acf":[],"_links":{"self":[{"href":"https:\/\/sisu.ut.ee\/eviddiferents\/wp-json\/wp\/v2\/pages\/16","targetHints":{"allow":["GET"]}}],"collection":[{"href":"https:\/\/sisu.ut.ee\/eviddiferents\/wp-json\/wp\/v2\/pages"}],"about":[{"href":"https:\/\/sisu.ut.ee\/eviddiferents\/wp-json\/wp\/v2\/types\/page"}],"author":[{"embeddable":true,"href":"https:\/\/sisu.ut.ee\/eviddiferents\/wp-json\/wp\/v2\/users\/3"}],"replies":[{"embeddable":true,"href":"https:\/\/sisu.ut.ee\/eviddiferents\/wp-json\/wp\/v2\/comments?post=16"}],"version-history":[{"count":1,"href":"https:\/\/sisu.ut.ee\/eviddiferents\/wp-json\/wp\/v2\/pages\/16\/revisions"}],"predecessor-version":[{"id":62,"href":"https:\/\/sisu.ut.ee\/eviddiferents\/wp-json\/wp\/v2\/pages\/16\/revisions\/62"}],"wp:attachment":[{"href":"https:\/\/sisu.ut.ee\/eviddiferents\/wp-json\/wp\/v2\/media?parent=16"}],"curies":[{"name":"wp","href":"https:\/\/api.w.org\/{rel}","templated":true}]}}