{"id":15,"date":"2024-04-03T23:16:14","date_gmt":"2024-04-03T20:16:14","guid":{"rendered":"https:\/\/sisu.ut.ee\/eviddiferents\/nagemispuudega-lapsed-0\/"},"modified":"2024-04-03T23:16:18","modified_gmt":"2024-04-03T20:16:18","slug":"nagemispuudega-lapsed-0","status":"publish","type":"page","link":"https:\/\/sisu.ut.ee\/eviddiferents\/nagemispuudega-lapsed-0\/","title":{"rendered":"N\u00e4gemispuudega lapsed"},"content":{"rendered":"<table class=\"table table-hover\" style=\"width: 100%\" border=\"0\">\n<tbody>\n<tr>\n<td style=\"background-color: #90ab5c\">\n<p style=\"text-align: center\"><strong>KOOLI SISENE (\u00f5petaja ja tugispetsialistid)<\/strong><\/p>\n<\/td>\n<td style=\"background-color: #90ab5c;text-align: center;width: 50%\"><strong>KOOLI V\u00c4LINE (vanemad ja kohalik omavalitsus)<\/strong><\/td>\n<\/tr>\n<tr>\n<td>\n<p><span style=\"color: #556b2f\"><strong>\u00d5petaja<\/strong><\/span><\/p>\n<ul>\n<li><span style=\"font-size: small\">v\u00e4ljendab tunnis ennast selge ja kuuldava h\u00e4\u00e4lega<\/span><\/li>\n<li><span style=\"font-size: small\">haarab n\u00e4gemispuudega lapse k\u00f5ikv\u00f5imalikesse tegevustesse nii tundides kui v\u00e4ljaspool (koorilaul, tants, n\u00e4itering)<\/span><\/li>\n<li><span style=\"font-size: small\">leiab lapse tugevad k\u00fcljed ja t\u00f5stab neid esile<\/span><\/li>\n<li><span style=\"font-size: small\">k\u00e4sit\u00f6\u00f6, kodumajanduse tunnis \u00f5petab eristama erinevaid materjale jne<\/span><\/li>\n<\/ul>\n<\/td>\n<td>\n<p><span style=\"color: #556b2f\"><strong>Vanemad<\/strong><\/span><\/p>\n<ul>\n<li><span style=\"font-size: small\">aidata last \u00f5ppimisel<\/span><\/li>\n<li><span style=\"font-size: small\">viia ringidess<\/span><\/li>\n<li><span style=\"font-size: small\">toetada lapse iseseisvust<\/span><\/li>\n<li><span style=\"font-size: small\">\u00f5igus olla kursis \u00f5ppematerjalidega<\/span><\/li>\n<li><span style=\"font-size: small\">toetada s\u00f5prussuhteid eakaaslastega<\/span><\/li>\n<li><span style=\"font-size: small\">julgustada suhtlema inimestega ja osalema \u00fcritustel<\/span><\/li>\n<\/ul>\n<\/td>\n<\/tr>\n<tr>\n<td>\n<p><span style=\"color: #556b2f\"><strong>Liikumine koolis ja \u00f5ppet\u00f6\u00f6 korraldus<\/strong><\/span><\/p>\n<ul>\n<li><span style=\"font-size: small\">k\u00f5ikjal seintel k\u00e4sipuud, ustel k\u00e4tega tuntavad sildid<\/span><\/li>\n<li><span style=\"font-size: small\">\u00f5pilane istub esimestes pinkides, et kuulda v\u00f5imalikult h\u00e4sti \u00f5petajat<\/span><\/li>\n<li><span style=\"font-size: small\">pimekirja tundev abi\u00f5petaja<\/span><\/li>\n<li><span style=\"font-size: small\">\u00f5ppematerjal kas pimekirjas (tekstid) v\u00f5i k\u00e4ega kombitav (shabloonid)<\/span><\/li>\n<li><span style=\"font-size: small\">koolis arvuti pimekirja klaviatuuri ja printeriga<\/span><\/li>\n<li><span style=\"font-size: small;line-height: 1.6em\">v\u00f5imaldada lapsel vastata suuliselt (mitte kirjalikult)<\/span><\/li>\n<li><span style=\"font-size: small;line-height: 1.6em\">n\u00e4gemispuudegalapse klassi tunnid toimuvad esimesel korrusel \u00fches kindlas klassis<\/span><\/li>\n<li><span style=\"font-size: small;line-height: 1.6em\">soovi korral v\u00f5imaldada lapsel kasutada tunnis diktofoni<\/span><\/li>\n<\/ul>\n<\/td>\n<td>\n<p><span style=\"color: #556b2f\"><strong>Kohalik omavalitsus<\/strong><\/span><\/p>\n<ul>\n<li><span style=\"font-size: small\">v\u00f5imaldada vanematele tasuta pimekirja kursuseid<\/span><\/li>\n<li><span style=\"font-size: small\">vajadusel korraldada transport n\u00e4gemispuudega lapsele<\/span><\/li>\n<li><span style=\"font-size: small\">\u00fcmberkorraldused koolis n\u00e4gemispuudega \u00f5pilase liikumise kergendamiseks<\/span><\/li>\n<li><span style=\"font-size: small\">varustada kooli n\u00e4gemispuudega lapsele sobilike \u00f5ppematerjalide ja -vahenditega<\/span><\/li>\n<li><span style=\"font-size: small\">vajalikud abivahendid n\u00e4gemispuudega lastele igap\u00e4evaseks toimetulekuks<\/span><\/li>\n<li><span style=\"font-size: small\">v\u00f5imaldada ps\u00fchholoogi teenus nii lapsele kui perele<\/span><\/li>\n<\/ul>\n<\/td>\n<\/tr>\n<\/tbody>\n<\/table>\n","protected":false},"excerpt":{"rendered":"<p>KOOLI SISENE (\u00f5petaja ja tugispetsialistid) KOOLI V\u00c4LINE (vanemad ja kohalik omavalitsus) \u00d5petaja v\u00e4ljendab tunnis ennast selge ja kuuldava h\u00e4\u00e4lega haarab n\u00e4gemispuudega lapse k\u00f5ikv\u00f5imalikesse tegevustesse nii tundides kui v\u00e4ljaspool (koorilaul, tants, n\u00e4itering) leiab lapse tugevad k\u00fcljed ja t\u00f5stab neid esile k\u00e4sit\u00f6\u00f6, &#8230;<\/p>\n","protected":false},"author":3,"featured_media":0,"parent":0,"menu_order":0,"comment_status":"closed","ping_status":"closed","template":"","meta":{"_acf_changed":false,"inline_featured_image":false,"footnotes":""},"class_list":["post-15","page","type-page","status-publish","hentry"],"acf":[],"_links":{"self":[{"href":"https:\/\/sisu.ut.ee\/eviddiferents\/wp-json\/wp\/v2\/pages\/15","targetHints":{"allow":["GET"]}}],"collection":[{"href":"https:\/\/sisu.ut.ee\/eviddiferents\/wp-json\/wp\/v2\/pages"}],"about":[{"href":"https:\/\/sisu.ut.ee\/eviddiferents\/wp-json\/wp\/v2\/types\/page"}],"author":[{"embeddable":true,"href":"https:\/\/sisu.ut.ee\/eviddiferents\/wp-json\/wp\/v2\/users\/3"}],"replies":[{"embeddable":true,"href":"https:\/\/sisu.ut.ee\/eviddiferents\/wp-json\/wp\/v2\/comments?post=15"}],"version-history":[{"count":1,"href":"https:\/\/sisu.ut.ee\/eviddiferents\/wp-json\/wp\/v2\/pages\/15\/revisions"}],"predecessor-version":[{"id":61,"href":"https:\/\/sisu.ut.ee\/eviddiferents\/wp-json\/wp\/v2\/pages\/15\/revisions\/61"}],"wp:attachment":[{"href":"https:\/\/sisu.ut.ee\/eviddiferents\/wp-json\/wp\/v2\/media?parent=15"}],"curies":[{"name":"wp","href":"https:\/\/api.w.org\/{rel}","templated":true}]}}