{"id":14,"date":"2024-04-03T23:16:14","date_gmt":"2024-04-03T20:16:14","guid":{"rendered":"https:\/\/sisu.ut.ee\/eviddiferents\/kuulmispuudega-lapsed-0\/"},"modified":"2024-04-03T23:16:18","modified_gmt":"2024-04-03T20:16:18","slug":"kuulmispuudega-lapsed-0","status":"publish","type":"page","link":"https:\/\/sisu.ut.ee\/eviddiferents\/kuulmispuudega-lapsed-0\/","title":{"rendered":"Kuulmispuudega lapsed"},"content":{"rendered":"<table class=\"table table-hover\" style=\"width: 100%\" border=\"0\">\n<tbody>\n<tr>\n<td style=\"background-color: #90ab5c;text-align: center\"><strong>KOOLI SISENE (\u00f5petaja ja tugispetsialistid)<\/strong><\/td>\n<td style=\"background-color: #90ab5c;text-align: center;width: 50%\"><strong>KOOLI V\u00c4LINE (erinevad institutsioonid)<\/strong><\/td>\n<\/tr>\n<tr>\n<td>\n<p><span style=\"color: #556b2f\"><strong>Eripedagoog<\/strong><\/span><\/p>\n<ul>\n<li><span style=\"font-size: small\">kognitiivsed oskused<\/span><\/li>\n<li><span style=\"font-size: small\">kommunikatsioon<\/span><\/li>\n<\/ul>\n<\/td>\n<td>\n<p><span style=\"color: #556b2f\"><strong>Kuulmiskeskus<\/strong><\/span><\/p>\n<ul>\n<li><span style=\"font-size: small\">arst-audioloog<\/span><\/li>\n<li><span style=\"font-size: small\">rehabilitatsiooniarst<\/span><\/li>\n<li><span style=\"font-size: small\">surdist<\/span><\/li>\n<li><span style=\"font-size: small\">surdologopeed<\/span><\/li>\n<li><span style=\"font-size: small\">kuulmistehnik<\/span><\/li>\n<li><span style=\"font-size: small\">ps\u00fchholoog<\/span><\/li>\n<li><span style=\"font-size: small\">sotsiaalt\u00f6\u00f6taja, kes tunneb puudespetsiifikat<\/span><\/li>\n<\/ul>\n<\/td>\n<\/tr>\n<tr>\n<td>\n<p><span style=\"color: #556b2f\"><strong>Logopeed<\/strong><\/span><\/p>\n<ul>\n<li><span style=\"font-size: small\">h\u00e4\u00e4likuseade<\/span><\/li>\n<li><span style=\"font-size: small\">k\u00f5nearendus<\/span><\/li>\n<li><span style=\"font-size: small\">\u00f5igekirja\u00f5petus<\/span><\/li>\n<\/ul>\n<\/td>\n<td>\n<p><strong><span style=\"color: #556b2f\">Neuroloog, ps\u00fchhiaater, geneetik<\/span><\/strong><\/p>\n\n<\/td>\n<\/tr>\n<tr>\n<td>\n<p><span style=\"color: #556b2f\"><strong>Abi\u00f5petaja<\/strong><\/span><\/p>\n<ul>\n<li>lapsele individuaalne abi tunnis<\/li>\n<li>info k\u00e4ttesaamise kergendamine (\u00f5petaja jutu lihtsustatud \u00fcmber r\u00e4\u00e4kimine)<\/li>\n<\/ul>\n<\/td>\n<td><\/td>\n<\/tr>\n<tr>\n<td>\n<p><span style=\"color: #556b2f\"><strong>Klassi- ja aine\u00f5petaja,<span style=\"line-height: 1.6em\">\u00a0<\/span><span style=\"line-height: 1.6em\">HEV tugiisik<\/span><\/strong><\/span><\/p>\n<ul>\n<li><span style=\"font-size: small\">tagab vajaliku kuulmisaparatuuri kasutamise tulemuslikkuse<\/span><\/li>\n<li><span style=\"font-size: small\">teiste \u00f5petajate juhendamine \u00a0FM individuaalsaatja osas<\/span><\/li>\n<\/ul>\n<\/td>\n<td><\/td>\n<\/tr>\n<tr>\n<td>\n<p><span style=\"color: #556b2f\"><strong>Ps\u00fchholoog<\/strong><\/span><\/p>\n<ul>\n<li><span style=\"font-size: small\">ps\u00fchholoogiline abi lapsele<\/span><\/li>\n<li><span style=\"font-size: small\">ps\u00fchholoogiline abi lapse perele<\/span><\/li>\n<\/ul>\n<\/td>\n<td><\/td>\n<\/tr>\n<tr>\n<td><span style=\"color: #556b2f\"><strong>Viipekeelet\u00f5lk<\/strong><\/span><\/td>\n<td><\/td>\n<\/tr>\n<tr>\n<td>\n<p><span style=\"color: #556b2f\"><strong>Sotsiaalt\u00f6\u00f6taja<\/strong><\/span><\/p>\n<ul>\n<li><span style=\"font-size: small\">pere toetamine<\/span><\/li>\n<li><span style=\"font-size: small\">t\u00f6\u00f6 probleemsete peredega<\/span><\/li>\n<\/ul>\n<\/td>\n<td>\n<p><strong><span style=\"color: #556b2f\">Kohaliku omavalitsuse sotsiaalt\u00f6\u00f6taja<\/span><\/strong><\/p>\n<ul>\n<li><span style=\"font-size: small\">perede abistamine toetuste ja teenuste taotlemisel<\/span><\/li>\n<li><span style=\"font-size: small\">sotsiaaln\u00f5ustamine<\/span><\/li>\n<\/ul>\n<\/td>\n<\/tr>\n<\/tbody>\n<\/table>\n","protected":false},"excerpt":{"rendered":"<p>KOOLI SISENE (\u00f5petaja ja tugispetsialistid) KOOLI V\u00c4LINE (erinevad institutsioonid) Eripedagoog kognitiivsed oskused kommunikatsioon Kuulmiskeskus arst-audioloog rehabilitatsiooniarst surdist surdologopeed kuulmistehnik ps\u00fchholoog sotsiaalt\u00f6\u00f6taja, kes tunneb puudespetsiifikat Logopeed h\u00e4\u00e4likuseade k\u00f5nearendus \u00f5igekirja\u00f5petus Neuroloog, ps\u00fchhiaater, geneetik Abi\u00f5petaja lapsele individuaalne abi tunnis info k\u00e4ttesaamise kergendamine (\u00f5petaja &#8230;<\/p>\n","protected":false},"author":3,"featured_media":0,"parent":0,"menu_order":0,"comment_status":"closed","ping_status":"closed","template":"","meta":{"_acf_changed":false,"inline_featured_image":false,"footnotes":""},"class_list":["post-14","page","type-page","status-publish","hentry"],"acf":[],"_links":{"self":[{"href":"https:\/\/sisu.ut.ee\/eviddiferents\/wp-json\/wp\/v2\/pages\/14","targetHints":{"allow":["GET"]}}],"collection":[{"href":"https:\/\/sisu.ut.ee\/eviddiferents\/wp-json\/wp\/v2\/pages"}],"about":[{"href":"https:\/\/sisu.ut.ee\/eviddiferents\/wp-json\/wp\/v2\/types\/page"}],"author":[{"embeddable":true,"href":"https:\/\/sisu.ut.ee\/eviddiferents\/wp-json\/wp\/v2\/users\/3"}],"replies":[{"embeddable":true,"href":"https:\/\/sisu.ut.ee\/eviddiferents\/wp-json\/wp\/v2\/comments?post=14"}],"version-history":[{"count":1,"href":"https:\/\/sisu.ut.ee\/eviddiferents\/wp-json\/wp\/v2\/pages\/14\/revisions"}],"predecessor-version":[{"id":60,"href":"https:\/\/sisu.ut.ee\/eviddiferents\/wp-json\/wp\/v2\/pages\/14\/revisions\/60"}],"wp:attachment":[{"href":"https:\/\/sisu.ut.ee\/eviddiferents\/wp-json\/wp\/v2\/media?parent=14"}],"curies":[{"name":"wp","href":"https:\/\/api.w.org\/{rel}","templated":true}]}}