{"id":13,"date":"2024-04-03T23:16:14","date_gmt":"2024-04-03T20:16:14","guid":{"rendered":"https:\/\/sisu.ut.ee\/eviddiferents\/autismiga-lapsed\/"},"modified":"2024-04-03T23:16:18","modified_gmt":"2024-04-03T20:16:18","slug":"autismiga-lapsed","status":"publish","type":"page","link":"https:\/\/sisu.ut.ee\/eviddiferents\/autismiga-lapsed\/","title":{"rendered":"Autismiga lapsed"},"content":{"rendered":"<table class=\"table table-hover\" style=\"width: 100%\" border=\"0\">\n<tbody>\n<tr>\n<td style=\"background-color: #90ab5c;text-align: center;width: 50%\"><strong>KOOLI SISENE (\u00f5petajad ja tugispetsialistid)<\/strong><\/td>\n<td style=\"background-color: #90ab5c;text-align: center\"><strong>KOOLI V\u00c4LINE (erinevad institutsioonid)<\/strong><\/td>\n<\/tr>\n<tr>\n<td><span style=\"color: #556b2f\"><strong>Kooli arst<\/strong><\/span><\/td>\n<td><strong><span style=\"color: #556b2f\">Ps\u00fchhiaater ja\/v\u00f5i neuroloog<\/span><\/strong><\/td>\n<\/tr>\n<tr>\n<td>\n<p><span style=\"color: #556b2f\"><strong>Eripedagoog<\/strong><\/span><\/p>\n<ul>\n<li><span style=\"font-size: small\">kognitiivsed oskused<\/span><\/li>\n<li><span style=\"font-size: small\">kommunikatsioon<\/span><\/li>\n<li><span style=\"font-size: small\">sotsiaalsed oskused<\/span><\/li>\n<li><span style=\"font-size: small\">eneseteenindus<\/span><\/li>\n<li><span style=\"font-size: small\">silma ja k\u00e4e koost\u00f6\u00f6<\/span><\/li>\n<li><span style=\"font-size: small\">igep\u00e4vaste toimingute \u00f5ppimine<\/span><\/li>\n<\/ul>\n<\/td>\n<td><strong><span style=\"color: #556b2f\">Autismi\u00fching ja autistlike laste vanematest koosnevad tugir\u00fchmad<\/span><\/strong><\/td>\n<\/tr>\n<tr>\n<td>\n<p><span style=\"color: #556b2f\"><strong>Liikumis\u00f5petaja \/ f\u00fcsioterapeut<\/strong><\/span><\/p>\n<ul>\n<li><span style=\"font-size: small\">eduelamus<\/span><\/li>\n<li><span style=\"font-size: small\">\u00fcldmotoorika ja kehatunnetus<\/span><\/li>\n<\/ul>\n<\/td>\n<td><\/td>\n<\/tr>\n<tr>\n<td>\n<p><span style=\"color: #556b2f\"><strong>Muusika\u00f5petaja \/ -terapeut<\/strong><\/span><\/p>\n<ul>\n<li><span style=\"font-size: small\">sotsiaalsed oskused<\/span><\/li>\n<li><span style=\"font-size: small\">t\u00e4helepanu ja aistingud<\/span><\/li>\n<li><span style=\"font-size: small\">tunnete \u00f5ppimine ja v\u00e4ljendamine<\/span><\/li>\n<li><span style=\"font-size: small\">keha tunnetamine<\/span><span style=\"font-size: small\">\u00a0ja\u00a0valitsemine<\/span><\/li>\n<li><span style=\"font-size: small\">eduelamus<\/span><\/li>\n<li><span style=\"font-size: small\">muusika kuulamise oskus<\/span><\/li>\n<li><span style=\"font-size: small\">r\u00fctmitunnetus<\/span><\/li>\n<\/ul>\n<\/td>\n<td><\/td>\n<\/tr>\n<tr>\n<td>\n<p><span style=\"color: #556b2f\"><strong>Kunsti\u00f5petaja \/ -terapeut<\/strong><\/span><\/p>\n<ul>\n<li><span style=\"font-size: small\">kognitiivsed oskused<\/span><\/li>\n<li><span style=\"font-size: small\">motoorika ja kehatunnetus<\/span><\/li>\n<li><span style=\"font-size: small\">eduelamus<\/span><\/li>\n<li><span style=\"font-size: small\">v\u00e4rviteraapia<\/span><\/li>\n<li><span style=\"font-size: small\">peenmotooika<\/span><\/li>\n<li><span style=\"font-size: small\">silma ja k\u00e4e koost\u00f6\u00f6<\/span><\/li>\n<li><span style=\"font-size: small\">keskendumisv\u00f5ime<\/span><\/li>\n<li><span style=\"font-size: small\">tunnete \u00f5ppimine ja v\u00e4ljendamine<\/span><\/li>\n<\/ul>\n<\/td>\n<td><\/td>\n<\/tr>\n<tr>\n<td>\n<p><span style=\"color: #556b2f\"><strong>Logopeed<\/strong><\/span><\/p>\n<ul>\n<li><span style=\"font-size: small\">kommunikatsioon<\/span><\/li>\n<li><span style=\"font-size: small\">kognitiivsed oskused<\/span><\/li>\n<li><span style=\"font-size: small\">sotsiaalsed oskused<\/span><\/li>\n<\/ul>\n<\/td>\n<td>\n<p><strong><span style=\"color: #556b2f\">Ps\u00fchholoog<\/span><\/strong><\/p>\n<ul>\n<li><span style=\"font-size: small\">pere n\u00f5ustamine<\/span><\/li>\n<\/ul>\n<\/td>\n<\/tr>\n<tr>\n<td>\n<p><span style=\"color: #556b2f\"><strong>Sotsiaalt\u00f6\u00f6taja<\/strong><\/span><\/p>\n<ul>\n<li><span style=\"font-size: small\">pere toetamine<\/span><\/li>\n<li><span style=\"font-size: small\">t\u00f6\u00f6 probleemsete peredega<\/span><\/li>\n<\/ul>\n<\/td>\n<td>\n<p><strong><span style=\"color: #556b2f\">Kohaliku omavalitsuse sotsiaalt\u00f6\u00f6taja<\/span><\/strong><\/p>\n<ul>\n<li><span style=\"font-size: small\">perede abistamine toetuste ja teenuste taotlemisel<\/span><\/li>\n<li><span style=\"font-size: small\">sotsiaaln\u00f5ustamine<\/span><\/li>\n<\/ul>\n<\/td>\n<\/tr>\n<\/tbody>\n<\/table>\n","protected":false},"excerpt":{"rendered":"<p>KOOLI SISENE (\u00f5petajad ja tugispetsialistid) KOOLI V\u00c4LINE (erinevad institutsioonid) Kooli arst Ps\u00fchhiaater ja\/v\u00f5i neuroloog Eripedagoog kognitiivsed oskused kommunikatsioon sotsiaalsed oskused eneseteenindus silma ja k\u00e4e koost\u00f6\u00f6 igep\u00e4vaste toimingute \u00f5ppimine Autismi\u00fching ja autistlike laste vanematest koosnevad tugir\u00fchmad Liikumis\u00f5petaja \/ f\u00fcsioterapeut eduelamus \u00fcldmotoorika &#8230;<\/p>\n","protected":false},"author":3,"featured_media":0,"parent":0,"menu_order":0,"comment_status":"closed","ping_status":"closed","template":"","meta":{"_acf_changed":false,"inline_featured_image":false,"footnotes":""},"class_list":["post-13","page","type-page","status-publish","hentry"],"acf":[],"_links":{"self":[{"href":"https:\/\/sisu.ut.ee\/eviddiferents\/wp-json\/wp\/v2\/pages\/13","targetHints":{"allow":["GET"]}}],"collection":[{"href":"https:\/\/sisu.ut.ee\/eviddiferents\/wp-json\/wp\/v2\/pages"}],"about":[{"href":"https:\/\/sisu.ut.ee\/eviddiferents\/wp-json\/wp\/v2\/types\/page"}],"author":[{"embeddable":true,"href":"https:\/\/sisu.ut.ee\/eviddiferents\/wp-json\/wp\/v2\/users\/3"}],"replies":[{"embeddable":true,"href":"https:\/\/sisu.ut.ee\/eviddiferents\/wp-json\/wp\/v2\/comments?post=13"}],"version-history":[{"count":1,"href":"https:\/\/sisu.ut.ee\/eviddiferents\/wp-json\/wp\/v2\/pages\/13\/revisions"}],"predecessor-version":[{"id":59,"href":"https:\/\/sisu.ut.ee\/eviddiferents\/wp-json\/wp\/v2\/pages\/13\/revisions\/59"}],"wp:attachment":[{"href":"https:\/\/sisu.ut.ee\/eviddiferents\/wp-json\/wp\/v2\/media?parent=13"}],"curies":[{"name":"wp","href":"https:\/\/api.w.org\/{rel}","templated":true}]}}