{"id":12,"date":"2024-04-03T23:16:14","date_gmt":"2024-04-03T20:16:14","guid":{"rendered":"https:\/\/sisu.ut.ee\/eviddiferents\/kerge-intellektipuudega-opilased\/"},"modified":"2024-04-03T23:16:18","modified_gmt":"2024-04-03T20:16:18","slug":"kerge-intellektipuudega-opilased","status":"publish","type":"page","link":"https:\/\/sisu.ut.ee\/eviddiferents\/kerge-intellektipuudega-opilased\/","title":{"rendered":"Kerge intellektipuudega \u00f5pilased"},"content":{"rendered":"<table class=\"table table-hover\" style=\"width: 100%\" border=\"0\">\n<tbody>\n<tr>\n<td style=\"background-color: #90ab5c;text-align: center;width: 50%\"><strong>KOOLI SISENE (\u00f5petajad ja tugispetsialistid)<\/strong><\/td>\n<td style=\"background-color: #90ab5c;text-align: center\"><strong>KOOLI V\u00c4LINE (erinevad institutsioonid)<\/strong><\/td>\n<\/tr>\n<tr>\n<td>\n<p><span style=\"color: #556b2f\"><strong>Eripedagoog \/ \u00f5petaja<\/strong><\/span><\/p>\n<ul>\n<li><span style=\"font-size: small\">kognitiivsed oskused<\/span><\/li>\n<li><span style=\"font-size: small\">kommunikatsioon<\/span><\/li>\n<li><span style=\"font-size: small\">sotsiaalsed oskused<\/span><\/li>\n<li><span style=\"font-size: small\">eneseteenindus<\/span><\/li>\n<li><span style=\"font-size: small\">silma ja k\u00e4e koost\u00f6\u00f6<\/span><\/li>\n<li><span style=\"font-size: small\">igap\u00e4evaste toimingute \u00f5ppimine<\/span><\/li>\n<li><span style=\"font-size: small\">t\u00f6\u00f6oskuste \u00f5ppimine<\/span><\/li>\n<li><span style=\"font-size: small\">igap\u00e4evaste toimetulekuoskuste lihvimine<\/span><\/li>\n<\/ul>\n<\/td>\n<td>\n<p><strong><span style=\"color: #556b2f\">\u00d5ppen\u00f5ustamiskeskus, sh n\u00f5ustamiskomisjon<\/span><\/strong><\/p>\n<ul>\n<li><span style=\"font-size: small\">omab \u00fclevaadet piirkonna HEV lastest<\/span><\/li>\n<li><span style=\"font-size: small\"> on p\u00e4dev soovitama vajalikku koolit\u00fc\u00fc\u00fcpi<\/span><\/li>\n<\/ul>\n<\/td>\n<\/tr>\n<tr>\n<td>\n<p><span style=\"color: #556b2f\"><strong>Logopeed<\/strong><\/span><\/p>\n<ul>\n<li><span style=\"font-size: small\">kommunikatiivsete ioskuste arendamine (sh alternatiivkommunikatsioon)<\/span><\/li>\n<li><span style=\"font-size: small\">ps\u00fc\u00fchiliste protsesside arendamine<\/span><\/li>\n<li><span style=\"font-size: small\">praktiline k\u00f5nearendus<\/span><\/li>\n<li><span style=\"font-size: small\">h\u00e4\u00e4lduspuuete korrektsioon<\/span><\/li>\n<\/ul>\n<\/td>\n<td>\n<p><strong><span style=\"color: #556b2f\">Meditsiin<\/span><\/strong><\/p>\n<ul>\n<li>lasteps\u00fchhiaater, perearst\u00a0<\/li>\n<li>vajadusel eriarstide konsultatsioonid (ortopeed, geneetik,silmaarst, hambaarst,\u00a0<\/li>\n<\/ul>\n<\/td>\n<\/tr>\n<tr>\n<td>\n<p><span style=\"color: #556b2f\"><strong>Liikumis\u00f5petaja \/-terapeut<\/strong><\/span><\/p>\n<ul>\n<li><span style=\"font-size: small\">\u00fcldmotoorika ja\u00a0kehatunnetus<\/span><\/li>\n<li><span style=\"font-size: small\">peenmotoorika<\/span><\/li>\n<li><span style=\"font-size: small\">silma ja k\u00e4e koost\u00f6\u00f6<\/span><\/li>\n<\/ul>\n<\/td>\n<td>\n<p><span style=\"color: #556b2f\"><strong>Taastusravi<\/strong><\/span><\/p>\n<ul>\n<li><span style=\"font-size: small\">liikumisteraapia<\/span><\/li>\n<li><span style=\"font-size: small\">ratsutamine<\/span><\/li>\n<li><span style=\"font-size: small\">ujumine<\/span><\/li>\n<\/ul>\n<\/td>\n<\/tr>\n<tr>\n<td>\n<p><span style=\"color: #556b2f\"><strong>Muusika\u00f5petaja \/ -terapeut<\/strong><\/span><\/p>\n<ul>\n<li><span style=\"font-size: small\">sotsiaalsed oskused<\/span><\/li>\n<li><span style=\"font-size: small\">keskendumisv\u00f5ime ja aistingud<\/span><\/li>\n<li><span style=\"font-size: small\">tunnete taju ja v\u00e4ljendamine<\/span><\/li>\n<\/ul>\n<\/td>\n<td>\n<p><strong><span style=\"color: #556b2f\">Kutsen\u00f5ustaja<\/span><\/strong><\/p>\n<ul>\n<li><span style=\"font-size: small\">aitab leida sobivat eriala<\/span><\/li>\n<li><span style=\"font-size: small\">tutvustab olemasolevaid edasi\u00f5ppimisv\u00f5imalusi<\/span><\/li>\n<\/ul>\n<\/td>\n<\/tr>\n<tr>\n<td>\n<p><span style=\"color: #556b2f\"><strong>Kunsti\u00f5petaja \/ -terapeut<\/strong><\/span><\/p>\n<ul>\n<li><span style=\"font-size: small\">kognitiivsed oskused<\/span><\/li>\n<li><span style=\"font-size: small\">motoorika ja kehatunnetus<\/span><\/li>\n<li><span style=\"font-size: small\">v\u00e4rviteraapia<\/span><\/li>\n<li><span style=\"font-size: small\">peenmotoorika<\/span><\/li>\n<li><span style=\"font-size: small\">silma ja k\u00e4e koost\u00f6\u00f6<\/span><\/li>\n<li><span style=\"font-size: small\">keskendumisv\u00f5ime<\/span><\/li>\n<li><span style=\"font-size: small\">tunnete taju ja v\u00e4ljendamine<\/span><\/li>\n<\/ul>\n<\/td>\n<td>\n<\/td>\n<\/tr>\n<tr>\n<td>\n<p><span style=\"color: #556b2f\"><strong>Ps\u00fchholoog<\/strong><\/span><\/p>\n<ul>\n<li><span style=\"font-size: small\">laste n\u00f5ustamine<\/span><\/li>\n<li><span style=\"font-size: small\">vanemate n\u00f5ustamine kasvatusk\u00fcsimustes<\/span><\/li>\n<li><span style=\"font-size: small\">suhted \u00f5petaja ja laste vahel<\/span><\/li>\n<\/ul>\n<\/td>\n<td>\n<p><span style=\"color: #556b2f\"><strong>Ps\u00fchholoog<\/strong><\/span><\/p>\n<ul>\n<li><span style=\"font-size: small\">pere n\u00f5ustamine<\/span><\/li>\n<\/ul>\n<\/td>\n<\/tr>\n<tr>\n<td>\n<p><span style=\"color: #556b2f\"><strong>Sotsiaalt\u00f6\u00f6taja<\/strong><\/span><\/p>\n<ul>\n<li><span style=\"font-size: small\">t\u00f6\u00f6 probleemsete peredega<\/span><\/li>\n<\/ul>\n<\/td>\n<td>\n<p><span style=\"color: #556b2f\"><strong>Kohaliku omavalitsuse sotsiaalt\u00f6\u00f6taja<\/strong><\/span><\/p>\n<ul>\n<li><span style=\"font-size: small\">perede abistamine ja toetamine<\/span><\/li>\n<li><span style=\"font-size: small\">sotsiaaln\u00f5ustamine<\/span><\/li>\n<\/ul>\n<\/td>\n<\/tr>\n<tr>\n<td><span style=\"color: #556b2f\"><strong>Klassiv\u00e4line tegevus huvialaringides<\/strong><\/span><\/td>\n<td><strong><span style=\"color: #556b2f\">Lastevanemate tugir\u00fchmad<\/span><\/strong><\/td>\n<\/tr>\n<\/tbody>\n<\/table>\n","protected":false},"excerpt":{"rendered":"<p>KOOLI SISENE (\u00f5petajad ja tugispetsialistid) KOOLI V\u00c4LINE (erinevad institutsioonid) Eripedagoog \/ \u00f5petaja kognitiivsed oskused kommunikatsioon sotsiaalsed oskused eneseteenindus silma ja k\u00e4e koost\u00f6\u00f6 igap\u00e4evaste toimingute \u00f5ppimine t\u00f6\u00f6oskuste \u00f5ppimine igap\u00e4evaste toimetulekuoskuste lihvimine \u00d5ppen\u00f5ustamiskeskus, sh n\u00f5ustamiskomisjon omab \u00fclevaadet piirkonna HEV lastest on p\u00e4dev &#8230;<\/p>\n","protected":false},"author":3,"featured_media":0,"parent":0,"menu_order":0,"comment_status":"closed","ping_status":"closed","template":"","meta":{"_acf_changed":false,"inline_featured_image":false,"footnotes":""},"class_list":["post-12","page","type-page","status-publish","hentry"],"acf":[],"_links":{"self":[{"href":"https:\/\/sisu.ut.ee\/eviddiferents\/wp-json\/wp\/v2\/pages\/12","targetHints":{"allow":["GET"]}}],"collection":[{"href":"https:\/\/sisu.ut.ee\/eviddiferents\/wp-json\/wp\/v2\/pages"}],"about":[{"href":"https:\/\/sisu.ut.ee\/eviddiferents\/wp-json\/wp\/v2\/types\/page"}],"author":[{"embeddable":true,"href":"https:\/\/sisu.ut.ee\/eviddiferents\/wp-json\/wp\/v2\/users\/3"}],"replies":[{"embeddable":true,"href":"https:\/\/sisu.ut.ee\/eviddiferents\/wp-json\/wp\/v2\/comments?post=12"}],"version-history":[{"count":1,"href":"https:\/\/sisu.ut.ee\/eviddiferents\/wp-json\/wp\/v2\/pages\/12\/revisions"}],"predecessor-version":[{"id":58,"href":"https:\/\/sisu.ut.ee\/eviddiferents\/wp-json\/wp\/v2\/pages\/12\/revisions\/58"}],"wp:attachment":[{"href":"https:\/\/sisu.ut.ee\/eviddiferents\/wp-json\/wp\/v2\/media?parent=12"}],"curies":[{"name":"wp","href":"https:\/\/api.w.org\/{rel}","templated":true}]}}