{"id":11,"date":"2024-04-03T23:16:14","date_gmt":"2024-04-03T20:16:14","guid":{"rendered":"https:\/\/sisu.ut.ee\/eviddiferents\/konepuudega-lapsed\/"},"modified":"2024-04-03T23:16:17","modified_gmt":"2024-04-03T20:16:17","slug":"konepuudega-lapsed","status":"publish","type":"page","link":"https:\/\/sisu.ut.ee\/eviddiferents\/konepuudega-lapsed\/","title":{"rendered":"K\u00f5nepuudega lapsed"},"content":{"rendered":"<h2><\/h2>\n<table class=\"table table-hover\" style=\"width: 100%\" border=\"0\">\n<tbody>\n<tr>\n<td style=\"background-color: #90ab5c;text-align: center;width: 50%\"><strong>vanuses 0-3 aastat\u00a0<\/strong><\/td>\n<td style=\"background-color: #90ab5c;text-align: center\"><strong>vanuses 3-7 aastat<\/strong><\/td>\n<\/tr>\n<tr>\n<td>k\u00f5neaparaadi treenimine<\/td>\n<td>k\u00f5neaparaadi treenimine<\/td>\n<\/tr>\n<tr>\n<td>k\u00f5nem\u00f5istmise arendamine<\/td>\n<td>k\u00f5nem\u00f5istmise korrigeerimine<\/td>\n<\/tr>\n<tr>\n<td>aktiivse k\u00f5ne arendamine<\/td>\n<td>aktiivse k\u00f5ne t\u00e4iustamine<\/td>\n<\/tr>\n<tr>\n<td>tunnetustegevuse arendamine<\/td>\n<td>m\u00f5tlemise korrigeerimine<\/td>\n<\/tr>\n<tr>\n<td>motoorsete v\u00f5imete t\u00e4iustamine<\/td>\n<td>\u00fcld- ja peenmotoorika t\u00e4iustamine<\/td>\n<\/tr>\n<tr>\n<td>lapsevanemate n\u00f5ustamine<\/td>\n<td>elementaarsete matemaatiliste kujutluste loomine<\/td>\n<\/tr>\n<tr>\n<td><\/td>\n<td>ettevalmistus lugema ja kirjutama\u00f5ppimisek<\/td>\n<\/tr>\n<\/tbody>\n<\/table>\n","protected":false},"excerpt":{"rendered":"<p>vanuses 0-3 aastat\u00a0 vanuses 3-7 aastat k\u00f5neaparaadi treenimine k\u00f5neaparaadi treenimine k\u00f5nem\u00f5istmise arendamine k\u00f5nem\u00f5istmise korrigeerimine aktiivse k\u00f5ne arendamine aktiivse k\u00f5ne t\u00e4iustamine tunnetustegevuse arendamine m\u00f5tlemise korrigeerimine motoorsete v\u00f5imete t\u00e4iustamine \u00fcld- ja peenmotoorika t\u00e4iustamine lapsevanemate n\u00f5ustamine elementaarsete matemaatiliste kujutluste loomine ettevalmistus lugema ja &#8230;<\/p>\n","protected":false},"author":3,"featured_media":0,"parent":0,"menu_order":0,"comment_status":"closed","ping_status":"closed","template":"","meta":{"_acf_changed":false,"inline_featured_image":false,"footnotes":""},"class_list":["post-11","page","type-page","status-publish","hentry"],"acf":[],"_links":{"self":[{"href":"https:\/\/sisu.ut.ee\/eviddiferents\/wp-json\/wp\/v2\/pages\/11","targetHints":{"allow":["GET"]}}],"collection":[{"href":"https:\/\/sisu.ut.ee\/eviddiferents\/wp-json\/wp\/v2\/pages"}],"about":[{"href":"https:\/\/sisu.ut.ee\/eviddiferents\/wp-json\/wp\/v2\/types\/page"}],"author":[{"embeddable":true,"href":"https:\/\/sisu.ut.ee\/eviddiferents\/wp-json\/wp\/v2\/users\/3"}],"replies":[{"embeddable":true,"href":"https:\/\/sisu.ut.ee\/eviddiferents\/wp-json\/wp\/v2\/comments?post=11"}],"version-history":[{"count":1,"href":"https:\/\/sisu.ut.ee\/eviddiferents\/wp-json\/wp\/v2\/pages\/11\/revisions"}],"predecessor-version":[{"id":57,"href":"https:\/\/sisu.ut.ee\/eviddiferents\/wp-json\/wp\/v2\/pages\/11\/revisions\/57"}],"wp:attachment":[{"href":"https:\/\/sisu.ut.ee\/eviddiferents\/wp-json\/wp\/v2\/media?parent=11"}],"curies":[{"name":"wp","href":"https:\/\/api.w.org\/{rel}","templated":true}]}}