{"id":10,"date":"2024-04-03T23:16:14","date_gmt":"2024-04-03T20:16:14","guid":{"rendered":"https:\/\/sisu.ut.ee\/eviddiferents\/autistlike-joontega-lapsed\/"},"modified":"2024-04-03T23:16:17","modified_gmt":"2024-04-03T20:16:17","slug":"autistlike-joontega-lapsed","status":"publish","type":"page","link":"https:\/\/sisu.ut.ee\/eviddiferents\/autistlike-joontega-lapsed\/","title":{"rendered":"Autismiga lapsed"},"content":{"rendered":"<h2><\/h2>\n<table class=\"table table-hover\" style=\"width: 100%\" border=\"0\">\n<tbody>\n<tr>\n<td style=\"background-color: #90ab5c;text-align: center;width: 50%\"><strong>vanuses 0-3 aastat\u00a0<\/strong><\/td>\n<td style=\"background-color: #90ab5c;text-align: center\"><strong>vanuses 3-7 aastat<\/strong><\/td>\n<\/tr>\n<tr>\n<td>lapse v\u00f5\u00f5rutamine stereot\u00fc\u00fcpidest v\u00f5i k\u00e4itumismudelitest<\/td>\n<td>lapse v\u00f5\u00f5rutamine stereot\u00fc\u00fcpidest ja rituaalidest<\/td>\n<\/tr>\n<tr>\n<td>kommunikatsioonioskuste kujundamine<\/td>\n<td>k\u00f5nearendus<\/td>\n<\/tr>\n<tr>\n<td>k\u00f5ne arendamine\u00a0<\/td>\n<td>tahte- ja tundeelu diferentseerumine ja kontroll<\/td>\n<\/tr>\n<tr>\n<td>iseseisva tegutsemise oskuste kujundamine<\/td>\n<td>praktilise tegevuse oskuste laiendamine<\/td>\n<\/tr>\n<tr>\n<td>kehatunnetuse ja \u00fcldmotoorika arendamine<\/td>\n<td>kehatunnetuse, koordinatsiooni ja \u00fcldmotoorika arendamine\n<\/td>\n<\/tr>\n<\/tbody>\n<\/table>\n","protected":false},"excerpt":{"rendered":"<p>vanuses 0-3 aastat\u00a0 vanuses 3-7 aastat lapse v\u00f5\u00f5rutamine stereot\u00fc\u00fcpidest v\u00f5i k\u00e4itumismudelitest lapse v\u00f5\u00f5rutamine stereot\u00fc\u00fcpidest ja rituaalidest kommunikatsioonioskuste kujundamine k\u00f5nearendus k\u00f5ne arendamine\u00a0 tahte- ja tundeelu diferentseerumine ja kontroll iseseisva tegutsemise oskuste kujundamine praktilise tegevuse oskuste laiendamine kehatunnetuse ja \u00fcldmotoorika arendamine kehatunnetuse, &#8230;<\/p>\n","protected":false},"author":3,"featured_media":0,"parent":0,"menu_order":0,"comment_status":"closed","ping_status":"closed","template":"","meta":{"_acf_changed":false,"inline_featured_image":false,"footnotes":""},"class_list":["post-10","page","type-page","status-publish","hentry"],"acf":[],"_links":{"self":[{"href":"https:\/\/sisu.ut.ee\/eviddiferents\/wp-json\/wp\/v2\/pages\/10","targetHints":{"allow":["GET"]}}],"collection":[{"href":"https:\/\/sisu.ut.ee\/eviddiferents\/wp-json\/wp\/v2\/pages"}],"about":[{"href":"https:\/\/sisu.ut.ee\/eviddiferents\/wp-json\/wp\/v2\/types\/page"}],"author":[{"embeddable":true,"href":"https:\/\/sisu.ut.ee\/eviddiferents\/wp-json\/wp\/v2\/users\/3"}],"replies":[{"embeddable":true,"href":"https:\/\/sisu.ut.ee\/eviddiferents\/wp-json\/wp\/v2\/comments?post=10"}],"version-history":[{"count":1,"href":"https:\/\/sisu.ut.ee\/eviddiferents\/wp-json\/wp\/v2\/pages\/10\/revisions"}],"predecessor-version":[{"id":56,"href":"https:\/\/sisu.ut.ee\/eviddiferents\/wp-json\/wp\/v2\/pages\/10\/revisions\/56"}],"wp:attachment":[{"href":"https:\/\/sisu.ut.ee\/eviddiferents\/wp-json\/wp\/v2\/media?parent=10"}],"curies":[{"name":"wp","href":"https:\/\/api.w.org\/{rel}","templated":true}]}}