{"id":7,"date":"2025-09-01T14:22:00","date_gmt":"2025-09-01T11:22:00","guid":{"rendered":"https:\/\/sisu.ut.ee\/evadip\/?page_id=7"},"modified":"2025-09-02T14:35:50","modified_gmt":"2025-09-02T11:35:50","slug":"uudised-ja-sundmused","status":"publish","type":"page","link":"https:\/\/sisu.ut.ee\/evadip\/uudised-ja-sundmused\/","title":{"rendered":"Uudised ja s\u00fcndmused"},"content":{"rendered":"<p><\/p>\n\n\n<div class=\"posts-full-width-block page-section\">\n\t\t\t\t\t\t\t\t\t\t\t\t\t\t\t<article class=\"post-271 post type-post status-publish format-standard has-post-thumbnail hentry category-uudised\">\n  <div class=\"article-card-full d-flex flex-column border-bottom px-2 pb-2 mb-2\">\n    <div class=\"article-card__categories d-flex flex-wrap fw-bold\">\n      <a href=\"https:\/\/sisu.ut.ee\/evadip\/category\/uudised\/\" class=\"\">#EVaDipUudised<\/a>\n      <\/div>\n    <div class=\"d-flex flex-column flex-sm-row \">\n      <a href=\"https:\/\/sisu.ut.ee\/evadip\/islandi-endine-president-gudni-th-johannesson-pidas-tartu-ulikoolis-avaliku-loengu-vaikeriikide-tahtsusest\/\" class=\"article-card-full__img-wrap\">\n                  <img loading=\"lazy\" decoding=\"async\" width=\"1024\" height=\"576\" src=\"https:\/\/sisu.ut.ee\/wp-content\/uploads\/sites\/925\/Add-a-subheading-10_0-1024x576.jpg\" class=\"img-fluid article-card-full__img wp-post-image\" alt=\"\" srcset=\"https:\/\/sisu.ut.ee\/wp-content\/uploads\/sites\/925\/Add-a-subheading-10_0-1024x576.jpg 1024w, https:\/\/sisu.ut.ee\/wp-content\/uploads\/sites\/925\/Add-a-subheading-10_0-300x169.jpg 300w, https:\/\/sisu.ut.ee\/wp-content\/uploads\/sites\/925\/Add-a-subheading-10_0-768x432.jpg 768w, https:\/\/sisu.ut.ee\/wp-content\/uploads\/sites\/925\/Add-a-subheading-10_0.jpg 1280w\" sizes=\"auto, (max-width: 1024px) 100vw, 1024px\">\n              <\/a>\n      <div class=\"d-flex flex-column w-100 mt-2 mt-sm-0 ms-sm-2\">\n        <h3 class=\"article-card-full__title h5 mb-1\">Islandi endine president Gu\u00f0ni Th. J\u00f3hannesson pidas Tartu \u00dclikoolis avaliku loengu v\u00e4ikeriikide t\u00e4htsusest<\/h3>\n\n                  <div class=\"article-card-full__excerpt\">\n            <p>16. veebruaril esines Islandi endine president Gu\u00f0ni Th. J\u00f3hannesson ajaloo ja arheoloogia instituudis (Jakobi 2\u2013226) ingliskeelse avaliku loenguga \u201eKas v\u00e4ikeriigid on olulised? Islandi hiljutiste kogemuste anal\u00fc\u00fcs koos isiklike m\u00f5tisklustega\u201c. Avalikul loengul r\u00e4\u00e4kis Gu\u00f0ni Th. J\u00f3hannesson v\u00e4ikeriikide rollist maailmapoliitikas, toetudes nii \u2026<\/p>\n          <\/div>\n        \n        <a href=\"https:\/\/sisu.ut.ee\/evadip\/islandi-endine-president-gudni-th-johannesson-pidas-tartu-ulikoolis-avaliku-loengu-vaikeriikide-tahtsusest\/\" class=\"btn btn-secondary btn-sm mt-2 me-auto\">Loe edasi<\/a>\n\n                  <time class=\"post-date d-block mt-auto pt-2 text-end text-xs w-100\" datetime=\"2026-02-16T14:32:58+00:00\">\n            16.02.2026\n          <\/time>\n              <\/div>\n    <\/div>\n  <\/div>\n<\/article>\n\t\t\t\t\t\t\t\t\t\t\t<article class=\"post-267 post type-post status-publish format-standard hentry category-uudised\">\n  <div class=\"article-card-full d-flex flex-column border-bottom px-2 pb-2 mb-2\">\n    <div class=\"article-card__categories d-flex flex-wrap fw-bold\">\n      <a href=\"https:\/\/sisu.ut.ee\/evadip\/category\/uudised\/\" class=\"\">#EVaDipUudised<\/a>\n      <\/div>\n    <div class=\"d-flex flex-column flex-sm-row \">\n      <a href=\"https:\/\/sisu.ut.ee\/evadip\/rahvusvahelise-ajaloo-seminar-toimus-briti-saadiku-residentsis\/\" class=\"article-card-full__img-wrap\">\n                  <img loading=\"lazy\" decoding=\"async\" src=\"https:\/\/sisu.ut.ee\/wp-content\/themes\/tu\/public\/images\/default-placeholder.69fd84.svg\" class=\"img-fluid article-card-full__img\" alt=\"Vaikimisi pilt\" width=\"1000\" height=\"1000\">\n              <\/a>\n      <div class=\"d-flex flex-column w-100 mt-2 mt-sm-0 ms-sm-2\">\n        <h3 class=\"article-card-full__title h5 mb-1\">Rahvusvahelise ajaloo seminar toimus Briti saadiku residentsis<\/h3>\n\n                  <div class=\"article-card-full__excerpt\">\n            <p>Vestlus\u00f5htu teemaks oli Venemaa ohjeldamine ning oma piiridesse tagasi surumine 1990. aastatel, mis oli L\u00e4\u00e4ne koordineeritud, kollektiivne pingutus. T\u00f5deti teema aktuaalsust, kuna L\u00e4\u00e4ne allians on l\u00f5henenud ning Venemaa ohjeldamine n\u00e4ib raskem kui kunagi varem.<\/p>\n<p>\u00d5htu peaesineja oli\u00a0Ian Lindsay, kes t\u00f6\u00f6tas 1990. aastate alguses Briti v\u00e4lisministeeriumis Balti laua\u00fclemana. Praegu t\u00f6\u00f6tab Lindsay Bahreini kuningakoja n\u00f5unikuna. Oma ettekandes r\u00e4\u00e4kis ta Suurbritannia v\u00e4lispoliitika planeerimisest Balti riikide suunal ning tegevuste koosk\u00f5lastamisest Suurbritannia peamiste liitlastega. Vestlus\u00f5htul esinesid ka Eesti suursaadik NATOs J\u00fcri Luik, Eesti v\u00e4lisministeeriumi globaalsete k\u00fcsimuste asekantsler Minna-Liina Lind ning praegune Briti suursaadik Eestis Allen Ross.<\/p>\n<p>\u00dcrituse korraldas uusima aja kaasprofessor Kaarel Piirim\u00e4e koost\u00f6\u00f6s Briti saatkonnaga. Arutelu toimus uurimisprojekti Eesti diplomaatia, v\u00e4lis- ja julgeolekupoliitika ajalugu raames.<\/p>\n          <\/div>\n        \n        <a href=\"https:\/\/sisu.ut.ee\/evadip\/rahvusvahelise-ajaloo-seminar-toimus-briti-saadiku-residentsis\/\" class=\"btn btn-secondary btn-sm mt-2 me-auto\">Loe edasi<\/a>\n\n                  <time class=\"post-date d-block mt-auto pt-2 text-end text-xs w-100\" datetime=\"2025-11-28T15:18:03+00:00\">\n            28.11.2025\n          <\/time>\n              <\/div>\n    <\/div>\n  <\/div>\n<\/article>\n\t\t\t\t\t\t\t\t\t\t\t<article class=\"post-259 post type-post status-publish format-standard has-post-thumbnail hentry category-uudised\">\n  <div class=\"article-card-full d-flex flex-column border-bottom px-2 pb-2 mb-2\">\n    <div class=\"article-card__categories d-flex flex-wrap fw-bold\">\n      <a href=\"https:\/\/sisu.ut.ee\/evadip\/category\/uudised\/\" class=\"\">#EVaDipUudised<\/a>\n      <\/div>\n    <div class=\"d-flex flex-column flex-sm-row \">\n      <a href=\"https:\/\/sisu.ut.ee\/evadip\/kaarel-piirimae-kulastas-potsdami-ulikooli-ja-saksa-valisministeeriumit\/\" class=\"article-card-full__img-wrap\">\n                  <img loading=\"lazy\" decoding=\"async\" width=\"1024\" height=\"576\" src=\"https:\/\/sisu.ut.ee\/wp-content\/uploads\/sites\/925\/MLVW6016_0-1024x576.jpg\" class=\"img-fluid article-card-full__img wp-post-image\" alt=\"\" srcset=\"https:\/\/sisu.ut.ee\/wp-content\/uploads\/sites\/925\/MLVW6016_0-1024x576.jpg 1024w, https:\/\/sisu.ut.ee\/wp-content\/uploads\/sites\/925\/MLVW6016_0-300x169.jpg 300w, https:\/\/sisu.ut.ee\/wp-content\/uploads\/sites\/925\/MLVW6016_0-768x432.jpg 768w, https:\/\/sisu.ut.ee\/wp-content\/uploads\/sites\/925\/MLVW6016_0.jpg 1280w\" sizes=\"auto, (max-width: 1024px) 100vw, 1024px\">\n              <\/a>\n      <div class=\"d-flex flex-column w-100 mt-2 mt-sm-0 ms-sm-2\">\n        <h3 class=\"article-card-full__title h5 mb-1\">Kaarel Piirim\u00e4e k\u00fclastas Potsdami \u00dclikooli ja Saksa v\u00e4lisministeeriumit<\/h3>\n\n                  <div class=\"article-card-full__excerpt\">\n            <p>Tartu \u00dclikooli ajaloo ja arheoloogia instituudi uusima aja \u00f5ppetooli kaasprofessor Kaarel Piirim\u00e4e viibis 3.\u20137. novembrini Saksamaal Erasmus+ programmi toel. Visiidi k\u00e4igus \u00f5petas ta Potsdami \u00dclikoolis, t\u00f6\u00f6tas Saksa v\u00e4lisministeeriumi poliitilises arhiivis ning esines ettekandega v\u00e4lisministeeriumi t\u00f6\u00f6tajatele.<\/p>\n<p>Visiidi jooksul esines Piirim\u00e4e ettekandega Saksa V\u00e4lisministeeriumis, tutvustades oma teadusprojekti Eesti v\u00e4lispoliitika, diplomaatia ja julgeolekupoliitika ajaloost. Projekt algas 2025. aasta aprillis ja seda rahastab Eesti V\u00e4lisministeerium Vabariigi Valitsuse otsusega. Ettekannet kuulasid diplomaadid, kes vastutavad Saksamaa Balti-suunalise v\u00e4lispoliitika eest, ning ajaloolased ministeeriumi arhiivist. Samuti olid esindatud Saksa l\u00e4hiajaloo instituudi v\u00e4lisministeeriumi osakond, mis tegeleb Saksa diplomaatiliste dokumentide publitseerimisega. <\/p>\n          <\/div>\n        \n        <a href=\"https:\/\/sisu.ut.ee\/evadip\/kaarel-piirimae-kulastas-potsdami-ulikooli-ja-saksa-valisministeeriumit\/\" class=\"btn btn-secondary btn-sm mt-2 me-auto\">Loe edasi<\/a>\n\n                  <time class=\"post-date d-block mt-auto pt-2 text-end text-xs w-100\" datetime=\"2025-11-18T08:25:41+00:00\">\n            18.11.2025\n          <\/time>\n              <\/div>\n    <\/div>\n  <\/div>\n<\/article>\n\t\t\t\t\t\t\t\t\t\t\t<article class=\"post-118 post type-post status-publish format-standard has-post-thumbnail hentry category-uudised\">\n  <div class=\"article-card-full d-flex flex-column border-bottom px-2 pb-2 mb-2\">\n    <div class=\"article-card__categories d-flex flex-wrap fw-bold\">\n      <a href=\"https:\/\/sisu.ut.ee\/evadip\/category\/uudised\/\" class=\"\">#EVaDipUudised<\/a>\n      <\/div>\n    <div class=\"d-flex flex-column flex-sm-row \">\n      <a href=\"https:\/\/sisu.ut.ee\/evadip\/kaarel-piirimae-kuku-raadio-augustiputsi-erisaates\/\" class=\"article-card-full__img-wrap\">\n                  <img loading=\"lazy\" decoding=\"async\" width=\"800\" height=\"533\" src=\"https:\/\/sisu.ut.ee\/wp-content\/uploads\/sites\/925\/EFA.546.0.285914.jpg\" class=\"img-fluid article-card-full__img wp-post-image\" alt=\"\" srcset=\"https:\/\/sisu.ut.ee\/wp-content\/uploads\/sites\/925\/EFA.546.0.285914.jpg 800w, https:\/\/sisu.ut.ee\/wp-content\/uploads\/sites\/925\/EFA.546.0.285914-300x200.jpg 300w, https:\/\/sisu.ut.ee\/wp-content\/uploads\/sites\/925\/EFA.546.0.285914-768x512.jpg 768w\" sizes=\"auto, (max-width: 800px) 100vw, 800px\">\n              <\/a>\n      <div class=\"d-flex flex-column w-100 mt-2 mt-sm-0 ms-sm-2\">\n        <h3 class=\"article-card-full__title h5 mb-1\">Kaarel Piirim\u00e4e esines Kuku Raadio taasiseseisvumisp\u00e4eva erisaates<\/h3>\n\n                  <div class=\"article-card-full__excerpt\">\n            <p>Kaarel Piirim\u00e4e esines Kuku Raadio taasiseseisvumisp\u00e4eva erisaates, mille teemaks oli 1991. aasta augustiput\u0161. Lisaks put\u0161i lahkamisele anal\u00fc\u00fcsiti ka toimunu v\u00e4lispoliitilist konteksti, millesse Eesti ja teised liiduvabariigid paigutusid. Kuula siit.<\/p>\n          <\/div>\n        \n        <a href=\"https:\/\/sisu.ut.ee\/evadip\/kaarel-piirimae-kuku-raadio-augustiputsi-erisaates\/\" class=\"btn btn-secondary btn-sm mt-2 me-auto\">Loe edasi<\/a>\n\n                  <time class=\"post-date d-block mt-auto pt-2 text-end text-xs w-100\" datetime=\"2025-08-20T11:23:20+00:00\">\n            20.08.2025\n          <\/time>\n              <\/div>\n    <\/div>\n  <\/div>\n<\/article>\n\t\t\t\t\t\t\t\t\t\t\t<article class=\"post-103 post type-post status-publish format-standard has-post-thumbnail hentry category-uudised\">\n  <div class=\"article-card-full d-flex flex-column border-bottom px-2 pb-2 mb-2\">\n    <div class=\"article-card__categories d-flex flex-wrap fw-bold\">\n      <a href=\"https:\/\/sisu.ut.ee\/evadip\/category\/uudised\/\" class=\"\">#EVaDipUudised<\/a>\n      <\/div>\n    <div class=\"d-flex flex-column flex-sm-row \">\n      <a href=\"https:\/\/sisu.ut.ee\/evadip\/vfgfgfgfg\/\" class=\"article-card-full__img-wrap\">\n                  <img loading=\"lazy\" decoding=\"async\" width=\"800\" height=\"533\" src=\"https:\/\/sisu.ut.ee\/wp-content\/uploads\/sites\/925\/EFA.204.0.175593.jpg\" class=\"img-fluid article-card-full__img wp-post-image\" alt=\"\" srcset=\"https:\/\/sisu.ut.ee\/wp-content\/uploads\/sites\/925\/EFA.204.0.175593.jpg 800w, https:\/\/sisu.ut.ee\/wp-content\/uploads\/sites\/925\/EFA.204.0.175593-300x200.jpg 300w, https:\/\/sisu.ut.ee\/wp-content\/uploads\/sites\/925\/EFA.204.0.175593-768x512.jpg 768w\" sizes=\"auto, (max-width: 800px) 100vw, 800px\">\n              <\/a>\n      <div class=\"d-flex flex-column w-100 mt-2 mt-sm-0 ms-sm-2\">\n        <h3 class=\"article-card-full__title h5 mb-1\">Timo Aava: diplomaatia ja j\u00e4rjepidevus \u2013 Ernst Jaakson 120<\/h3>\n\n                  <div class=\"article-card-full__excerpt\">\n            <p>Timo Aava meenutas diplomaat Ernst Jaaksoni 120. s\u00fcnniaastap\u00e4eva puhul viimase eluk\u00e4iku ning olulist rolli Eesti Vabariigi v\u00e4lispoliitilise j\u00e4rjepidevuse s\u00e4ilitamisel.\u00a0Loe l\u00e4hemalt siit.<\/p>\n          <\/div>\n        \n        <a href=\"https:\/\/sisu.ut.ee\/evadip\/vfgfgfgfg\/\" class=\"btn btn-secondary btn-sm mt-2 me-auto\">Loe edasi<\/a>\n\n                  <time class=\"post-date d-block mt-auto pt-2 text-end text-xs w-100\" datetime=\"2025-08-10T11:02:40+00:00\">\n            10.08.2025\n          <\/time>\n              <\/div>\n    <\/div>\n  <\/div>\n<\/article>\n\t\t\t\n\t\t\t\t\t\t<\/div>\n","protected":false},"excerpt":{"rendered":"","protected":false},"author":884,"featured_media":0,"parent":0,"menu_order":0,"comment_status":"closed","ping_status":"closed","template":"","meta":{"_acf_changed":false,"inline_featured_image":false,"footnotes":""},"class_list":["post-7","page","type-page","status-publish","hentry"],"acf":[],"_links":{"self":[{"href":"https:\/\/sisu.ut.ee\/evadip\/wp-json\/wp\/v2\/pages\/7","targetHints":{"allow":["GET"]}}],"collection":[{"href":"https:\/\/sisu.ut.ee\/evadip\/wp-json\/wp\/v2\/pages"}],"about":[{"href":"https:\/\/sisu.ut.ee\/evadip\/wp-json\/wp\/v2\/types\/page"}],"author":[{"embeddable":true,"href":"https:\/\/sisu.ut.ee\/evadip\/wp-json\/wp\/v2\/users\/884"}],"replies":[{"embeddable":true,"href":"https:\/\/sisu.ut.ee\/evadip\/wp-json\/wp\/v2\/comments?post=7"}],"version-history":[{"count":11,"href":"https:\/\/sisu.ut.ee\/evadip\/wp-json\/wp\/v2\/pages\/7\/revisions"}],"predecessor-version":[{"id":134,"href":"https:\/\/sisu.ut.ee\/evadip\/wp-json\/wp\/v2\/pages\/7\/revisions\/134"}],"wp:attachment":[{"href":"https:\/\/sisu.ut.ee\/evadip\/wp-json\/wp\/v2\/media?parent=7"}],"curies":[{"name":"wp","href":"https:\/\/api.w.org\/{rel}","templated":true}]}}