{"id":25,"date":"2025-09-01T14:29:22","date_gmt":"2025-09-01T11:29:22","guid":{"rendered":"https:\/\/sisu.ut.ee\/evadip\/?page_id=25"},"modified":"2025-10-15T12:34:24","modified_gmt":"2025-10-15T09:34:24","slug":"kodu","status":"publish","type":"page","link":"https:\/\/sisu.ut.ee\/evadip\/","title":{"rendered":"Eesti diplomaatia ja v\u00e4lis- ning julgeolekupoliitika ajalugu aastatel 1990-2010"},"content":{"rendered":"<p><\/p>\n\n\n\n<p>Teadusprojekt keskendub iseseisvuse taastanud Eesti Vabariigi diplomaatia ja v\u00e4lis- ning julgeolekupoliitika uurimisele. Esmaseks eesm\u00e4rgiks on p\u00f5hjalik k\u00e4sitlus Eesti liitumisest rahvusvaheliste organisatsioonidega \u2013 Eesti \u201ctagasip\u00f6\u00f6rdumisest L\u00e4\u00e4nde\u201d \u2013 1990.-2000. aastatel. Uuritakse, millised olid Eesti ootused rahvusvahelistele organisatsioonidele, milliste normide ja reeglitega tuli kohaneda, et L\u00e4\u00e4ne-keskse rahvusvahelise \u00fchiskonnaga \u00fchineda, ning kuidas liitumised m\u00f5jutasid Eesti diplomaatiat, v\u00e4lis- ja julgeolekupoliitikat. T\u00e4psemalt vaadeldakse Eesti \u00f5ppimisprotsessi iga t\u00e4htsama rahvusvahelise organisatsiooni puhul.<\/p>\n\n\n\n<p>Laiemalt on projekti eesm\u00e4rgiks panna alus Eesti v\u00e4lispoliitika ja diplomaatia ajaloo j\u00e4rjepidevale teaduslikule uurimisele, vastavate oskuste ja teadmistega uurijate r\u00fchma moodustamisele. Tulemuseks on laiahaardelisem, sisuliselt s\u00fcgavam v\u00e4lis- ja julgeolekupoliitika, diplomaatia ajaloo ning kollektiivse m\u00e4lu uurimisv\u00e4li, mille teadus- ja \u00f5petamist\u00f6\u00f6 tulemusi on v\u00f5imalik rakendada Eesti v\u00e4listeenistuse tegevuses ning nii Eesti kui v\u00e4lismaise avalikkuse teadlikkuse t\u00f5stmisel. <\/p>\n\n\n\n<p><\/p>\n\n\n\n<p>Siinsele kodulehele on koondatud teave projektist, uurimisr\u00fchmast ning projektiga seotud uudistest, s\u00fcndmustest ja publikatsioonidest.<\/p>\n\n\n<blockquote class=\"quote-block d-flex flex-column flex-md-row px-2 px-lg-6 py-3 fst-italic fw-bold border-top border-bottom border-secondary page-section\">\n\t\t<div class=\"quote-block__content\">\n\t\t\t\t\t<p class=\"mb-0\">\u201cKui Eesti Vabariik taastati, unistasid paljud, et Eesti v\u00f5iks olla sillaks Ida ja L\u00e4\u00e4ne vahel. Seej\u00e4rel t\u00f5deti, Eesti on pigem L\u00e4\u00e4ne tsivilisatsiooni eelpost kui sild. Kolm aastak\u00fcmmet hiljem oleme sunnitud t\u00f5dema, et oleme rinderiik. K\u00fclma s\u00f5ja j\u00e4rgne maailmakord on kokku varisenud. Kui tahame p\u00fcsima j\u00e4\u00e4da, peame enam uurima meie v\u00e4lispoliitika ajalugu. Just selles on peidus s\u00f5ja ja rahu k\u00fcsimus. Seep\u00e4rast \u00fctlengi, et l\u00e4hiajalugu, eriti poliitiline ajalugu selle rahvusvahelises raamis, ei ole mitte \u00fclesanne, vaid kohustus.\u201d<\/p>\n\t\t\n\t\t\t\t\t<cite class=\"d-block mt-2\">\n\t\t\t\tKaarel Piirim\u00e4e, 18. september 2025\n\t\t\t<\/cite>\n\t\t\t<\/div>\n<\/blockquote>\n\n\n<section class=\"page-cards-block page-section page-section--wide\">\n    <h2 class=\"visually-hidden\">Lehed<\/h2>\n    <div class=\"container-fluid g-0\">\n      <div class=\"row g-0\">\n                  <div class=\"col-12\">\n            <div class=\"page-card d-flex justify-content-center align-items-end w-100 position-relative\" style=\"background-image: url(https:\/\/sisu.ut.ee\/wp-content\/uploads\/sites\/925\/UT250417AT170-e1756734882278.jpg);\">\n  <div class=\"page-card__content text-center w-100 p-2 p-lg-4\">\n          <h3 class=\"h4 text-white mb-2\">Uus teadusprojekt keskendub Eesti \u00fchinemisele rahvusvaheliste organisatsioonidega 1990-2010<\/h3>\n        <a href=\"https:\/\/ajalugu-arheoloogia.ut.ee\/et\/uudis\/uus-teadusprojekt-keskendub-eesti-uhinemisele-rahvusvaheliste-organisatsioonidega-1990-2010\" class=\"btn btn-outline-light btn-icon\" target=\"_self\">Loe lisaks<\/a>\n  <\/div>\n<\/div>\n          <\/div>\n              <\/div>\n    <\/div>\n  <\/section>\n\n\n\n<p>Kaanepildi fotod (alates vasakult): \u00dcRO peakorter, \u00f5htune vaade East River\u2019ilt (ERA.5948.1.10.9.2); V\u00e4lisminister J\u00fcri Luik vastab ajakirjanike k\u00fcsimustele L\u00e4\u00e4nemeremaade v\u00e4lisministrite pressikonverentsil, 25.05.1994 (EFA.204.0.174136); CSCE Helsingi kohtumine, 30.03.1992 (EFA.204.0.261978); President Arnold R\u00fc\u00fctel ning v\u00e4lisminister Kristiina Ojuland kirjutavad Ateenas alla Eesti \u00fchinemislepingule Euroopa Liiduga, 16.04.2003 (V\u00e4lisministeerium); Rahvah\u00e4\u00e4letus Euroopa Liiduga \u00fchinemise ja Eesti Vabariigi p\u00f5hiseaduse t\u00e4iendamise k\u00fcsimuses, 14.09.2003 (V\u00e4lisministreerium); Strandburg, Euroopa palee. Allakirjutustseremoonia Euroopa kultuurikonventsioonile. J. Manitski, Catherine Lalumiere jt., 07.05.1992 (EFA.204.0.262888); Eesti ja NATO lipp Tallinna lennuv\u00e4ljal, 17.01.1994 (EFA.204.0.267337); NATO liitlasv\u00e4gede Euroopa koondise \u00fclemjuhataja kindral Wesley Clark kohtumisel Eesti kaitsev\u00e4e juhataja kindralleitnant Johannes Kerdiga, 25.09.1998 (EFA.204.0.178637).<\/p>\n\n\n\n<p><\/p>\n","protected":false},"excerpt":{"rendered":"<p>Teadusprojekt keskendub iseseisvuse taastanud Eesti Vabariigi diplomaatia ja v\u00e4lis- ning julgeolekupoliitika uurimisele. Esmaseks eesm\u00e4rgiks on p\u00f5hjalik k\u00e4sitlus Eesti liitumisest rahvusvaheliste organisatsioonidega \u2013 Eesti \u201ctagasip\u00f6\u00f6rdumisest L\u00e4\u00e4nde\u201d \u2013 1990.-2000. aastatel. Uuritakse, millised olid Eesti ootused rahvusvahelistele organisatsioonidele, milliste normide ja reeglitega tuli &#8230;<\/p>\n","protected":false},"author":884,"featured_media":0,"parent":0,"menu_order":0,"comment_status":"closed","ping_status":"closed","template":"","meta":{"_acf_changed":false,"inline_featured_image":false,"footnotes":""},"class_list":["post-25","page","type-page","status-publish","hentry"],"acf":[],"_links":{"self":[{"href":"https:\/\/sisu.ut.ee\/evadip\/wp-json\/wp\/v2\/pages\/25","targetHints":{"allow":["GET"]}}],"collection":[{"href":"https:\/\/sisu.ut.ee\/evadip\/wp-json\/wp\/v2\/pages"}],"about":[{"href":"https:\/\/sisu.ut.ee\/evadip\/wp-json\/wp\/v2\/types\/page"}],"author":[{"embeddable":true,"href":"https:\/\/sisu.ut.ee\/evadip\/wp-json\/wp\/v2\/users\/884"}],"replies":[{"embeddable":true,"href":"https:\/\/sisu.ut.ee\/evadip\/wp-json\/wp\/v2\/comments?post=25"}],"version-history":[{"count":29,"href":"https:\/\/sisu.ut.ee\/evadip\/wp-json\/wp\/v2\/pages\/25\/revisions"}],"predecessor-version":[{"id":222,"href":"https:\/\/sisu.ut.ee\/evadip\/wp-json\/wp\/v2\/pages\/25\/revisions\/222"}],"wp:attachment":[{"href":"https:\/\/sisu.ut.ee\/evadip\/wp-json\/wp\/v2\/media?parent=25"}],"curies":[{"name":"wp","href":"https:\/\/api.w.org\/{rel}","templated":true}]}}