{"id":9,"date":"2024-04-04T06:14:09","date_gmt":"2024-04-04T03:14:09","guid":{"rendered":"https:\/\/sisu.ut.ee\/eva\/avaleht\/"},"modified":"2024-08-17T22:57:59","modified_gmt":"2024-08-17T19:57:59","slug":"avaleht","status":"publish","type":"page","link":"https:\/\/sisu.ut.ee\/eva\/","title":{"rendered":"Noored eestlased v\u00e4lismaal"},"content":{"rendered":"<p><img loading=\"lazy\" decoding=\"async\" class=\"wp-image-71 alignright\" src=\"https:\/\/sisu.ut.ee\/wp-content\/uploads\/sites\/436\/eva-logo-triangle-grey.png\" alt=\"\" width=\"300\" height=\"147\" srcset=\"https:\/\/sisu.ut.ee\/wp-content\/uploads\/sites\/436\/eva-logo-triangle-grey.png 1500w, https:\/\/sisu.ut.ee\/wp-content\/uploads\/sites\/436\/eva-logo-triangle-grey-300x147.png 300w, https:\/\/sisu.ut.ee\/wp-content\/uploads\/sites\/436\/eva-logo-triangle-grey-1024x502.png 1024w, https:\/\/sisu.ut.ee\/wp-content\/uploads\/sites\/436\/eva-logo-triangle-grey-768x376.png 768w\" sizes=\"auto, (max-width: 300px) 100vw, 300px\"><\/p>\n<p>\u201cNoored eestlased v\u00e4lismaal\u201d on Tartu \u00dclikooli kultuuriteaduste instituudis l\u00e4bi viidud interdistsiplinaarne uurimisprojekt Eesti viimase laine emigratsioonist, r\u00e4ndavast eluviisist ja elukohavalikutest noorte t\u00e4iskasvanute hulgas. P<span lang=\"ET\">rojekt keskendus Eesti Y-p\u00f5lvkonna r\u00e4nded\u00fcnaamikale, avades selle ajutist ja avatud sihtpunktidega loomust ning <\/span><span lang=\"ET\">p\u00f5hjuseid, miks minnakse ja <\/span><span lang=\"ET\">miks enam tagasi ei p\u00f6\u00f6rduta.\u00a0<\/span><\/p>\n<p>Projekti k\u00e4igus on l\u00e4bi viidud laiap\u00f5hine veebik\u00fcsitlus, antropoloogiline uurimist\u00f6\u00f6 ning valminud on visuaalantropoloogiline dokumentaalfilm \u201cP\u00f5lvkond piiri taga\u201d (2022, re\u017eiss\u00f6\u00f6r Terje Toomistu).<\/p>\n<p>Kuni 2023. aastani v\u00e4ldanud projekti rahastas SA Postimehe Fondi Noor-Eesti teadusgrant (POST23).<\/p>\n<p><img loading=\"lazy\" decoding=\"async\" width=\"5198\" height=\"1390\" class=\"wp-image-49 alignleft\" style=\"height: 89px; width: 333px;\" title=\"kultuuriteaduste_instituut_est_sinine_01.png\" src=\"https:\/\/sisu.ut.ee\/wp-content\/uploads\/sites\/436\/kultuuriteaduste_instituut_est_sinine_01.png\" alt=\"Instituut\" srcset=\"https:\/\/sisu.ut.ee\/wp-content\/uploads\/sites\/436\/kultuuriteaduste_instituut_est_sinine_01.png 5198w, https:\/\/sisu.ut.ee\/wp-content\/uploads\/sites\/436\/kultuuriteaduste_instituut_est_sinine_01-300x80.png 300w, https:\/\/sisu.ut.ee\/wp-content\/uploads\/sites\/436\/kultuuriteaduste_instituut_est_sinine_01-1024x274.png 1024w, https:\/\/sisu.ut.ee\/wp-content\/uploads\/sites\/436\/kultuuriteaduste_instituut_est_sinine_01-768x205.png 768w, https:\/\/sisu.ut.ee\/wp-content\/uploads\/sites\/436\/kultuuriteaduste_instituut_est_sinine_01-1536x411.png 1536w, https:\/\/sisu.ut.ee\/wp-content\/uploads\/sites\/436\/kultuuriteaduste_instituut_est_sinine_01-2048x548.png 2048w, https:\/\/sisu.ut.ee\/wp-content\/uploads\/sites\/436\/kultuuriteaduste_instituut_est_sinine_01-1920x513.png 1920w\" sizes=\"auto, (max-width: 5198px) 100vw, 5198px\"> <img loading=\"lazy\" decoding=\"async\" class=\"alignnone wp-image-74\" src=\"https:\/\/sisu.ut.ee\/wp-content\/uploads\/sites\/436\/postimehe_fond_logo-scaled-e1714987942369.jpg\" alt=\"Postimehe Fond\" width=\"329\" height=\"139\" srcset=\"https:\/\/sisu.ut.ee\/wp-content\/uploads\/sites\/436\/postimehe_fond_logo-scaled-e1714987942369.jpg 1553w, https:\/\/sisu.ut.ee\/wp-content\/uploads\/sites\/436\/postimehe_fond_logo-scaled-e1714987942369-300x127.jpg 300w, https:\/\/sisu.ut.ee\/wp-content\/uploads\/sites\/436\/postimehe_fond_logo-scaled-e1714987942369-1024x433.jpg 1024w, https:\/\/sisu.ut.ee\/wp-content\/uploads\/sites\/436\/postimehe_fond_logo-scaled-e1714987942369-768x324.jpg 768w, https:\/\/sisu.ut.ee\/wp-content\/uploads\/sites\/436\/postimehe_fond_logo-scaled-e1714987942369-1536x649.jpg 1536w\" sizes=\"auto, (max-width: 329px) 100vw, 329px\"><\/p>\n","protected":false},"excerpt":{"rendered":"<p>\u201cNoored eestlased v\u00e4lismaal\u201d on Tartu \u00dclikooli kultuuriteaduste instituudis l\u00e4bi viidud interdistsiplinaarne uurimisprojekt Eesti viimase laine emigratsioonist, r\u00e4ndavast eluviisist ja elukohavalikutest noorte t\u00e4iskasvanute hulgas. Projekt keskendus Eesti Y-p\u00f5lvkonna r\u00e4nded\u00fcnaamikale, avades selle ajutist ja avatud sihtpunktidega loomust ning p\u00f5hjuseid, miks minnakse ja &#8230;<\/p>\n","protected":false},"author":158,"featured_media":0,"parent":0,"menu_order":0,"comment_status":"closed","ping_status":"closed","template":"","meta":{"_acf_changed":false,"inline_featured_image":false,"footnotes":""},"class_list":["post-9","page","type-page","status-publish","hentry"],"acf":[],"_links":{"self":[{"href":"https:\/\/sisu.ut.ee\/eva\/wp-json\/wp\/v2\/pages\/9","targetHints":{"allow":["GET"]}}],"collection":[{"href":"https:\/\/sisu.ut.ee\/eva\/wp-json\/wp\/v2\/pages"}],"about":[{"href":"https:\/\/sisu.ut.ee\/eva\/wp-json\/wp\/v2\/types\/page"}],"author":[{"embeddable":true,"href":"https:\/\/sisu.ut.ee\/eva\/wp-json\/wp\/v2\/users\/158"}],"replies":[{"embeddable":true,"href":"https:\/\/sisu.ut.ee\/eva\/wp-json\/wp\/v2\/comments?post=9"}],"version-history":[{"count":13,"href":"https:\/\/sisu.ut.ee\/eva\/wp-json\/wp\/v2\/pages\/9\/revisions"}],"predecessor-version":[{"id":249,"href":"https:\/\/sisu.ut.ee\/eva\/wp-json\/wp\/v2\/pages\/9\/revisions\/249"}],"wp:attachment":[{"href":"https:\/\/sisu.ut.ee\/eva\/wp-json\/wp\/v2\/media?parent=9"}],"curies":[{"name":"wp","href":"https:\/\/api.w.org\/{rel}","templated":true}]}}