{"id":8,"date":"2024-04-04T06:14:09","date_gmt":"2024-04-04T03:14:09","guid":{"rendered":"https:\/\/sisu.ut.ee\/eva\/koostamisel-uuringutulemused\/"},"modified":"2024-08-17T23:06:16","modified_gmt":"2024-08-17T20:06:16","slug":"koostamisel-uuringutulemused","status":"publish","type":"page","link":"https:\/\/sisu.ut.ee\/eva\/koostamisel-uuringutulemused\/","title":{"rendered":"UUS! Uuringutulemused"},"content":{"rendered":"<p><strong>Uuringu andmete p\u00f5hjal ja V\u00e4lisministeeriumi tellimusel valminud p\u00f5hjalik uuringutulemuste anal\u00fc\u00fcsi eestikeelne raport:<\/strong><\/p>\n<p><a title=\"\" href=\"https:\/\/dspace.ut.ee\/handle\/10062\/91781\" target=\"_blank\" rel=\"noopener\" data-url=\"https:\/\/dspace.ut.ee\/handle\/10062\/91781\">\u201cNoored eestlased v\u00e4lismaal: lahkumise p\u00f5hjused, suhe Eestiga ja tagasip\u00f6\u00f6rdumine\u201d.\u00a0\u00a0<\/a><\/p>\n<p><strong>Avaldatud on j\u00e4rgmised ingliskeelsed teadusartiklid: <\/strong><\/p>\n<p>Toomistu, Terje; Lauren, Ave; Annist, Aet; Murakas, Rein (2023). Determinants of return migration of Estonian young adults in transnational mobility. Migration Studies, mnad033. DOI: <a href=\"http:\/\/dx.doi.org\/10.1093\/migration\/mnad033\" target=\"_blank\" rel=\"noopener\">10.1093\/migration\/mnad033<\/a>.<\/p>\n<p>Toomistu, Terje; Annist, Aet; Murakas, Rein (2024). Unbearable \u201cEast European mentality\u201d: the affective contradiction in the national belonging of Estonians with a migratory experience. Journal of Baltic Studies. DOI: <a href=\"http:\/\/dx.doi.org\/10.1080\/01629778.2024.2329072\" target=\"_blank\" rel=\"noopener\">10.1080\/01629778.2024.2329072<\/a>.<\/p>\n<p>Annist, Aet (2022). Post-socialism as an experience of distancing and dispossession in rural and transnational Estonia. <i>Critique of Anthropology<\/i>\u00a042 (2),\u00a0 137\u2212153. DOI: <a href=\"https:\/\/journals.sagepub.com\/doi\/abs\/10.1177\/0308275X221096182\">10.1177\/0308275X221096182<\/a>.<\/p>\n<p><strong>Uuringu andmetel p\u00f5hinevad eestikeelsed artiklid:\u00a0<\/strong><\/p>\n<p>Toomistu, Terje (2023). <a href=\"https:\/\/www.vikerkaar.ee\/archives\/29357\">Sugu ja seksuaalsus eestlaste r\u00e4nded\u00fcnaamikas<\/a>. Vikerkaar, 1-2, 122\u2212134.<\/p>\n<p>R\u00e4mmer, Andu; Murakas, Rein; Toomistu, Terje (2022). <a href=\"https:\/\/rito.riigikogu.ee\/wordpress\/wp-content\/uploads\/2022\/12\/Uuring-R%C3%A4mmer.pdf\">Noorte v\u00e4\u00e4rtused peegelduvad ka nende r\u00e4ndek\u00e4itumises<\/a>. Riigikogu Toimetised, 46, 113\u2212120.<\/p>\n<p><strong>Uuringutulemuste esmane graafiline \u00fclevaade:\u00a0<\/strong><\/p>\n<p>Allpool on esitatud uuringutulemuste esmane graafiline \u00fclevaade, mis p\u00f5hineb 2022 laekunud veebik\u00fcsitluse vastusel. Tulemused on p\u00f5hiliste teemaplokkide l\u00f5ikes ning k\u00e4ivad k\u00f5igi vastanute kohta, v\u00e4lja arvatud juhul, kui pealkirjas on mainitud mingi alar\u00fchm (nt hetkel v\u00e4lismaal elavad). \u00dclevaate l\u00f5pus on info ka vastanute kohta.<\/p>\n<h3>V\u00e4lismaale minekut m\u00f5justanud asjaolud<\/h3>\n<p><img loading=\"lazy\" decoding=\"async\" width=\"998\" height=\"648\" class=\"alignnone wp-image-40\" title=\"01_valismaale_mineku_mojutajad.png\" src=\"https:\/\/sisu.ut.ee\/wp-content\/uploads\/sites\/436\/01_valismaale_mineku_mojutajad.png\" alt=\"01\" srcset=\"https:\/\/sisu.ut.ee\/wp-content\/uploads\/sites\/436\/01_valismaale_mineku_mojutajad.png 998w, https:\/\/sisu.ut.ee\/wp-content\/uploads\/sites\/436\/01_valismaale_mineku_mojutajad-300x195.png 300w, https:\/\/sisu.ut.ee\/wp-content\/uploads\/sites\/436\/01_valismaale_mineku_mojutajad-768x499.png 768w\" sizes=\"auto, (max-width: 998px) 100vw, 998px\"><\/p>\n<h3><\/h3>\n<h3>Rahulolu v\u00e4lismaal viibimisega<\/h3>\n<p><img loading=\"lazy\" decoding=\"async\" width=\"804\" height=\"648\" class=\"alignnone wp-image-41\" title=\"02_rahulolu_valismaal_viibimisega.png\" src=\"https:\/\/sisu.ut.ee\/wp-content\/uploads\/sites\/436\/02_rahulolu_valismaal_viibimisega.png\" alt=\"02\" srcset=\"https:\/\/sisu.ut.ee\/wp-content\/uploads\/sites\/436\/02_rahulolu_valismaal_viibimisega.png 804w, https:\/\/sisu.ut.ee\/wp-content\/uploads\/sites\/436\/02_rahulolu_valismaal_viibimisega-300x242.png 300w, https:\/\/sisu.ut.ee\/wp-content\/uploads\/sites\/436\/02_rahulolu_valismaal_viibimisega-768x619.png 768w\" sizes=\"auto, (max-width: 804px) 100vw, 804px\"><\/p>\n<h3>Side Eestiga v\u00e4lismaal olles (Eestisse tagasi tulnute vastused)<\/h3>\n<p><img loading=\"lazy\" decoding=\"async\" width=\"1024\" height=\"648\" class=\"alignnone wp-image-42\" title=\"03b_side_eestiga_tagasitulnud.png\" src=\"https:\/\/sisu.ut.ee\/wp-content\/uploads\/sites\/436\/03b_side_eestiga_tagasitulnud.png\" alt=\"03\" srcset=\"https:\/\/sisu.ut.ee\/wp-content\/uploads\/sites\/436\/03b_side_eestiga_tagasitulnud.png 1024w, https:\/\/sisu.ut.ee\/wp-content\/uploads\/sites\/436\/03b_side_eestiga_tagasitulnud-300x190.png 300w, https:\/\/sisu.ut.ee\/wp-content\/uploads\/sites\/436\/03b_side_eestiga_tagasitulnud-768x486.png 768w\" sizes=\"auto, (max-width: 1024px) 100vw, 1024px\"><\/p>\n<h3>Side Eestiga v\u00e4lismaal olles (v\u00e4lismaale j\u00e4\u00e4nute vastused)<\/h3>\n<h3><img loading=\"lazy\" decoding=\"async\" width=\"1151\" height=\"648\" class=\"alignnone wp-image-43\" title=\"04b_side_eestiga_valismaale_jaanud.png\" src=\"https:\/\/sisu.ut.ee\/wp-content\/uploads\/sites\/436\/04b_side_eestiga_valismaale_jaanud.png\" alt=\"04\" srcset=\"https:\/\/sisu.ut.ee\/wp-content\/uploads\/sites\/436\/04b_side_eestiga_valismaale_jaanud.png 1151w, https:\/\/sisu.ut.ee\/wp-content\/uploads\/sites\/436\/04b_side_eestiga_valismaale_jaanud-300x169.png 300w, https:\/\/sisu.ut.ee\/wp-content\/uploads\/sites\/436\/04b_side_eestiga_valismaale_jaanud-1024x577.png 1024w, https:\/\/sisu.ut.ee\/wp-content\/uploads\/sites\/436\/04b_side_eestiga_valismaale_jaanud-768x432.png 768w\" sizes=\"auto, (max-width: 1151px) 100vw, 1151px\"><\/h3>\n<h3>Tagasip\u00f6\u00f6rdumist soodustanud asjaolud (Eestisse tagasi tulnute vastused)<\/h3>\n<p><img loading=\"lazy\" decoding=\"async\" width=\"1287\" height=\"648\" class=\"alignnone wp-image-30\" title=\"05_tagasipoordumist_soodustanud_asjaolud.png\" src=\"https:\/\/sisu.ut.ee\/wp-content\/uploads\/sites\/436\/05_tagasipoordumist_soodustanud_asjaolud.png\" alt=\"05\" srcset=\"https:\/\/sisu.ut.ee\/wp-content\/uploads\/sites\/436\/05_tagasipoordumist_soodustanud_asjaolud.png 1287w, https:\/\/sisu.ut.ee\/wp-content\/uploads\/sites\/436\/05_tagasipoordumist_soodustanud_asjaolud-300x151.png 300w, https:\/\/sisu.ut.ee\/wp-content\/uploads\/sites\/436\/05_tagasipoordumist_soodustanud_asjaolud-1024x516.png 1024w, https:\/\/sisu.ut.ee\/wp-content\/uploads\/sites\/436\/05_tagasipoordumist_soodustanud_asjaolud-768x387.png 768w\" sizes=\"auto, (max-width: 1287px) 100vw, 1287px\"><\/p>\n<h3>Tagasip\u00f6\u00f6rdumisele m\u00f5tlemine (v\u00e4lismaale j\u00e4\u00e4nute vastused)<\/h3>\n<p><img loading=\"lazy\" decoding=\"async\" width=\"1152\" height=\"648\" class=\"alignnone wp-image-31\" title=\"06_motlemine_tagasipoordumisele.png\" src=\"https:\/\/sisu.ut.ee\/wp-content\/uploads\/sites\/436\/06_motlemine_tagasipoordumisele.png\" alt=\"06\" srcset=\"https:\/\/sisu.ut.ee\/wp-content\/uploads\/sites\/436\/06_motlemine_tagasipoordumisele.png 1152w, https:\/\/sisu.ut.ee\/wp-content\/uploads\/sites\/436\/06_motlemine_tagasipoordumisele-300x169.png 300w, https:\/\/sisu.ut.ee\/wp-content\/uploads\/sites\/436\/06_motlemine_tagasipoordumisele-1024x576.png 1024w, https:\/\/sisu.ut.ee\/wp-content\/uploads\/sites\/436\/06_motlemine_tagasipoordumisele-768x432.png 768w\" sizes=\"auto, (max-width: 1152px) 100vw, 1152px\"><\/p>\n<h3>\u00a0Tagasip\u00f6\u00f6rdumist soodustada v\u00f5ivad asjaolud (v\u00e4lismaale j\u00e4\u00e4nute vastused)<\/h3>\n<p><img loading=\"lazy\" decoding=\"async\" width=\"1287\" height=\"648\" class=\"alignnone wp-image-32\" title=\"07_tagasipoordumist_soodustada_voivad_asjaolud.png\" src=\"https:\/\/sisu.ut.ee\/wp-content\/uploads\/sites\/436\/07_tagasipoordumist_soodustada_voivad_asjaolud.png\" alt=\"07\" srcset=\"https:\/\/sisu.ut.ee\/wp-content\/uploads\/sites\/436\/07_tagasipoordumist_soodustada_voivad_asjaolud.png 1287w, https:\/\/sisu.ut.ee\/wp-content\/uploads\/sites\/436\/07_tagasipoordumist_soodustada_voivad_asjaolud-300x151.png 300w, https:\/\/sisu.ut.ee\/wp-content\/uploads\/sites\/436\/07_tagasipoordumist_soodustada_voivad_asjaolud-1024x516.png 1024w, https:\/\/sisu.ut.ee\/wp-content\/uploads\/sites\/436\/07_tagasipoordumist_soodustada_voivad_asjaolud-768x387.png 768w\" sizes=\"auto, (max-width: 1287px) 100vw, 1287px\"><\/p>\n<h3>\u00a0Tulevikuplaanid<\/h3>\n<p><img loading=\"lazy\" decoding=\"async\" width=\"801\" height=\"648\" class=\"alignnone wp-image-33\" title=\"08_tulevikuplaanid.png\" src=\"https:\/\/sisu.ut.ee\/wp-content\/uploads\/sites\/436\/08_tulevikuplaanid.png\" alt=\"08\" srcset=\"https:\/\/sisu.ut.ee\/wp-content\/uploads\/sites\/436\/08_tulevikuplaanid.png 801w, https:\/\/sisu.ut.ee\/wp-content\/uploads\/sites\/436\/08_tulevikuplaanid-300x243.png 300w, https:\/\/sisu.ut.ee\/wp-content\/uploads\/sites\/436\/08_tulevikuplaanid-768x621.png 768w\" sizes=\"auto, (max-width: 801px) 100vw, 801px\"><\/p>\n<h3>Arvamused t\u00f6\u00f6 kohta. Kui oluline on, \u2026<\/h3>\n<p><img loading=\"lazy\" decoding=\"async\" width=\"915\" height=\"648\" class=\"alignnone wp-image-34\" title=\"09_toovaartused.png\" src=\"https:\/\/sisu.ut.ee\/wp-content\/uploads\/sites\/436\/09_toovaartused.png\" alt=\"09\" srcset=\"https:\/\/sisu.ut.ee\/wp-content\/uploads\/sites\/436\/09_toovaartused.png 915w, https:\/\/sisu.ut.ee\/wp-content\/uploads\/sites\/436\/09_toovaartused-300x212.png 300w, https:\/\/sisu.ut.ee\/wp-content\/uploads\/sites\/436\/09_toovaartused-768x544.png 768w\" sizes=\"auto, (max-width: 915px) 100vw, 915px\"><\/p>\n<h3>Vastanute huvitatus eri valdkondadest<\/h3>\n<p><img loading=\"lazy\" decoding=\"async\" width=\"786\" height=\"648\" class=\"alignnone wp-image-35\" title=\"10_huvid.png\" src=\"https:\/\/sisu.ut.ee\/wp-content\/uploads\/sites\/436\/10_huvid.png\" alt=\"10\" srcset=\"https:\/\/sisu.ut.ee\/wp-content\/uploads\/sites\/436\/10_huvid.png 786w, https:\/\/sisu.ut.ee\/wp-content\/uploads\/sites\/436\/10_huvid-300x247.png 300w, https:\/\/sisu.ut.ee\/wp-content\/uploads\/sites\/436\/10_huvid-768x633.png 768w\" sizes=\"auto, (max-width: 786px) 100vw, 786px\"><\/p>\n<h3>Identiteet<\/h3>\n<p><img loading=\"lazy\" decoding=\"async\" width=\"965\" height=\"648\" class=\"alignnone wp-image-36\" title=\"11_identiteet.png\" src=\"https:\/\/sisu.ut.ee\/wp-content\/uploads\/sites\/436\/11_identiteet.png\" alt=\"11\" srcset=\"https:\/\/sisu.ut.ee\/wp-content\/uploads\/sites\/436\/11_identiteet.png 965w, https:\/\/sisu.ut.ee\/wp-content\/uploads\/sites\/436\/11_identiteet-300x201.png 300w, https:\/\/sisu.ut.ee\/wp-content\/uploads\/sites\/436\/11_identiteet-768x516.png 768w\" sizes=\"auto, (max-width: 965px) 100vw, 965px\"><\/p>\n<h3>Eestlast iseloomustavad jooned<\/h3>\n<p><img loading=\"lazy\" decoding=\"async\" width=\"962\" height=\"648\" class=\"alignnone wp-image-37\" title=\"12_eestlast_iseloomustavad_jooned.png\" src=\"https:\/\/sisu.ut.ee\/wp-content\/uploads\/sites\/436\/12_eestlast_iseloomustavad_jooned.png\" alt=\"12\" srcset=\"https:\/\/sisu.ut.ee\/wp-content\/uploads\/sites\/436\/12_eestlast_iseloomustavad_jooned.png 962w, https:\/\/sisu.ut.ee\/wp-content\/uploads\/sites\/436\/12_eestlast_iseloomustavad_jooned-300x202.png 300w, https:\/\/sisu.ut.ee\/wp-content\/uploads\/sites\/436\/12_eestlast_iseloomustavad_jooned-768x517.png 768w\" sizes=\"auto, (max-width: 962px) 100vw, 962px\"><\/p>\n<h3>COVID-19 pandeemia m\u00f5ju tegevusele<\/h3>\n<p><img loading=\"lazy\" decoding=\"async\" width=\"836\" height=\"648\" class=\"alignnone wp-image-38\" title=\"13_covid-19_pandeemia_moju_tegevusele.png\" src=\"https:\/\/sisu.ut.ee\/wp-content\/uploads\/sites\/436\/13_covid-19_pandeemia_moju_tegevusele.png\" alt=\"13\" srcset=\"https:\/\/sisu.ut.ee\/wp-content\/uploads\/sites\/436\/13_covid-19_pandeemia_moju_tegevusele.png 836w, https:\/\/sisu.ut.ee\/wp-content\/uploads\/sites\/436\/13_covid-19_pandeemia_moju_tegevusele-300x233.png 300w, https:\/\/sisu.ut.ee\/wp-content\/uploads\/sites\/436\/13_covid-19_pandeemia_moju_tegevusele-768x595.png 768w\" sizes=\"auto, (max-width: 836px) 100vw, 836px\"><\/p>\n<h3>V\u00f5imalikud COVID-19 pandeemiast l\u00e4htuvad muudatused tulevikus<\/h3>\n<p><img loading=\"lazy\" decoding=\"async\" width=\"941\" height=\"648\" class=\"alignnone wp-image-39\" title=\"14_covid-19_pandeemiast_lahtuvad_tulevikuplaanid.png\" src=\"https:\/\/sisu.ut.ee\/wp-content\/uploads\/sites\/436\/14_covid-19_pandeemiast_lahtuvad_tulevikuplaanid.png\" alt=\"14\" srcset=\"https:\/\/sisu.ut.ee\/wp-content\/uploads\/sites\/436\/14_covid-19_pandeemiast_lahtuvad_tulevikuplaanid.png 941w, https:\/\/sisu.ut.ee\/wp-content\/uploads\/sites\/436\/14_covid-19_pandeemiast_lahtuvad_tulevikuplaanid-300x207.png 300w, https:\/\/sisu.ut.ee\/wp-content\/uploads\/sites\/436\/14_covid-19_pandeemiast_lahtuvad_tulevikuplaanid-768x529.png 768w\" sizes=\"auto, (max-width: 941px) 100vw, 941px\"><\/p>\n<h3>Vastanutest<\/h3>\n<p><img loading=\"lazy\" decoding=\"async\" width=\"780\" height=\"648\" class=\"alignnone wp-image-44\" title=\"15_elukoht.png\" src=\"https:\/\/sisu.ut.ee\/wp-content\/uploads\/sites\/436\/15_elukoht.png\" alt=\"15\" srcset=\"https:\/\/sisu.ut.ee\/wp-content\/uploads\/sites\/436\/15_elukoht.png 780w, https:\/\/sisu.ut.ee\/wp-content\/uploads\/sites\/436\/15_elukoht-300x249.png 300w, https:\/\/sisu.ut.ee\/wp-content\/uploads\/sites\/436\/15_elukoht-768x638.png 768w\" sizes=\"auto, (max-width: 780px) 100vw, 780px\"><\/p>\n<p><img loading=\"lazy\" decoding=\"async\" width=\"803\" height=\"648\" class=\"alignnone wp-image-45\" title=\"16_vanuseruhm.png\" src=\"https:\/\/sisu.ut.ee\/wp-content\/uploads\/sites\/436\/16_vanuseruhm.png\" alt=\"16\" srcset=\"https:\/\/sisu.ut.ee\/wp-content\/uploads\/sites\/436\/16_vanuseruhm.png 803w, https:\/\/sisu.ut.ee\/wp-content\/uploads\/sites\/436\/16_vanuseruhm-300x242.png 300w, https:\/\/sisu.ut.ee\/wp-content\/uploads\/sites\/436\/16_vanuseruhm-768x620.png 768w\" sizes=\"auto, (max-width: 803px) 100vw, 803px\"><\/p>\n<p><img loading=\"lazy\" decoding=\"async\" width=\"1057\" height=\"675\" class=\"alignnone wp-image-46\" title=\"17_sugu.png\" src=\"https:\/\/sisu.ut.ee\/wp-content\/uploads\/sites\/436\/17_sugu.png\" alt=\"17\" srcset=\"https:\/\/sisu.ut.ee\/wp-content\/uploads\/sites\/436\/17_sugu.png 1057w, https:\/\/sisu.ut.ee\/wp-content\/uploads\/sites\/436\/17_sugu-300x192.png 300w, https:\/\/sisu.ut.ee\/wp-content\/uploads\/sites\/436\/17_sugu-1024x654.png 1024w, https:\/\/sisu.ut.ee\/wp-content\/uploads\/sites\/436\/17_sugu-768x490.png 768w\" sizes=\"auto, (max-width: 1057px) 100vw, 1057px\"><\/p>\n<p><img loading=\"lazy\" decoding=\"async\" width=\"881\" height=\"648\" class=\"alignnone wp-image-47\" title=\"18_seotus_tegevustega.png\" src=\"https:\/\/sisu.ut.ee\/wp-content\/uploads\/sites\/436\/18_seotus_tegevustega.png\" alt=\"18\" srcset=\"https:\/\/sisu.ut.ee\/wp-content\/uploads\/sites\/436\/18_seotus_tegevustega.png 881w, https:\/\/sisu.ut.ee\/wp-content\/uploads\/sites\/436\/18_seotus_tegevustega-300x221.png 300w, https:\/\/sisu.ut.ee\/wp-content\/uploads\/sites\/436\/18_seotus_tegevustega-768x565.png 768w\" sizes=\"auto, (max-width: 881px) 100vw, 881px\"><\/p>\n","protected":false},"excerpt":{"rendered":"<p>Uuringu andmete p\u00f5hjal ja V\u00e4lisministeeriumi tellimusel valminud p\u00f5hjalik uuringutulemuste anal\u00fc\u00fcsi eestikeelne raport: \u201cNoored eestlased v\u00e4lismaal: lahkumise p\u00f5hjused, suhe Eestiga ja tagasip\u00f6\u00f6rdumine\u201d.\u00a0\u00a0 Avaldatud on j\u00e4rgmised ingliskeelsed teadusartiklid: Toomistu, Terje; Lauren, Ave; Annist, Aet; Murakas, Rein (2023). Determinants of return migration of &#8230;<\/p>\n","protected":false},"author":158,"featured_media":0,"parent":0,"menu_order":0,"comment_status":"closed","ping_status":"closed","template":"","meta":{"_acf_changed":false,"inline_featured_image":false,"footnotes":""},"class_list":["post-8","page","type-page","status-publish","hentry"],"acf":[],"_links":{"self":[{"href":"https:\/\/sisu.ut.ee\/eva\/wp-json\/wp\/v2\/pages\/8","targetHints":{"allow":["GET"]}}],"collection":[{"href":"https:\/\/sisu.ut.ee\/eva\/wp-json\/wp\/v2\/pages"}],"about":[{"href":"https:\/\/sisu.ut.ee\/eva\/wp-json\/wp\/v2\/types\/page"}],"author":[{"embeddable":true,"href":"https:\/\/sisu.ut.ee\/eva\/wp-json\/wp\/v2\/users\/158"}],"replies":[{"embeddable":true,"href":"https:\/\/sisu.ut.ee\/eva\/wp-json\/wp\/v2\/comments?post=8"}],"version-history":[{"count":7,"href":"https:\/\/sisu.ut.ee\/eva\/wp-json\/wp\/v2\/pages\/8\/revisions"}],"predecessor-version":[{"id":260,"href":"https:\/\/sisu.ut.ee\/eva\/wp-json\/wp\/v2\/pages\/8\/revisions\/260"}],"wp:attachment":[{"href":"https:\/\/sisu.ut.ee\/eva\/wp-json\/wp\/v2\/media?parent=8"}],"curies":[{"name":"wp","href":"https:\/\/api.w.org\/{rel}","templated":true}]}}